{"id":11483,"date":"2023-12-11T22:29:41","date_gmt":"2023-12-11T22:29:41","guid":{"rendered":"https:\/\/swsm.pl\/?page_id=11483"},"modified":"2023-12-11T22:34:54","modified_gmt":"2023-12-11T22:34:54","slug":"canteen","status":"publish","type":"page","link":"https:\/\/swsm.pl\/en\/student-zone\/canteen\/","title":{"rendered":"Canteen"},"content":{"rendered":"<section class=\"textBlock textBlock--0 padding-less\">\n    <div class=\"tbc\">\n        <div class=\"container\">\n            <div class=\"row\">\n                                    <div class=\"col-12\">\n                                                                            <h5 class=\"title title--5 color--navy-700 tbc__title2\">Student&#8217;s canteen<\/h5>                                                                            <div class=\"text text--2 color--navy-500 tbc__desc\"><p>Feel free to use the canteen in our building. It is located on the ground floor to the left of the reception area at the back of the corridor.<\/p>\n<p>&nbsp;<\/p>\n<p>The canteen offers two-course lunches with homemade fruit drink at 16 PLN. Especially for the students of the Silesian College of Medicine in Katowice, it will also be open on weekends from 9.00 to 17.00. You can also order tea, coffee and sandwiches at special prices.<\/p>\n<p>&nbsp;<\/p>\n<p>Please submit your comments about the canteen at\u00a0<a href=\"mailto:stolowka@swsm.pl\">stolowka@swsm.pl<\/a><\/p>\n<p>&nbsp;<\/p>\n<p>A larger number of students using the canteen will allow to adapt it to the expectations of students (in terms of working hours, offer, lunch menu, etc.).<\/p>\n<p>&nbsp;<\/p>\n<p><strong>During the summer break the canteen will be closed on weekends.<\/strong><\/p>\n<\/div>                                                                    <\/div>\n                                                                                                            <\/div>\n        <\/div>\n    <\/div>\n<\/section>\n\n\n\n\n    <section class=\"gallery-photo-video   \">\n        <div class=\"container\">\n            <div class=\"row\">\n                            <\/div>\n            <div class=\"row gap-box\">\n                                    \n                                                            <div class=\"col-12 col-sm-6 col-md-4 col-xl-3\">\n                                                                            <a class=\"gallery-photo-video__item\" data-fslightbox=\"gallery-photo-video-item\" href=\"https:\/\/swsm.pl\/wp-content\/uploads\/2023\/12\/stolowka8.jpg\">\n                                            <img decoding=\"async\" src=\"https:\/\/swsm.pl\/wp-content\/uploads\/2023\/12\/stolowka8.jpg\" alt=\"\" \/>\n                                        <\/a>\n                                                                                                        <\/div>\n                            \n                            \n                            \n\n\n\n                    \n                                                            <div class=\"col-12 col-sm-6 col-md-4 col-xl-3\">\n                                                                            <a class=\"gallery-photo-video__item\" data-fslightbox=\"gallery-photo-video-item\" href=\"https:\/\/swsm.pl\/wp-content\/uploads\/2023\/12\/stolowka7.jpg\">\n                                            <img decoding=\"async\" src=\"https:\/\/swsm.pl\/wp-content\/uploads\/2023\/12\/stolowka7.jpg\" alt=\"\" \/>\n                                        <\/a>\n                                                                                                        <\/div>\n                            \n                            \n                            \n\n\n\n                    \n                                                            <div class=\"col-12 col-sm-6 col-md-4 col-xl-3\">\n                                                                            <a class=\"gallery-photo-video__item\" data-fslightbox=\"gallery-photo-video-item\" href=\"https:\/\/swsm.pl\/wp-content\/uploads\/2023\/12\/stolowka6.jpg\">\n                                            <img decoding=\"async\" src=\"https:\/\/swsm.pl\/wp-content\/uploads\/2023\/12\/stolowka6.jpg\" alt=\"\" \/>\n                                        <\/a>\n                                                                                                        <\/div>\n                            \n                            \n                            \n\n\n\n                    \n                                                            <div class=\"col-12 col-sm-6 col-md-4 col-xl-3\">\n                                                                            <a class=\"gallery-photo-video__item\" data-fslightbox=\"gallery-photo-video-item\" href=\"https:\/\/swsm.pl\/wp-content\/uploads\/2023\/12\/stolowka4.jpg\">\n                                            <img decoding=\"async\" src=\"https:\/\/swsm.pl\/wp-content\/uploads\/2023\/12\/stolowka4.jpg\" alt=\"\" \/>\n                                        <\/a>\n                                                                                                        <\/div>\n                            \n                            \n                            \n\n\n\n                    \n                                                            <div class=\"col-12 col-sm-6 col-md-4 col-xl-3\">\n                                                                            <a class=\"gallery-photo-video__item\" data-fslightbox=\"gallery-photo-video-item\" href=\"https:\/\/swsm.pl\/wp-content\/uploads\/2023\/12\/stolowka3.jpg\">\n                                            <img decoding=\"async\" src=\"https:\/\/swsm.pl\/wp-content\/uploads\/2023\/12\/stolowka3.jpg\" alt=\"\" \/>\n                                        <\/a>\n                                                                                                        <\/div>\n                            \n                            \n                            \n\n\n\n                    \n                                                            <div class=\"col-12 col-sm-6 col-md-4 col-xl-3\">\n                                                                            <a class=\"gallery-photo-video__item\" data-fslightbox=\"gallery-photo-video-item\" href=\"https:\/\/swsm.pl\/wp-content\/uploads\/2023\/12\/stolowka2.jpg\">\n                                            <img decoding=\"async\" src=\"https:\/\/swsm.pl\/wp-content\/uploads\/2023\/12\/stolowka2.jpg\" alt=\"\" \/>\n                                        <\/a>\n                                                                                                        <\/div>\n                            \n                            \n                            \n\n\n\n                    \n                                                            <div class=\"col-12 col-sm-6 col-md-4 col-xl-3\">\n                                                                            <a class=\"gallery-photo-video__item\" data-fslightbox=\"gallery-photo-video-item\" href=\"https:\/\/swsm.pl\/wp-content\/uploads\/2023\/12\/stolowka1.jpg\">\n                                            <img decoding=\"async\" src=\"https:\/\/swsm.pl\/wp-content\/uploads\/2023\/12\/stolowka1.jpg\" alt=\"\" \/>\n                                        <\/a>\n                                                                                                        <\/div>\n                            \n                            \n                            \n\n\n\n                                                <\/div>\n        <\/div>\n    <\/section>","protected":false},"excerpt":{"rendered":"","protected":false},"author":9,"featured_media":0,"parent":11520,"menu_order":0,"comment_status":"closed","ping_status":"closed","template":"","meta":{"_acf_changed":false,"footnotes":""},"class_list":["post-11483","page","type-page","status-publish","hentry"],"acf":{"alert_on":false,"alert_filter_tag_select":false,"alert_filter_by_tag":[],"modalComunicatHeader_blog":"","modalComunicatHeader_link":null},"yoast_head":"<!-- This site is optimized with the Yoast SEO plugin v27.4 - https:\/\/yoast.com\/product\/yoast-seo-wordpress\/ -->\n<title>Canteen - SWSM<\/title>\n<meta name=\"robots\" content=\"index, follow, max-snippet:-1, max-image-preview:large, max-video-preview:-1\" \/>\n<link rel=\"canonical\" href=\"https:\/\/swsm.pl\/en\/student-zone\/canteen\/\" \/>\n<meta property=\"og:locale\" content=\"en_US\" \/>\n<meta property=\"og:type\" content=\"article\" \/>\n<meta property=\"og:title\" content=\"Canteen - SWSM\" \/>\n<meta property=\"og:url\" content=\"https:\/\/swsm.pl\/en\/student-zone\/canteen\/\" \/>\n<meta property=\"og:site_name\" content=\"SWSM\" \/>\n<meta property=\"article:modified_time\" content=\"2023-12-11T22:34:54+00:00\" \/>\n<meta name=\"twitter:card\" content=\"summary_large_image\" \/>\n<script type=\"application\/ld+json\" class=\"yoast-schema-graph\">{\"@context\":\"https:\\\/\\\/schema.org\",\"@graph\":[{\"@type\":\"WebPage\",\"@id\":\"https:\\\/\\\/swsm.pl\\\/en\\\/student-zone\\\/canteen\\\/\",\"url\":\"https:\\\/\\\/swsm.pl\\\/en\\\/student-zone\\\/canteen\\\/\",\"name\":\"Canteen - SWSM\",\"isPartOf\":{\"@id\":\"https:\\\/\\\/swsm.pl\\\/#website\"},\"datePublished\":\"2023-12-11T22:29:41+00:00\",\"dateModified\":\"2023-12-11T22:34:54+00:00\",\"breadcrumb\":{\"@id\":\"https:\\\/\\\/swsm.pl\\\/en\\\/student-zone\\\/canteen\\\/#breadcrumb\"},\"inLanguage\":\"en-US\",\"potentialAction\":[{\"@type\":\"ReadAction\",\"target\":[\"https:\\\/\\\/swsm.pl\\\/en\\\/student-zone\\\/canteen\\\/\"]}]},{\"@type\":\"BreadcrumbList\",\"@id\":\"https:\\\/\\\/swsm.pl\\\/en\\\/student-zone\\\/canteen\\\/#breadcrumb\",\"itemListElement\":[{\"@type\":\"ListItem\",\"position\":1,\"name\":\"Strona g\u0142\u00f3wna\",\"item\":\"https:\\\/\\\/swsm.pl\\\/en\\\/\"},{\"@type\":\"ListItem\",\"position\":2,\"name\":\"Student zone\",\"item\":\"https:\\\/\\\/swsm.pl\\\/dla-studenta\\\/\"},{\"@type\":\"ListItem\",\"position\":3,\"name\":\"Canteen\"}]},{\"@type\":\"WebSite\",\"@id\":\"https:\\\/\\\/swsm.pl\\\/#website\",\"url\":\"https:\\\/\\\/swsm.pl\\\/\",\"name\":\"SWSM\",\"description\":\"\u015al\u0105ska Wy\u017csza Szko\u0142a Medyczna w Katowicach\",\"potentialAction\":[{\"@type\":\"SearchAction\",\"target\":{\"@type\":\"EntryPoint\",\"urlTemplate\":\"https:\\\/\\\/swsm.pl\\\/?s={search_term_string}\"},\"query-input\":{\"@type\":\"PropertyValueSpecification\",\"valueRequired\":true,\"valueName\":\"search_term_string\"}}],\"inLanguage\":\"en-US\"}]}<\/script>\n<!-- \/ Yoast SEO plugin. -->","yoast_head_json":{"title":"Canteen - SWSM","robots":{"index":"index","follow":"follow","max-snippet":"max-snippet:-1","max-image-preview":"max-image-preview:large","max-video-preview":"max-video-preview:-1"},"canonical":"https:\/\/swsm.pl\/en\/student-zone\/canteen\/","og_locale":"en_US","og_type":"article","og_title":"Canteen - SWSM","og_url":"https:\/\/swsm.pl\/en\/student-zone\/canteen\/","og_site_name":"SWSM","article_modified_time":"2023-12-11T22:34:54+00:00","twitter_card":"summary_large_image","schema":{"@context":"https:\/\/schema.org","@graph":[{"@type":"WebPage","@id":"https:\/\/swsm.pl\/en\/student-zone\/canteen\/","url":"https:\/\/swsm.pl\/en\/student-zone\/canteen\/","name":"Canteen - SWSM","isPartOf":{"@id":"https:\/\/swsm.pl\/#website"},"datePublished":"2023-12-11T22:29:41+00:00","dateModified":"2023-12-11T22:34:54+00:00","breadcrumb":{"@id":"https:\/\/swsm.pl\/en\/student-zone\/canteen\/#breadcrumb"},"inLanguage":"en-US","potentialAction":[{"@type":"ReadAction","target":["https:\/\/swsm.pl\/en\/student-zone\/canteen\/"]}]},{"@type":"BreadcrumbList","@id":"https:\/\/swsm.pl\/en\/student-zone\/canteen\/#breadcrumb","itemListElement":[{"@type":"ListItem","position":1,"name":"Strona g\u0142\u00f3wna","item":"https:\/\/swsm.pl\/en\/"},{"@type":"ListItem","position":2,"name":"Student zone","item":"https:\/\/swsm.pl\/dla-studenta\/"},{"@type":"ListItem","position":3,"name":"Canteen"}]},{"@type":"WebSite","@id":"https:\/\/swsm.pl\/#website","url":"https:\/\/swsm.pl\/","name":"SWSM","description":"\u015al\u0105ska Wy\u017csza Szko\u0142a Medyczna w Katowicach","potentialAction":[{"@type":"SearchAction","target":{"@type":"EntryPoint","urlTemplate":"https:\/\/swsm.pl\/?s={search_term_string}"},"query-input":{"@type":"PropertyValueSpecification","valueRequired":true,"valueName":"search_term_string"}}],"inLanguage":"en-US"}]}},"_links":{"self":[{"href":"https:\/\/swsm.pl\/en\/wp-json\/wp\/v2\/pages\/11483","targetHints":{"allow":["GET"]}}],"collection":[{"href":"https:\/\/swsm.pl\/en\/wp-json\/wp\/v2\/pages"}],"about":[{"href":"https:\/\/swsm.pl\/en\/wp-json\/wp\/v2\/types\/page"}],"author":[{"embeddable":true,"href":"https:\/\/swsm.pl\/en\/wp-json\/wp\/v2\/users\/9"}],"replies":[{"embeddable":true,"href":"https:\/\/swsm.pl\/en\/wp-json\/wp\/v2\/comments?post=11483"}],"version-history":[{"count":4,"href":"https:\/\/swsm.pl\/en\/wp-json\/wp\/v2\/pages\/11483\/revisions"}],"predecessor-version":[{"id":11524,"href":"https:\/\/swsm.pl\/en\/wp-json\/wp\/v2\/pages\/11483\/revisions\/11524"}],"up":[{"embeddable":true,"href":"https:\/\/swsm.pl\/en\/wp-json\/wp\/v2\/pages\/11520"}],"wp:attachment":[{"href":"https:\/\/swsm.pl\/en\/wp-json\/wp\/v2\/media?parent=11483"}],"curies":[{"name":"wp","href":"https:\/\/api.w.org\/{rel}","templated":true}]}}