{"id":11717,"date":"2023-11-29T17:26:18","date_gmt":"2023-11-29T17:26:18","guid":{"rendered":"https:\/\/swsm.pl\/undergraduate-studies\/dietetics-first-degree\/fees-and-promotions\/"},"modified":"2026-01-26T12:43:51","modified_gmt":"2026-01-26T12:43:51","slug":"fees-and-promotions","status":"publish","type":"page","link":"https:\/\/swsm.pl\/en\/undergraduate-studies\/dietetics\/fees-and-promotions\/","title":{"rendered":"Tuition Fees"},"content":{"rendered":" \n<section class=\"price-block  \">\n    <div class=\"container\">\n        <div class=\"row\">\n            <div class=\"col-12\">\n                                    <h3>Dietetics \u2013 regular tuition fees for the academic year 2025\/2026<\/h3>\n                                                            <\/div>\n\n                    <div class=\"col-12 col-xl-9\">\n                                <div class=\"price-table-mobille-contener\">\n                                        <div class=\"price-block__top\">\n                                                                                                                                                            <div class=\"top-content \">\n                                                                                                                            <div class=\"top-content__text-top text text--1 text--bold\">Tuition payment in installments (12 payments)<\/div>\n                                                                                                                                                                                <\/div>\n                                                                                                            <div class=\"top-content \">\n                                                                                                                            <div class=\"top-content__text-top text text--1 text--bold\">Stationary<\/div>\n                                                                                                                                                                                        <div class=\"top-content__text-bottom text text--3\">installment<\/div>\n                                                                                                                    <\/div>\n                                                                                                            <div class=\"top-content \">\n                                                                                                                            <div class=\"top-content__text-top text text--1 text--bold\">Non-stationary<\/div>\n                                                                                                                                                                                        <div class=\"top-content__text-bottom text text--3\">installment<\/div>\n                                                                                                                    <\/div>\n                                                                                                                                            <\/div>\n\n                                        <div class=\"price-block__center\">\n                                                                                                                                                <div class=\"price-block__center__row\">\n\n                                                                                                                                                                                    <div class=\"center-content \">\n                                                                                                                                            <div class=\"center-content__text-top title title--5\">1st semester<\/div>\n                                                                                                                                                                                                        <\/div>\n                                                                                                                            <div class=\"center-content \">\n                                                                                                                                            <div class=\"center-content__text-top title title--5\">PLN 599<\/div>\n                                                                                                                                                                                                        <\/div>\n                                                                                                                            <div class=\"center-content \">\n                                                                                                                                            <div class=\"center-content__text-top title title--5\">PLN 599<\/div>\n                                                                                                                                                                                                        <\/div>\n                                                                                                                                                                        <\/div>\n                                                                                                    <div class=\"price-block__center__row\">\n\n                                                                                                                                                                                    <div class=\"center-content \">\n                                                                                                                                            <div class=\"center-content__text-top title title--5\">2nd semester<\/div>\n                                                                                                                                                                                                        <\/div>\n                                                                                                                            <div class=\"center-content \">\n                                                                                                                                            <div class=\"center-content__text-top title title--5\">PLN 599<\/div>\n                                                                                                                                                                                                        <\/div>\n                                                                                                                            <div class=\"center-content \">\n                                                                                                                                            <div class=\"center-content__text-top title title--5\">PLN 599<\/div>\n                                                                                                                                                                                                        <\/div>\n                                                                                                                                                                        <\/div>\n                                                                                                    <div class=\"price-block__center__row\">\n\n                                                                                                                                                                                    <div class=\"center-content \">\n                                                                                                                                            <div class=\"center-content__text-top title title--5\">2nd year \/ 3rd year<\/div>\n                                                                                                                                                                                                        <\/div>\n                                                                                                                            <div class=\"center-content \">\n                                                                                                                                            <div class=\"center-content__text-top title title--5\">PLN 599<\/div>\n                                                                                                                                                                                                        <\/div>\n                                                                                                                            <div class=\"center-content \">\n                                                                                                                                            <div class=\"center-content__text-top title title--5\">PLN 599<\/div>\n                                                                                                                                                                                                        <\/div>\n                                                                                                                                                                        <\/div>\n                                                                                                    <div class=\"price-block__center__row\">\n\n                                                                                                                                                                                    <div class=\"center-content \">\n                                                                                                                                            <div class=\"center-content__text-top title title--5\">Entry fee<\/div>\n                                                                                                                                                                                                        <\/div>\n                                                                                                                            <div class=\"center-content \">\n                                                                                                                                            <div class=\"center-content__text-top title title--5\">PLN 85<\/div>\n                                                                                                                                                                                                        <\/div>\n                                                                                                                            <div class=\"center-content \">\n                                                                                                                                            <div class=\"center-content__text-top title title--5\">PLN 85<\/div>\n                                                                                                                                                                                                        <\/div>\n                                                                                                                                                                        <\/div>\n                                                                                                                                    <\/div>\n\n                                        <div class=\"price-block__bottom \"\">\n                                                                                                                                                                                                                                                                                                                                                                                                                                                                                                        <\/div>\n                                    <\/div>\n\n\n                    <\/div>\n                    <div class=\"col-12\">\n\n\n                                \t                                <div class=\"bottom-price-text\"><p>For the account number to pay the administrative recruitment fee after the promotion period, please contact us by e-mail: <a href=\"mailto:kwestura@swsm.pl\">kwestura@swsm.pl<\/a><\/p>\n<p>&nbsp;<\/p>\n<p><em>Before the start of each subsequent academic year, the tuition fee will be adjusted according to the prices in force in the previous academic year (not included in the promotion), not more than the amount of the aggregate consumer price index for the previous calendar year, announced by the President of the Central Statistical Office in accordance with Article 14, paragraph 1 of December 17, 1998 on pensions and annuities from the Social Insurance Fund. In general, this index will not exceed 30% of the total tuition fee.<\/em><\/p>\n<p>&nbsp;<\/p>\n<p><strong>When registering, you can choose to pay the annual tuition fee in 2, 10 or 12 installments.<\/strong><\/p>\n<\/div>\n                                \n                                <div class=\"price-block__buttons\">\n                                                                                                        <\/div>\n                    <\/div>     \n            <\/div>\n        <\/div>\n    <\/div>\n<\/section>\n\n\n\n    \n\n\n\n                <section class=\"bannerComponentCTA\">\n            <div class=\"container\">\n                <div class=\"row\">\n                                                                            <div class=\"col-12\">\n                                        <div class=\"bannerComponentCTA__content banner-photo background--primary-500\">\n                                                <div class=\"bannerComponentCTA__content__text\">\n                                                        <h4 class=\"color--white  max-line-one\">Current promotions and discounts<\/h4>\n                                                                                                                    <p class=\"text--1 color--white max-line\">Check out current promotions and take advantage of discounts<\/p>\n                                                                                                                <div class=\"bannerComponentCTA__content__text__btn\">\n                                                                                                                            <a class=\"btn btn--sec-light\" href=\"https:\/\/swsm.pl\/dla-kandydata\/promocje-i-znizki\/\" target=\"_self\">Check the details<\/a>\n                                                                                                                                                                                <\/div>\n                                                <\/div>\n                                                <div class=\"bannerComponentCTA__content__photo\">\n                                                                                                            <img decoding=\"async\" class=\"responsive-img\" src=\"https:\/\/swsm.pl\/wp-content\/uploads\/2026\/01\/studentka-swsm-promocje.jpg\" alt=\"\" \/>\n                                                                                                    <\/div>\n                                        <\/div>\n                                <\/div>\n                                              \n                <\/div>\n            <\/div>\n        <\/section>\n\n\n\n\n\n\n\n\n<section class=\"textBlock textBlock--0 grayBG \">\n    <div class=\"tbc\">\n        <div class=\"container\">\n            <div class=\"row\">\n                                    <div class=\"col-12\">\n                                                                            <h5 class=\"title title--5 color--navy-700 tbc__title2\">Student&#8217;s layette<\/h5>                                                                            <div class=\"text text--2 color--navy-500 tbc__desc\"><p><span class=\"HwtZe\" lang=\"en\"><span class=\"jCAhz ChMk0b\"><span class=\"ryNqvb\">We would like to kindly inform you that wearing aprons is mandatory during selected teaching activities.<\/span><\/span><\/span><\/p>\n<\/div>                                                                    <\/div>\n                                                                                                            <\/div>\n        <\/div>\n    <\/div>\n<\/section>\n\n\n\n<section class=\"download-files  \">\n    <div class=\"container\">\n        <div class=\"row\">\n                            <div class=\"col-12\">\n                    <div class=\"download-files__line\"><\/div>\n                <\/div>\n                        <div class=\"col-12\">\n\n\n                                    <div class=\"download-files__top\">\n\n                            <div class=\"download-files__top__text\">\n                                <h5>Additional files<\/h5>\n                                                            <\/div>\n                                \n                        \n                                                <\/div>\n                \n            <\/div>\n            <div class=\"col-12\">\n                                                                                            <a class=\"download-files__content  \" href=\"https:\/\/swsm.pl\/wp-content\/uploads\/2024\/10\/Regulamin-Oplat-X2024.pdf\">\n                                                                            <img decoding=\"async\" class=\"download-files__content__icon-first\" src=\"https:\/\/swsm.pl\/wp-content\/uploads\/2023\/11\/ikonadokument-kolorz-zielonym-SVG.svg\" alt=\"\" \/>\n                                                                                                                <p class=\"text--2 text--bold\">Fee Regulations<\/p>\n                                                                        <div class=\"download-files__content__icon-last\"><svg width=\"24\" height=\"24\" viewBox=\"0 0 24 24\" fill=\"none\" xmlns=\"http:\/\/www.w3.org\/2000\/svg\">\n<g id=\"Ikony\">\n<path id=\"Vector\" d=\"M7 12L12 17M12 17L17 12M12 17L12 4\" stroke=\"#29375A\" stroke-width=\"2\" stroke-linecap=\"round\" stroke-linejoin=\"round\"\/>\n<path id=\"Vector 137\" d=\"M6 20H18\" stroke=\"#10AA3A\" stroke-width=\"2\" stroke-linecap=\"round\" stroke-linejoin=\"round\"\/>\n<\/g>\n<\/svg>\n<\/div>\n                                <\/a>\n                                                                        <\/div>\n        <\/div>\n    <\/div>\n<\/section>\n ","protected":false},"excerpt":{"rendered":"","protected":false},"author":9,"featured_media":0,"parent":8810,"menu_order":5,"comment_status":"closed","ping_status":"closed","template":"","meta":{"_acf_changed":false,"footnotes":""},"class_list":["post-11717","page","type-page","status-publish","hentry"],"acf":{"alert_on":false,"alert_filter_tag_select":false,"alert_filter_by_tag":[],"modalComunicatHeader_blog":"","modalComunicatHeader_link":[""]},"yoast_head":"<!-- This site is optimized with the Yoast SEO plugin v27.4 - https:\/\/yoast.com\/product\/yoast-seo-wordpress\/ -->\n<title>Tuition Fees - SWSM<\/title>\n<meta name=\"robots\" content=\"index, follow, max-snippet:-1, max-image-preview:large, max-video-preview:-1\" \/>\n<link rel=\"canonical\" href=\"https:\/\/swsm.pl\/en\/undergraduate-studies\/dietetics\/fees-and-promotions\/\" \/>\n<meta property=\"og:locale\" content=\"en_US\" \/>\n<meta property=\"og:type\" content=\"article\" \/>\n<meta property=\"og:title\" content=\"Tuition Fees - SWSM\" \/>\n<meta property=\"og:url\" content=\"https:\/\/swsm.pl\/en\/undergraduate-studies\/dietetics\/fees-and-promotions\/\" \/>\n<meta property=\"og:site_name\" content=\"SWSM\" \/>\n<meta property=\"article:modified_time\" content=\"2026-01-26T12:43:51+00:00\" \/>\n<meta name=\"twitter:card\" content=\"summary_large_image\" \/>\n<script type=\"application\/ld+json\" class=\"yoast-schema-graph\">{\"@context\":\"https:\\\/\\\/schema.org\",\"@graph\":[{\"@type\":\"WebPage\",\"@id\":\"https:\\\/\\\/swsm.pl\\\/en\\\/undergraduate-studies\\\/dietetics\\\/fees-and-promotions\\\/\",\"url\":\"https:\\\/\\\/swsm.pl\\\/en\\\/undergraduate-studies\\\/dietetics\\\/fees-and-promotions\\\/\",\"name\":\"Tuition Fees - SWSM\",\"isPartOf\":{\"@id\":\"https:\\\/\\\/swsm.pl\\\/#website\"},\"datePublished\":\"2023-11-29T17:26:18+00:00\",\"dateModified\":\"2026-01-26T12:43:51+00:00\",\"breadcrumb\":{\"@id\":\"https:\\\/\\\/swsm.pl\\\/en\\\/undergraduate-studies\\\/dietetics\\\/fees-and-promotions\\\/#breadcrumb\"},\"inLanguage\":\"en-US\",\"potentialAction\":[{\"@type\":\"ReadAction\",\"target\":[\"https:\\\/\\\/swsm.pl\\\/en\\\/undergraduate-studies\\\/dietetics\\\/fees-and-promotions\\\/\"]}]},{\"@type\":\"BreadcrumbList\",\"@id\":\"https:\\\/\\\/swsm.pl\\\/en\\\/undergraduate-studies\\\/dietetics\\\/fees-and-promotions\\\/#breadcrumb\",\"itemListElement\":[{\"@type\":\"ListItem\",\"position\":1,\"name\":\"Strona g\u0142\u00f3wna\",\"item\":\"https:\\\/\\\/swsm.pl\\\/en\\\/\"},{\"@type\":\"ListItem\",\"position\":2,\"name\":\"Undergraduate studies\",\"item\":\"https:\\\/\\\/swsm.pl\\\/dla-kandydata\\\/\"},{\"@type\":\"ListItem\",\"position\":3,\"name\":\"Dietetics\",\"item\":\"https:\\\/\\\/swsm.pl\\\/dla-kandydata\\\/dietetyka-i-stopnia\\\/\"},{\"@type\":\"ListItem\",\"position\":4,\"name\":\"Tuition Fees\"}]},{\"@type\":\"WebSite\",\"@id\":\"https:\\\/\\\/swsm.pl\\\/#website\",\"url\":\"https:\\\/\\\/swsm.pl\\\/\",\"name\":\"SWSM\",\"description\":\"\u015al\u0105ska Wy\u017csza Szko\u0142a Medyczna w Katowicach\",\"potentialAction\":[{\"@type\":\"SearchAction\",\"target\":{\"@type\":\"EntryPoint\",\"urlTemplate\":\"https:\\\/\\\/swsm.pl\\\/?s={search_term_string}\"},\"query-input\":{\"@type\":\"PropertyValueSpecification\",\"valueRequired\":true,\"valueName\":\"search_term_string\"}}],\"inLanguage\":\"en-US\"}]}<\/script>\n<!-- \/ Yoast SEO plugin. -->","yoast_head_json":{"title":"Tuition Fees - SWSM","robots":{"index":"index","follow":"follow","max-snippet":"max-snippet:-1","max-image-preview":"max-image-preview:large","max-video-preview":"max-video-preview:-1"},"canonical":"https:\/\/swsm.pl\/en\/undergraduate-studies\/dietetics\/fees-and-promotions\/","og_locale":"en_US","og_type":"article","og_title":"Tuition Fees - SWSM","og_url":"https:\/\/swsm.pl\/en\/undergraduate-studies\/dietetics\/fees-and-promotions\/","og_site_name":"SWSM","article_modified_time":"2026-01-26T12:43:51+00:00","twitter_card":"summary_large_image","schema":{"@context":"https:\/\/schema.org","@graph":[{"@type":"WebPage","@id":"https:\/\/swsm.pl\/en\/undergraduate-studies\/dietetics\/fees-and-promotions\/","url":"https:\/\/swsm.pl\/en\/undergraduate-studies\/dietetics\/fees-and-promotions\/","name":"Tuition Fees - SWSM","isPartOf":{"@id":"https:\/\/swsm.pl\/#website"},"datePublished":"2023-11-29T17:26:18+00:00","dateModified":"2026-01-26T12:43:51+00:00","breadcrumb":{"@id":"https:\/\/swsm.pl\/en\/undergraduate-studies\/dietetics\/fees-and-promotions\/#breadcrumb"},"inLanguage":"en-US","potentialAction":[{"@type":"ReadAction","target":["https:\/\/swsm.pl\/en\/undergraduate-studies\/dietetics\/fees-and-promotions\/"]}]},{"@type":"BreadcrumbList","@id":"https:\/\/swsm.pl\/en\/undergraduate-studies\/dietetics\/fees-and-promotions\/#breadcrumb","itemListElement":[{"@type":"ListItem","position":1,"name":"Strona g\u0142\u00f3wna","item":"https:\/\/swsm.pl\/en\/"},{"@type":"ListItem","position":2,"name":"Undergraduate studies","item":"https:\/\/swsm.pl\/dla-kandydata\/"},{"@type":"ListItem","position":3,"name":"Dietetics","item":"https:\/\/swsm.pl\/dla-kandydata\/dietetyka-i-stopnia\/"},{"@type":"ListItem","position":4,"name":"Tuition Fees"}]},{"@type":"WebSite","@id":"https:\/\/swsm.pl\/#website","url":"https:\/\/swsm.pl\/","name":"SWSM","description":"\u015al\u0105ska Wy\u017csza Szko\u0142a Medyczna w Katowicach","potentialAction":[{"@type":"SearchAction","target":{"@type":"EntryPoint","urlTemplate":"https:\/\/swsm.pl\/?s={search_term_string}"},"query-input":{"@type":"PropertyValueSpecification","valueRequired":true,"valueName":"search_term_string"}}],"inLanguage":"en-US"}]}},"_links":{"self":[{"href":"https:\/\/swsm.pl\/en\/wp-json\/wp\/v2\/pages\/11717","targetHints":{"allow":["GET"]}}],"collection":[{"href":"https:\/\/swsm.pl\/en\/wp-json\/wp\/v2\/pages"}],"about":[{"href":"https:\/\/swsm.pl\/en\/wp-json\/wp\/v2\/types\/page"}],"author":[{"embeddable":true,"href":"https:\/\/swsm.pl\/en\/wp-json\/wp\/v2\/users\/9"}],"replies":[{"embeddable":true,"href":"https:\/\/swsm.pl\/en\/wp-json\/wp\/v2\/comments?post=11717"}],"version-history":[{"count":29,"href":"https:\/\/swsm.pl\/en\/wp-json\/wp\/v2\/pages\/11717\/revisions"}],"predecessor-version":[{"id":28724,"href":"https:\/\/swsm.pl\/en\/wp-json\/wp\/v2\/pages\/11717\/revisions\/28724"}],"up":[{"embeddable":true,"href":"https:\/\/swsm.pl\/en\/wp-json\/wp\/v2\/pages\/8810"}],"wp:attachment":[{"href":"https:\/\/swsm.pl\/en\/wp-json\/wp\/v2\/media?parent=11717"}],"curies":[{"name":"wp","href":"https:\/\/api.w.org\/{rel}","templated":true}]}}