{"id":11827,"date":"2023-11-29T17:44:06","date_gmt":"2023-11-29T17:44:06","guid":{"rendered":"https:\/\/swsm.pl\/student-zone\/erasmus-program\/about-the-program\/studies-abroad\/"},"modified":"2025-02-24T11:25:29","modified_gmt":"2025-02-24T11:25:29","slug":"studies-abroad","status":"publish","type":"page","link":"https:\/\/swsm.pl\/en\/student-zone\/erasmus-program\/about-the-program\/studies-abroad\/","title":{"rendered":"Studies abroad"},"content":{"rendered":"<section class=\"textBlock textBlock--0 padding-less\">\n    <div class=\"tbc\">\n        <div class=\"container\">\n            <div class=\"row\">\n                                    <div class=\"col-12\">\n                                                                                                    <div class=\"text text--2 color--navy-500 tbc__desc\"><p>Having signed an agreement with the <strong>Erasmus+ National Agency<\/strong> the Silesian College of Medicine in Katowice is conducting a recruitment process for programs at foreign universities <strong>up to 6 months<\/strong>.<\/p>\n<p>&nbsp;<\/p>\n<p><strong>As part of the recruitment process, the candidate applying for the program must submit the following documents to the Dean&#8217;s Office:<\/strong><\/p>\n<ol>\n<li>Application form<\/li>\n<li>Grade point average for the entire course of studies certified by the Dean,<\/li>\n<li>Language certificates obtained (if any),<\/li>\n<li>In addition, documents that confirm active engagement in scientific or social activities or additional qualifications obtained until the moment of application are also appreciated,<\/li>\n<li>Opinion of the academic teaching staff in major courses about the candidate.<\/li>\n<\/ol>\n<p>&nbsp;<\/p>\n<p><a href=\"https:\/\/swsm.pl\/wp-content\/uploads\/2023\/12\/Zasady_rekrutacji_i_organizacji_wyjazdow_studentow_na_praktyki_zagraniczne_program_Erasmus_plus_2018_2019.docx\"><strong>Terms and conditions for recruitment and study\/internship exchange programs abroad for Erasmus+ 2018-2019<\/strong><\/a><\/p>\n<\/div>                                                                    <\/div>\n                                                                                                            <\/div>\n        <\/div>\n    <\/div>\n<\/section>\n\n\n<section class=\"textBlock textBlock--0 padding-less\">\n    <div class=\"tbc\">\n        <div class=\"container\">\n            <div class=\"row\">\n                                    <div class=\"col-12\">\n                                                                            <h5 class=\"title title--5 color--navy-700 tbc__title2\">General information for students interested in the ERASMUS+ foreign exchange programs.<\/h5>                                                                            <div class=\"text text--2 color--navy-500 tbc__desc\"><p>1. In order to be qualified for the <strong>Erasmus+ program<\/strong> it is required to:<\/p>\n<ul>\n<li>be enrolled in B.A., B.Sc., M.A., M.Sc. PhD (or equal) study programs;<\/li>\n<li>be a student of an institution that participates in the program, i.e. has the Erasmus Charter for Higher Education issued by the European Commission and is conducting student exchange in a given academic year.<\/li>\n<\/ul>\n<p>&nbsp;<\/p>\n<p>2. Available destinations<\/p>\n<p><strong>For study<\/strong> \u2013 to a higher learning institution that cooperates with the student&#8217;s home university in the Erasmus+ program (home and hosting universities must have signed a bilateral agreement).<\/p>\n<p>&nbsp;<\/p>\n<p>Duration of study: <strong>from 3 to 6 months<\/strong><\/p>\n<p>&nbsp;<\/p>\n<p>A student may receive a grant for the duration of the program up to 12 months for each level of study regardless of the number and types of activities undertaken as part of the program. However, previous Erasmus Lifelong Learning programs that the student participated in (for each level of study) are also counted into the total.<\/p>\n<p>&nbsp;<\/p>\n<p>Students must conduct their mobility activities in a country participating in the program other than the country of the home institution and their country of residence.<\/p>\n<p>&nbsp;<\/p>\n<p>Students will receive EU subsidies to partially cover their travel and subsistence costs incurred during the course of study or internship abroad. The EU grant amount depends on the country where the program is implemented.<\/p>\n<p>&nbsp;<\/p>\n<p><strong>Partner universities:<\/strong><\/p>\n<\/div>                                                            <div class=\"tbc__btns\">\n                                        <a class=\"btn btn--sec btn--ico\" href=\"http:\/\/www.ipleiria.pt\/\" target=\"_blank\">\n                            Polytechnic Of Leiria, Portugal<svg width=\"24\" height=\"24\" viewBox=\"0 0 24 24\" fill=\"none\" xmlns=\"http:\/\/www.w3.org\/2000\/svg\">\n<path d=\"M20.7188 3.26953L13 11.5\" stroke=\"#10AA3A\" stroke-width=\"2\" stroke-linecap=\"round\" stroke-linejoin=\"round\"\/>\n<path d=\"M21.5476 8.99926L21.5442 2.49731L18.1021 2.49731L14.9958 2.49731\" stroke=\"#10AA3A\" stroke-width=\"2\" stroke-linecap=\"round\" stroke-linejoin=\"round\"\/>\n<path d=\"M10.3272 2.49964L6.41767 2.49964L2.50818 2.49964L2.50669 21.4208L21.5906 21.4208L21.5906 13.5\" stroke=\"#29375A\" stroke-width=\"2\" stroke-linecap=\"round\" stroke-linejoin=\"round\"\/>\n<\/svg>\n                        <\/a>\n                                                        \n                                        <a class=\"btn btn--sec btn--ico\" href=\"https:\/\/skk.lv\/about-us-2\/\" target=\"_blank\">\n                            International College Of Cosmetology <svg width=\"24\" height=\"24\" viewBox=\"0 0 24 24\" fill=\"none\" xmlns=\"http:\/\/www.w3.org\/2000\/svg\">\n<path d=\"M20.7188 3.26953L13 11.5\" stroke=\"#10AA3A\" stroke-width=\"2\" stroke-linecap=\"round\" stroke-linejoin=\"round\"\/>\n<path d=\"M21.5476 8.99926L21.5442 2.49731L18.1021 2.49731L14.9958 2.49731\" stroke=\"#10AA3A\" stroke-width=\"2\" stroke-linecap=\"round\" stroke-linejoin=\"round\"\/>\n<path d=\"M10.3272 2.49964L6.41767 2.49964L2.50818 2.49964L2.50669 21.4208L21.5906 21.4208L21.5906 13.5\" stroke=\"#29375A\" stroke-width=\"2\" stroke-linecap=\"round\" stroke-linejoin=\"round\"\/>\n<\/svg>\n                        <\/a>\n                                                        \n                                        <a class=\"btn btn--sec btn--ico\" href=\"https:\/\/www.beykent.edu.tr\/en\" target=\"_blank\">\n                            Beykent University, Turkey <svg width=\"24\" height=\"24\" viewBox=\"0 0 24 24\" fill=\"none\" xmlns=\"http:\/\/www.w3.org\/2000\/svg\">\n<path d=\"M20.7188 3.26953L13 11.5\" stroke=\"#10AA3A\" stroke-width=\"2\" stroke-linecap=\"round\" stroke-linejoin=\"round\"\/>\n<path d=\"M21.5476 8.99926L21.5442 2.49731L18.1021 2.49731L14.9958 2.49731\" stroke=\"#10AA3A\" stroke-width=\"2\" stroke-linecap=\"round\" stroke-linejoin=\"round\"\/>\n<path d=\"M10.3272 2.49964L6.41767 2.49964L2.50818 2.49964L2.50669 21.4208L21.5906 21.4208L21.5906 13.5\" stroke=\"#29375A\" stroke-width=\"2\" stroke-linecap=\"round\" stroke-linejoin=\"round\"\/>\n<\/svg>\n                        <\/a>\n                                                        \n                                        <a class=\"btn btn--sec btn--ico\" href=\"https:\/\/aku.edu.tr\/\" target=\"_blank\">\n                            Afyon Kocatepe University, Turkey<svg width=\"24\" height=\"24\" viewBox=\"0 0 24 24\" fill=\"none\" xmlns=\"http:\/\/www.w3.org\/2000\/svg\">\n<path d=\"M20.7188 3.26953L13 11.5\" stroke=\"#10AA3A\" stroke-width=\"2\" stroke-linecap=\"round\" stroke-linejoin=\"round\"\/>\n<path d=\"M21.5476 8.99926L21.5442 2.49731L18.1021 2.49731L14.9958 2.49731\" stroke=\"#10AA3A\" stroke-width=\"2\" stroke-linecap=\"round\" stroke-linejoin=\"round\"\/>\n<path d=\"M10.3272 2.49964L6.41767 2.49964L2.50818 2.49964L2.50669 21.4208L21.5906 21.4208L21.5906 13.5\" stroke=\"#29375A\" stroke-width=\"2\" stroke-linecap=\"round\" stroke-linejoin=\"round\"\/>\n<\/svg>\n                        <\/a>\n                                                        \n                            <\/div>\n                            <\/div>\n                                                                                                            <\/div>\n        <\/div>\n    <\/div>\n<\/section>\n\n\n\n<section class=\"textWithIcons textWithIcons--0 padding-less\">\n    <div class=\"tbc\">   \n        <div class=\"container\">\n            <div class=\"row\">\n                                    <div class=\"col-12\">\n                        <h5 class=\"title title--5 color--navy-700 tbc__subTitle\">Countries that participate in the program were divided into 3 groups:<\/h5><div class=\"tbc__fullList tbc__fullList--big\">                    <div class=\"tbc__fullList__box\">\n                        <div class=\"tbc__fullList__box__ico\">\n                                                            <img decoding=\"async\" src=\"https:\/\/swsm.pl\/wp-content\/uploads\/2023\/11\/icon-right-blue.svg\" alt=\"\" \/>\n                                                    <\/div>\n                        <div class=\"tbc__fullList__box__content\">\n                                                            <div class=\"text text--2 text--bold color--navy-500\"><p><strong>Group 1<\/strong><\/p>\n<\/div>\n                                                                                        <div class=\"text text--3 color--navy-500\"><p>Denmark, Finland, Ireland, Iceland, Lichtenstein, Luxembourg, Norway, Sweden, United Kingdom<\/p>\n<\/div>\n                                                                                <\/div>\n                    <\/div>\n                                    <div class=\"tbc__fullList__box\">\n                        <div class=\"tbc__fullList__box__ico\">\n                                                            <img decoding=\"async\" src=\"https:\/\/swsm.pl\/wp-content\/uploads\/2023\/11\/icon-right-blue.svg\" alt=\"\" \/>\n                                                    <\/div>\n                        <div class=\"tbc__fullList__box__content\">\n                                                            <div class=\"text text--2 text--bold color--navy-500\"><p><strong>Group 2<\/strong><\/p>\n<\/div>\n                                                                                        <div class=\"text text--3 color--navy-500\"><p>Austria, Belgium, Cyprus, France, Greece, Spain, the Netherlands, Malta, Germany, Portugal, Italy<\/p>\n<\/div>\n                                                                                <\/div>\n                    <\/div>\n                                    <div class=\"tbc__fullList__box\">\n                        <div class=\"tbc__fullList__box__ico\">\n                                                            <img decoding=\"async\" src=\"https:\/\/swsm.pl\/wp-content\/uploads\/2023\/11\/icon-right-blue.svg\" alt=\"\" \/>\n                                                    <\/div>\n                        <div class=\"tbc__fullList__box__content\">\n                                                            <div class=\"text text--2 text--bold color--navy-500\"><p><strong>Group 3<\/strong><\/p>\n<\/div>\n                                                                                        <div class=\"text text--3 color--navy-500\"><p>Bulgaria, Croatia, Czech Republic, Estonia, FYROM (Former Yugoslav Republic of Macedonia), Lithuania, Latvia, Romania,<br \/>\nSlovakia, Slovenia, Turkey, Hungary<\/p>\n<\/div>\n                                                                                <\/div>\n                    <\/div>\n                <\/div><div class=\"tbc__btns\"><a class=\"btn btn--prim btn--ico\" href=\"https:\/\/swsm.pl\/wp-content\/uploads\/2023\/12\/Student_wysokosc_stawek_w_programie_Erasmus_plus_rok_2018_2019.docx\" target=\"_self\">Grant amounts for Erasmus+<svg width=\"24\" height=\"24\" viewBox=\"0 0 24 24\" fill=\"none\" xmlns=\"http:\/\/www.w3.org\/2000\/svg\">\n<path d=\"M7 12L12 17M12 17L17 12M12 17L12 4\" stroke=\"#29375A\" stroke-width=\"2\" stroke-linecap=\"round\" stroke-linejoin=\"round\"\/>\n<path d=\"M6 20H18\" stroke=\"#10AA3A\" stroke-width=\"2\" stroke-linecap=\"round\" stroke-linejoin=\"round\"\/>\n<\/svg>\n<\/a><\/div>                    <\/div>\n                                                                                                                                                                                                                \n            <\/div>\n        <\/div>\n    <\/div>\n\n<\/section>","protected":false},"excerpt":{"rendered":"","protected":false},"author":9,"featured_media":0,"parent":8851,"menu_order":2,"comment_status":"closed","ping_status":"closed","template":"","meta":{"_acf_changed":false,"footnotes":""},"class_list":["post-11827","page","type-page","status-publish","hentry"],"acf":{"alert_on":false,"alert_filter_tag_select":false,"alert_filter_by_tag":[],"modalComunicatHeader_blog":"","modalComunicatHeader_link":[""]},"yoast_head":"<!-- This site is optimized with the Yoast SEO plugin v27.4 - https:\/\/yoast.com\/product\/yoast-seo-wordpress\/ -->\n<title>Studies abroad - SWSM<\/title>\n<meta name=\"robots\" content=\"index, follow, max-snippet:-1, max-image-preview:large, max-video-preview:-1\" \/>\n<link rel=\"canonical\" href=\"https:\/\/swsm.pl\/en\/student-zone\/erasmus-program\/about-the-program\/studies-abroad\/\" \/>\n<meta property=\"og:locale\" content=\"en_US\" \/>\n<meta property=\"og:type\" content=\"article\" \/>\n<meta property=\"og:title\" content=\"Studies abroad - SWSM\" \/>\n<meta property=\"og:url\" content=\"https:\/\/swsm.pl\/en\/student-zone\/erasmus-program\/about-the-program\/studies-abroad\/\" \/>\n<meta property=\"og:site_name\" content=\"SWSM\" \/>\n<meta property=\"article:modified_time\" content=\"2025-02-24T11:25:29+00:00\" \/>\n<meta name=\"twitter:card\" content=\"summary_large_image\" \/>\n<script type=\"application\/ld+json\" class=\"yoast-schema-graph\">{\"@context\":\"https:\\\/\\\/schema.org\",\"@graph\":[{\"@type\":\"WebPage\",\"@id\":\"https:\\\/\\\/swsm.pl\\\/en\\\/student-zone\\\/erasmus-program\\\/about-the-program\\\/studies-abroad\\\/\",\"url\":\"https:\\\/\\\/swsm.pl\\\/en\\\/student-zone\\\/erasmus-program\\\/about-the-program\\\/studies-abroad\\\/\",\"name\":\"Studies abroad - SWSM\",\"isPartOf\":{\"@id\":\"https:\\\/\\\/swsm.pl\\\/#website\"},\"datePublished\":\"2023-11-29T17:44:06+00:00\",\"dateModified\":\"2025-02-24T11:25:29+00:00\",\"breadcrumb\":{\"@id\":\"https:\\\/\\\/swsm.pl\\\/en\\\/student-zone\\\/erasmus-program\\\/about-the-program\\\/studies-abroad\\\/#breadcrumb\"},\"inLanguage\":\"en-US\",\"potentialAction\":[{\"@type\":\"ReadAction\",\"target\":[\"https:\\\/\\\/swsm.pl\\\/en\\\/student-zone\\\/erasmus-program\\\/about-the-program\\\/studies-abroad\\\/\"]}]},{\"@type\":\"BreadcrumbList\",\"@id\":\"https:\\\/\\\/swsm.pl\\\/en\\\/student-zone\\\/erasmus-program\\\/about-the-program\\\/studies-abroad\\\/#breadcrumb\",\"itemListElement\":[{\"@type\":\"ListItem\",\"position\":1,\"name\":\"Strona g\u0142\u00f3wna\",\"item\":\"https:\\\/\\\/swsm.pl\\\/en\\\/\"},{\"@type\":\"ListItem\",\"position\":2,\"name\":\"Student zone\",\"item\":\"https:\\\/\\\/swsm.pl\\\/dla-studenta\\\/\"},{\"@type\":\"ListItem\",\"position\":3,\"name\":\"Erasmus + Program\",\"item\":\"https:\\\/\\\/swsm.pl\\\/dla-studenta\\\/program-erasmus\\\/\"},{\"@type\":\"ListItem\",\"position\":4,\"name\":\"About the program\",\"item\":\"https:\\\/\\\/swsm.pl\\\/dla-studenta\\\/program-erasmus\\\/o-programie\\\/\"},{\"@type\":\"ListItem\",\"position\":5,\"name\":\"Studies abroad\"}]},{\"@type\":\"WebSite\",\"@id\":\"https:\\\/\\\/swsm.pl\\\/#website\",\"url\":\"https:\\\/\\\/swsm.pl\\\/\",\"name\":\"SWSM\",\"description\":\"\u015al\u0105ska Wy\u017csza Szko\u0142a Medyczna w Katowicach\",\"potentialAction\":[{\"@type\":\"SearchAction\",\"target\":{\"@type\":\"EntryPoint\",\"urlTemplate\":\"https:\\\/\\\/swsm.pl\\\/?s={search_term_string}\"},\"query-input\":{\"@type\":\"PropertyValueSpecification\",\"valueRequired\":true,\"valueName\":\"search_term_string\"}}],\"inLanguage\":\"en-US\"}]}<\/script>\n<!-- \/ Yoast SEO plugin. -->","yoast_head_json":{"title":"Studies abroad - SWSM","robots":{"index":"index","follow":"follow","max-snippet":"max-snippet:-1","max-image-preview":"max-image-preview:large","max-video-preview":"max-video-preview:-1"},"canonical":"https:\/\/swsm.pl\/en\/student-zone\/erasmus-program\/about-the-program\/studies-abroad\/","og_locale":"en_US","og_type":"article","og_title":"Studies abroad - SWSM","og_url":"https:\/\/swsm.pl\/en\/student-zone\/erasmus-program\/about-the-program\/studies-abroad\/","og_site_name":"SWSM","article_modified_time":"2025-02-24T11:25:29+00:00","twitter_card":"summary_large_image","schema":{"@context":"https:\/\/schema.org","@graph":[{"@type":"WebPage","@id":"https:\/\/swsm.pl\/en\/student-zone\/erasmus-program\/about-the-program\/studies-abroad\/","url":"https:\/\/swsm.pl\/en\/student-zone\/erasmus-program\/about-the-program\/studies-abroad\/","name":"Studies abroad - SWSM","isPartOf":{"@id":"https:\/\/swsm.pl\/#website"},"datePublished":"2023-11-29T17:44:06+00:00","dateModified":"2025-02-24T11:25:29+00:00","breadcrumb":{"@id":"https:\/\/swsm.pl\/en\/student-zone\/erasmus-program\/about-the-program\/studies-abroad\/#breadcrumb"},"inLanguage":"en-US","potentialAction":[{"@type":"ReadAction","target":["https:\/\/swsm.pl\/en\/student-zone\/erasmus-program\/about-the-program\/studies-abroad\/"]}]},{"@type":"BreadcrumbList","@id":"https:\/\/swsm.pl\/en\/student-zone\/erasmus-program\/about-the-program\/studies-abroad\/#breadcrumb","itemListElement":[{"@type":"ListItem","position":1,"name":"Strona g\u0142\u00f3wna","item":"https:\/\/swsm.pl\/en\/"},{"@type":"ListItem","position":2,"name":"Student zone","item":"https:\/\/swsm.pl\/dla-studenta\/"},{"@type":"ListItem","position":3,"name":"Erasmus + Program","item":"https:\/\/swsm.pl\/dla-studenta\/program-erasmus\/"},{"@type":"ListItem","position":4,"name":"About the program","item":"https:\/\/swsm.pl\/dla-studenta\/program-erasmus\/o-programie\/"},{"@type":"ListItem","position":5,"name":"Studies abroad"}]},{"@type":"WebSite","@id":"https:\/\/swsm.pl\/#website","url":"https:\/\/swsm.pl\/","name":"SWSM","description":"\u015al\u0105ska Wy\u017csza Szko\u0142a Medyczna w Katowicach","potentialAction":[{"@type":"SearchAction","target":{"@type":"EntryPoint","urlTemplate":"https:\/\/swsm.pl\/?s={search_term_string}"},"query-input":{"@type":"PropertyValueSpecification","valueRequired":true,"valueName":"search_term_string"}}],"inLanguage":"en-US"}]}},"_links":{"self":[{"href":"https:\/\/swsm.pl\/en\/wp-json\/wp\/v2\/pages\/11827","targetHints":{"allow":["GET"]}}],"collection":[{"href":"https:\/\/swsm.pl\/en\/wp-json\/wp\/v2\/pages"}],"about":[{"href":"https:\/\/swsm.pl\/en\/wp-json\/wp\/v2\/types\/page"}],"author":[{"embeddable":true,"href":"https:\/\/swsm.pl\/en\/wp-json\/wp\/v2\/users\/9"}],"replies":[{"embeddable":true,"href":"https:\/\/swsm.pl\/en\/wp-json\/wp\/v2\/comments?post=11827"}],"version-history":[{"count":13,"href":"https:\/\/swsm.pl\/en\/wp-json\/wp\/v2\/pages\/11827\/revisions"}],"predecessor-version":[{"id":21660,"href":"https:\/\/swsm.pl\/en\/wp-json\/wp\/v2\/pages\/11827\/revisions\/21660"}],"up":[{"embeddable":true,"href":"https:\/\/swsm.pl\/en\/wp-json\/wp\/v2\/pages\/8851"}],"wp:attachment":[{"href":"https:\/\/swsm.pl\/en\/wp-json\/wp\/v2\/media?parent=11827"}],"curies":[{"name":"wp","href":"https:\/\/api.w.org\/{rel}","templated":true}]}}