{"id":11829,"date":"2023-11-29T17:44:20","date_gmt":"2023-11-29T17:44:20","guid":{"rendered":"https:\/\/swsm.pl\/student-zone\/erasmus-program\/about-the-program\/internship-abroad\/"},"modified":"2025-02-24T11:26:03","modified_gmt":"2025-02-24T11:26:03","slug":"internship-abroad","status":"publish","type":"page","link":"https:\/\/swsm.pl\/en\/student-zone\/erasmus-program\/about-the-program\/internship-abroad\/","title":{"rendered":"Internship abroad"},"content":{"rendered":"<section class=\"textBlock textBlock--0 padding-less\">\n    <div class=\"tbc\">\n        <div class=\"container\">\n            <div class=\"row\">\n                                    <div class=\"col-12\">\n                                                                                                    <div class=\"text text--2 color--navy-500 tbc__desc\"><p>Having signed an agreement with the <strong>Erasmus+ National Agency<\/strong> the Silesian College of Medicine in Katowice is conducting a recruitment process for internship programs <strong>up to 3 months<\/strong>.<\/p>\n<h2><\/h2>\n<p><strong>As part of the recruitment process, the candidate applying for the program must submit the following documents to the Dean&#8217;s Office:<\/strong><\/p>\n<ol>\n<li><a href=\"https:\/\/swsm.pl\/wp-content\/uploads\/2023\/12\/Wniosek_aplikanta_2018_2019-1.doc\" target=\"_blank\" rel=\"noopener\">Application form<\/a><\/li>\n<li>Grade point average for the entire course of studies certified by the Dean,<\/li>\n<li>Language certificates obtained (if any),<\/li>\n<li>In addition, documents that confirm active engagement in scientific or social activities or additional qualifications obtained until the moment of application are also appreciated,<\/li>\n<li>Opinion of the academic teaching staff in major courses about the candidate.<\/li>\n<\/ol>\n<p>&nbsp;<\/p>\n<p><a href=\"https:\/\/swsm.pl\/wp-content\/uploads\/2023\/12\/Zasady_rekrutacji_i_organizacji_wyjazdow_studentow_na_praktyki_zagraniczne_program_Erasmus_plus_2018_2019.docx\"><strong>Terms and conditions for recruitment and study\/internship exchange programs abroad for Erasmus+ 2018-2019<\/strong><\/a><\/p>\n<\/div>                                                                    <\/div>\n                                                                                                            <\/div>\n        <\/div>\n    <\/div>\n<\/section>\n\n\n<section class=\"textBlock textBlock--0 padding-less\">\n    <div class=\"tbc\">\n        <div class=\"container\">\n            <div class=\"row\">\n                                    <div class=\"col-12\">\n                                                                            <h5 class=\"title title--5 color--navy-700 tbc__title2\">General information for students interested in the ERASMUS+ internship programs abroad:<\/h5>                                                                            <div class=\"text text--2 color--navy-500 tbc__desc\"><p>In order to be qualified for the <strong>Erasmus+ program<\/strong> it is required to:<\/p>\n<ul>\n<li>be enrolled in B.A., B.Sc., M.A., M.Sc. PhD (or equal) study programs or be a graduate of the above (the internship must take place within 12 months after graduation).<\/li>\n<li>be a student of an institution that participates in the program, i.e. has the Erasmus Charter for Higher Education issued by the European Commission and is conducting student exchange in a given academic year.<\/li>\n<\/ul>\n<p>&nbsp;<\/p>\n<p>Duration of internship: <strong>from 2 to 12 months<\/strong><\/p>\n<p>A student may receive a grant for the duration of the program up to 12 months for each level of study regardless of the number and types of activities undertaken as part of the program. However, previous Erasmus Lifelong Learning programs that the student participated in (for each level of study) are also counted into the total.<\/p>\n<p>&nbsp;<\/p>\n<p>Students must conduct their mobility activities in a country participating in the program other than the country of the home institution and their country of residence.<\/p>\n<p>&nbsp;<\/p>\n<p>Students will receive EU subsidies to partially cover their travel and subsistence costs incurred during the course of study or internship abroad. The EU grant amount depends on the country where the program is implemented.<\/p>\n<\/div>                                                                    <\/div>\n                                                                                                            <\/div>\n        <\/div>\n    <\/div>\n<\/section>\n\n\n\n<section class=\"textWithIcons textWithIcons--0 padding-less\">\n    <div class=\"tbc\">   \n        <div class=\"container\">\n            <div class=\"row\">\n                                    <div class=\"col-12\">\n                        <h5 class=\"title title--5 color--navy-700 tbc__subTitle\">Countries that participate in the program were divided into 3 groups:<\/h5><div class=\"tbc__fullList tbc__fullList--big\">                    <div class=\"tbc__fullList__box\">\n                        <div class=\"tbc__fullList__box__ico\">\n                                                            <img decoding=\"async\" src=\"https:\/\/swsm.pl\/wp-content\/uploads\/2023\/11\/icon-right-blue.svg\" alt=\"\" \/>\n                                                    <\/div>\n                        <div class=\"tbc__fullList__box__content\">\n                                                            <div class=\"text text--2 text--bold color--navy-500\"><p><strong>Group 1<\/strong><\/p>\n<\/div>\n                                                                                        <div class=\"text text--3 color--navy-500\"><p>Denmark, Finland, Ireland, Iceland, Lichtenstein, Luxembourg, Norway, Sweden, United Kingdom<\/p>\n<\/div>\n                                                                                <\/div>\n                    <\/div>\n                                    <div class=\"tbc__fullList__box\">\n                        <div class=\"tbc__fullList__box__ico\">\n                                                            <img decoding=\"async\" src=\"https:\/\/swsm.pl\/wp-content\/uploads\/2023\/11\/icon-right-blue.svg\" alt=\"\" \/>\n                                                    <\/div>\n                        <div class=\"tbc__fullList__box__content\">\n                                                            <div class=\"text text--2 text--bold color--navy-500\"><p><strong>Group 2<\/strong><\/p>\n<\/div>\n                                                                                        <div class=\"text text--3 color--navy-500\"><p>Austria, Belgium, Cyprus, France, Greece, Spain, the Netherlands, Malta, Germany, Portugal, Italy<\/p>\n<\/div>\n                                                                                <\/div>\n                    <\/div>\n                                    <div class=\"tbc__fullList__box\">\n                        <div class=\"tbc__fullList__box__ico\">\n                                                            <img decoding=\"async\" src=\"https:\/\/swsm.pl\/wp-content\/uploads\/2023\/11\/icon-right-blue.svg\" alt=\"\" \/>\n                                                    <\/div>\n                        <div class=\"tbc__fullList__box__content\">\n                                                            <div class=\"text text--2 text--bold color--navy-500\"><p><strong>Group 3<\/strong><\/p>\n<\/div>\n                                                                                        <div class=\"text text--3 color--navy-500\"><p>Bulgaria, Croatia, Czech Republic, Estonia, FYROM (Former Yugoslav Republic of Macedonia), Lithuania, Latvia, Romania,<br \/>\nSlovakia, Slovenia, Turkey, Hungary<\/p>\n<\/div>\n                                                                                <\/div>\n                    <\/div>\n                <\/div><div class=\"tbc__btns\"><a class=\"btn btn--prim btn--ico\" href=\"https:\/\/swsm.pl\/wp-content\/uploads\/2023\/12\/Student_wysokosc_stawek_w_programie_Erasmus_plus_rok_2018_2019.docx\" target=\"_self\">Grant amounts for Erasmus+<svg width=\"24\" height=\"24\" viewBox=\"0 0 24 24\" fill=\"none\" xmlns=\"http:\/\/www.w3.org\/2000\/svg\">\n<path d=\"M7 12L12 17M12 17L17 12M12 17L12 4\" stroke=\"#29375A\" stroke-width=\"2\" stroke-linecap=\"round\" stroke-linejoin=\"round\"\/>\n<path d=\"M6 20H18\" stroke=\"#10AA3A\" stroke-width=\"2\" stroke-linecap=\"round\" stroke-linejoin=\"round\"\/>\n<\/svg>\n<\/a><\/div>                    <\/div>\n                                                                                                                                                                                                                \n            <\/div>\n        <\/div>\n    <\/div>\n\n<\/section>\n\n<section class=\"textBlock textBlock--0 padding-less\">\n    <div class=\"tbc\">\n        <div class=\"container\">\n            <div class=\"row\">\n                                    <div class=\"col-12\">\n                                                                                                    <div class=\"text text--2 color--navy-500 tbc__desc\"><p>We would like to remind that <strong>the internship program must be carried out in accordance with the student&#8217;s field of study.<\/strong>. For students who wish to have their internship approved as an integral part of their study program (mandatory internship), their Erasmus+ internship must be consistent with the internship program required for a given faculty.<\/p>\n<p>&nbsp;<\/p>\n<p>Detailed information about the <strong>Programu Erasmus+<\/strong> internship programs abroad are available at the Dean&#8217;s Office or by email at: <a href=\"mailto:erasmus@swsm.pl\">erasmus@swsm.pl<\/a><\/p>\n<\/div>                                                                    <\/div>\n                                                                                                            <\/div>\n        <\/div>\n    <\/div>\n<\/section>\n","protected":false},"excerpt":{"rendered":"","protected":false},"author":9,"featured_media":0,"parent":8851,"menu_order":0,"comment_status":"closed","ping_status":"closed","template":"","meta":{"_acf_changed":false,"footnotes":""},"class_list":["post-11829","page","type-page","status-publish","hentry"],"acf":{"alert_on":false,"alert_filter_tag_select":false,"alert_filter_by_tag":[],"modalComunicatHeader_blog":"","modalComunicatHeader_link":[""]},"yoast_head":"<!-- This site is optimized with the Yoast SEO plugin v27.4 - https:\/\/yoast.com\/product\/yoast-seo-wordpress\/ -->\n<title>Internship abroad - SWSM<\/title>\n<meta name=\"robots\" content=\"index, follow, max-snippet:-1, max-image-preview:large, max-video-preview:-1\" \/>\n<link rel=\"canonical\" href=\"https:\/\/swsm.pl\/en\/student-zone\/erasmus-program\/about-the-program\/internship-abroad\/\" \/>\n<meta property=\"og:locale\" content=\"en_US\" \/>\n<meta property=\"og:type\" content=\"article\" \/>\n<meta property=\"og:title\" content=\"Internship abroad - SWSM\" \/>\n<meta property=\"og:url\" content=\"https:\/\/swsm.pl\/en\/student-zone\/erasmus-program\/about-the-program\/internship-abroad\/\" \/>\n<meta property=\"og:site_name\" content=\"SWSM\" \/>\n<meta property=\"article:modified_time\" content=\"2025-02-24T11:26:03+00:00\" \/>\n<meta name=\"twitter:card\" content=\"summary_large_image\" \/>\n<script type=\"application\/ld+json\" class=\"yoast-schema-graph\">{\"@context\":\"https:\\\/\\\/schema.org\",\"@graph\":[{\"@type\":\"WebPage\",\"@id\":\"https:\\\/\\\/swsm.pl\\\/en\\\/student-zone\\\/erasmus-program\\\/about-the-program\\\/internship-abroad\\\/\",\"url\":\"https:\\\/\\\/swsm.pl\\\/en\\\/student-zone\\\/erasmus-program\\\/about-the-program\\\/internship-abroad\\\/\",\"name\":\"Internship abroad - SWSM\",\"isPartOf\":{\"@id\":\"https:\\\/\\\/swsm.pl\\\/#website\"},\"datePublished\":\"2023-11-29T17:44:20+00:00\",\"dateModified\":\"2025-02-24T11:26:03+00:00\",\"breadcrumb\":{\"@id\":\"https:\\\/\\\/swsm.pl\\\/en\\\/student-zone\\\/erasmus-program\\\/about-the-program\\\/internship-abroad\\\/#breadcrumb\"},\"inLanguage\":\"en-US\",\"potentialAction\":[{\"@type\":\"ReadAction\",\"target\":[\"https:\\\/\\\/swsm.pl\\\/en\\\/student-zone\\\/erasmus-program\\\/about-the-program\\\/internship-abroad\\\/\"]}]},{\"@type\":\"BreadcrumbList\",\"@id\":\"https:\\\/\\\/swsm.pl\\\/en\\\/student-zone\\\/erasmus-program\\\/about-the-program\\\/internship-abroad\\\/#breadcrumb\",\"itemListElement\":[{\"@type\":\"ListItem\",\"position\":1,\"name\":\"Strona g\u0142\u00f3wna\",\"item\":\"https:\\\/\\\/swsm.pl\\\/en\\\/\"},{\"@type\":\"ListItem\",\"position\":2,\"name\":\"Student zone\",\"item\":\"https:\\\/\\\/swsm.pl\\\/dla-studenta\\\/\"},{\"@type\":\"ListItem\",\"position\":3,\"name\":\"Erasmus + Program\",\"item\":\"https:\\\/\\\/swsm.pl\\\/dla-studenta\\\/program-erasmus\\\/\"},{\"@type\":\"ListItem\",\"position\":4,\"name\":\"About the program\",\"item\":\"https:\\\/\\\/swsm.pl\\\/dla-studenta\\\/program-erasmus\\\/o-programie\\\/\"},{\"@type\":\"ListItem\",\"position\":5,\"name\":\"Internship abroad\"}]},{\"@type\":\"WebSite\",\"@id\":\"https:\\\/\\\/swsm.pl\\\/#website\",\"url\":\"https:\\\/\\\/swsm.pl\\\/\",\"name\":\"SWSM\",\"description\":\"\u015al\u0105ska Wy\u017csza Szko\u0142a Medyczna w Katowicach\",\"potentialAction\":[{\"@type\":\"SearchAction\",\"target\":{\"@type\":\"EntryPoint\",\"urlTemplate\":\"https:\\\/\\\/swsm.pl\\\/?s={search_term_string}\"},\"query-input\":{\"@type\":\"PropertyValueSpecification\",\"valueRequired\":true,\"valueName\":\"search_term_string\"}}],\"inLanguage\":\"en-US\"}]}<\/script>\n<!-- \/ Yoast SEO plugin. -->","yoast_head_json":{"title":"Internship abroad - SWSM","robots":{"index":"index","follow":"follow","max-snippet":"max-snippet:-1","max-image-preview":"max-image-preview:large","max-video-preview":"max-video-preview:-1"},"canonical":"https:\/\/swsm.pl\/en\/student-zone\/erasmus-program\/about-the-program\/internship-abroad\/","og_locale":"en_US","og_type":"article","og_title":"Internship abroad - SWSM","og_url":"https:\/\/swsm.pl\/en\/student-zone\/erasmus-program\/about-the-program\/internship-abroad\/","og_site_name":"SWSM","article_modified_time":"2025-02-24T11:26:03+00:00","twitter_card":"summary_large_image","schema":{"@context":"https:\/\/schema.org","@graph":[{"@type":"WebPage","@id":"https:\/\/swsm.pl\/en\/student-zone\/erasmus-program\/about-the-program\/internship-abroad\/","url":"https:\/\/swsm.pl\/en\/student-zone\/erasmus-program\/about-the-program\/internship-abroad\/","name":"Internship abroad - SWSM","isPartOf":{"@id":"https:\/\/swsm.pl\/#website"},"datePublished":"2023-11-29T17:44:20+00:00","dateModified":"2025-02-24T11:26:03+00:00","breadcrumb":{"@id":"https:\/\/swsm.pl\/en\/student-zone\/erasmus-program\/about-the-program\/internship-abroad\/#breadcrumb"},"inLanguage":"en-US","potentialAction":[{"@type":"ReadAction","target":["https:\/\/swsm.pl\/en\/student-zone\/erasmus-program\/about-the-program\/internship-abroad\/"]}]},{"@type":"BreadcrumbList","@id":"https:\/\/swsm.pl\/en\/student-zone\/erasmus-program\/about-the-program\/internship-abroad\/#breadcrumb","itemListElement":[{"@type":"ListItem","position":1,"name":"Strona g\u0142\u00f3wna","item":"https:\/\/swsm.pl\/en\/"},{"@type":"ListItem","position":2,"name":"Student zone","item":"https:\/\/swsm.pl\/dla-studenta\/"},{"@type":"ListItem","position":3,"name":"Erasmus + Program","item":"https:\/\/swsm.pl\/dla-studenta\/program-erasmus\/"},{"@type":"ListItem","position":4,"name":"About the program","item":"https:\/\/swsm.pl\/dla-studenta\/program-erasmus\/o-programie\/"},{"@type":"ListItem","position":5,"name":"Internship abroad"}]},{"@type":"WebSite","@id":"https:\/\/swsm.pl\/#website","url":"https:\/\/swsm.pl\/","name":"SWSM","description":"\u015al\u0105ska Wy\u017csza Szko\u0142a Medyczna w Katowicach","potentialAction":[{"@type":"SearchAction","target":{"@type":"EntryPoint","urlTemplate":"https:\/\/swsm.pl\/?s={search_term_string}"},"query-input":{"@type":"PropertyValueSpecification","valueRequired":true,"valueName":"search_term_string"}}],"inLanguage":"en-US"}]}},"_links":{"self":[{"href":"https:\/\/swsm.pl\/en\/wp-json\/wp\/v2\/pages\/11829","targetHints":{"allow":["GET"]}}],"collection":[{"href":"https:\/\/swsm.pl\/en\/wp-json\/wp\/v2\/pages"}],"about":[{"href":"https:\/\/swsm.pl\/en\/wp-json\/wp\/v2\/types\/page"}],"author":[{"embeddable":true,"href":"https:\/\/swsm.pl\/en\/wp-json\/wp\/v2\/users\/9"}],"replies":[{"embeddable":true,"href":"https:\/\/swsm.pl\/en\/wp-json\/wp\/v2\/comments?post=11829"}],"version-history":[{"count":7,"href":"https:\/\/swsm.pl\/en\/wp-json\/wp\/v2\/pages\/11829\/revisions"}],"predecessor-version":[{"id":21661,"href":"https:\/\/swsm.pl\/en\/wp-json\/wp\/v2\/pages\/11829\/revisions\/21661"}],"up":[{"embeddable":true,"href":"https:\/\/swsm.pl\/en\/wp-json\/wp\/v2\/pages\/8851"}],"wp:attachment":[{"href":"https:\/\/swsm.pl\/en\/wp-json\/wp\/v2\/media?parent=11829"}],"curies":[{"name":"wp","href":"https:\/\/api.w.org\/{rel}","templated":true}]}}