{"id":11832,"date":"2023-11-29T17:46:06","date_gmt":"2023-11-29T17:46:06","guid":{"rendered":"https:\/\/swsm.pl\/student-zone\/erasmus-program\/wazne-dokumenty\/"},"modified":"2025-02-24T11:29:38","modified_gmt":"2025-02-24T11:29:38","slug":"wazne-dokumenty","status":"publish","type":"page","link":"https:\/\/swsm.pl\/en\/student-zone\/erasmus-program\/wazne-dokumenty\/","title":{"rendered":"Important documents"},"content":{"rendered":"\n<section class=\"download-files  \">\n    <div class=\"container\">\n        <div class=\"row\">\n                        <div class=\"col-12\">\n\n\n                                    <div class=\"download-files__top\">\n\n                            <div class=\"download-files__top__text\">\n                                <h5>Important documents<\/h5>\n                                                            <\/div>\n                                \n                        \n                                                <\/div>\n                \n            <\/div>\n            <div class=\"col-12\">\n                                                                                            <a class=\"download-files__content  \" href=\"https:\/\/swsm.pl\/wp-content\/uploads\/2024\/05\/ECHE-EN.pdf\">\n                                                                            <img decoding=\"async\" class=\"download-files__content__icon-first\" src=\"https:\/\/swsm.pl\/wp-content\/uploads\/2023\/11\/ikonadokument-kolorz-zielonym-SVG.svg\" alt=\"\" \/>\n                                                                                                                <p class=\"text--2 text--bold\">Erasmus Charter Higher Education 2021-2027<\/p>\n                                                                        <div class=\"download-files__content__icon-last\"><svg width=\"24\" height=\"24\" viewBox=\"0 0 24 24\" fill=\"none\" xmlns=\"http:\/\/www.w3.org\/2000\/svg\">\n<g id=\"Ikony\">\n<path id=\"Vector\" d=\"M7 12L12 17M12 17L17 12M12 17L12 4\" stroke=\"#29375A\" stroke-width=\"2\" stroke-linecap=\"round\" stroke-linejoin=\"round\"\/>\n<path id=\"Vector 137\" d=\"M6 20H18\" stroke=\"#10AA3A\" stroke-width=\"2\" stroke-linecap=\"round\" stroke-linejoin=\"round\"\/>\n<\/g>\n<\/svg>\n<\/div>\n                                <\/a>\n                                                                        <\/div>\n        <\/div>\n    <\/div>\n<\/section>\n \n\n<section class=\"wp-core-block wp-core-block--paragraph\"><div class=\"container\"><div class=\"row\"><div class=\"col-12\">\n<p><\/p>\n<\/div><\/div><\/div><\/section>","protected":false},"excerpt":{"rendered":"","protected":false},"author":9,"featured_media":0,"parent":8829,"menu_order":2,"comment_status":"closed","ping_status":"closed","template":"","meta":{"_acf_changed":false,"footnotes":""},"class_list":["post-11832","page","type-page","status-publish","hentry"],"acf":{"alert_on":false,"alert_filter_tag_select":false,"alert_filter_by_tag":[],"modalComunicatHeader_blog":"","modalComunicatHeader_link":[""]},"yoast_head":"<!-- This site is optimized with the Yoast SEO plugin v27.4 - https:\/\/yoast.com\/product\/yoast-seo-wordpress\/ -->\n<title>Important documents - SWSM<\/title>\n<meta name=\"robots\" content=\"index, follow, max-snippet:-1, max-image-preview:large, max-video-preview:-1\" \/>\n<link rel=\"canonical\" href=\"https:\/\/swsm.pl\/en\/student-zone\/erasmus-program\/wazne-dokumenty\/\" \/>\n<meta property=\"og:locale\" content=\"en_US\" \/>\n<meta property=\"og:type\" content=\"article\" \/>\n<meta property=\"og:title\" content=\"Important documents - SWSM\" \/>\n<meta property=\"og:url\" content=\"https:\/\/swsm.pl\/en\/student-zone\/erasmus-program\/wazne-dokumenty\/\" \/>\n<meta property=\"og:site_name\" content=\"SWSM\" \/>\n<meta property=\"article:modified_time\" content=\"2025-02-24T11:29:38+00:00\" \/>\n<meta name=\"twitter:card\" content=\"summary_large_image\" \/>\n<script type=\"application\/ld+json\" class=\"yoast-schema-graph\">{\"@context\":\"https:\\\/\\\/schema.org\",\"@graph\":[{\"@type\":\"WebPage\",\"@id\":\"https:\\\/\\\/swsm.pl\\\/en\\\/student-zone\\\/erasmus-program\\\/wazne-dokumenty\\\/\",\"url\":\"https:\\\/\\\/swsm.pl\\\/en\\\/student-zone\\\/erasmus-program\\\/wazne-dokumenty\\\/\",\"name\":\"Important documents - SWSM\",\"isPartOf\":{\"@id\":\"https:\\\/\\\/swsm.pl\\\/#website\"},\"datePublished\":\"2023-11-29T17:46:06+00:00\",\"dateModified\":\"2025-02-24T11:29:38+00:00\",\"breadcrumb\":{\"@id\":\"https:\\\/\\\/swsm.pl\\\/en\\\/student-zone\\\/erasmus-program\\\/wazne-dokumenty\\\/#breadcrumb\"},\"inLanguage\":\"en-US\",\"potentialAction\":[{\"@type\":\"ReadAction\",\"target\":[\"https:\\\/\\\/swsm.pl\\\/en\\\/student-zone\\\/erasmus-program\\\/wazne-dokumenty\\\/\"]}]},{\"@type\":\"BreadcrumbList\",\"@id\":\"https:\\\/\\\/swsm.pl\\\/en\\\/student-zone\\\/erasmus-program\\\/wazne-dokumenty\\\/#breadcrumb\",\"itemListElement\":[{\"@type\":\"ListItem\",\"position\":1,\"name\":\"Strona g\u0142\u00f3wna\",\"item\":\"https:\\\/\\\/swsm.pl\\\/en\\\/\"},{\"@type\":\"ListItem\",\"position\":2,\"name\":\"Student zone\",\"item\":\"https:\\\/\\\/swsm.pl\\\/dla-studenta\\\/\"},{\"@type\":\"ListItem\",\"position\":3,\"name\":\"Erasmus + Program\",\"item\":\"https:\\\/\\\/swsm.pl\\\/dla-studenta\\\/program-erasmus\\\/\"},{\"@type\":\"ListItem\",\"position\":4,\"name\":\"Important documents\"}]},{\"@type\":\"WebSite\",\"@id\":\"https:\\\/\\\/swsm.pl\\\/#website\",\"url\":\"https:\\\/\\\/swsm.pl\\\/\",\"name\":\"SWSM\",\"description\":\"\u015al\u0105ska Wy\u017csza Szko\u0142a Medyczna w Katowicach\",\"potentialAction\":[{\"@type\":\"SearchAction\",\"target\":{\"@type\":\"EntryPoint\",\"urlTemplate\":\"https:\\\/\\\/swsm.pl\\\/?s={search_term_string}\"},\"query-input\":{\"@type\":\"PropertyValueSpecification\",\"valueRequired\":true,\"valueName\":\"search_term_string\"}}],\"inLanguage\":\"en-US\"}]}<\/script>\n<!-- \/ Yoast SEO plugin. -->","yoast_head_json":{"title":"Important documents - SWSM","robots":{"index":"index","follow":"follow","max-snippet":"max-snippet:-1","max-image-preview":"max-image-preview:large","max-video-preview":"max-video-preview:-1"},"canonical":"https:\/\/swsm.pl\/en\/student-zone\/erasmus-program\/wazne-dokumenty\/","og_locale":"en_US","og_type":"article","og_title":"Important documents - SWSM","og_url":"https:\/\/swsm.pl\/en\/student-zone\/erasmus-program\/wazne-dokumenty\/","og_site_name":"SWSM","article_modified_time":"2025-02-24T11:29:38+00:00","twitter_card":"summary_large_image","schema":{"@context":"https:\/\/schema.org","@graph":[{"@type":"WebPage","@id":"https:\/\/swsm.pl\/en\/student-zone\/erasmus-program\/wazne-dokumenty\/","url":"https:\/\/swsm.pl\/en\/student-zone\/erasmus-program\/wazne-dokumenty\/","name":"Important documents - SWSM","isPartOf":{"@id":"https:\/\/swsm.pl\/#website"},"datePublished":"2023-11-29T17:46:06+00:00","dateModified":"2025-02-24T11:29:38+00:00","breadcrumb":{"@id":"https:\/\/swsm.pl\/en\/student-zone\/erasmus-program\/wazne-dokumenty\/#breadcrumb"},"inLanguage":"en-US","potentialAction":[{"@type":"ReadAction","target":["https:\/\/swsm.pl\/en\/student-zone\/erasmus-program\/wazne-dokumenty\/"]}]},{"@type":"BreadcrumbList","@id":"https:\/\/swsm.pl\/en\/student-zone\/erasmus-program\/wazne-dokumenty\/#breadcrumb","itemListElement":[{"@type":"ListItem","position":1,"name":"Strona g\u0142\u00f3wna","item":"https:\/\/swsm.pl\/en\/"},{"@type":"ListItem","position":2,"name":"Student zone","item":"https:\/\/swsm.pl\/dla-studenta\/"},{"@type":"ListItem","position":3,"name":"Erasmus + Program","item":"https:\/\/swsm.pl\/dla-studenta\/program-erasmus\/"},{"@type":"ListItem","position":4,"name":"Important documents"}]},{"@type":"WebSite","@id":"https:\/\/swsm.pl\/#website","url":"https:\/\/swsm.pl\/","name":"SWSM","description":"\u015al\u0105ska Wy\u017csza Szko\u0142a Medyczna w Katowicach","potentialAction":[{"@type":"SearchAction","target":{"@type":"EntryPoint","urlTemplate":"https:\/\/swsm.pl\/?s={search_term_string}"},"query-input":{"@type":"PropertyValueSpecification","valueRequired":true,"valueName":"search_term_string"}}],"inLanguage":"en-US"}]}},"_links":{"self":[{"href":"https:\/\/swsm.pl\/en\/wp-json\/wp\/v2\/pages\/11832","targetHints":{"allow":["GET"]}}],"collection":[{"href":"https:\/\/swsm.pl\/en\/wp-json\/wp\/v2\/pages"}],"about":[{"href":"https:\/\/swsm.pl\/en\/wp-json\/wp\/v2\/types\/page"}],"author":[{"embeddable":true,"href":"https:\/\/swsm.pl\/en\/wp-json\/wp\/v2\/users\/9"}],"replies":[{"embeddable":true,"href":"https:\/\/swsm.pl\/en\/wp-json\/wp\/v2\/comments?post=11832"}],"version-history":[{"count":6,"href":"https:\/\/swsm.pl\/en\/wp-json\/wp\/v2\/pages\/11832\/revisions"}],"predecessor-version":[{"id":21665,"href":"https:\/\/swsm.pl\/en\/wp-json\/wp\/v2\/pages\/11832\/revisions\/21665"}],"up":[{"embeddable":true,"href":"https:\/\/swsm.pl\/en\/wp-json\/wp\/v2\/pages\/8829"}],"wp:attachment":[{"href":"https:\/\/swsm.pl\/en\/wp-json\/wp\/v2\/media?parent=11832"}],"curies":[{"name":"wp","href":"https:\/\/api.w.org\/{rel}","templated":true}]}}