{"id":11837,"date":"2023-11-29T18:02:02","date_gmt":"2023-11-29T18:02:02","guid":{"rendered":"https:\/\/swsm.pl\/eu-projects\/eu-projects\/"},"modified":"2023-12-14T15:37:43","modified_gmt":"2023-12-14T15:37:43","slug":"eu-projects","status":"publish","type":"page","link":"https:\/\/swsm.pl\/en\/eu-projects\/eu-projects\/","title":{"rendered":"EU Projects"},"content":{"rendered":"\n\n\n    <section class=\"subpages-teaser-tiles-four  \">\n            <div class=\"container\">\n                <div class=\"row\">\n                    <div class=\"col-12\">\n                        <div class=\"subpages-teaser-tiles-four__top-h\">\n                                                    <\/div>\n                    <\/div>\n                <\/div>\n                <div class=\"row gap-box\">\n                                                                        <div class=\"col-12 col-md-6 col-lg-4 col-xl-3\">\n                                                                    <a class=\"subpages-teaser-tiles-four__box subpages-teaser-tiles-four__box-four\" href=\"https:\/\/swsm.pl\/en\/eu-projects\/eu-projects\/knowledge-education-and-integrated-development-program-at-the-silesian-college-of-medicine-in-katowice\/\" target=\"_self\">\n                                                                                        <img decoding=\"async\" class=\"photo-box\" src=\"https:\/\/swsm.pl\/wp-content\/uploads\/2023\/12\/Flag_of_Europe.svg\" alt=\"\" \/>\n                                                                                        <div class=\"btn\">\n                                                <p class=\"text--1 text--bold\"> Knowledge, education and integrated development program at the Silesian College of Medicine in Katowice<\/p>\n                                            <\/div>\n                                    <\/a>\n                                                            <\/div>\n                                                    <div class=\"col-12 col-md-6 col-lg-4 col-xl-3\">\n                                                                    <a class=\"subpages-teaser-tiles-four__box subpages-teaser-tiles-four__box-four\" href=\"https:\/\/swsm.pl\/en\/eu-projects\/eu-projects\/knowledge-development-health-educational-workshops-for-young-people-third-mission-of-the-college\/\" target=\"_self\">\n                                                                                        <img decoding=\"async\" class=\"photo-box\" src=\"https:\/\/swsm.pl\/wp-content\/uploads\/2023\/12\/Flag_of_Europe.svg\" alt=\"\" \/>\n                                                                                        <div class=\"btn\">\n                                                <p class=\"text--1 text--bold\"> Knowledge, development, health &#8211; educational workshops for young people &#8211; Third Mission of the College<\/p>\n                                            <\/div>\n                                    <\/a>\n                                                            <\/div>\n                                                    <div class=\"col-12 col-md-6 col-lg-4 col-xl-3\">\n                                                                    <a class=\"subpages-teaser-tiles-four__box subpages-teaser-tiles-four__box-four\" href=\"https:\/\/swsm.pl\/en\/eu-projects\/eu-projects\/new-trends-in-cosmetology\/\" target=\"_self\">\n                                                                                        <img decoding=\"async\" class=\"photo-box\" src=\"https:\/\/swsm.pl\/wp-content\/uploads\/2023\/12\/Flag_of_Europe.svg\" alt=\"\" \/>\n                                                                                        <div class=\"btn\">\n                                                <p class=\"text--1 text--bold\"> New trends in cosmetology \u2013 innovative postgraduate programs and courses at the Silesian College of Medicine in Katowice (finished)<\/p>\n                                            <\/div>\n                                    <\/a>\n                                                            <\/div>\n                                                            <\/div>\n            <\/div>\n        <\/div>\n    <\/section>\n","protected":false},"excerpt":{"rendered":"","protected":false},"author":9,"featured_media":0,"parent":11836,"menu_order":1,"comment_status":"closed","ping_status":"closed","template":"","meta":{"_acf_changed":false,"footnotes":""},"class_list":["post-11837","page","type-page","status-publish","hentry"],"acf":{"alert_on":false,"alert_filter_tag_select":false,"alert_filter_by_tag":[],"modalComunicatHeader_blog":"","modalComunicatHeader_link":null},"yoast_head":"<!-- This site is optimized with the Yoast SEO plugin v27.4 - https:\/\/yoast.com\/product\/yoast-seo-wordpress\/ -->\n<title>EU Projects - SWSM<\/title>\n<meta name=\"robots\" content=\"index, follow, max-snippet:-1, max-image-preview:large, max-video-preview:-1\" \/>\n<link rel=\"canonical\" href=\"https:\/\/swsm.pl\/kursy-i-szkolenia\/projekty-unijne\/\" \/>\n<meta property=\"og:locale\" content=\"en_US\" \/>\n<meta property=\"og:type\" content=\"article\" \/>\n<meta property=\"og:title\" content=\"EU Projects - SWSM\" \/>\n<meta property=\"og:url\" content=\"https:\/\/swsm.pl\/kursy-i-szkolenia\/projekty-unijne\/\" \/>\n<meta property=\"og:site_name\" content=\"SWSM\" \/>\n<meta property=\"article:modified_time\" content=\"2023-12-14T15:37:43+00:00\" \/>\n<meta name=\"twitter:card\" content=\"summary_large_image\" \/>\n<script type=\"application\/ld+json\" class=\"yoast-schema-graph\">{\"@context\":\"https:\\\/\\\/schema.org\",\"@graph\":[{\"@type\":\"WebPage\",\"@id\":\"https:\\\/\\\/swsm.pl\\\/kursy-i-szkolenia\\\/projekty-unijne\\\/\",\"url\":\"https:\\\/\\\/swsm.pl\\\/kursy-i-szkolenia\\\/projekty-unijne\\\/\",\"name\":\"EU Projects - SWSM\",\"isPartOf\":{\"@id\":\"https:\\\/\\\/swsm.pl\\\/#website\"},\"datePublished\":\"2023-11-29T18:02:02+00:00\",\"dateModified\":\"2023-12-14T15:37:43+00:00\",\"breadcrumb\":{\"@id\":\"https:\\\/\\\/swsm.pl\\\/kursy-i-szkolenia\\\/projekty-unijne\\\/#breadcrumb\"},\"inLanguage\":\"en-US\",\"potentialAction\":[{\"@type\":\"ReadAction\",\"target\":[\"https:\\\/\\\/swsm.pl\\\/kursy-i-szkolenia\\\/projekty-unijne\\\/\"]}]},{\"@type\":\"BreadcrumbList\",\"@id\":\"https:\\\/\\\/swsm.pl\\\/kursy-i-szkolenia\\\/projekty-unijne\\\/#breadcrumb\",\"itemListElement\":[{\"@type\":\"ListItem\",\"position\":1,\"name\":\"Strona g\u0142\u00f3wna\",\"item\":\"https:\\\/\\\/swsm.pl\\\/en\\\/\"},{\"@type\":\"ListItem\",\"position\":2,\"name\":\"EU Projects\",\"item\":\"https:\\\/\\\/swsm.pl\\\/kursy-i-szkolenia\\\/\"},{\"@type\":\"ListItem\",\"position\":3,\"name\":\"EU Projects\"}]},{\"@type\":\"WebSite\",\"@id\":\"https:\\\/\\\/swsm.pl\\\/#website\",\"url\":\"https:\\\/\\\/swsm.pl\\\/\",\"name\":\"SWSM\",\"description\":\"\u015al\u0105ska Wy\u017csza Szko\u0142a Medyczna w Katowicach\",\"potentialAction\":[{\"@type\":\"SearchAction\",\"target\":{\"@type\":\"EntryPoint\",\"urlTemplate\":\"https:\\\/\\\/swsm.pl\\\/?s={search_term_string}\"},\"query-input\":{\"@type\":\"PropertyValueSpecification\",\"valueRequired\":true,\"valueName\":\"search_term_string\"}}],\"inLanguage\":\"en-US\"}]}<\/script>\n<!-- \/ Yoast SEO plugin. -->","yoast_head_json":{"title":"EU Projects - SWSM","robots":{"index":"index","follow":"follow","max-snippet":"max-snippet:-1","max-image-preview":"max-image-preview:large","max-video-preview":"max-video-preview:-1"},"canonical":"https:\/\/swsm.pl\/kursy-i-szkolenia\/projekty-unijne\/","og_locale":"en_US","og_type":"article","og_title":"EU Projects - SWSM","og_url":"https:\/\/swsm.pl\/kursy-i-szkolenia\/projekty-unijne\/","og_site_name":"SWSM","article_modified_time":"2023-12-14T15:37:43+00:00","twitter_card":"summary_large_image","schema":{"@context":"https:\/\/schema.org","@graph":[{"@type":"WebPage","@id":"https:\/\/swsm.pl\/kursy-i-szkolenia\/projekty-unijne\/","url":"https:\/\/swsm.pl\/kursy-i-szkolenia\/projekty-unijne\/","name":"EU Projects - SWSM","isPartOf":{"@id":"https:\/\/swsm.pl\/#website"},"datePublished":"2023-11-29T18:02:02+00:00","dateModified":"2023-12-14T15:37:43+00:00","breadcrumb":{"@id":"https:\/\/swsm.pl\/kursy-i-szkolenia\/projekty-unijne\/#breadcrumb"},"inLanguage":"en-US","potentialAction":[{"@type":"ReadAction","target":["https:\/\/swsm.pl\/kursy-i-szkolenia\/projekty-unijne\/"]}]},{"@type":"BreadcrumbList","@id":"https:\/\/swsm.pl\/kursy-i-szkolenia\/projekty-unijne\/#breadcrumb","itemListElement":[{"@type":"ListItem","position":1,"name":"Strona g\u0142\u00f3wna","item":"https:\/\/swsm.pl\/en\/"},{"@type":"ListItem","position":2,"name":"EU Projects","item":"https:\/\/swsm.pl\/kursy-i-szkolenia\/"},{"@type":"ListItem","position":3,"name":"EU Projects"}]},{"@type":"WebSite","@id":"https:\/\/swsm.pl\/#website","url":"https:\/\/swsm.pl\/","name":"SWSM","description":"\u015al\u0105ska Wy\u017csza Szko\u0142a Medyczna w Katowicach","potentialAction":[{"@type":"SearchAction","target":{"@type":"EntryPoint","urlTemplate":"https:\/\/swsm.pl\/?s={search_term_string}"},"query-input":{"@type":"PropertyValueSpecification","valueRequired":true,"valueName":"search_term_string"}}],"inLanguage":"en-US"}]}},"_links":{"self":[{"href":"https:\/\/swsm.pl\/en\/wp-json\/wp\/v2\/pages\/11837","targetHints":{"allow":["GET"]}}],"collection":[{"href":"https:\/\/swsm.pl\/en\/wp-json\/wp\/v2\/pages"}],"about":[{"href":"https:\/\/swsm.pl\/en\/wp-json\/wp\/v2\/types\/page"}],"author":[{"embeddable":true,"href":"https:\/\/swsm.pl\/en\/wp-json\/wp\/v2\/users\/9"}],"replies":[{"embeddable":true,"href":"https:\/\/swsm.pl\/en\/wp-json\/wp\/v2\/comments?post=11837"}],"version-history":[{"count":7,"href":"https:\/\/swsm.pl\/en\/wp-json\/wp\/v2\/pages\/11837\/revisions"}],"predecessor-version":[{"id":11856,"href":"https:\/\/swsm.pl\/en\/wp-json\/wp\/v2\/pages\/11837\/revisions\/11856"}],"up":[{"embeddable":true,"href":"https:\/\/swsm.pl\/en\/wp-json\/wp\/v2\/pages\/11836"}],"wp:attachment":[{"href":"https:\/\/swsm.pl\/en\/wp-json\/wp\/v2\/media?parent=11837"}],"curies":[{"name":"wp","href":"https:\/\/api.w.org\/{rel}","templated":true}]}}