{"id":27239,"date":"2025-10-10T09:19:34","date_gmt":"2025-10-10T09:19:34","guid":{"rendered":"https:\/\/swsm.pl\/?page_id=27239"},"modified":"2025-10-10T09:55:04","modified_gmt":"2025-10-10T09:55:04","slug":"professional-devices","status":"publish","type":"page","link":"https:\/\/swsm.pl\/en\/professional-devices\/","title":{"rendered":"Professional devices"},"content":{"rendered":"<section class=\"textBlock textBlock--2 \">\n    <div class=\"tbc\">\n        <div class=\"container\">\n            <div class=\"row\">\n                                                                    <div class=\"col-12 col-lg-6 textBlock__colLeft\">\n                        <div class=\"tbc__colLeft__inner\">\n                            <h5 class=\"title title--5 color--navy-700 tbc__titleCol5\">Professional equipment<\/h5><div class=\"text text--2 color--navy-500 tbc__colDesc\"><p><span class=\"HwtZe\" lang=\"en\"><span class=\"jCAhz ChMk0b\"><span class=\"ryNqvb\">The Silesian Academy of Medical Sciences has professionally equipped cosmetology and dietetics and nutrition laboratories, allowing students to acquire modern knowledge and practical skills.<\/span><\/span> <\/span><\/p>\n<p>&nbsp;<\/p>\n<p><span class=\"HwtZe\" lang=\"en\"><span class=\"jCAhz ChMk0b\"><span class=\"ryNqvb\">The combined value and diversity of cosmetology equipment provided to students makes the University one of the best-equipped higher education institutions with this specialization in Poland.<\/span><\/span><\/span><\/p>\n<\/div>                        <\/div>\n                    <\/div>\n                    <div class=\"col-12 col-lg-6 textBlock__colRight\">\n                        <div class=\"tbc__colRight__inner\">\n                                            <div class=\"tbc__imageBox\">\n                    <img decoding=\"async\" src=\"https:\/\/swsm.pl\/wp-content\/uploads\/2025\/10\/Mezoterapia_beziglowa_Jonosonic_MG_200.jpg\" alt=\"\" \/>\n                <\/div>\n                \n                        <\/div>\n                    <\/div>\n                    <div class=\"col-12\">\n                                    <div class=\"tbc__btns\">\n                                        <a class=\"btn btn--accent\" href=\"https:\/\/swsm.pl\/en\/professional-devices\/cosmetology-labs\/\" target=\"_self\">\n                            Check out the device gallery                        <\/a>\n                                                        \n                            <\/div>\n                            <\/div>\n                                                                            <\/div>\n        <\/div>\n    <\/div>\n<\/section>\n\n\n<section class=\"textBlock textBlock--1 padding-less\">\n    <div class=\"tbc\">\n        <div class=\"container\">\n            <div class=\"row\">\n                                                    <div class=\"col-12\">\n                                            <\/div>\n                    <div class=\"col-12 col-lg-6 tbc__colLeft\">\n                        <div class=\"tbc__colLeft__inner\">\n                            <h5 class=\"title title--5 color--navy-700 tbc__titleCol5\"><img decoding=\"async\" class=\"tbc__h5icon\" src=\"https:\/\/swsm.pl\/wp-content\/uploads\/2023\/11\/icon-arrow-right-blue.svg\" alt=\"\" \/>Laboratories and clasrooms<\/h5><div class=\"text text--2 color--navy-500 tbc__colDesc\"><p>Our laboratories are also equipped with specialized devices that facilitate most modern cosmetic procedures, such as:<br \/>\nIPL devices<\/p>\n<ul>\n<li>bio stimulation laser<\/li>\n<li>ND Yag laser<\/li>\n<li>oxybrasion and oxygen infusion devices<\/li>\n<li>RF devices<\/li>\n<li>professional body composition analyzer<\/li>\n<li>PLASMA PIX device for contactless fractionation of skin with cold plasm<\/li>\n<li>diamond microdermabrasion equipment<\/li>\n<li>ultrasound generating devices<\/li>\n<li>mesotherapy devices<\/li>\n<li>pressotherapy devices<\/li>\n<li>deep tissue massage equipment<\/li>\n<li>facelift devices using micro currents<\/li>\n<li>devices for electro stimulation of the body muscles<\/li>\n<li>and many others<\/li>\n<\/ul>\n<p>&nbsp;<\/p>\n<p>The process of disinfection and sterilization in laboratories is carried out with the use of:<\/p>\n<ul>\n<li>ultrasonic cleaner<\/li>\n<li>autoclave<\/li>\n<\/ul>\n<\/div>                        <\/div>\n                    <\/div>\n                    <div class=\"col-12 col-lg-6 tbc__colRight\">\n                        <div class=\"tbc__colRight__inner\">\n                            <h5 class=\"title title--5 color--navy-700 tbc__titleCol5\"><img decoding=\"async\" class=\"tbc__h5icon\" src=\"https:\/\/swsm.pl\/wp-content\/uploads\/2023\/11\/icon-arrow-right-blue.svg\" alt=\"\" \/>Equipment:<\/h5><div class=\"text text--2 color--navy-500 tbc__colDesc\"><p>In cosmetology laboratories have professional equipment for skin diagnostics that includes:<\/p>\n<ul>\n<li>Device for skin diagnostics with probes: Corneometer, Mexameter, pH-meter, Tewamater<\/li>\n<li>Drami\u0144ski Derma MED ultrasound machine &#8211; device for ultrasound measurement of skin thickness and density<\/li>\n<li>VisioFace RD skin diagnostic camera<\/li>\n<li>Multi Skin Test Center MC 1000 multifunctional device<\/li>\n<li>dermatoscopes<\/li>\n<li>Wood\u2019s lamp<\/li>\n<li>foot scanner<\/li>\n<li>foot diagnostic platform<\/li>\n<\/ul>\n<p>&nbsp;<\/p>\n<p>Each stand is equipped with:<\/p>\n<ul>\n<li>beauty bed<\/li>\n<li>magnifying lamp<\/li>\n<li>cosmetology combined apparatus (d*Arsonwal, vacuum suction and spray, facial lymph drainage, brushing, iontophoresis, muscle electrostimulation)<\/li>\n<li>facial steamer, table and stool<\/li>\n<\/ul>\n<p>&nbsp;<\/p>\n<p>The equipment available for students is of such renown brands as: Sorisa, Ionto Comed, Clarena, Aycom.<\/p>\n<\/div>                        <\/div>\n                    <\/div>\n                    <div class=\"col-12\">\n                                            <\/div>\n                                                                                            <\/div>\n        <\/div>\n    <\/div>\n<\/section>\n","protected":false},"excerpt":{"rendered":"","protected":false},"author":9,"featured_media":0,"parent":0,"menu_order":4,"comment_status":"closed","ping_status":"closed","template":"","meta":{"_acf_changed":false,"footnotes":""},"class_list":["post-27239","page","type-page","status-publish","hentry"],"acf":{"alert_on":false,"alert_filter_tag_select":false,"alert_filter_by_tag":[],"modalComunicatHeader_blog":"","modalComunicatHeader_link":null},"yoast_head":"<!-- This site is optimized with the Yoast SEO plugin v27.4 - https:\/\/yoast.com\/product\/yoast-seo-wordpress\/ -->\n<title>Professional devices - SWSM<\/title>\n<meta name=\"robots\" content=\"index, follow, max-snippet:-1, max-image-preview:large, max-video-preview:-1\" \/>\n<link rel=\"canonical\" href=\"https:\/\/swsm.pl\/en\/professional-devices\/\" \/>\n<meta property=\"og:locale\" content=\"en_US\" \/>\n<meta property=\"og:type\" content=\"article\" \/>\n<meta property=\"og:title\" content=\"Professional devices - SWSM\" \/>\n<meta property=\"og:url\" content=\"https:\/\/swsm.pl\/en\/professional-devices\/\" \/>\n<meta property=\"og:site_name\" content=\"SWSM\" \/>\n<meta property=\"article:modified_time\" content=\"2025-10-10T09:55:04+00:00\" \/>\n<meta name=\"twitter:card\" content=\"summary_large_image\" \/>\n<script type=\"application\/ld+json\" class=\"yoast-schema-graph\">{\"@context\":\"https:\\\/\\\/schema.org\",\"@graph\":[{\"@type\":\"WebPage\",\"@id\":\"https:\\\/\\\/swsm.pl\\\/en\\\/professional-devices\\\/\",\"url\":\"https:\\\/\\\/swsm.pl\\\/en\\\/professional-devices\\\/\",\"name\":\"Professional devices - SWSM\",\"isPartOf\":{\"@id\":\"https:\\\/\\\/swsm.pl\\\/#website\"},\"datePublished\":\"2025-10-10T09:19:34+00:00\",\"dateModified\":\"2025-10-10T09:55:04+00:00\",\"breadcrumb\":{\"@id\":\"https:\\\/\\\/swsm.pl\\\/en\\\/professional-devices\\\/#breadcrumb\"},\"inLanguage\":\"en-US\",\"potentialAction\":[{\"@type\":\"ReadAction\",\"target\":[\"https:\\\/\\\/swsm.pl\\\/en\\\/professional-devices\\\/\"]}]},{\"@type\":\"BreadcrumbList\",\"@id\":\"https:\\\/\\\/swsm.pl\\\/en\\\/professional-devices\\\/#breadcrumb\",\"itemListElement\":[{\"@type\":\"ListItem\",\"position\":1,\"name\":\"Strona g\u0142\u00f3wna\",\"item\":\"https:\\\/\\\/swsm.pl\\\/en\\\/\"},{\"@type\":\"ListItem\",\"position\":2,\"name\":\"Professional devices\"}]},{\"@type\":\"WebSite\",\"@id\":\"https:\\\/\\\/swsm.pl\\\/#website\",\"url\":\"https:\\\/\\\/swsm.pl\\\/\",\"name\":\"SWSM\",\"description\":\"\u015al\u0105ska Wy\u017csza Szko\u0142a Medyczna w Katowicach\",\"potentialAction\":[{\"@type\":\"SearchAction\",\"target\":{\"@type\":\"EntryPoint\",\"urlTemplate\":\"https:\\\/\\\/swsm.pl\\\/?s={search_term_string}\"},\"query-input\":{\"@type\":\"PropertyValueSpecification\",\"valueRequired\":true,\"valueName\":\"search_term_string\"}}],\"inLanguage\":\"en-US\"}]}<\/script>\n<!-- \/ Yoast SEO plugin. -->","yoast_head_json":{"title":"Professional devices - SWSM","robots":{"index":"index","follow":"follow","max-snippet":"max-snippet:-1","max-image-preview":"max-image-preview:large","max-video-preview":"max-video-preview:-1"},"canonical":"https:\/\/swsm.pl\/en\/professional-devices\/","og_locale":"en_US","og_type":"article","og_title":"Professional devices - SWSM","og_url":"https:\/\/swsm.pl\/en\/professional-devices\/","og_site_name":"SWSM","article_modified_time":"2025-10-10T09:55:04+00:00","twitter_card":"summary_large_image","schema":{"@context":"https:\/\/schema.org","@graph":[{"@type":"WebPage","@id":"https:\/\/swsm.pl\/en\/professional-devices\/","url":"https:\/\/swsm.pl\/en\/professional-devices\/","name":"Professional devices - SWSM","isPartOf":{"@id":"https:\/\/swsm.pl\/#website"},"datePublished":"2025-10-10T09:19:34+00:00","dateModified":"2025-10-10T09:55:04+00:00","breadcrumb":{"@id":"https:\/\/swsm.pl\/en\/professional-devices\/#breadcrumb"},"inLanguage":"en-US","potentialAction":[{"@type":"ReadAction","target":["https:\/\/swsm.pl\/en\/professional-devices\/"]}]},{"@type":"BreadcrumbList","@id":"https:\/\/swsm.pl\/en\/professional-devices\/#breadcrumb","itemListElement":[{"@type":"ListItem","position":1,"name":"Strona g\u0142\u00f3wna","item":"https:\/\/swsm.pl\/en\/"},{"@type":"ListItem","position":2,"name":"Professional devices"}]},{"@type":"WebSite","@id":"https:\/\/swsm.pl\/#website","url":"https:\/\/swsm.pl\/","name":"SWSM","description":"\u015al\u0105ska Wy\u017csza Szko\u0142a Medyczna w Katowicach","potentialAction":[{"@type":"SearchAction","target":{"@type":"EntryPoint","urlTemplate":"https:\/\/swsm.pl\/?s={search_term_string}"},"query-input":{"@type":"PropertyValueSpecification","valueRequired":true,"valueName":"search_term_string"}}],"inLanguage":"en-US"}]}},"_links":{"self":[{"href":"https:\/\/swsm.pl\/en\/wp-json\/wp\/v2\/pages\/27239","targetHints":{"allow":["GET"]}}],"collection":[{"href":"https:\/\/swsm.pl\/en\/wp-json\/wp\/v2\/pages"}],"about":[{"href":"https:\/\/swsm.pl\/en\/wp-json\/wp\/v2\/types\/page"}],"author":[{"embeddable":true,"href":"https:\/\/swsm.pl\/en\/wp-json\/wp\/v2\/users\/9"}],"replies":[{"embeddable":true,"href":"https:\/\/swsm.pl\/en\/wp-json\/wp\/v2\/comments?post=27239"}],"version-history":[{"count":8,"href":"https:\/\/swsm.pl\/en\/wp-json\/wp\/v2\/pages\/27239\/revisions"}],"predecessor-version":[{"id":27273,"href":"https:\/\/swsm.pl\/en\/wp-json\/wp\/v2\/pages\/27239\/revisions\/27273"}],"wp:attachment":[{"href":"https:\/\/swsm.pl\/en\/wp-json\/wp\/v2\/media?parent=27239"}],"curies":[{"name":"wp","href":"https:\/\/api.w.org\/{rel}","templated":true}]}}