{"id":27241,"date":"2025-10-10T09:22:52","date_gmt":"2025-10-10T09:22:52","guid":{"rendered":"https:\/\/swsm.pl\/?page_id=27241"},"modified":"2025-10-10T09:52:37","modified_gmt":"2025-10-10T09:52:37","slug":"dietary-and-health-diagnostics","status":"publish","type":"page","link":"https:\/\/swsm.pl\/en\/professional-devices\/dietary-and-health-diagnostics\/","title":{"rendered":"Dietary and health diagnostics"},"content":{"rendered":"<section class=\"textSimplePhrase  \">\n    <div class=\"container\">\n        <div class=\"row\">\n            <div class=\"col-12\">\n                <div class=\"textSimplePhrase__inner\">\n                                    <\/div>\n            <\/div>\n        <\/div>\n    <\/div>\n<\/section>\n\n<section class=\"textSimpleHeader textSimpleHeader--5   \">\n    <div class=\"container\">\n        <div class=\"row\">\n            <div class=\"col-12\">\n                <div class=\"textSimpleHeader__inner\">\n                    <h5 class=\"title title--5 color--navy-700\">Gallery of selected equipment<\/h5>                <\/div>\n            <\/div>\n        <\/div>\n    <\/div>\n<\/section>\n\n<section class=\"photo-block\">\n    <div class=\"container\">\n        <div class=\"row\">\n\n            \n                                                                                                <div class=\"col-12 col-md-6\">\n                                    <div class=\"photo-block__picture\">\n\n                                                                                    <img decoding=\"async\" src=\"https:\/\/swsm.pl\/wp-content\/uploads\/2025\/10\/aparat_do_pomiaru_energiikopia.jpg\" alt=\"\" \/>\n                                                                                                                                                                            <p class=\"text--3\">Aparat do spoczynkowego i wysi\u0142kowego pomiaru energii Fitmate PRO<\/p>\n                                                                                    \n                                    <\/div>\n                                <\/div>\n                        \t                                <div class=\"col-12 col-md-6\">\n                                    <div class=\"photo-block__picture\">\n\n                                                                                    <img decoding=\"async\" src=\"https:\/\/swsm.pl\/wp-content\/uploads\/2025\/10\/01-Seca_515.jpg\" alt=\"\" \/>\n                                                                                                                                                                            <p class=\"text--3\">Analizator sk\u0142adu cia\u0142a SECA mBCA 515<\/p>\n                                                                                    \n                                    <\/div>\n                                <\/div>\n                        \t                                    <\/section>\n\n<section class=\"photo-block\">\n    <div class=\"container\">\n        <div class=\"row\">\n\n            \n                                                                                                <div class=\"col-12 col-md-6\">\n                                    <div class=\"photo-block__picture\">\n\n                                                                                    <img decoding=\"async\" src=\"https:\/\/swsm.pl\/wp-content\/uploads\/2025\/10\/analiator-skladu-ciala-2.jpg\" alt=\"\" \/>\n                                                                                                                                                                            <p class=\"text--3\">Analizator sk\u0142adu cia\u0142a<\/p>\n                                                                                    \n                                    <\/div>\n                                <\/div>\n                        \t                                <div class=\"col-12 col-md-6\">\n                                    <div class=\"photo-block__picture\">\n\n                                                                                    <img decoding=\"async\" src=\"https:\/\/swsm.pl\/wp-content\/uploads\/2025\/10\/Adipometr_Bodyetrix_2000.jpg\" alt=\"\" \/>\n                                                                                                                                                                            <p class=\"text--3\">Adipometr Body Metrix2000<\/p>\n                                                                                    \n                                    <\/div>\n                                <\/div>\n                        \t                                    <\/section>\n\n<section class=\"photo-block\">\n    <div class=\"container\">\n        <div class=\"row\">\n\n            \n                                                                                                <div class=\"col-12 col-md-6\">\n                                    <div class=\"photo-block__picture\">\n\n                                                                                    <img decoding=\"async\" src=\"https:\/\/swsm.pl\/wp-content\/uploads\/2025\/10\/Faldomierz-FAT-1.jpg\" alt=\"\" \/>\n                                                                                                                                                                            <p class=\"text--3\">Fa\u0142domierz<\/p>\n                                                                                    \n                                    <\/div>\n                                <\/div>\n                        \t                                <div class=\"col-12 col-md-6\">\n                                    <div class=\"photo-block__picture\">\n\n                                                                                    <img decoding=\"async\" src=\"https:\/\/swsm.pl\/wp-content\/uploads\/2025\/10\/ultradzwiekowy_wzrostomierz.jpg\" alt=\"\" \/>\n                                                                                                                                                                            <p class=\"text--3\">Ultrad\u017awi\u0119kowy wzrostomierz<\/p>\n                                                                                    \n                                    <\/div>\n                                <\/div>\n                        \t                                    <\/section>\n\n<section class=\"photo-block\">\n    <div class=\"container\">\n        <div class=\"row\">\n\n            \n                                                                                                <div class=\"col-12 col-md-6\">\n                                    <div class=\"photo-block__picture\">\n\n                                                                                    <img decoding=\"async\" src=\"https:\/\/swsm.pl\/wp-content\/uploads\/2025\/10\/Obwodomierz.jpg\" alt=\"\" \/>\n                                                                                                                                                                            <p class=\"text--3\">Obwodomierze<\/p>\n                                                                                    \n                                    <\/div>\n                                <\/div>\n                        \t                                    <\/section>","protected":false},"excerpt":{"rendered":"","protected":false},"author":9,"featured_media":0,"parent":27239,"menu_order":0,"comment_status":"closed","ping_status":"closed","template":"","meta":{"_acf_changed":false,"footnotes":""},"class_list":["post-27241","page","type-page","status-publish","hentry"],"acf":{"alert_on":false,"alert_filter_tag_select":false,"alert_filter_by_tag":[],"modalComunicatHeader_blog":"","modalComunicatHeader_link":null},"yoast_head":"<!-- This site is optimized with the Yoast SEO plugin v27.4 - https:\/\/yoast.com\/product\/yoast-seo-wordpress\/ -->\n<title>Dietary and health diagnostics - SWSM<\/title>\n<meta name=\"robots\" content=\"index, follow, max-snippet:-1, max-image-preview:large, max-video-preview:-1\" \/>\n<link rel=\"canonical\" href=\"https:\/\/swsm.pl\/en\/professional-devices\/dietary-and-health-diagnostics\/\" \/>\n<meta property=\"og:locale\" content=\"en_US\" \/>\n<meta property=\"og:type\" content=\"article\" \/>\n<meta property=\"og:title\" content=\"Dietary and health diagnostics - SWSM\" \/>\n<meta property=\"og:url\" content=\"https:\/\/swsm.pl\/en\/professional-devices\/dietary-and-health-diagnostics\/\" \/>\n<meta property=\"og:site_name\" content=\"SWSM\" \/>\n<meta property=\"article:modified_time\" content=\"2025-10-10T09:52:37+00:00\" \/>\n<meta name=\"twitter:card\" content=\"summary_large_image\" \/>\n<script type=\"application\/ld+json\" class=\"yoast-schema-graph\">{\"@context\":\"https:\\\/\\\/schema.org\",\"@graph\":[{\"@type\":\"WebPage\",\"@id\":\"https:\\\/\\\/swsm.pl\\\/en\\\/professional-devices\\\/dietary-and-health-diagnostics\\\/\",\"url\":\"https:\\\/\\\/swsm.pl\\\/en\\\/professional-devices\\\/dietary-and-health-diagnostics\\\/\",\"name\":\"Dietary and health diagnostics - SWSM\",\"isPartOf\":{\"@id\":\"https:\\\/\\\/swsm.pl\\\/#website\"},\"datePublished\":\"2025-10-10T09:22:52+00:00\",\"dateModified\":\"2025-10-10T09:52:37+00:00\",\"breadcrumb\":{\"@id\":\"https:\\\/\\\/swsm.pl\\\/en\\\/professional-devices\\\/dietary-and-health-diagnostics\\\/#breadcrumb\"},\"inLanguage\":\"en-US\",\"potentialAction\":[{\"@type\":\"ReadAction\",\"target\":[\"https:\\\/\\\/swsm.pl\\\/en\\\/professional-devices\\\/dietary-and-health-diagnostics\\\/\"]}]},{\"@type\":\"BreadcrumbList\",\"@id\":\"https:\\\/\\\/swsm.pl\\\/en\\\/professional-devices\\\/dietary-and-health-diagnostics\\\/#breadcrumb\",\"itemListElement\":[{\"@type\":\"ListItem\",\"position\":1,\"name\":\"Strona g\u0142\u00f3wna\",\"item\":\"https:\\\/\\\/swsm.pl\\\/en\\\/\"},{\"@type\":\"ListItem\",\"position\":2,\"name\":\"Professional devices\",\"item\":\"https:\\\/\\\/swsm.pl\\\/en\\\/professional-devices\\\/\"},{\"@type\":\"ListItem\",\"position\":3,\"name\":\"Dietary and health diagnostics\"}]},{\"@type\":\"WebSite\",\"@id\":\"https:\\\/\\\/swsm.pl\\\/#website\",\"url\":\"https:\\\/\\\/swsm.pl\\\/\",\"name\":\"SWSM\",\"description\":\"\u015al\u0105ska Wy\u017csza Szko\u0142a Medyczna w Katowicach\",\"potentialAction\":[{\"@type\":\"SearchAction\",\"target\":{\"@type\":\"EntryPoint\",\"urlTemplate\":\"https:\\\/\\\/swsm.pl\\\/?s={search_term_string}\"},\"query-input\":{\"@type\":\"PropertyValueSpecification\",\"valueRequired\":true,\"valueName\":\"search_term_string\"}}],\"inLanguage\":\"en-US\"}]}<\/script>\n<!-- \/ Yoast SEO plugin. -->","yoast_head_json":{"title":"Dietary and health diagnostics - SWSM","robots":{"index":"index","follow":"follow","max-snippet":"max-snippet:-1","max-image-preview":"max-image-preview:large","max-video-preview":"max-video-preview:-1"},"canonical":"https:\/\/swsm.pl\/en\/professional-devices\/dietary-and-health-diagnostics\/","og_locale":"en_US","og_type":"article","og_title":"Dietary and health diagnostics - SWSM","og_url":"https:\/\/swsm.pl\/en\/professional-devices\/dietary-and-health-diagnostics\/","og_site_name":"SWSM","article_modified_time":"2025-10-10T09:52:37+00:00","twitter_card":"summary_large_image","schema":{"@context":"https:\/\/schema.org","@graph":[{"@type":"WebPage","@id":"https:\/\/swsm.pl\/en\/professional-devices\/dietary-and-health-diagnostics\/","url":"https:\/\/swsm.pl\/en\/professional-devices\/dietary-and-health-diagnostics\/","name":"Dietary and health diagnostics - SWSM","isPartOf":{"@id":"https:\/\/swsm.pl\/#website"},"datePublished":"2025-10-10T09:22:52+00:00","dateModified":"2025-10-10T09:52:37+00:00","breadcrumb":{"@id":"https:\/\/swsm.pl\/en\/professional-devices\/dietary-and-health-diagnostics\/#breadcrumb"},"inLanguage":"en-US","potentialAction":[{"@type":"ReadAction","target":["https:\/\/swsm.pl\/en\/professional-devices\/dietary-and-health-diagnostics\/"]}]},{"@type":"BreadcrumbList","@id":"https:\/\/swsm.pl\/en\/professional-devices\/dietary-and-health-diagnostics\/#breadcrumb","itemListElement":[{"@type":"ListItem","position":1,"name":"Strona g\u0142\u00f3wna","item":"https:\/\/swsm.pl\/en\/"},{"@type":"ListItem","position":2,"name":"Professional devices","item":"https:\/\/swsm.pl\/en\/professional-devices\/"},{"@type":"ListItem","position":3,"name":"Dietary and health diagnostics"}]},{"@type":"WebSite","@id":"https:\/\/swsm.pl\/#website","url":"https:\/\/swsm.pl\/","name":"SWSM","description":"\u015al\u0105ska Wy\u017csza Szko\u0142a Medyczna w Katowicach","potentialAction":[{"@type":"SearchAction","target":{"@type":"EntryPoint","urlTemplate":"https:\/\/swsm.pl\/?s={search_term_string}"},"query-input":{"@type":"PropertyValueSpecification","valueRequired":true,"valueName":"search_term_string"}}],"inLanguage":"en-US"}]}},"_links":{"self":[{"href":"https:\/\/swsm.pl\/en\/wp-json\/wp\/v2\/pages\/27241","targetHints":{"allow":["GET"]}}],"collection":[{"href":"https:\/\/swsm.pl\/en\/wp-json\/wp\/v2\/pages"}],"about":[{"href":"https:\/\/swsm.pl\/en\/wp-json\/wp\/v2\/types\/page"}],"author":[{"embeddable":true,"href":"https:\/\/swsm.pl\/en\/wp-json\/wp\/v2\/users\/9"}],"replies":[{"embeddable":true,"href":"https:\/\/swsm.pl\/en\/wp-json\/wp\/v2\/comments?post=27241"}],"version-history":[{"count":3,"href":"https:\/\/swsm.pl\/en\/wp-json\/wp\/v2\/pages\/27241\/revisions"}],"predecessor-version":[{"id":27270,"href":"https:\/\/swsm.pl\/en\/wp-json\/wp\/v2\/pages\/27241\/revisions\/27270"}],"up":[{"embeddable":true,"href":"https:\/\/swsm.pl\/en\/wp-json\/wp\/v2\/pages\/27239"}],"wp:attachment":[{"href":"https:\/\/swsm.pl\/en\/wp-json\/wp\/v2\/media?parent=27241"}],"curies":[{"name":"wp","href":"https:\/\/api.w.org\/{rel}","templated":true}]}}