{"id":27245,"date":"2025-10-10T09:23:46","date_gmt":"2025-10-10T09:23:46","guid":{"rendered":"https:\/\/swsm.pl\/professional-equipment\/dietary-and-health-diagnostics-2-2-2\/"},"modified":"2025-10-10T09:53:26","modified_gmt":"2025-10-10T09:53:26","slug":"food-lab","status":"publish","type":"page","link":"https:\/\/swsm.pl\/en\/professional-devices\/food-lab\/","title":{"rendered":"Food lab"},"content":{"rendered":"<section class=\"textSimplePhrase  \">\n    <div class=\"container\">\n        <div class=\"row\">\n            <div class=\"col-12\">\n                <div class=\"textSimplePhrase__inner\">\n                                    <\/div>\n            <\/div>\n        <\/div>\n    <\/div>\n<\/section>\n\n<section class=\"textSimpleHeader textSimpleHeader--5   \">\n    <div class=\"container\">\n        <div class=\"row\">\n            <div class=\"col-12\">\n                <div class=\"textSimpleHeader__inner\">\n                    <h5 class=\"title title--5 color--navy-700\">Gallery of selected equipment<\/h5>                <\/div>\n            <\/div>\n        <\/div>\n    <\/div>\n<\/section>\n\n<section class=\"photo-block\">\n    <div class=\"container\">\n        <div class=\"row\">\n\n            \n                                                                                                <div class=\"col-12 col-md-6\">\n                                    <div class=\"photo-block__picture\">\n\n                                                                                    <img decoding=\"async\" src=\"https:\/\/swsm.pl\/wp-content\/uploads\/2025\/10\/Mlynek-Nuova-Simonelli-MDH.jpg\" alt=\"\" \/>\n                                                                                                                                                                            <p class=\"text--3\">M\u0142ynek Nuova Simonelli MDH<\/p>\n                                                                                    \n                                    <\/div>\n                                <\/div>\n                        \t                                <div class=\"col-12 col-md-6\">\n                                    <div class=\"photo-block__picture\">\n\n                                                                                    <img decoding=\"async\" src=\"https:\/\/swsm.pl\/wp-content\/uploads\/2025\/10\/Ekspres-do-kawy-NUOVA-SIMONELLI.jpg\" alt=\"\" \/>\n                                                                                                                                                                            <p class=\"text--3\">Ekspres do kawy NUOVA SIMONELLI<\/p>\n                                                                                    \n                                    <\/div>\n                                <\/div>\n                        \t                                    <\/section>\n\n<section class=\"photo-block\">\n    <div class=\"container\">\n        <div class=\"row\">\n\n            \n                                                                                                <div class=\"col-12 col-md-6\">\n                                    <div class=\"photo-block__picture\">\n\n                                                                                    <img decoding=\"async\" src=\"https:\/\/swsm.pl\/wp-content\/uploads\/2025\/10\/Aromatyzer-Aladin2.jpg\" alt=\"\" \/>\n                                                                                                                                                                            <p class=\"text--3\">Aromatyzer Aladin<\/p>\n                                                                                    \n                                    <\/div>\n                                <\/div>\n                        \t                                <div class=\"col-12 col-md-6\">\n                                    <div class=\"photo-block__picture\">\n\n                                                                                    <img decoding=\"async\" src=\"https:\/\/swsm.pl\/wp-content\/uploads\/2025\/10\/Blender-barowy-Hamilton-Beach.jpg\" alt=\"\" \/>\n                                                                                                                                                                            <p class=\"text--3\">Blender barowy Hamilton Beach<\/p>\n                                                                                    \n                                    <\/div>\n                                <\/div>\n                        \t                                    <\/section>\n\n<section class=\"photo-block\">\n    <div class=\"container\">\n        <div class=\"row\">\n\n            \n                                                                                                <div class=\"col-12 col-md-6\">\n                                    <div class=\"photo-block__picture\">\n\n                                                                                    <img decoding=\"async\" src=\"https:\/\/swsm.pl\/wp-content\/uploads\/2025\/10\/Pakowarka-prozniowa-Listwowa-Royal-Caterin.jpg\" alt=\"\" \/>\n                                                                                                                                                                            <p class=\"text--3\">Pakowarka pr\u00f3\u017cniowa Listwowa Royal Caterin<\/p>\n                                                                                    \n                                    <\/div>\n                                <\/div>\n                        \t                                <div class=\"col-12 col-md-6\">\n                                    <div class=\"photo-block__picture\">\n\n                                                                                    <img decoding=\"async\" src=\"https:\/\/swsm.pl\/wp-content\/uploads\/2025\/10\/Urzadzenie-do-wolnego-gotowania-sous-vide-system.jpg\" alt=\"\" \/>\n                                                                                                                                                                            <p class=\"text--3\">Urz\u0105dzenie do wolnego gotowania sous &#8211; vide system<\/p>\n                                                                                    \n                                    <\/div>\n                                <\/div>\n                        \t                                    <\/section>\n\n<section class=\"photo-block\">\n    <div class=\"container\">\n        <div class=\"row\">\n\n            \n                                                                                                <div class=\"col-12 col-md-6\">\n                                    <div class=\"photo-block__picture\">\n\n                                                                                    <img decoding=\"async\" src=\"https:\/\/swsm.pl\/wp-content\/uploads\/2025\/10\/Maszynka-do-kawioru-Caviar-BOX.jpg\" alt=\"\" \/>\n                                                                                                                                                                            <p class=\"text--3\">Maszynka do kawioru Caviar BOX<\/p>\n                                                                                    \n                                    <\/div>\n                                <\/div>\n                        \t                                    <\/section>","protected":false},"excerpt":{"rendered":"","protected":false},"author":9,"featured_media":0,"parent":27239,"menu_order":0,"comment_status":"closed","ping_status":"closed","template":"","meta":{"_acf_changed":false,"footnotes":""},"class_list":["post-27245","page","type-page","status-publish","hentry"],"acf":{"alert_on":false,"alert_filter_tag_select":false,"alert_filter_by_tag":[],"modalComunicatHeader_blog":"","modalComunicatHeader_link":null},"yoast_head":"<!-- This site is optimized with the Yoast SEO plugin v27.4 - https:\/\/yoast.com\/product\/yoast-seo-wordpress\/ -->\n<title>Food lab - SWSM<\/title>\n<meta name=\"robots\" content=\"index, follow, max-snippet:-1, max-image-preview:large, max-video-preview:-1\" \/>\n<link rel=\"canonical\" href=\"https:\/\/swsm.pl\/en\/professional-devices\/food-lab\/\" \/>\n<meta property=\"og:locale\" content=\"en_US\" \/>\n<meta property=\"og:type\" content=\"article\" \/>\n<meta property=\"og:title\" content=\"Food lab - SWSM\" \/>\n<meta property=\"og:url\" content=\"https:\/\/swsm.pl\/en\/professional-devices\/food-lab\/\" \/>\n<meta property=\"og:site_name\" content=\"SWSM\" \/>\n<meta property=\"article:modified_time\" content=\"2025-10-10T09:53:26+00:00\" \/>\n<meta name=\"twitter:card\" content=\"summary_large_image\" \/>\n<script type=\"application\/ld+json\" class=\"yoast-schema-graph\">{\"@context\":\"https:\\\/\\\/schema.org\",\"@graph\":[{\"@type\":\"WebPage\",\"@id\":\"https:\\\/\\\/swsm.pl\\\/en\\\/professional-devices\\\/food-lab\\\/\",\"url\":\"https:\\\/\\\/swsm.pl\\\/en\\\/professional-devices\\\/food-lab\\\/\",\"name\":\"Food lab - SWSM\",\"isPartOf\":{\"@id\":\"https:\\\/\\\/swsm.pl\\\/#website\"},\"datePublished\":\"2025-10-10T09:23:46+00:00\",\"dateModified\":\"2025-10-10T09:53:26+00:00\",\"breadcrumb\":{\"@id\":\"https:\\\/\\\/swsm.pl\\\/en\\\/professional-devices\\\/food-lab\\\/#breadcrumb\"},\"inLanguage\":\"en-US\",\"potentialAction\":[{\"@type\":\"ReadAction\",\"target\":[\"https:\\\/\\\/swsm.pl\\\/en\\\/professional-devices\\\/food-lab\\\/\"]}]},{\"@type\":\"BreadcrumbList\",\"@id\":\"https:\\\/\\\/swsm.pl\\\/en\\\/professional-devices\\\/food-lab\\\/#breadcrumb\",\"itemListElement\":[{\"@type\":\"ListItem\",\"position\":1,\"name\":\"Strona g\u0142\u00f3wna\",\"item\":\"https:\\\/\\\/swsm.pl\\\/en\\\/\"},{\"@type\":\"ListItem\",\"position\":2,\"name\":\"Professional devices\",\"item\":\"https:\\\/\\\/swsm.pl\\\/en\\\/professional-devices\\\/\"},{\"@type\":\"ListItem\",\"position\":3,\"name\":\"Food lab\"}]},{\"@type\":\"WebSite\",\"@id\":\"https:\\\/\\\/swsm.pl\\\/#website\",\"url\":\"https:\\\/\\\/swsm.pl\\\/\",\"name\":\"SWSM\",\"description\":\"\u015al\u0105ska Wy\u017csza Szko\u0142a Medyczna w Katowicach\",\"potentialAction\":[{\"@type\":\"SearchAction\",\"target\":{\"@type\":\"EntryPoint\",\"urlTemplate\":\"https:\\\/\\\/swsm.pl\\\/?s={search_term_string}\"},\"query-input\":{\"@type\":\"PropertyValueSpecification\",\"valueRequired\":true,\"valueName\":\"search_term_string\"}}],\"inLanguage\":\"en-US\"}]}<\/script>\n<!-- \/ Yoast SEO plugin. -->","yoast_head_json":{"title":"Food lab - SWSM","robots":{"index":"index","follow":"follow","max-snippet":"max-snippet:-1","max-image-preview":"max-image-preview:large","max-video-preview":"max-video-preview:-1"},"canonical":"https:\/\/swsm.pl\/en\/professional-devices\/food-lab\/","og_locale":"en_US","og_type":"article","og_title":"Food lab - SWSM","og_url":"https:\/\/swsm.pl\/en\/professional-devices\/food-lab\/","og_site_name":"SWSM","article_modified_time":"2025-10-10T09:53:26+00:00","twitter_card":"summary_large_image","schema":{"@context":"https:\/\/schema.org","@graph":[{"@type":"WebPage","@id":"https:\/\/swsm.pl\/en\/professional-devices\/food-lab\/","url":"https:\/\/swsm.pl\/en\/professional-devices\/food-lab\/","name":"Food lab - SWSM","isPartOf":{"@id":"https:\/\/swsm.pl\/#website"},"datePublished":"2025-10-10T09:23:46+00:00","dateModified":"2025-10-10T09:53:26+00:00","breadcrumb":{"@id":"https:\/\/swsm.pl\/en\/professional-devices\/food-lab\/#breadcrumb"},"inLanguage":"en-US","potentialAction":[{"@type":"ReadAction","target":["https:\/\/swsm.pl\/en\/professional-devices\/food-lab\/"]}]},{"@type":"BreadcrumbList","@id":"https:\/\/swsm.pl\/en\/professional-devices\/food-lab\/#breadcrumb","itemListElement":[{"@type":"ListItem","position":1,"name":"Strona g\u0142\u00f3wna","item":"https:\/\/swsm.pl\/en\/"},{"@type":"ListItem","position":2,"name":"Professional devices","item":"https:\/\/swsm.pl\/en\/professional-devices\/"},{"@type":"ListItem","position":3,"name":"Food lab"}]},{"@type":"WebSite","@id":"https:\/\/swsm.pl\/#website","url":"https:\/\/swsm.pl\/","name":"SWSM","description":"\u015al\u0105ska Wy\u017csza Szko\u0142a Medyczna w Katowicach","potentialAction":[{"@type":"SearchAction","target":{"@type":"EntryPoint","urlTemplate":"https:\/\/swsm.pl\/?s={search_term_string}"},"query-input":{"@type":"PropertyValueSpecification","valueRequired":true,"valueName":"search_term_string"}}],"inLanguage":"en-US"}]}},"_links":{"self":[{"href":"https:\/\/swsm.pl\/en\/wp-json\/wp\/v2\/pages\/27245","targetHints":{"allow":["GET"]}}],"collection":[{"href":"https:\/\/swsm.pl\/en\/wp-json\/wp\/v2\/pages"}],"about":[{"href":"https:\/\/swsm.pl\/en\/wp-json\/wp\/v2\/types\/page"}],"author":[{"embeddable":true,"href":"https:\/\/swsm.pl\/en\/wp-json\/wp\/v2\/users\/9"}],"replies":[{"embeddable":true,"href":"https:\/\/swsm.pl\/en\/wp-json\/wp\/v2\/comments?post=27245"}],"version-history":[{"count":4,"href":"https:\/\/swsm.pl\/en\/wp-json\/wp\/v2\/pages\/27245\/revisions"}],"predecessor-version":[{"id":27271,"href":"https:\/\/swsm.pl\/en\/wp-json\/wp\/v2\/pages\/27245\/revisions\/27271"}],"up":[{"embeddable":true,"href":"https:\/\/swsm.pl\/en\/wp-json\/wp\/v2\/pages\/27239"}],"wp:attachment":[{"href":"https:\/\/swsm.pl\/en\/wp-json\/wp\/v2\/media?parent=27245"}],"curies":[{"name":"wp","href":"https:\/\/api.w.org\/{rel}","templated":true}]}}