{"id":7978,"date":"2023-11-29T17:09:35","date_gmt":"2023-11-29T17:09:35","guid":{"rendered":"https:\/\/swsm.pl\/quality-policy\/"},"modified":"2025-02-24T09:43:35","modified_gmt":"2025-02-24T09:43:35","slug":"quality-policy","status":"publish","type":"page","link":"https:\/\/swsm.pl\/en\/academy\/about-the-academy\/quality-policy\/","title":{"rendered":"Quality Policy"},"content":{"rendered":"<section class=\"textBlock textBlock--0 padding-less\">\n    <div class=\"tbc\">\n        <div class=\"container\">\n            <div class=\"row\">\n                                    <div class=\"col-12\">\n                                                                                                    <div class=\"text text--2 color--navy-500 tbc__desc\"><p>&nbsp;<\/p>\n<p><strong>Silesian College of Medicine in Katowice<\/strong> consistently strives to improve the quality of education, so that it can foster competent and creative graduates that meet the expectations of the ever changing labor market.<\/p>\n<p>&nbsp;<\/p>\n<p>The main aim of the <strong>Quality Policy<\/strong> is to meet not only the current requirements and expectations of the students and employers, but also to predict their future needs and aspirations. As part of systematic progress, the University constantly adapts its offer and education programs to changes that are taking place on the market in order to implement the best educational standards.<\/p>\n<p>&nbsp;<\/p>\n<p>The Quality Policy is based on the adopted Internal Education Quality Assurance System, which aims at continuous improvement of the quality of education at the College and at fulfilling statutory tasks at the highest possible level.<\/p>\n<p>&nbsp;<\/p>\n<p>It is a continuous process involving the implementation of new procedures and organizational solutions as well as the improvement of the existing ones. The sources of inspiration for development and improvement of the Internal Education Quality Assurance System are the opinions of the College&#8217;s stakeholders, feedback from the monitoring processes, as well as implementation of the developed good practices and models from institutions of higher education.<\/p>\n<\/div>                                                                    <\/div>\n                                                                                                            <\/div>\n        <\/div>\n    <\/div>\n<\/section>\n\n\n\n<section class=\"textWithIcons textWithIcons--2 padding-less\">\n    <div class=\"tbc\">   \n        <div class=\"container\">\n            <div class=\"row\">\n                                                                    <div class=\"col-12\">\n                        <h5 class=\"title title--5 color--navy-700 tbc__subTitle\">The main goals of the Internal Education Quality Assurance System at the Silesian College of Medicine in Katowice are:<\/h5><div class=\"tbc__fullList tbc__fullList--small\">                    <div class=\"tbc__fullList__box\">\n                        <div class=\"tbc__fullList__box__ico\">\n                                                            <img decoding=\"async\" src=\"https:\/\/swsm.pl\/wp-content\/uploads\/2023\/12\/icon-info-blue.svg\" alt=\"\" \/>\n                                                    <\/div>\n                        <div class=\"tbc__fullList__box__content\">\n                                                            <div class=\"text text--2 text--bold color--navy-500\"><p>ensuring a high level of education,<\/p>\n<\/div>\n                                                                                                            <\/div>\n                    <\/div>\n                                    <div class=\"tbc__fullList__box\">\n                        <div class=\"tbc__fullList__box__ico\">\n                                                            <img decoding=\"async\" src=\"https:\/\/swsm.pl\/wp-content\/uploads\/2023\/12\/icon-info-blue.svg\" alt=\"\" \/>\n                                                    <\/div>\n                        <div class=\"tbc__fullList__box__content\">\n                                                            <div class=\"text text--2 text--bold color--navy-500\"><p>continuous improvement of the quality of education through systematic monitoring, analysis, improvement and modification of the didactic processes and education programs,<\/p>\n<\/div>\n                                                                                                            <\/div>\n                    <\/div>\n                                    <div class=\"tbc__fullList__box\">\n                        <div class=\"tbc__fullList__box__ico\">\n                                                            <img decoding=\"async\" src=\"https:\/\/swsm.pl\/wp-content\/uploads\/2023\/12\/icon-info-blue.svg\" alt=\"\" \/>\n                                                    <\/div>\n                        <div class=\"tbc__fullList__box__content\">\n                                                            <div class=\"text text--2 text--bold color--navy-500\"><p>ensuring the highest quality of services provided for students and professors,<\/p>\n<\/div>\n                                                                                                            <\/div>\n                    <\/div>\n                                    <div class=\"tbc__fullList__box\">\n                        <div class=\"tbc__fullList__box__ico\">\n                                                            <img decoding=\"async\" src=\"https:\/\/swsm.pl\/wp-content\/uploads\/2023\/12\/icon-info-blue.svg\" alt=\"\" \/>\n                                                    <\/div>\n                        <div class=\"tbc__fullList__box__content\">\n                                                            <div class=\"text text--2 text--bold color--navy-500\"><p>optimization of education-related and supporting processes at the College,<\/p>\n<\/div>\n                                                                                                            <\/div>\n                    <\/div>\n                                    <div class=\"tbc__fullList__box\">\n                        <div class=\"tbc__fullList__box__ico\">\n                                                            <img decoding=\"async\" src=\"https:\/\/swsm.pl\/wp-content\/uploads\/2023\/12\/icon-info-blue.svg\" alt=\"\" \/>\n                                                    <\/div>\n                        <div class=\"tbc__fullList__box__content\">\n                                                            <div class=\"text text--2 text--bold color--navy-500\"><p>selection of highly qualified scientific and didactic staff, committed and open to new challenges,<\/p>\n<\/div>\n                                                                                                            <\/div>\n                    <\/div>\n                                    <div class=\"tbc__fullList__box\">\n                        <div class=\"tbc__fullList__box__ico\">\n                                                            <img decoding=\"async\" src=\"https:\/\/swsm.pl\/wp-content\/uploads\/2023\/12\/icon-info-blue.svg\" alt=\"\" \/>\n                                                    <\/div>\n                        <div class=\"tbc__fullList__box__content\">\n                                                            <div class=\"text text--2 text--bold color--navy-500\"><p>improvement of learning conditions, supporting a friendly atmosphere during classes,<\/p>\n<\/div>\n                                                                                                            <\/div>\n                    <\/div>\n                                    <div class=\"tbc__fullList__box\">\n                        <div class=\"tbc__fullList__box__ico\">\n                                                            <img decoding=\"async\" src=\"https:\/\/swsm.pl\/wp-content\/uploads\/2023\/12\/icon-info-blue.svg\" alt=\"\" \/>\n                                                    <\/div>\n                        <div class=\"tbc__fullList__box__content\">\n                                                            <div class=\"text text--2 text--bold color--navy-500\"><p>enabling our students to pursue various forms of cognitive and social activities,<\/p>\n<\/div>\n                                                                                                            <\/div>\n                    <\/div>\n                                    <div class=\"tbc__fullList__box\">\n                        <div class=\"tbc__fullList__box__ico\">\n                                                            <img decoding=\"async\" src=\"https:\/\/swsm.pl\/wp-content\/uploads\/2023\/12\/icon-info-blue.svg\" alt=\"\" \/>\n                                                    <\/div>\n                        <div class=\"tbc__fullList__box__content\">\n                                                            <div class=\"text text--2 text--bold color--navy-500\"><p>maintaining high quality of readily-available infrastructure,<\/p>\n<\/div>\n                                                                                                            <\/div>\n                    <\/div>\n                                    <div class=\"tbc__fullList__box\">\n                        <div class=\"tbc__fullList__box__ico\">\n                                                            <img decoding=\"async\" src=\"https:\/\/swsm.pl\/wp-content\/uploads\/2023\/12\/icon-info-blue.svg\" alt=\"\" \/>\n                                                    <\/div>\n                        <div class=\"tbc__fullList__box__content\">\n                                                            <div class=\"text text--2 text--bold color--navy-500\"><p>efficient management and compliance with laws and internal regulations as part of the education quality assurance system.<\/p>\n<\/div>\n                                                                                                            <\/div>\n                    <\/div>\n                <\/div>                    <\/div>\n                                                                                                                                                                                \n            <\/div>\n        <\/div>\n    <\/div>\n\n<\/section>\n\n<section class=\"textBlock textBlock--0 padding-less\">\n    <div class=\"tbc\">\n        <div class=\"container\">\n            <div class=\"row\">\n                                    <div class=\"col-12\">\n                                                                                                    <div class=\"text text--2 color--navy-500 tbc__desc\"><p>The College, acting on the basis of the adopted Quality Policy, supports its students in achieving the educational goals set for respective fields of study in terms of knowledge, skills and social competences.<\/p>\n<p>&nbsp;<\/p>\n<p>The Quality Policy of the Silesian College of Medicine in Katowice is consistent with the vision and mission of the Academy.<\/p>\n<\/div>                                                                    <\/div>\n                                                                                                            <\/div>\n        <\/div>\n    <\/div>\n<\/section>\n","protected":false},"excerpt":{"rendered":"","protected":false},"author":9,"featured_media":0,"parent":8124,"menu_order":4,"comment_status":"closed","ping_status":"closed","template":"template-pages\/page-threeFourth.php","meta":{"_acf_changed":false,"footnotes":""},"class_list":["post-7978","page","type-page","status-publish","hentry"],"acf":{"alert_on":false,"alert_filter_tag_select":false,"alert_filter_by_tag":[],"modalComunicatHeader_blog":"","modalComunicatHeader_link":[""]},"yoast_head":"<!-- This site is optimized with the Yoast SEO plugin v27.4 - https:\/\/yoast.com\/product\/yoast-seo-wordpress\/ -->\n<title>Quality Policy - SWSM<\/title>\n<meta name=\"robots\" content=\"index, follow, max-snippet:-1, max-image-preview:large, max-video-preview:-1\" \/>\n<link rel=\"canonical\" href=\"https:\/\/swsm.pl\/en\/academy\/about-the-academy\/quality-policy\/\" \/>\n<meta property=\"og:locale\" content=\"en_US\" \/>\n<meta property=\"og:type\" content=\"article\" \/>\n<meta property=\"og:title\" content=\"Quality Policy - SWSM\" \/>\n<meta property=\"og:url\" content=\"https:\/\/swsm.pl\/en\/academy\/about-the-academy\/quality-policy\/\" \/>\n<meta property=\"og:site_name\" content=\"SWSM\" \/>\n<meta property=\"article:modified_time\" content=\"2025-02-24T09:43:35+00:00\" \/>\n<meta name=\"twitter:card\" content=\"summary_large_image\" \/>\n<script type=\"application\/ld+json\" class=\"yoast-schema-graph\">{\"@context\":\"https:\\\/\\\/schema.org\",\"@graph\":[{\"@type\":\"WebPage\",\"@id\":\"https:\\\/\\\/swsm.pl\\\/en\\\/academy\\\/about-the-academy\\\/quality-policy\\\/\",\"url\":\"https:\\\/\\\/swsm.pl\\\/en\\\/academy\\\/about-the-academy\\\/quality-policy\\\/\",\"name\":\"Quality Policy - SWSM\",\"isPartOf\":{\"@id\":\"https:\\\/\\\/swsm.pl\\\/#website\"},\"datePublished\":\"2023-11-29T17:09:35+00:00\",\"dateModified\":\"2025-02-24T09:43:35+00:00\",\"breadcrumb\":{\"@id\":\"https:\\\/\\\/swsm.pl\\\/en\\\/academy\\\/about-the-academy\\\/quality-policy\\\/#breadcrumb\"},\"inLanguage\":\"en-US\",\"potentialAction\":[{\"@type\":\"ReadAction\",\"target\":[\"https:\\\/\\\/swsm.pl\\\/en\\\/academy\\\/about-the-academy\\\/quality-policy\\\/\"]}]},{\"@type\":\"BreadcrumbList\",\"@id\":\"https:\\\/\\\/swsm.pl\\\/en\\\/academy\\\/about-the-academy\\\/quality-policy\\\/#breadcrumb\",\"itemListElement\":[{\"@type\":\"ListItem\",\"position\":1,\"name\":\"Strona g\u0142\u00f3wna\",\"item\":\"https:\\\/\\\/swsm.pl\\\/en\\\/\"},{\"@type\":\"ListItem\",\"position\":2,\"name\":\"Academy\",\"item\":\"https:\\\/\\\/swsm.pl\\\/uczelnia\\\/\"},{\"@type\":\"ListItem\",\"position\":3,\"name\":\"About the Academy\",\"item\":\"https:\\\/\\\/swsm.pl\\\/uczelnia\\\/o-uczelni\\\/\"},{\"@type\":\"ListItem\",\"position\":4,\"name\":\"Quality Policy\"}]},{\"@type\":\"WebSite\",\"@id\":\"https:\\\/\\\/swsm.pl\\\/#website\",\"url\":\"https:\\\/\\\/swsm.pl\\\/\",\"name\":\"SWSM\",\"description\":\"\u015al\u0105ska Wy\u017csza Szko\u0142a Medyczna w Katowicach\",\"potentialAction\":[{\"@type\":\"SearchAction\",\"target\":{\"@type\":\"EntryPoint\",\"urlTemplate\":\"https:\\\/\\\/swsm.pl\\\/?s={search_term_string}\"},\"query-input\":{\"@type\":\"PropertyValueSpecification\",\"valueRequired\":true,\"valueName\":\"search_term_string\"}}],\"inLanguage\":\"en-US\"}]}<\/script>\n<!-- \/ Yoast SEO plugin. -->","yoast_head_json":{"title":"Quality Policy - SWSM","robots":{"index":"index","follow":"follow","max-snippet":"max-snippet:-1","max-image-preview":"max-image-preview:large","max-video-preview":"max-video-preview:-1"},"canonical":"https:\/\/swsm.pl\/en\/academy\/about-the-academy\/quality-policy\/","og_locale":"en_US","og_type":"article","og_title":"Quality Policy - SWSM","og_url":"https:\/\/swsm.pl\/en\/academy\/about-the-academy\/quality-policy\/","og_site_name":"SWSM","article_modified_time":"2025-02-24T09:43:35+00:00","twitter_card":"summary_large_image","schema":{"@context":"https:\/\/schema.org","@graph":[{"@type":"WebPage","@id":"https:\/\/swsm.pl\/en\/academy\/about-the-academy\/quality-policy\/","url":"https:\/\/swsm.pl\/en\/academy\/about-the-academy\/quality-policy\/","name":"Quality Policy - SWSM","isPartOf":{"@id":"https:\/\/swsm.pl\/#website"},"datePublished":"2023-11-29T17:09:35+00:00","dateModified":"2025-02-24T09:43:35+00:00","breadcrumb":{"@id":"https:\/\/swsm.pl\/en\/academy\/about-the-academy\/quality-policy\/#breadcrumb"},"inLanguage":"en-US","potentialAction":[{"@type":"ReadAction","target":["https:\/\/swsm.pl\/en\/academy\/about-the-academy\/quality-policy\/"]}]},{"@type":"BreadcrumbList","@id":"https:\/\/swsm.pl\/en\/academy\/about-the-academy\/quality-policy\/#breadcrumb","itemListElement":[{"@type":"ListItem","position":1,"name":"Strona g\u0142\u00f3wna","item":"https:\/\/swsm.pl\/en\/"},{"@type":"ListItem","position":2,"name":"Academy","item":"https:\/\/swsm.pl\/uczelnia\/"},{"@type":"ListItem","position":3,"name":"About the Academy","item":"https:\/\/swsm.pl\/uczelnia\/o-uczelni\/"},{"@type":"ListItem","position":4,"name":"Quality Policy"}]},{"@type":"WebSite","@id":"https:\/\/swsm.pl\/#website","url":"https:\/\/swsm.pl\/","name":"SWSM","description":"\u015al\u0105ska Wy\u017csza Szko\u0142a Medyczna w Katowicach","potentialAction":[{"@type":"SearchAction","target":{"@type":"EntryPoint","urlTemplate":"https:\/\/swsm.pl\/?s={search_term_string}"},"query-input":{"@type":"PropertyValueSpecification","valueRequired":true,"valueName":"search_term_string"}}],"inLanguage":"en-US"}]}},"_links":{"self":[{"href":"https:\/\/swsm.pl\/en\/wp-json\/wp\/v2\/pages\/7978","targetHints":{"allow":["GET"]}}],"collection":[{"href":"https:\/\/swsm.pl\/en\/wp-json\/wp\/v2\/pages"}],"about":[{"href":"https:\/\/swsm.pl\/en\/wp-json\/wp\/v2\/types\/page"}],"author":[{"embeddable":true,"href":"https:\/\/swsm.pl\/en\/wp-json\/wp\/v2\/users\/9"}],"replies":[{"embeddable":true,"href":"https:\/\/swsm.pl\/en\/wp-json\/wp\/v2\/comments?post=7978"}],"version-history":[{"count":20,"href":"https:\/\/swsm.pl\/en\/wp-json\/wp\/v2\/pages\/7978\/revisions"}],"predecessor-version":[{"id":21602,"href":"https:\/\/swsm.pl\/en\/wp-json\/wp\/v2\/pages\/7978\/revisions\/21602"}],"up":[{"embeddable":true,"href":"https:\/\/swsm.pl\/en\/wp-json\/wp\/v2\/pages\/8124"}],"wp:attachment":[{"href":"https:\/\/swsm.pl\/en\/wp-json\/wp\/v2\/media?parent=7978"}],"curies":[{"name":"wp","href":"https:\/\/api.w.org\/{rel}","templated":true}]}}