{"id":8148,"date":"2023-11-29T17:14:50","date_gmt":"2023-11-29T17:14:50","guid":{"rendered":"https:\/\/swsm.pl\/students-on-the-silesian-college-of-medicine-in-katowice\/"},"modified":"2025-02-24T09:44:29","modified_gmt":"2025-02-24T09:44:29","slug":"students-on-the-silesian-college-of-medicine-in-katowice","status":"publish","type":"page","link":"https:\/\/swsm.pl\/en\/academy\/students-on-the-silesian-college-of-medicine-in-katowice\/","title":{"rendered":"Students On The Silesian College Of Medicine In Katowice"},"content":{"rendered":"<section class=\"textBlock textBlock--0 padding-less\">\n    <div class=\"tbc\">\n        <div class=\"container\">\n            <div class=\"row\">\n                                    <div class=\"col-12\">\n                        <h3 class=\"title title--3 color--navy-700 tbc__title\">Our students&#8217; opinions are the best proof that it is worth to study at the Silesian College of Medicine in Katowice.<\/h3>                                                    <h5 class=\"title title--5 color--navy-700 tbc__title2\">Here are some reviews of the College that they shared on our Facebook profile.<\/h5>                                                                                            <\/div>\n                                                                                                            <\/div>\n        <\/div>\n    <\/div>\n<\/section>\n\n\n<section class=\"textBlock textBlock--1 padding-less\">\n    <div class=\"tbc\">\n        <div class=\"container\">\n            <div class=\"row\">\n                                                    <div class=\"col-12\">\n                                            <\/div>\n                    <div class=\"col-12 col-lg-6 tbc__colLeft\">\n                        <div class=\"tbc__colLeft__inner\">\n                            <h5 class=\"title title--5 color--navy-700 tbc__titleCol5\">Aleksandra Koppe<\/h5><div class=\"text text--2 color--navy-500 tbc__colDesc\"><p><img loading=\"lazy\" decoding=\"async\" class=\"alignnone size-full wp-image-1560\" src=\"https:\/\/swsm.pl\/wp-content\/uploads\/2023\/11\/aleksandra_koppe.jpg\" alt=\"\" width=\"150\" height=\"150\"><\/p>\n<p><em>I chose to study the undergraduate course of cosmetology, since it is one of the fastest developing faculties in Poland with a lot of niche specializations. The modules of the program are diverse and very useful, which allows you to discover what interests us most within the broadly understood field of cosmetology. A key advantage of the Silesian College of Medicine in Katowice is training sessions and demonstrations organized at the college, which are usually free, and are conducted by lecturers who try to make us interested in the topic, not just convey dry theory.<br \/>\nWhen I complete the program, I am going to move on to the second level &#8211; graduate studies &#8211; to learn, develop and aim to be the best in the field.<\/em><\/p>\n<\/div>                        <\/div>\n                    <\/div>\n                    <div class=\"col-12 col-lg-6 tbc__colRight\">\n                        <div class=\"tbc__colRight__inner\">\n                            <h5 class=\"title title--5 color--navy-700 tbc__titleCol5\">Oliwia P\u0142aczek<\/h5><div class=\"text text--2 color--navy-500 tbc__colDesc\"><p><img loading=\"lazy\" decoding=\"async\" class=\"alignnone size-full wp-image-6434\" src=\"https:\/\/swsm.pl\/wp-content\/uploads\/2023\/12\/oliwia_placzek.jpg\" alt=\"\" width=\"150\" height=\"150\"><\/p>\n<p><em>I chose to study at the Silesian College of Medicine in Katowice for a simple reason. The faculty that interested me &#8211; dietetics &#8211; was just established. I took a risk and&#8230; I don&#8217;t regret! I chose to specialize in sports nutrition, a specialization that other universities don&#8217;t offer. Through the course of studies, I learned the basics that are extremely useful today. I met many people, I still have contact with my lecturers and other people from the industry to this day. <\/em>Personally, I highly recommend the Silesian College of Medicine in Katowice, because it offers many opportunities for development.<\/p>\n<\/div>                        <\/div>\n                    <\/div>\n                    <div class=\"col-12\">\n                                            <\/div>\n                                                                                            <\/div>\n        <\/div>\n    <\/div>\n<\/section>\n\n\n<section class=\"textBlock textBlock--1 padding-less\">\n    <div class=\"tbc\">\n        <div class=\"container\">\n            <div class=\"row\">\n                                                    <div class=\"col-12\">\n                                            <\/div>\n                    <div class=\"col-12 col-lg-6 tbc__colLeft\">\n                        <div class=\"tbc__colLeft__inner\">\n                            <h5 class=\"title title--5 color--navy-700 tbc__titleCol5\">Aneta Janiga<\/h5><div class=\"text text--2 color--navy-500 tbc__colDesc\"><p><img loading=\"lazy\" decoding=\"async\" class=\"alignnone size-full wp-image-6445\" src=\"https:\/\/swsm.pl\/wp-content\/uploads\/2023\/12\/aneta_janiga.jpg\" alt=\"\" width=\"150\" height=\"150\"><\/p>\n<p><em>I chose the Silesian College of Medicine in Katowicefor two simple reasons: interest in nutrition and passion for cooking. When I started the studies, I already knew that it was a good choice, and time only confirmed it. Thanks to wonderful lecturers, I gained the necessary knowledge in the field of clinical dietetics, which I use in my profession. I met many interesting people here and made new friends. In October, I am starting my graduate studies &#8211; the choice was obvious and simple &#8211; the Silesian College of Medicine in Katowice.<br \/>\nI highly recommend the college and I encourage you to study there \ud83d\ude42<\/em><\/p>\n<\/div>                        <\/div>\n                    <\/div>\n                    <div class=\"col-12 col-lg-6 tbc__colRight\">\n                        <div class=\"tbc__colRight__inner\">\n                            <h5 class=\"title title--5 color--navy-700 tbc__titleCol5\">Aleksandra Kempf<\/h5><div class=\"text text--2 color--navy-500 tbc__colDesc\"><p><em>I chose the undergraduate course of cosmetology at the Silesian College of Medicine in Katowice mainly due to the high quality of teaching. Majoring in cosmetology will give me the opportunity of my dream job. At the Silesian College of Medicine in Katowice, I have the opportunity to learn how to work in a professional way. A key advantage of the university is that the lectures and exercises are conducted in the same place, right in the center of Katowice. After graduation, I would like to continue my studies in this field. Studying cosmetology has assured me that this is my passion.<\/em><\/p>\n<\/div>                        <\/div>\n                    <\/div>\n                    <div class=\"col-12\">\n                                            <\/div>\n                                                                                            <\/div>\n        <\/div>\n    <\/div>\n<\/section>\n\n\n<section class=\"textBlock textBlock--0 padding-less\">\n    <div class=\"tbc\">\n        <div class=\"container\">\n            <div class=\"row\">\n                                    <div class=\"col-12\">\n                                                                            <h5 class=\"title title--5 color--navy-700 tbc__title2\">Eliza Cernal<\/h5>                                                                            <div class=\"text text--2 color--navy-500 tbc__desc\"><p><img loading=\"lazy\" decoding=\"async\" class=\"alignnone size-full wp-image-6440\" src=\"https:\/\/swsm.pl\/wp-content\/uploads\/2023\/12\/eliza_cernal.jpg\" alt=\"\" width=\"150\" height=\"150\"><\/p>\n<p><em>Wybra\u0142am I stopie\u0144 kosmetologii na \u015al\u0105skiej Wy\u017cszej Szkole Medycznej, przede wszystkim ze wzgl\u0119du na pozytywnie opinie znajomych, wed\u0142ug kt\u00f3rych wysoki poziom nauczania, kompetentni oraz zawsze s\u0142u\u017c\u0105cy pomoc\u0105 wyk\u0142adowcy, s\u0105 najwi\u0119kszymi plusami w\/w uczelni. Z czasem przekona\u0142am si\u0119, \u017ce mieli racj\u0119.<br \/>\n<\/em><\/p>\n<p>&nbsp;<\/p>\n<p><em>Ogromnymi atutami s\u0105 dobrze wyposa\u017cone w sprz\u0119t pracownie, dost\u0119p, zar\u00f3wno do \u015brodk\u00f3w, jak i preparat\u00f3w do zabieg\u00f3w, co w kosmetologii jest oczywi\u015bcie bardzo wa\u017cne. Lokalizacja w samym centrum Katowic oraz wyk\u0142ady\/\u0107wiczenia w jednym miejscu, s\u0105 dla mnie ogromnymi zaletami. Zamierzam kontynuowa\u0107 nauk\u0119 na danej uczelni i \u015bci\u015ble wi\u0105za\u0107 prace z wybranym przeze mnie zawodem.<br \/>\n<\/em><\/p>\n<p>&nbsp;<\/p>\n<p><em>Jestem bardzo zadowolona z uczelni. \u015awietnie wyposa\u017cone w sprz\u0119t pracownie, zawsze dost\u0119pne \u015brodki oraz preparaty do zabieg\u00f3w zapewniaj\u0105 bezproblemowe przyswajanie wiedzy oraz wdra\u017canie praktyki. Mi\u0142ym zaskoczeniem okaza\u0142a si\u0119 zaskakuj\u0105co du\u017ca zdobyta wiedza ju\u017c na pierwszym roku studiowania. Wyk\u0142adowcy bez dw\u00f3ch zda\u0144 podchodz\u0105 do swojej pracy z zaanga\u017cowaniem i pasj\u0105, dzi\u0119ki czemu nauka staje si\u0119 przyjemno\u015bci\u0105.<br \/>\n<\/em><\/p>\n<p>&nbsp;<\/p>\n<p><em>Studia na kierunku kosmetologii w \u015al\u0105skiej Wy\u017cszej Szkole Medycznej da\u0142y mi bogat\u0105 wiedz\u0105, zar\u00f3wno teoretyczn\u0105, jak i praktyczn\u0105. Pozna\u0142am ca\u0142\u0105 aparatur\u0119 u\u017cywan\u0105 w salonie, nauczy\u0142am si\u0119 z niej korzysta\u0107 oraz wiem jakie zabiegi powinnam wykona\u0107 uwzgl\u0119dniaj\u0105c ewentualne problem klientki, wskazania lub przeciwwskazania. Nauczy\u0142am si\u0119 sk\u0142adu sk\u0142adnik\u00f3w aktywnych w preparatach i wiem, kt\u00f3ry preparat powinnam wybra\u0107 do danego zabiegu. Jestem w stanie zaleci\u0107 klientce piel\u0119gnacj\u0119 domow\u0105, jak i wskaza\u0107 czego powinna unika\u0107. U\u015bwiadomi\u0142am sobie jak wa\u017cna jest znajomo\u015b\u0107 anatomii i fizjologii cz\u0142owieka. Kolejn\u0105 istotn\u0105 wiedz\u0105 jest znajomo\u015b\u0107 chor\u00f3b, ich przyczyny i objawy, dzi\u0119ki czemu potrafi\u0119 je zauwa\u017cy\u0107 u klientki.<\/em><\/p>\n<\/div>                                                                    <\/div>\n                                                                                                            <\/div>\n        <\/div>\n    <\/div>\n<\/section>\n","protected":false},"excerpt":{"rendered":"","protected":false},"author":9,"featured_media":0,"parent":10608,"menu_order":1,"comment_status":"closed","ping_status":"closed","template":"","meta":{"_acf_changed":false,"footnotes":""},"class_list":["post-8148","page","type-page","status-publish","hentry"],"acf":{"alert_on":false,"alert_filter_tag_select":false,"alert_filter_by_tag":[],"modalComunicatHeader_blog":"","modalComunicatHeader_link":[""]},"yoast_head":"<!-- This site is optimized with the Yoast SEO plugin v27.3 - https:\/\/yoast.com\/product\/yoast-seo-wordpress\/ -->\n<title>Students On The Silesian College Of Medicine In Katowice - SWSM<\/title>\n<meta name=\"robots\" content=\"index, follow, max-snippet:-1, max-image-preview:large, max-video-preview:-1\" \/>\n<link rel=\"canonical\" href=\"https:\/\/swsm.pl\/en\/academy\/students-on-the-silesian-college-of-medicine-in-katowice\/\" \/>\n<meta property=\"og:locale\" content=\"en_US\" \/>\n<meta property=\"og:type\" content=\"article\" \/>\n<meta property=\"og:title\" content=\"Students On The Silesian College Of Medicine In Katowice - SWSM\" \/>\n<meta property=\"og:url\" content=\"https:\/\/swsm.pl\/en\/academy\/students-on-the-silesian-college-of-medicine-in-katowice\/\" \/>\n<meta property=\"og:site_name\" content=\"SWSM\" \/>\n<meta property=\"article:modified_time\" content=\"2025-02-24T09:44:29+00:00\" \/>\n<meta name=\"twitter:card\" content=\"summary_large_image\" \/>\n<script type=\"application\/ld+json\" class=\"yoast-schema-graph\">{\"@context\":\"https:\\\/\\\/schema.org\",\"@graph\":[{\"@type\":\"WebPage\",\"@id\":\"https:\\\/\\\/swsm.pl\\\/en\\\/academy\\\/students-on-the-silesian-college-of-medicine-in-katowice\\\/\",\"url\":\"https:\\\/\\\/swsm.pl\\\/en\\\/academy\\\/students-on-the-silesian-college-of-medicine-in-katowice\\\/\",\"name\":\"Students On The Silesian College Of Medicine In Katowice - SWSM\",\"isPartOf\":{\"@id\":\"https:\\\/\\\/swsm.pl\\\/#website\"},\"datePublished\":\"2023-11-29T17:14:50+00:00\",\"dateModified\":\"2025-02-24T09:44:29+00:00\",\"breadcrumb\":{\"@id\":\"https:\\\/\\\/swsm.pl\\\/en\\\/academy\\\/students-on-the-silesian-college-of-medicine-in-katowice\\\/#breadcrumb\"},\"inLanguage\":\"en-US\",\"potentialAction\":[{\"@type\":\"ReadAction\",\"target\":[\"https:\\\/\\\/swsm.pl\\\/en\\\/academy\\\/students-on-the-silesian-college-of-medicine-in-katowice\\\/\"]}]},{\"@type\":\"BreadcrumbList\",\"@id\":\"https:\\\/\\\/swsm.pl\\\/en\\\/academy\\\/students-on-the-silesian-college-of-medicine-in-katowice\\\/#breadcrumb\",\"itemListElement\":[{\"@type\":\"ListItem\",\"position\":1,\"name\":\"Strona g\u0142\u00f3wna\",\"item\":\"https:\\\/\\\/swsm.pl\\\/en\\\/\"},{\"@type\":\"ListItem\",\"position\":2,\"name\":\"Academy\",\"item\":\"https:\\\/\\\/swsm.pl\\\/uczelnia\\\/\"},{\"@type\":\"ListItem\",\"position\":3,\"name\":\"Students On The Silesian College Of Medicine In Katowice\"}]},{\"@type\":\"WebSite\",\"@id\":\"https:\\\/\\\/swsm.pl\\\/#website\",\"url\":\"https:\\\/\\\/swsm.pl\\\/\",\"name\":\"SWSM\",\"description\":\"\u015al\u0105ska Wy\u017csza Szko\u0142a Medyczna w Katowicach\",\"potentialAction\":[{\"@type\":\"SearchAction\",\"target\":{\"@type\":\"EntryPoint\",\"urlTemplate\":\"https:\\\/\\\/swsm.pl\\\/?s={search_term_string}\"},\"query-input\":{\"@type\":\"PropertyValueSpecification\",\"valueRequired\":true,\"valueName\":\"search_term_string\"}}],\"inLanguage\":\"en-US\"}]}<\/script>\n<!-- \/ Yoast SEO plugin. -->","yoast_head_json":{"title":"Students On The Silesian College Of Medicine In Katowice - SWSM","robots":{"index":"index","follow":"follow","max-snippet":"max-snippet:-1","max-image-preview":"max-image-preview:large","max-video-preview":"max-video-preview:-1"},"canonical":"https:\/\/swsm.pl\/en\/academy\/students-on-the-silesian-college-of-medicine-in-katowice\/","og_locale":"en_US","og_type":"article","og_title":"Students On The Silesian College Of Medicine In Katowice - SWSM","og_url":"https:\/\/swsm.pl\/en\/academy\/students-on-the-silesian-college-of-medicine-in-katowice\/","og_site_name":"SWSM","article_modified_time":"2025-02-24T09:44:29+00:00","twitter_card":"summary_large_image","schema":{"@context":"https:\/\/schema.org","@graph":[{"@type":"WebPage","@id":"https:\/\/swsm.pl\/en\/academy\/students-on-the-silesian-college-of-medicine-in-katowice\/","url":"https:\/\/swsm.pl\/en\/academy\/students-on-the-silesian-college-of-medicine-in-katowice\/","name":"Students On The Silesian College Of Medicine In Katowice - SWSM","isPartOf":{"@id":"https:\/\/swsm.pl\/#website"},"datePublished":"2023-11-29T17:14:50+00:00","dateModified":"2025-02-24T09:44:29+00:00","breadcrumb":{"@id":"https:\/\/swsm.pl\/en\/academy\/students-on-the-silesian-college-of-medicine-in-katowice\/#breadcrumb"},"inLanguage":"en-US","potentialAction":[{"@type":"ReadAction","target":["https:\/\/swsm.pl\/en\/academy\/students-on-the-silesian-college-of-medicine-in-katowice\/"]}]},{"@type":"BreadcrumbList","@id":"https:\/\/swsm.pl\/en\/academy\/students-on-the-silesian-college-of-medicine-in-katowice\/#breadcrumb","itemListElement":[{"@type":"ListItem","position":1,"name":"Strona g\u0142\u00f3wna","item":"https:\/\/swsm.pl\/en\/"},{"@type":"ListItem","position":2,"name":"Academy","item":"https:\/\/swsm.pl\/uczelnia\/"},{"@type":"ListItem","position":3,"name":"Students On The Silesian College Of Medicine In Katowice"}]},{"@type":"WebSite","@id":"https:\/\/swsm.pl\/#website","url":"https:\/\/swsm.pl\/","name":"SWSM","description":"\u015al\u0105ska Wy\u017csza Szko\u0142a Medyczna w Katowicach","potentialAction":[{"@type":"SearchAction","target":{"@type":"EntryPoint","urlTemplate":"https:\/\/swsm.pl\/?s={search_term_string}"},"query-input":{"@type":"PropertyValueSpecification","valueRequired":true,"valueName":"search_term_string"}}],"inLanguage":"en-US"}]}},"_links":{"self":[{"href":"https:\/\/swsm.pl\/en\/wp-json\/wp\/v2\/pages\/8148","targetHints":{"allow":["GET"]}}],"collection":[{"href":"https:\/\/swsm.pl\/en\/wp-json\/wp\/v2\/pages"}],"about":[{"href":"https:\/\/swsm.pl\/en\/wp-json\/wp\/v2\/types\/page"}],"author":[{"embeddable":true,"href":"https:\/\/swsm.pl\/en\/wp-json\/wp\/v2\/users\/9"}],"replies":[{"embeddable":true,"href":"https:\/\/swsm.pl\/en\/wp-json\/wp\/v2\/comments?post=8148"}],"version-history":[{"count":10,"href":"https:\/\/swsm.pl\/en\/wp-json\/wp\/v2\/pages\/8148\/revisions"}],"predecessor-version":[{"id":21603,"href":"https:\/\/swsm.pl\/en\/wp-json\/wp\/v2\/pages\/8148\/revisions\/21603"}],"up":[{"embeddable":true,"href":"https:\/\/swsm.pl\/en\/wp-json\/wp\/v2\/pages\/10608"}],"wp:attachment":[{"href":"https:\/\/swsm.pl\/en\/wp-json\/wp\/v2\/media?parent=8148"}],"curies":[{"name":"wp","href":"https:\/\/api.w.org\/{rel}","templated":true}]}}