{"id":8183,"date":"2023-11-29T15:56:59","date_gmt":"2023-11-29T15:56:59","guid":{"rendered":"https:\/\/swsm.pl\/main-page\/"},"modified":"2025-02-21T07:46:35","modified_gmt":"2025-02-21T07:46:35","slug":"main-page","status":"publish","type":"page","link":"https:\/\/swsm.pl\/en\/","title":{"rendered":"Main page"},"content":{"rendered":"\n\n    <section class=\"buttonBlock  \">\n            <div class=\"container\">\n                <div class=\"row\">\n                                            <div class=\"col-12 \">\n                            <h5>Choose your field of study<\/h5>\n                        <\/div>\n                                    <\/div>\n                <div class=\"row btn-box btn-box-home\">\n\n                                                                                                        <div class=\"col-12 col-md-6 col-xl-4 big-btn-position\">\n                                    <a class=\"btn-big    \" href=\"https:\/\/swsm.pl\/en\/undergraduate-studies\/cosmetology\/description\/\" target=\"_self\">Cosmetology<\/a>\n                                <\/div>\n                                                                                                                <div class=\"col-12 col-md-6 col-xl-4 big-btn-position\">\n                                    <a class=\"btn-big    \" href=\"https:\/\/swsm.pl\/en\/undergraduate-studies\/dietetics\/description\/\" target=\"_self\">Dietetics<\/a>\n                                <\/div>\n                                                                        \n                <\/div>\n            <\/div>\n    <\/section>\n\n\n\n<section class=\"textBlock textBlock--2 \">\n    <div class=\"tbc\">\n        <div class=\"container\">\n            <div class=\"row\">\n                                                                    <div class=\"col-12 col-lg-6 textBlock__colLeft\">\n                        <div class=\"tbc__colLeft__inner\">\n                            <h3 class=\"title title--3 color--navy-700 tbc__titleCol3\">Laboratories and clasrooms<\/h3><h5 class=\"title title--5 color--navy-700 tbc__titleCol5\">The Silesian Medical College has fully equipped laboratories.<\/h5><div class=\"text text--2 color--navy-500 tbc__colDesc\"><p>The Silesian Academy of Medical Sciences has fully equipped laboratories and classrooms that allow our students to gain knowledge and practical skills in an interesting and modern way, including classrooms and laboratories<\/p>\n<\/div><div class=\"tbc__btns\"><a class=\"btn btn--prim\" href=\"https:\/\/swsm.pl\/en\/academy\/location\/\" target=\"_self\">Location<\/a><\/div>                        <\/div>\n                    <\/div>\n                    <div class=\"col-12 col-lg-6 textBlock__colRight\">\n                        <div class=\"tbc__colRight__inner\">\n                                            <div class=\"tbc__imageBox\">\n                    <img decoding=\"async\" src=\"https:\/\/swsm.pl\/wp-content\/uploads\/2024\/04\/zabieg.jpg\" alt=\"\" \/>\n                <\/div>\n                \n                        <\/div>\n                    <\/div>\n                    <div class=\"col-12\">\n                                            <\/div>\n                                                                            <\/div>\n        <\/div>\n    <\/div>\n<\/section>\n\n\n<section class=\"textBlock textBlock--2 \">\n    <div class=\"tbc\">\n        <div class=\"container\">\n            <div class=\"row\">\n                                                                    <div class=\"col-12 col-lg-6 textBlock__colLeft\">\n                        <div class=\"tbc__colLeft__inner\">\n                            <h3 class=\"title title--3 color--navy-700 tbc__titleCol3\">About the Academy<\/h3><h5 class=\"title title--5 color--navy-700 tbc__titleCol5\">Silesian College of Medicine in Katowice in Katowice is one of the first non-public specialized medical schools in Poland with the rights of a public institution.<\/h5><div class=\"tbc__btns\"><a class=\"btn btn--prim\" href=\"https:\/\/swsm.pl\/en\/academy\/about-the-academy\/about-the-academy\/\" target=\"_self\">Academy<\/a><\/div>                        <\/div>\n                    <\/div>\n                    <div class=\"col-12 col-lg-6 textBlock__colRight\">\n                        <div class=\"tbc__colRight__inner\">\n                                            <div class=\"tbc__imageBox\">\n                    <img decoding=\"async\" src=\"https:\/\/swsm.pl\/wp-content\/uploads\/2023\/11\/pk1B.jpg\" alt=\"\" \/>\n                <\/div>\n                \n                        <\/div>\n                    <\/div>\n                    <div class=\"col-12\">\n                                            <\/div>\n                                                                            <\/div>\n        <\/div>\n    <\/div>\n<\/section>\n\n\n\n\n\n\n\n                        <section class=\"bannerComponentCTA\">\n            <div class=\"container\">\n                <div class=\"row\">\n                                                                            <div class=\"col-12\">\n                                                                            <a class=\"bannerComponentCTA__content banner-photo background--primary-500\" href=\"https:\/\/swsm.pl\/en\/student-zone\/student-zone\/students-research-clubs\/\" target=\"_self\">\n                                                <div class=\"bannerComponentCTA__content__photo\">\n                                                                                                            <img decoding=\"async\" class=\"responsive-img\" src=\"https:\/\/swsm.pl\/wp-content\/uploads\/2023\/11\/kadra.jpg\" alt=\"\" \/>\n                                                                                                    <\/div>\n                                                <div class=\"bannerComponentCTA__content__text\">\n                                                        <h4 class=\"color--white max-line\">Student&#039;s research clubs<\/h4>\n                                                                                                                    <p class=\"text--1 color--white max-line\">The Silesian Medical University in Katowice actively participates in the development of students&#8217; professional interests and scientific passions.<\/p>\n                                                                                                        <\/div>\n                                                <div class=\"bannerComponentCTA__content__right-btn background--accent-red\">\n                                                        <svg width=\"49\" height=\"48\" viewBox=\"0 0 49 48\" fill=\"none\" xmlns=\"http:\/\/www.w3.org\/2000\/svg\">\n<g id=\"Ikony\">\n<path id=\"Vector\" d=\"M24.5 10L24.5 38M24.5 10L38.5 24M24.5 10L10.5 24\" stroke=\"white\" stroke-width=\"3\" stroke-linecap=\"round\" stroke-linejoin=\"round\"\/>\n<\/g>\n<\/svg>\n                                                <\/div>\n                                        <\/a>\n                                                                    <\/div>\n                                              \n                <\/div>\n            <\/div>\n        <\/section>\n\n\n\n","protected":false},"excerpt":{"rendered":"","protected":false},"author":9,"featured_media":0,"parent":0,"menu_order":1,"comment_status":"closed","ping_status":"closed","template":"","meta":{"_acf_changed":false,"footnotes":""},"class_list":["post-8183","page","type-page","status-publish","hentry"],"acf":{"alert_on":false,"alert_filter_tag_select":false,"alert_filter_by_tag":[],"modalComunicatHeader_blog":"","modalComunicatHeader_link":[""]},"yoast_head":"<!-- This site is optimized with the Yoast SEO plugin v27.4 - https:\/\/yoast.com\/product\/yoast-seo-wordpress\/ -->\n<title>Main page - SWSM<\/title>\n<meta name=\"robots\" content=\"index, follow, max-snippet:-1, max-image-preview:large, max-video-preview:-1\" \/>\n<link rel=\"canonical\" href=\"https:\/\/swsm.pl\/en\/\" \/>\n<meta property=\"og:locale\" content=\"en_US\" \/>\n<meta property=\"og:type\" content=\"article\" \/>\n<meta property=\"og:title\" content=\"Main page - SWSM\" \/>\n<meta property=\"og:url\" content=\"https:\/\/swsm.pl\/en\/\" \/>\n<meta property=\"og:site_name\" content=\"SWSM\" \/>\n<meta property=\"article:modified_time\" content=\"2025-02-21T07:46:35+00:00\" \/>\n<meta name=\"twitter:card\" content=\"summary_large_image\" \/>\n<script type=\"application\/ld+json\" class=\"yoast-schema-graph\">{\"@context\":\"https:\\\/\\\/schema.org\",\"@graph\":[{\"@type\":\"WebPage\",\"@id\":\"https:\\\/\\\/swsm.pl\\\/en\\\/\",\"url\":\"https:\\\/\\\/swsm.pl\\\/en\\\/\",\"name\":\"Main page - SWSM\",\"isPartOf\":{\"@id\":\"https:\\\/\\\/swsm.pl\\\/#website\"},\"datePublished\":\"2023-11-29T15:56:59+00:00\",\"dateModified\":\"2025-02-21T07:46:35+00:00\",\"breadcrumb\":{\"@id\":\"https:\\\/\\\/swsm.pl\\\/en\\\/#breadcrumb\"},\"inLanguage\":\"en-US\",\"potentialAction\":[{\"@type\":\"ReadAction\",\"target\":[\"https:\\\/\\\/swsm.pl\\\/en\\\/\"]}]},{\"@type\":\"BreadcrumbList\",\"@id\":\"https:\\\/\\\/swsm.pl\\\/en\\\/#breadcrumb\",\"itemListElement\":[{\"@type\":\"ListItem\",\"position\":1,\"name\":\"Strona g\u0142\u00f3wna\",\"item\":\"https:\\\/\\\/swsm.pl\\\/en\\\/\"},{\"@type\":\"ListItem\",\"position\":2,\"name\":\"Main page\"}]},{\"@type\":\"WebSite\",\"@id\":\"https:\\\/\\\/swsm.pl\\\/#website\",\"url\":\"https:\\\/\\\/swsm.pl\\\/\",\"name\":\"SWSM\",\"description\":\"\u015al\u0105ska Wy\u017csza Szko\u0142a Medyczna w Katowicach\",\"potentialAction\":[{\"@type\":\"SearchAction\",\"target\":{\"@type\":\"EntryPoint\",\"urlTemplate\":\"https:\\\/\\\/swsm.pl\\\/?s={search_term_string}\"},\"query-input\":{\"@type\":\"PropertyValueSpecification\",\"valueRequired\":true,\"valueName\":\"search_term_string\"}}],\"inLanguage\":\"en-US\"}]}<\/script>\n<!-- \/ Yoast SEO plugin. -->","yoast_head_json":{"title":"Main page - SWSM","robots":{"index":"index","follow":"follow","max-snippet":"max-snippet:-1","max-image-preview":"max-image-preview:large","max-video-preview":"max-video-preview:-1"},"canonical":"https:\/\/swsm.pl\/en\/","og_locale":"en_US","og_type":"article","og_title":"Main page - SWSM","og_url":"https:\/\/swsm.pl\/en\/","og_site_name":"SWSM","article_modified_time":"2025-02-21T07:46:35+00:00","twitter_card":"summary_large_image","schema":{"@context":"https:\/\/schema.org","@graph":[{"@type":"WebPage","@id":"https:\/\/swsm.pl\/en\/","url":"https:\/\/swsm.pl\/en\/","name":"Main page - SWSM","isPartOf":{"@id":"https:\/\/swsm.pl\/#website"},"datePublished":"2023-11-29T15:56:59+00:00","dateModified":"2025-02-21T07:46:35+00:00","breadcrumb":{"@id":"https:\/\/swsm.pl\/en\/#breadcrumb"},"inLanguage":"en-US","potentialAction":[{"@type":"ReadAction","target":["https:\/\/swsm.pl\/en\/"]}]},{"@type":"BreadcrumbList","@id":"https:\/\/swsm.pl\/en\/#breadcrumb","itemListElement":[{"@type":"ListItem","position":1,"name":"Strona g\u0142\u00f3wna","item":"https:\/\/swsm.pl\/en\/"},{"@type":"ListItem","position":2,"name":"Main page"}]},{"@type":"WebSite","@id":"https:\/\/swsm.pl\/#website","url":"https:\/\/swsm.pl\/","name":"SWSM","description":"\u015al\u0105ska Wy\u017csza Szko\u0142a Medyczna w Katowicach","potentialAction":[{"@type":"SearchAction","target":{"@type":"EntryPoint","urlTemplate":"https:\/\/swsm.pl\/?s={search_term_string}"},"query-input":{"@type":"PropertyValueSpecification","valueRequired":true,"valueName":"search_term_string"}}],"inLanguage":"en-US"}]}},"_links":{"self":[{"href":"https:\/\/swsm.pl\/en\/wp-json\/wp\/v2\/pages\/8183","targetHints":{"allow":["GET"]}}],"collection":[{"href":"https:\/\/swsm.pl\/en\/wp-json\/wp\/v2\/pages"}],"about":[{"href":"https:\/\/swsm.pl\/en\/wp-json\/wp\/v2\/types\/page"}],"author":[{"embeddable":true,"href":"https:\/\/swsm.pl\/en\/wp-json\/wp\/v2\/users\/9"}],"replies":[{"embeddable":true,"href":"https:\/\/swsm.pl\/en\/wp-json\/wp\/v2\/comments?post=8183"}],"version-history":[{"count":25,"href":"https:\/\/swsm.pl\/en\/wp-json\/wp\/v2\/pages\/8183\/revisions"}],"predecessor-version":[{"id":21471,"href":"https:\/\/swsm.pl\/en\/wp-json\/wp\/v2\/pages\/8183\/revisions\/21471"}],"wp:attachment":[{"href":"https:\/\/swsm.pl\/en\/wp-json\/wp\/v2\/media?parent=8183"}],"curies":[{"name":"wp","href":"https:\/\/api.w.org\/{rel}","templated":true}]}}