{"id":8880,"date":"2023-11-29T17:44:00","date_gmt":"2023-11-29T17:44:00","guid":{"rendered":"https:\/\/swsm.pl\/erasmus-program\/about-the-program\/erasmus-in-a-nutshell\/"},"modified":"2025-02-24T10:59:24","modified_gmt":"2025-02-24T10:59:24","slug":"erasmus-in-a-nutshell","status":"publish","type":"page","link":"https:\/\/swsm.pl\/en\/student-zone\/erasmus-program\/about-the-program\/erasmus-in-a-nutshell\/","title":{"rendered":"Erasmus in a nutshell"},"content":{"rendered":"<section class=\"textSimpleHeader textSimpleHeader--3  margin-gray \">\n    <div class=\"container\">\n        <div class=\"row\">\n            <div class=\"col-12\">\n                <div class=\"textSimpleHeader__inner\">\n                    <h3 class=\"title title--3 color--navy-700\">Erasmus + Program<\/h3>                <\/div>\n            <\/div>\n        <\/div>\n    <\/div>\n<\/section>\n\n<section class=\"textSimplePhrase margin-gray \">\n    <div class=\"container\">\n        <div class=\"row\">\n            <div class=\"col-12\">\n                <div class=\"textSimplePhrase__inner\">\n                    <div class=\"text text--1 text--bold color---navy-500\">Silesian College of Medicine in Katowice received the Erasmus Charter for Higher Education awarded by the European Commission and participates in the Erasmus+ Program. Therefore, the school is a participant of the Erasmus+ program.<\/div>                <\/div>\n            <\/div>\n        <\/div>\n    <\/div>\n<\/section>\n\n<section class=\"photo-block\">\n    <div class=\"container\">\n        <div class=\"row\">\n\n                            <div class=\"col-12\">\n                    <div class=\"photo-block__picture\">\n                                                    <img decoding=\"async\" src=\"https:\/\/swsm.pl\/wp-content\/uploads\/2024\/05\/erasmus-studenci-logo.jpg\" alt=\"\" \/>\n                                            <\/div>\n                                    <\/div>\n            \n            <\/section>\n\n<section class=\"textBlock textBlock--0 grayBG padding-less\">\n    <div class=\"tbc\">\n        <div class=\"container\">\n            <div class=\"row\">\n                                    <div class=\"col-12\">\n                        <h3 class=\"title title--3 color--navy-700 tbc__title\"><img decoding=\"async\" class=\"tbc__h3icon\" src=\"https:\/\/swsm.pl\/wp-content\/uploads\/2023\/11\/ikonatick-kolorz-zielonym-SVG.svg\" alt=\"\" \/>About the program<\/h3>                                                                            <div class=\"text text--2 color--navy-500 tbc__desc\"><p><span class=\"HwtZe\" lang=\"en\"><span class=\"jCAhz ChMk0b\"><span class=\"ryNqvb\">Erasmus+ is a European Union program supporting educational exchange.<\/span><\/span> <span class=\"jCAhz ChMk0b\"><span class=\"ryNqvb\">It is a continuation of European programs in the field of education, training, youth and sports implemented since 1998. Its aim is to support pupils, students, teachers, lecturers and volunteers in conducting international projects aimed at improving competences.<\/span><\/span> <span class=\"jCAhz ChMk0b\"><span class=\"ryNqvb\">Public and private institutions and organizations supporting formal education and non-formal and informal learning of people of all ages are eligible to participate in the program.<\/span><\/span><\/span><\/p>\n<\/div>                                                                    <\/div>\n                                                                                                            <\/div>\n        <\/div>\n    <\/div>\n<\/section>\n\n\n<section class=\"textBlock textBlock--0 padding-less\">\n    <div class=\"tbc\">\n        <div class=\"container\">\n            <div class=\"row\">\n                                    <div class=\"col-12\">\n                        <h3 class=\"title title--3 color--navy-700 tbc__title\"><img decoding=\"async\" class=\"tbc__h3icon\" src=\"https:\/\/swsm.pl\/wp-content\/uploads\/2023\/11\/ikonatick-kolorz-zielonym-SVG.svg\" alt=\"\" \/>Description<\/h3>                                                                            <div class=\"text text--2 color--navy-500 tbc__desc\"><p>Erasmus+ offers financial support to institutions, organizations and schemes for education, training youth and sport in Europe. As an answer to the challenges outlined in the strategic documents of the European policy (in particular the Europe 2020 strategy), the program is expected to contribute to the skill development of its participants and increasing their chances of employment, as well as modernizing education, training and youth support systems.<\/p>\n<\/div>                                                                    <\/div>\n                                                                                                            <\/div>\n        <\/div>\n    <\/div>\n<\/section>\n\n\n<section class=\"textBlock textBlock--0 grayBG padding-less\">\n    <div class=\"tbc\">\n        <div class=\"container\">\n            <div class=\"row\">\n                                    <div class=\"col-12\">\n                        <h3 class=\"title title--3 color--navy-700 tbc__title\"><img decoding=\"async\" class=\"tbc__h3icon\" src=\"https:\/\/swsm.pl\/wp-content\/uploads\/2023\/11\/ikonatick-kolorz-zielonym-SVG.svg\" alt=\"\" \/>Objectives<\/h3>                                                                            <div class=\"text text--2 color--navy-500 tbc__desc\"><p>In its assumptions, the Erasmus+ Program is not fundamentally different from the &#8220;Lifelong Learning Program: that has just ended. The greatest emphasis in the new program was put on both formal and non-formal education aimed at developing the skills of students, teachers and academic employees and improving their competitiveness on the labor market.<\/p>\n<p>&nbsp;<\/p>\n<p>In practice, the Erasmus+ program enables international mobility &#8211; educational exchange programs for the purpose of study, work, training or volunteering abroad by students, teaching staff and youth workers, as well as supports partnerships between universities, institutions of higher education, enterprises and non-profit organizations for promoting innovation and knowledge.<\/p>\n<p>&nbsp;<\/p>\n<p>What the program stresses in particular is the importance of cooperation across various sectors of education and institutions of different levels and different profiles, as well as strengthening interdependence between education and work environment.<\/p>\n<p>&nbsp;<\/p>\n<p>Sport-related initiatives are mainly focused on preventing violence, discrimination and doping, and financial contributions to non-profit sports events. Sport-related initiatives are mainly focused on preventing violence, discrimination and doping, and financial contributions to non-profit sports events.<\/p>\n<\/div>                                                                    <\/div>\n                                                                                                            <\/div>\n        <\/div>\n    <\/div>\n<\/section>\n\n\n<section class=\"textBlock textBlock--0 padding-less\">\n    <div class=\"tbc\">\n        <div class=\"container\">\n            <div class=\"row\">\n                                    <div class=\"col-12\">\n                        <h3 class=\"title title--3 color--navy-700 tbc__title\">Initiative 1 Student mobility<\/h3>                                                                            <div class=\"text text--2 color--navy-500 tbc__desc\"><p><strong>Program Erasmus+ allows both undergraduate, graduate and post-graduate students to apply for exchange study and internship in other countries<\/strong><\/p>\n<p>participating in the program for up to <strong>12 months.<\/strong> participating in the program for up to 12 months Minimum stay for a study program is 3 months, whereas for an internship &#8211; 2 months. Students of long-cycle master&#8217;s degree studies or equivalent to it (for example, medical faculties) can choose programs with the total duration up to 24 months. However, previous stays with Erasmus (&#8220;Lifelong learning program&#8221;) at each level of study are also counted into the total.<\/p>\n<p>&nbsp;<\/p>\n<p><strong>Graduate internship programs<\/strong><\/p>\n<p>What is <strong>new about Erasmus+<\/strong> is the opportunity to apply for an internship abroad is also open for graduates. This kind of program can only be requested within one year of graduation and the student must apply while still being enrolled in his or her higher education institution. Recruitment takes place during the last year of studies<\/p>\n<p>&nbsp;<\/p>\n<p><strong>Programs for academic staff:<\/strong><\/p>\n<ol>\n<li> teaching programs at foreign universities\n<p>This program is designed for academic teachers and specialists from enterprises. Academic teachers can go to universities abroad with which their home universities (faculties) have signed bilateral agreements. Both the home and the hosting university must have the Erasmus Charter for Higher Education and both must approve the academic staff member&#8217;s individual work or training program. Professionals from enterprises, institutions or organizations can &#8211; at the invitation of the university &#8211; conduct a series of lectures for students. Polish universities may invite specialists from foreign enterprises, and employees of Polish enterprises may conduct series of lectures at universities in other countries participating in the program. Lectures conducted by academic staff members or professionals from enterprises must always be an integral part of the current curriculum of the hosting institution.<\/li>\n<\/ol>\n<p>&nbsp;<\/p>\n<ol>\n<li>training programs for acadmeic staff\n<p>Academic staff members can also go to foreign institutions, such as enterprises, organizations, educational institutions, including universities, in order to improve their skills and qualifications required in their profession, exchange experience, broaden knowledge in a given field (through participation in trainings, seminars, workshops, work shadowing, etc.).<\/li>\n<\/ol>\n<\/div>                                                                    <\/div>\n                                                                                                            <\/div>\n        <\/div>\n    <\/div>\n<\/section>\n\n\n<section class=\"textBlock textBlock--3 \">\n    <div class=\"tbc\">\n        <div class=\"container\">\n            <div class=\"row\">\n                                                                                    <div class=\"col-12 col-lg-6 textBlock__colLeft\">\n                        <div class=\"tbc__colLeft__inner\">\n                                            <div class=\"tbc__imageBox\">\n                    <img decoding=\"async\" src=\"https:\/\/swsm.pl\/wp-content\/uploads\/2023\/12\/erasmus_app.png\" alt=\"\" \/>\n                <\/div>\n                                    <\/div>\n                    <\/div>\n                    <div class=\"col-12 col-lg-6 textBlock__colRight\">\n                        <div class=\"tbc__colRight__inner\">\n                            <div class=\"text text--2 color--navy-500 tbc__colDesc\"><div class=\"pGxpHc\">\n<header id=\"gb\" class=\"gb_Fa gb_2d gb_Pe gb_rd gb_Wc\" role=\"banner\">\n<div class=\"gb_Qd\">\n<div class=\"gb_Rc gb_Pc gb_Wc\" role=\"navigation\">\n<div class=\"gb_2c\">\n<div class=\"pGxpHc\">\n<header id=\"gb\" class=\"gb_Fa gb_2d gb_Pe gb_rd gb_Wc\" role=\"banner\">\n<div class=\"gb_Qd\">\n<div class=\"gb_Rc gb_Pc gb_Wc\" role=\"navigation\"><\/div>\n<\/div>\n<\/header>\n<\/div>\n<div class=\"ebT7ne VOLvac sMVRZe\">\n<div class=\"F0pQVc\"><\/div>\n<\/div>\n<div class=\"VO9ucd\">\n<div class=\"aJIq1d\" dir=\"ltr\" data-language-code=\"en\" data-language-name=\"angielski\" data-text=\"The new Erasmus+ App is one of the key outcomes of the Erasmus+ European Student Charter Initiative.\n\nIt offers learners across Europe:\n\neasy access to information on mobility opportunities offered by Erasmus+,\nsupport during their journey abroad.\n\nApp features:\n\nstep-by-step guidance on how to travel and how to find possible accommodation away from home (general, country and city specific),\ntips and stories shared by participants,\ninformation on local events, activities and people from local communities,\nstructured information on existing Erasmus+ programmes,\ninteractive checklists with step-by-step guidance throughout the mobility period,\nintegration with the online learning agreement,\nintegration with the online language support platform OLS.\n\nThe Erasmus+ App is now available to download to your mobile phone from Google Play and the Apple App Store or online: https:\/\/erasmusapp.eu\/.\" data-crosslingual-hint=\"\" data-location=\"2\" data-enable-toggle-playback-speed=\"true\" data-results-count=\"1\" data-result-index=\"1\"><\/p>\n<div class=\"m0Qfkd\"><span class=\"HwtZe\" lang=\"en\"><strong><span class=\"jCAhz\"><span class=\"ryNqvb\">The new Erasmus+ App is one of the key outcomes of the Erasmus+ European Student Charter Initiative.<\/span><\/span><\/strong> <\/span><\/div>\n<div class=\"m0Qfkd\"><span class=\"HwtZe\" lang=\"en\"><span class=\"jCAhz ChMk0b\"><span class=\"ryNqvb\">It offers learners across Europe: <\/span><\/span><\/span><\/div>\n<ul>\n<li class=\"m0Qfkd\"><span class=\"HwtZe\" lang=\"en\"><span class=\"jCAhz ChMk0b\"><span class=\"ryNqvb\">easy access to information on mobility opportunities offered by Erasmus+, <\/span><\/span><\/span><\/li>\n<li class=\"m0Qfkd\"><span class=\"HwtZe\" lang=\"en\"><span class=\"jCAhz ChMk0b\"><span class=\"ryNqvb\">support during their journey abroad.<\/span><\/span> <\/span><\/li>\n<\/ul>\n<p>&nbsp;<\/p>\n<p><span class=\"HwtZe\" lang=\"en\"><span class=\"jCAhz ChMk0b\"><span class=\"ryNqvb\"><strong>App features:<\/strong> <\/span><\/span><\/span><\/p>\n<ul>\n<li><span class=\"HwtZe\" lang=\"en\"><span class=\"jCAhz ChMk0b\"><span class=\"ryNqvb\">step-by-step guidance on how to travel and how to find possible accommodation away from home (general, country and city specific), <\/span><\/span><\/span><\/li>\n<li><span class=\"HwtZe\" lang=\"en\"><span class=\"jCAhz ChMk0b\"><span class=\"ryNqvb\">tips and stories shared by participants, <\/span><\/span><\/span><\/li>\n<li><span class=\"HwtZe\" lang=\"en\"><span class=\"jCAhz ChMk0b\"><span class=\"ryNqvb\">information on local events, activities and people from local communities, <\/span><\/span><\/span><\/li>\n<li><span class=\"HwtZe\" lang=\"en\"><span class=\"jCAhz ChMk0b\"><span class=\"ryNqvb\">structured information on existing Erasmus+ programmes,<\/span><\/span><\/span><\/li>\n<li><span class=\"HwtZe\" lang=\"en\"><span class=\"jCAhz ChMk0b\"><span class=\"ryNqvb\"> interactive checklists with step-by-step guidance throughout the mobility period, <\/span><\/span><\/span><\/li>\n<li><span class=\"HwtZe\" lang=\"en\"><span class=\"jCAhz ChMk0b\"><span class=\"ryNqvb\">integration with the online learning agreement, <\/span><\/span><\/span><\/li>\n<li><span class=\"HwtZe\" lang=\"en\"><span class=\"jCAhz ChMk0b\"><span class=\"ryNqvb\">integration with the online language support platform OLS.<\/span><\/span> <\/span><\/li>\n<\/ul>\n<p>&nbsp;<\/p>\n<p><span class=\"HwtZe\" lang=\"en\"><span class=\"jCAhz\"><span class=\"ryNqvb\">The Erasmus+ App is now available to download to your mobile phone from <strong>Google Play<\/strong> and the <strong>Apple App Store<\/strong> or online:<a href=\"https:\/\/erasmusapp.eu\"> https:\/\/erasmusapp.eu<\/a>\/.<\/span><\/span><\/span><\/p>\n<\/div>\n<\/div>\n<\/div>\n<\/div>\n<\/div>\n<\/header>\n<\/div>\n<\/div>                        <\/div>\n                    <\/div>\n                    <div class=\"col-12\">\n                                            <\/div>\n                                                            <\/div>\n        <\/div>\n    <\/div>\n<\/section>\n\n\n<section class=\"textBlock textBlock--1 padding-less\">\n    <div class=\"tbc\">\n        <div class=\"container\">\n            <div class=\"row\">\n                                                    <div class=\"col-12\">\n                        <h3 class=\"title title--3 color--navy-700 tbc__title\">Coordinator<\/h3>                    <\/div>\n                    <div class=\"col-12 col-lg-6 tbc__colLeft\">\n                        <div class=\"tbc__colLeft__inner\">\n                            <div class=\"text text--2 color--navy-500 tbc__colDesc\"><p><span class=\"HwtZe\" lang=\"en\"><span class=\"jCAhz ChMk0b\"><span class=\"ryNqvb\">Mickiewicz Street<\/span><\/span><\/span> 29<br \/>\n40-085 Katowice<br \/>\nDean\u2019s Office of the Silesian College of Medicine in Katowice<\/p>\n<p>&nbsp;<\/p>\n<p>tel. 032 207 27 12<br \/>\nfax. 032 207 27 05<br \/>\n<a href=\"mailto:erasmus@swsm.pl\">erasmus@swsm.pl<\/a><\/p>\n<\/div>                        <\/div>\n                    <\/div>\n                    <div class=\"col-12 col-lg-6 tbc__colRight\">\n                        <div class=\"tbc__colRight__inner\">\n                            <h5 class=\"title title--5 color--navy-700 tbc__titleCol5\">Lean more<\/h5><div class=\"tbc__btns\"><a class=\"btn btn--prim btn--ico\" href=\"http:\/\/www.erasmusplus.org.pl\/\" target=\"_self\">erasmusplus.org.pl<svg width=\"24\" height=\"24\" viewBox=\"0 0 24 24\" fill=\"none\" xmlns=\"http:\/\/www.w3.org\/2000\/svg\">\n<path d=\"M8 19L15 12L8 5\" stroke=\"#29375A\" stroke-width=\"2\" stroke-linecap=\"round\" stroke-linejoin=\"round\"\/>\n<\/svg>\n<\/a><a class=\"btn btn--prim btn--ico\" href=\"http:\/\/ec.europa.eu\/programmes\/erasmus-plus\/index_pl.htm\" target=\"_self\">ec.europa.eu<svg width=\"24\" height=\"24\" viewBox=\"0 0 24 24\" fill=\"none\" xmlns=\"http:\/\/www.w3.org\/2000\/svg\">\n<path d=\"M8 19L15 12L8 5\" stroke=\"#29375A\" stroke-width=\"2\" stroke-linecap=\"round\" stroke-linejoin=\"round\"\/>\n<\/svg>\n<\/a><\/div>                        <\/div>\n                    <\/div>\n                    <div class=\"col-12\">\n                                            <\/div>\n                                                                                            <\/div>\n        <\/div>\n    <\/div>\n<\/section>\n","protected":false},"excerpt":{"rendered":"","protected":false},"author":9,"featured_media":0,"parent":8851,"menu_order":1,"comment_status":"closed","ping_status":"closed","template":"template-pages\/page-threeFourth.php","meta":{"_acf_changed":false,"footnotes":""},"class_list":["post-8880","page","type-page","status-publish","hentry"],"acf":{"alert_on":false,"alert_filter_tag_select":false,"alert_filter_by_tag":[],"modalComunicatHeader_blog":"","modalComunicatHeader_link":[""]},"yoast_head":"<!-- This site is optimized with the Yoast SEO plugin v27.4 - https:\/\/yoast.com\/product\/yoast-seo-wordpress\/ -->\n<title>Erasmus in a nutshell - SWSM<\/title>\n<meta name=\"robots\" content=\"index, follow, max-snippet:-1, max-image-preview:large, max-video-preview:-1\" \/>\n<link rel=\"canonical\" href=\"https:\/\/swsm.pl\/en\/student-zone\/erasmus-program\/about-the-program\/erasmus-in-a-nutshell\/\" \/>\n<meta property=\"og:locale\" content=\"en_US\" \/>\n<meta property=\"og:type\" content=\"article\" \/>\n<meta property=\"og:title\" content=\"Erasmus in a nutshell - SWSM\" \/>\n<meta property=\"og:url\" content=\"https:\/\/swsm.pl\/en\/student-zone\/erasmus-program\/about-the-program\/erasmus-in-a-nutshell\/\" \/>\n<meta property=\"og:site_name\" content=\"SWSM\" \/>\n<meta property=\"article:modified_time\" content=\"2025-02-24T10:59:24+00:00\" \/>\n<meta name=\"twitter:card\" content=\"summary_large_image\" \/>\n<script type=\"application\/ld+json\" class=\"yoast-schema-graph\">{\"@context\":\"https:\\\/\\\/schema.org\",\"@graph\":[{\"@type\":\"WebPage\",\"@id\":\"https:\\\/\\\/swsm.pl\\\/en\\\/student-zone\\\/erasmus-program\\\/about-the-program\\\/erasmus-in-a-nutshell\\\/\",\"url\":\"https:\\\/\\\/swsm.pl\\\/en\\\/student-zone\\\/erasmus-program\\\/about-the-program\\\/erasmus-in-a-nutshell\\\/\",\"name\":\"Erasmus in a nutshell - SWSM\",\"isPartOf\":{\"@id\":\"https:\\\/\\\/swsm.pl\\\/#website\"},\"datePublished\":\"2023-11-29T17:44:00+00:00\",\"dateModified\":\"2025-02-24T10:59:24+00:00\",\"breadcrumb\":{\"@id\":\"https:\\\/\\\/swsm.pl\\\/en\\\/student-zone\\\/erasmus-program\\\/about-the-program\\\/erasmus-in-a-nutshell\\\/#breadcrumb\"},\"inLanguage\":\"en-US\",\"potentialAction\":[{\"@type\":\"ReadAction\",\"target\":[\"https:\\\/\\\/swsm.pl\\\/en\\\/student-zone\\\/erasmus-program\\\/about-the-program\\\/erasmus-in-a-nutshell\\\/\"]}]},{\"@type\":\"BreadcrumbList\",\"@id\":\"https:\\\/\\\/swsm.pl\\\/en\\\/student-zone\\\/erasmus-program\\\/about-the-program\\\/erasmus-in-a-nutshell\\\/#breadcrumb\",\"itemListElement\":[{\"@type\":\"ListItem\",\"position\":1,\"name\":\"Strona g\u0142\u00f3wna\",\"item\":\"https:\\\/\\\/swsm.pl\\\/en\\\/\"},{\"@type\":\"ListItem\",\"position\":2,\"name\":\"Student zone\",\"item\":\"https:\\\/\\\/swsm.pl\\\/dla-studenta\\\/\"},{\"@type\":\"ListItem\",\"position\":3,\"name\":\"Erasmus + Program\",\"item\":\"https:\\\/\\\/swsm.pl\\\/dla-studenta\\\/program-erasmus\\\/\"},{\"@type\":\"ListItem\",\"position\":4,\"name\":\"About the program\",\"item\":\"https:\\\/\\\/swsm.pl\\\/dla-studenta\\\/program-erasmus\\\/o-programie\\\/\"},{\"@type\":\"ListItem\",\"position\":5,\"name\":\"Erasmus in a nutshell\"}]},{\"@type\":\"WebSite\",\"@id\":\"https:\\\/\\\/swsm.pl\\\/#website\",\"url\":\"https:\\\/\\\/swsm.pl\\\/\",\"name\":\"SWSM\",\"description\":\"\u015al\u0105ska Wy\u017csza Szko\u0142a Medyczna w Katowicach\",\"potentialAction\":[{\"@type\":\"SearchAction\",\"target\":{\"@type\":\"EntryPoint\",\"urlTemplate\":\"https:\\\/\\\/swsm.pl\\\/?s={search_term_string}\"},\"query-input\":{\"@type\":\"PropertyValueSpecification\",\"valueRequired\":true,\"valueName\":\"search_term_string\"}}],\"inLanguage\":\"en-US\"}]}<\/script>\n<!-- \/ Yoast SEO plugin. -->","yoast_head_json":{"title":"Erasmus in a nutshell - SWSM","robots":{"index":"index","follow":"follow","max-snippet":"max-snippet:-1","max-image-preview":"max-image-preview:large","max-video-preview":"max-video-preview:-1"},"canonical":"https:\/\/swsm.pl\/en\/student-zone\/erasmus-program\/about-the-program\/erasmus-in-a-nutshell\/","og_locale":"en_US","og_type":"article","og_title":"Erasmus in a nutshell - SWSM","og_url":"https:\/\/swsm.pl\/en\/student-zone\/erasmus-program\/about-the-program\/erasmus-in-a-nutshell\/","og_site_name":"SWSM","article_modified_time":"2025-02-24T10:59:24+00:00","twitter_card":"summary_large_image","schema":{"@context":"https:\/\/schema.org","@graph":[{"@type":"WebPage","@id":"https:\/\/swsm.pl\/en\/student-zone\/erasmus-program\/about-the-program\/erasmus-in-a-nutshell\/","url":"https:\/\/swsm.pl\/en\/student-zone\/erasmus-program\/about-the-program\/erasmus-in-a-nutshell\/","name":"Erasmus in a nutshell - SWSM","isPartOf":{"@id":"https:\/\/swsm.pl\/#website"},"datePublished":"2023-11-29T17:44:00+00:00","dateModified":"2025-02-24T10:59:24+00:00","breadcrumb":{"@id":"https:\/\/swsm.pl\/en\/student-zone\/erasmus-program\/about-the-program\/erasmus-in-a-nutshell\/#breadcrumb"},"inLanguage":"en-US","potentialAction":[{"@type":"ReadAction","target":["https:\/\/swsm.pl\/en\/student-zone\/erasmus-program\/about-the-program\/erasmus-in-a-nutshell\/"]}]},{"@type":"BreadcrumbList","@id":"https:\/\/swsm.pl\/en\/student-zone\/erasmus-program\/about-the-program\/erasmus-in-a-nutshell\/#breadcrumb","itemListElement":[{"@type":"ListItem","position":1,"name":"Strona g\u0142\u00f3wna","item":"https:\/\/swsm.pl\/en\/"},{"@type":"ListItem","position":2,"name":"Student zone","item":"https:\/\/swsm.pl\/dla-studenta\/"},{"@type":"ListItem","position":3,"name":"Erasmus + Program","item":"https:\/\/swsm.pl\/dla-studenta\/program-erasmus\/"},{"@type":"ListItem","position":4,"name":"About the program","item":"https:\/\/swsm.pl\/dla-studenta\/program-erasmus\/o-programie\/"},{"@type":"ListItem","position":5,"name":"Erasmus in a nutshell"}]},{"@type":"WebSite","@id":"https:\/\/swsm.pl\/#website","url":"https:\/\/swsm.pl\/","name":"SWSM","description":"\u015al\u0105ska Wy\u017csza Szko\u0142a Medyczna w Katowicach","potentialAction":[{"@type":"SearchAction","target":{"@type":"EntryPoint","urlTemplate":"https:\/\/swsm.pl\/?s={search_term_string}"},"query-input":{"@type":"PropertyValueSpecification","valueRequired":true,"valueName":"search_term_string"}}],"inLanguage":"en-US"}]}},"_links":{"self":[{"href":"https:\/\/swsm.pl\/en\/wp-json\/wp\/v2\/pages\/8880","targetHints":{"allow":["GET"]}}],"collection":[{"href":"https:\/\/swsm.pl\/en\/wp-json\/wp\/v2\/pages"}],"about":[{"href":"https:\/\/swsm.pl\/en\/wp-json\/wp\/v2\/types\/page"}],"author":[{"embeddable":true,"href":"https:\/\/swsm.pl\/en\/wp-json\/wp\/v2\/users\/9"}],"replies":[{"embeddable":true,"href":"https:\/\/swsm.pl\/en\/wp-json\/wp\/v2\/comments?post=8880"}],"version-history":[{"count":15,"href":"https:\/\/swsm.pl\/en\/wp-json\/wp\/v2\/pages\/8880\/revisions"}],"predecessor-version":[{"id":21659,"href":"https:\/\/swsm.pl\/en\/wp-json\/wp\/v2\/pages\/8880\/revisions\/21659"}],"up":[{"embeddable":true,"href":"https:\/\/swsm.pl\/en\/wp-json\/wp\/v2\/pages\/8851"}],"wp:attachment":[{"href":"https:\/\/swsm.pl\/en\/wp-json\/wp\/v2\/media?parent=8880"}],"curies":[{"name":"wp","href":"https:\/\/api.w.org\/{rel}","templated":true}]}}