{"id":8914,"date":"2023-11-29T17:39:23","date_gmt":"2023-11-29T17:39:23","guid":{"rendered":"https:\/\/swsm.pl\/student-house-of-the-university-of-silesia\/"},"modified":"2025-02-24T09:50:16","modified_gmt":"2025-02-24T09:50:16","slug":"university-residence-halls","status":"publish","type":"page","link":"https:\/\/swsm.pl\/en\/student-zone\/residence-halls\/university-residence-halls\/","title":{"rendered":"University Residence Halls"},"content":{"rendered":"<section class=\"textBlock textBlock--0 \">\n    <div class=\"tbc\">\n        <div class=\"container\">\n            <div class=\"row\">\n                                    <div class=\"col-12\">\n                                                                                                    <div class=\"text text--2 color--navy-500 tbc__desc\"><p><strong>Students of the\u00a0Silesian College of Medicine in Katowice can use:<\/strong><\/p>\n<ul>\n<li>Residence Halls of the University of Silesia in Katowice-Ligota and Sosnowiec,<\/li>\n<li>Residence Halls of the Medical University of Silesia in Katowice,<\/li>\n<li>School Youth Hostel &#8220;\u015al\u0105zaczek&#8221;.<\/li>\n<\/ul>\n<p>&nbsp;<\/p>\n<p>It is possible to rent accommodation for the whole year or for one or two days.<\/p>\n<p>&nbsp;<\/p>\n<p><strong>How to rent accommodation?<\/strong><\/p>\n<p>In the case of long-term rental (monthly and longer) at the facilities belonging to the University of Silesia in Katowice-Ligota and Sosnowiec, students should submit an accommodation application form in the Student Welfare Department of the University of Silesia:<\/p>\n<p>&nbsp;<\/p>\n<p><strong>The Student Welfare Department<\/strong><\/p>\n<p>The University of Silesia Rector\u2019s Office<br \/>\nKatowice ul. Bankowa 12<br \/>\nIII floor; room 72, 81<br \/>\ntel. (032) 359 13 40, (032) 359 20 46<br \/>\nemail:\u00a0<a href=\"mailto:bstud@us.edu.pl\">bstud@us.edu.pl<\/a><\/p>\n<p>&nbsp;<\/p>\n<p>For short-term rental (one or two days), students should book accommodation in guest rooms directly in the selected facility of the University.<\/p>\n<\/div>                                                                    <\/div>\n                                                                                                            <\/div>\n        <\/div>\n    <\/div>\n<\/section>\n","protected":false},"excerpt":{"rendered":"","protected":false},"author":9,"featured_media":0,"parent":8918,"menu_order":0,"comment_status":"closed","ping_status":"closed","template":"","meta":{"_acf_changed":false,"footnotes":""},"class_list":["post-8914","page","type-page","status-publish","hentry"],"acf":{"alert_on":false,"alert_filter_tag_select":false,"alert_filter_by_tag":[],"modalComunicatHeader_blog":"","modalComunicatHeader_link":[""]},"yoast_head":"<!-- This site is optimized with the Yoast SEO plugin v27.3 - https:\/\/yoast.com\/product\/yoast-seo-wordpress\/ -->\n<title>University Residence Halls - SWSM<\/title>\n<meta name=\"robots\" content=\"index, follow, max-snippet:-1, max-image-preview:large, max-video-preview:-1\" \/>\n<link rel=\"canonical\" href=\"https:\/\/swsm.pl\/en\/student-zone\/residence-halls\/university-residence-halls\/\" \/>\n<meta property=\"og:locale\" content=\"en_US\" \/>\n<meta property=\"og:type\" content=\"article\" \/>\n<meta property=\"og:title\" content=\"University Residence Halls - SWSM\" \/>\n<meta property=\"og:url\" content=\"https:\/\/swsm.pl\/en\/student-zone\/residence-halls\/university-residence-halls\/\" \/>\n<meta property=\"og:site_name\" content=\"SWSM\" \/>\n<meta property=\"article:modified_time\" content=\"2025-02-24T09:50:16+00:00\" \/>\n<meta name=\"twitter:card\" content=\"summary_large_image\" \/>\n<script type=\"application\/ld+json\" class=\"yoast-schema-graph\">{\"@context\":\"https:\\\/\\\/schema.org\",\"@graph\":[{\"@type\":\"WebPage\",\"@id\":\"https:\\\/\\\/swsm.pl\\\/en\\\/student-zone\\\/residence-halls\\\/university-residence-halls\\\/\",\"url\":\"https:\\\/\\\/swsm.pl\\\/en\\\/student-zone\\\/residence-halls\\\/university-residence-halls\\\/\",\"name\":\"University Residence Halls - SWSM\",\"isPartOf\":{\"@id\":\"https:\\\/\\\/swsm.pl\\\/#website\"},\"datePublished\":\"2023-11-29T17:39:23+00:00\",\"dateModified\":\"2025-02-24T09:50:16+00:00\",\"breadcrumb\":{\"@id\":\"https:\\\/\\\/swsm.pl\\\/en\\\/student-zone\\\/residence-halls\\\/university-residence-halls\\\/#breadcrumb\"},\"inLanguage\":\"en-US\",\"potentialAction\":[{\"@type\":\"ReadAction\",\"target\":[\"https:\\\/\\\/swsm.pl\\\/en\\\/student-zone\\\/residence-halls\\\/university-residence-halls\\\/\"]}]},{\"@type\":\"BreadcrumbList\",\"@id\":\"https:\\\/\\\/swsm.pl\\\/en\\\/student-zone\\\/residence-halls\\\/university-residence-halls\\\/#breadcrumb\",\"itemListElement\":[{\"@type\":\"ListItem\",\"position\":1,\"name\":\"Strona g\u0142\u00f3wna\",\"item\":\"https:\\\/\\\/swsm.pl\\\/en\\\/\"},{\"@type\":\"ListItem\",\"position\":2,\"name\":\"Student zone\",\"item\":\"https:\\\/\\\/swsm.pl\\\/dla-studenta\\\/\"},{\"@type\":\"ListItem\",\"position\":3,\"name\":\"Residence Halls\",\"item\":\"https:\\\/\\\/swsm.pl\\\/en\\\/student-zone\\\/residence-halls\\\/\"},{\"@type\":\"ListItem\",\"position\":4,\"name\":\"University Residence Halls\"}]},{\"@type\":\"WebSite\",\"@id\":\"https:\\\/\\\/swsm.pl\\\/#website\",\"url\":\"https:\\\/\\\/swsm.pl\\\/\",\"name\":\"SWSM\",\"description\":\"\u015al\u0105ska Wy\u017csza Szko\u0142a Medyczna w Katowicach\",\"potentialAction\":[{\"@type\":\"SearchAction\",\"target\":{\"@type\":\"EntryPoint\",\"urlTemplate\":\"https:\\\/\\\/swsm.pl\\\/?s={search_term_string}\"},\"query-input\":{\"@type\":\"PropertyValueSpecification\",\"valueRequired\":true,\"valueName\":\"search_term_string\"}}],\"inLanguage\":\"en-US\"}]}<\/script>\n<!-- \/ Yoast SEO plugin. -->","yoast_head_json":{"title":"University Residence Halls - SWSM","robots":{"index":"index","follow":"follow","max-snippet":"max-snippet:-1","max-image-preview":"max-image-preview:large","max-video-preview":"max-video-preview:-1"},"canonical":"https:\/\/swsm.pl\/en\/student-zone\/residence-halls\/university-residence-halls\/","og_locale":"en_US","og_type":"article","og_title":"University Residence Halls - SWSM","og_url":"https:\/\/swsm.pl\/en\/student-zone\/residence-halls\/university-residence-halls\/","og_site_name":"SWSM","article_modified_time":"2025-02-24T09:50:16+00:00","twitter_card":"summary_large_image","schema":{"@context":"https:\/\/schema.org","@graph":[{"@type":"WebPage","@id":"https:\/\/swsm.pl\/en\/student-zone\/residence-halls\/university-residence-halls\/","url":"https:\/\/swsm.pl\/en\/student-zone\/residence-halls\/university-residence-halls\/","name":"University Residence Halls - SWSM","isPartOf":{"@id":"https:\/\/swsm.pl\/#website"},"datePublished":"2023-11-29T17:39:23+00:00","dateModified":"2025-02-24T09:50:16+00:00","breadcrumb":{"@id":"https:\/\/swsm.pl\/en\/student-zone\/residence-halls\/university-residence-halls\/#breadcrumb"},"inLanguage":"en-US","potentialAction":[{"@type":"ReadAction","target":["https:\/\/swsm.pl\/en\/student-zone\/residence-halls\/university-residence-halls\/"]}]},{"@type":"BreadcrumbList","@id":"https:\/\/swsm.pl\/en\/student-zone\/residence-halls\/university-residence-halls\/#breadcrumb","itemListElement":[{"@type":"ListItem","position":1,"name":"Strona g\u0142\u00f3wna","item":"https:\/\/swsm.pl\/en\/"},{"@type":"ListItem","position":2,"name":"Student zone","item":"https:\/\/swsm.pl\/dla-studenta\/"},{"@type":"ListItem","position":3,"name":"Residence Halls","item":"https:\/\/swsm.pl\/en\/student-zone\/residence-halls\/"},{"@type":"ListItem","position":4,"name":"University Residence Halls"}]},{"@type":"WebSite","@id":"https:\/\/swsm.pl\/#website","url":"https:\/\/swsm.pl\/","name":"SWSM","description":"\u015al\u0105ska Wy\u017csza Szko\u0142a Medyczna w Katowicach","potentialAction":[{"@type":"SearchAction","target":{"@type":"EntryPoint","urlTemplate":"https:\/\/swsm.pl\/?s={search_term_string}"},"query-input":{"@type":"PropertyValueSpecification","valueRequired":true,"valueName":"search_term_string"}}],"inLanguage":"en-US"}]}},"_links":{"self":[{"href":"https:\/\/swsm.pl\/en\/wp-json\/wp\/v2\/pages\/8914","targetHints":{"allow":["GET"]}}],"collection":[{"href":"https:\/\/swsm.pl\/en\/wp-json\/wp\/v2\/pages"}],"about":[{"href":"https:\/\/swsm.pl\/en\/wp-json\/wp\/v2\/types\/page"}],"author":[{"embeddable":true,"href":"https:\/\/swsm.pl\/en\/wp-json\/wp\/v2\/users\/9"}],"replies":[{"embeddable":true,"href":"https:\/\/swsm.pl\/en\/wp-json\/wp\/v2\/comments?post=8914"}],"version-history":[{"count":11,"href":"https:\/\/swsm.pl\/en\/wp-json\/wp\/v2\/pages\/8914\/revisions"}],"predecessor-version":[{"id":21606,"href":"https:\/\/swsm.pl\/en\/wp-json\/wp\/v2\/pages\/8914\/revisions\/21606"}],"up":[{"embeddable":true,"href":"https:\/\/swsm.pl\/en\/wp-json\/wp\/v2\/pages\/8918"}],"wp:attachment":[{"href":"https:\/\/swsm.pl\/en\/wp-json\/wp\/v2\/media?parent=8914"}],"curies":[{"name":"wp","href":"https:\/\/api.w.org\/{rel}","templated":true}]}}