{"id":11577,"date":"2023-11-29T17:09:11","date_gmt":"2023-11-29T17:09:11","guid":{"rendered":"https:\/\/swsm.pl\/%d0%b2%d1%83%d0%b7\/%d0%be-%d0%b2%d1%83%d0%b7%d0%b5\/%d0%b0%d0%b4%d0%bc%d0%b8%d0%bd%d0%b8%d1%81%d1%82%d1%80%d0%b0%d1%86%d0%b8%d1%8f-%d0%b2%d1%83%d0%b7%d0%b0\/"},"modified":"2025-02-25T09:23:20","modified_gmt":"2025-02-25T09:23:20","slug":"%d0%b0%d0%b4%d0%bc%d0%b8%d0%bd%d0%b8%d1%81%d1%82%d1%80%d0%b0%d1%86%d0%b8%d1%8f-%d0%b2%d1%83%d0%b7%d0%b0","status":"publish","type":"page","link":"https:\/\/swsm.pl\/ru\/%d0%b2%d1%83%d0%b7\/%d0%be-%d0%b2%d1%83%d0%b7%d0%b5\/%d0%b0%d0%b4%d0%bc%d0%b8%d0%bd%d0%b8%d1%81%d1%82%d1%80%d0%b0%d1%86%d0%b8%d1%8f-%d0%b2%d1%83%d0%b7%d0%b0\/","title":{"rendered":"\u0410\u0434\u043c\u0438\u043d\u0438\u0441\u0442\u0440\u0430\u0446\u0438\u044f \u0412\u0443\u0437\u0430"},"content":{"rendered":"<section class=\"textBlock textBlock--2 padding-less\">\n    <div class=\"tbc\">\n        <div class=\"container\">\n            <div class=\"row\">\n                                                                    <div class=\"col-12 col-lg-6 textBlock__colLeft\">\n                        <div class=\"tbc__colLeft__inner\">\n                            <h5 class=\"title title--5 color--navy-700 tbc__titleCol5\">\u041f\u0440\u043e\u0444. \u0434\u0440 \u043d\u0430\u0443\u043a \u043c\u0435\u0434. \u042f\u0446\u0435\u043a \u0421\u0442\u0430\u0436\u0435\u0432\u0441\u043a\u0438 \u0420\u0435\u043a\u0442\u043e\u0440 \u0421\u0438\u043b\u0435\u0437\u0441\u043a\u043e\u0439 \u0432\u044b\u0441\u0448\u0435\u0439 \u043c\u0435\u0434\u0438\u0446\u0438\u043d\u0441\u043a\u043e\u0439 \u0448\u043a\u043e\u043b\u044b \u0432 \u041a\u0430\u0442\u043e\u0432\u0438\u0446\u0435<\/h5><div class=\"text text--2 color--navy-500 tbc__colDesc\"><p><strong>\u041f\u0440\u043e\u0444\u0435\u0441\u0441\u043e\u0440 \u042f\u0446\u0435\u043a \u0421\u0442\u0430\u0436\u0435\u0432\u0441\u043a\u0438<\/strong> \u2013 \u0432\u0440\u0430\u0447-\u0445\u0438\u0440\u0443\u0440\u0433, \u043d\u0430\u0443\u0447\u043d\u044b\u0439 \u0440\u0430\u0431\u043e\u0442\u043d\u0438\u043a, \u043f\u0440\u0435\u043f\u043e\u0434\u0430\u0432\u0430\u0442\u0435\u043b\u044c. \u0432\u0440\u0430\u0447-\u0445\u0438\u0440\u0443\u0440\u0433, \u043d\u0430\u0443\u0447\u043d\u044b\u0439 \u0440\u0430\u0431\u043e\u0442\u043d\u0438\u043a, \u043f\u0440\u0435\u043f\u043e\u0434\u0430\u0432\u0430\u0442\u0435\u043b\u044c. \u041f\u0440\u043e\u0444\u0435\u0441\u0441\u0438\u043e\u043d\u0430\u043b\u044c\u043d\u044b\u0435 \u0437\u043d\u0430\u043d\u0438\u044f \u0438 \u043e\u043f\u044b\u0442 \u043d\u0430\u043a\u0430\u043f\u043b\u0438\u0432\u0430\u043b \u0438 \u0441\u043e\u0432\u0435\u0440\u0448\u0435\u043d\u0441\u0442\u0432\u043e\u0432\u0430\u043b \u0432 \u043f\u0440\u043e\u0446\u0435\u0441\u0441\u0435 \u043c\u043d\u043e\u0433\u043e\u0447\u0438\u0441\u043b\u0435\u043d\u043d\u044b\u0445 \u0441\u0442\u0430\u0436\u0438\u0440\u043e\u0432\u043e\u043a \u0438 \u043a\u0443\u0440\u0441\u043e\u0432 \u0432 \u0438\u0437\u0432\u0435\u0441\u0442\u043d\u044b\u0445 \u0437\u0430\u0440\u0443\u0431\u0435\u0436\u043d\u044b\u0445 \u0446\u0435\u043d\u0442\u0440\u0430\u0445, \u0441\u0440\u0435\u0434\u0438 \u043a\u043e\u0442\u043e\u0440\u044b\u0445 \u043a\u043b\u0438\u043d\u0438\u043a\u0438 \u0438 \u0431\u043e\u043b\u044c\u043d\u0438\u0446\u044b \u0432 \u041b\u0435\u0441\u0442\u0435\u0440\u0435, \u0428\u0435\u0444\u0444\u0438\u043b\u0434\u0435, \u0413\u0435\u0442\u0438\u043d\u0434\u0435, \u0418\u043d\u043d\u0441\u0431\u0440\u0443\u043a\u0435, \u0443\u043d\u0438\u0432\u0435\u0440\u0441\u0438\u0442\u0435\u0442\u044b \u0421\u0442\u044d\u043d\u0444\u043e\u0440\u0434\u0430, \u0413\u0435\u0439\u0434\u0435\u043b\u044c\u0431\u0435\u0440\u0433\u0430, \u0411\u0430\u0440\u0441\u0435\u043b\u043e\u043d\u044b, \u041d\u044c\u044e-\u0419\u043e\u0440\u043a\u0430, \u041c\u0430\u0439\u0430\u043c\u0438 \u0438 \u043c\u043d\u043e\u0433\u0438\u0445 \u0434\u0440\u0443\u0433\u0438\u0445.<\/p>\n<p>&nbsp;<\/p>\n<p>\u0421\u0432\u044f\u0437\u0430\u043d \u0441 \u0421\u0438\u043b\u0435\u0437\u0441\u043a\u043e\u0439 \u0432\u044b\u0441\u0448\u0435\u0439 \u043c\u0435\u0434\u0438\u0446\u0438\u043d\u0441\u043a\u043e\u0439 \u0448\u043a\u043e\u043b\u043e\u0439 \u0432 \u041a\u0430\u0442\u043e\u0432\u0438\u0446\u0435 \u0441 2012 \u0433.<\/p>\n<\/div>                        <\/div>\n                    <\/div>\n                    <div class=\"col-12 col-lg-6 textBlock__colRight\">\n                        <div class=\"tbc__colRight__inner\">\n                                            <div class=\"tbc__imageBox\">\n                    <img decoding=\"async\" src=\"https:\/\/swsm.pl\/wp-content\/uploads\/2023\/11\/rektor_starzynski2.jpg\" alt=\"\" \/>\n                <\/div>\n                \n                        <\/div>\n                    <\/div>\n                    <div class=\"col-12\">\n                                            <\/div>\n                                                                            <\/div>\n        <\/div>\n    <\/div>\n<\/section>\n\n\n<section class=\"textBlock textBlock--0 padding-less\">\n    <div class=\"tbc\">\n        <div class=\"container\">\n            <div class=\"row\">\n                                    <div class=\"col-12\">\n                                                                                                    <div class=\"text text--2 color--navy-500 tbc__desc\"><p><strong>\u041f\u0440\u0430\u043a\u0442\u0438\u043a<\/strong> \u2013 \u0441 70-\u044b\u0445 \u0433\u0433. \u0440\u0430\u0431\u043e\u0442\u0430\u043b \u0432 \u0440\u0430\u0437\u043b\u0438\u0447\u043d\u044b\u0445 \u043a\u043b\u0438\u043d\u0438\u043a\u0430\u0445, \u0437\u0430\u043d\u0438\u043c\u0430\u043b \u0440\u0443\u043a\u043e\u0432\u043e\u0434\u044f\u0449\u0438\u0435 \u0434\u043e\u043b\u0436\u043d\u043e\u0441\u0442\u0438. \u041e\u0440\u0434\u0438\u043d\u0430\u0442\u043e\u0440 \u043e\u0442\u0434\u0435\u043b\u0435\u043d\u0438\u0439 \u043e\u0431\u0449\u0435\u0439 \u0445\u0438\u0440\u0443\u0440\u0433\u0438\u0438 \u0432 \u0411\u043e\u043b\u044c\u043d\u0438\u0446\u0435 \u21161 \u0432 \u0421\u043e\u0441\u043d\u043e\u0432\u0446\u0435. \u0421 1997 \u0433\u043e\u0434\u0430 \u0432\u044b\u043f\u043e\u043b\u043d\u044f\u043b \u0444\u0443\u043d\u043a\u0446\u0438\u044e \u043e\u0440\u0434\u0438\u043d\u0430\u0442\u043e\u0440\u0430 \u043e\u0442\u0434\u0435\u043b\u0435\u043d\u0438\u044f \u043e\u0431\u0449\u0435\u0439 \u0445\u0438\u0440\u0443\u0440\u0433\u0438\u0438 \u0432 \u0413\u043e\u0440\u043d\u043e\u0439 \u0431\u043e\u043b\u044c\u043d\u0438\u0446\u0435 (\u0432 \u043d\u0430\u0441\u0442\u043e\u044f\u0449\u0435\u0435 \u0432\u0440\u0435\u043c\u044f \u0412\u043e\u0435\u0432\u043e\u0434\u0441\u043a\u0430\u044f \u0441\u043f\u0435\u0446\u0438\u0430\u043b\u0438\u0437\u0438\u0440\u043e\u0432\u0430\u043d\u043d\u0430\u044f \u0431\u043e\u043b\u044c\u043d\u0438\u0446\u0430 \u21165 \u0438\u043c. \u0441\u0432. \u0412\u0430\u0440\u0432\u0430\u0440\u044b) \u0432 \u0421\u043e\u0441\u043d\u043e\u0432\u0446\u0435; \u0441 \u0438\u044e\u043b\u044f 2000 \u0434\u043e \u043e\u043a\u0442\u044f\u0431\u0440\u044f 2006 \u0433\u043e\u0434\u0430 \u0431\u044b\u043b \u0440\u0443\u043a\u043e\u0432\u043e\u0434\u0438\u0442\u0435\u043b\u0435\u043c \u043a\u0430\u0444\u0435\u0434\u0440\u044b \u0438 \u043a\u043b\u0438\u043d\u0438\u0447\u0435\u0441\u043a\u043e\u0433\u043e \u043e\u0442\u0434\u0435\u043b\u0435\u043d\u0438\u044f \u043e\u0431\u0449\u0435\u0439 \u0438 \u043a\u043e\u043b\u043e\u043f\u0440\u043e\u043a\u0442\u043e\u043b\u043e\u0433\u0438\u0447\u0435\u0441\u043a\u043e\u0439 \u0445\u0438\u0440\u0443\u0440\u0433\u0438\u0438 \u043b\u0435\u0447\u0435\u0431\u043d\u043e\u0433\u043e \u041e\u0442\u0434\u0435\u043b\u0435\u043d\u0438\u044f \u0432 \u041a\u0430\u0442\u043e\u0432\u0438\u0446\u0435.<\/p>\n<p>&nbsp;<\/p>\n<p><strong>\u041d\u0430\u0443\u0447\u043d\u044b\u0439 \u0440\u0430\u0431\u043e\u0442\u043d\u0438\u043a<\/strong> \u2013 \u043f\u0435\u0440\u0432\u044b\u0435 \u043d\u0430\u0443\u0447\u043d\u043e-\u0438\u0441\u0441\u043b\u0435\u0434\u043e\u0432\u0430\u0442\u0435\u043b\u044c\u0441\u043a\u0438\u0435 \u0440\u0430\u0431\u043e\u0442\u044b \u043f\u0440\u043e\u0444\u0435\u0441\u0441\u043e\u0440\u0430 \u0421\u0442\u0430\u0436\u0435\u0432\u0441\u043a\u043e\u0433\u043e, \u043d\u0430\u043f\u0438\u0441\u0430\u043d\u043d\u044b\u0435 \u0435\u0449\u0435 \u0432 \u0430\u0441\u0441\u0438\u0441\u0442\u0435\u043d\u0442\u0441\u043a\u0438\u0439 \u043f\u0435\u0440\u0438\u043e\u0434 \u043d\u0430 \u043a\u0430\u0444\u0435\u0434\u0440\u0435 \u0438 \u043b\u0430\u0431\u043e\u0440\u0430\u0442\u043e\u0440\u0438\u0438 \u043d\u043e\u0440\u043c\u0430\u043b\u044c\u043d\u043e\u0439 \u0438 \u0442\u043e\u043f\u043e\u0433\u0440\u0430\u0444\u0438\u0447\u0435\u0441\u043a\u043e\u0439 \u0430\u043d\u0430\u0442\u043e\u043c\u0438\u0438, \u043a\u0430\u0441\u0430\u044e\u0442\u0441\u044f \u043f\u0440\u0438\u043a\u043b\u0430\u0434\u043d\u043e\u0439 \u043c\u043e\u0440\u0444\u043e\u043b\u043e\u0433\u0438\u0438. \u0421\u043b\u0435\u0434\u0443\u044e\u0449\u0438\u0435 \u0440\u0430\u0431\u043e\u0442\u044b \u0431\u044b\u043b\u0438 \u0441\u0432\u044f\u0437\u0430\u043d\u044b \u0441 \u043a\u0430\u0440\u0434\u0438\u043e\u0445\u0438\u0440\u0443\u0440\u0433\u0438\u0435\u0439, \u0441\u043e\u0441\u0443\u0434\u0438\u0441\u0442\u043e\u0439 \u0445\u0438\u0440\u0443\u0440\u0433\u0438\u0435\u0439 \u0438 \u0445\u0438\u0440\u0443\u0440\u0433\u0438\u0435\u0439 \u043f\u0438\u0449\u0435\u0432\u0430\u0440\u0438\u0442\u0435\u043b\u044c\u043d\u043e\u0433\u043e \u0442\u0440\u0430\u043a\u0442\u0430. \u041f\u0435\u0447\u0430\u0442\u043d\u044b\u0435 \u043d\u0430\u0443\u0447\u043d\u044b\u0435 \u0440\u0430\u0431\u043e\u0442\u044b \u0440\u0435\u043a\u0442\u043e\u0440\u0430 \u0421\u0412\u041c\u0428 &#8212; \u044d\u0442\u043e 75 \u043f\u0443\u0431\u043b\u0438\u043a\u0430\u0446\u0438\u0439, \u0438\u0437\u0434\u0430\u043d\u043d\u044b\u0445 \u0432 \u043f\u043e\u043b\u044c\u0441\u043a\u0438\u0445 \u0438 \u0437\u0430\u0440\u0443\u0431\u0435\u0436\u043d\u044b\u0445 \u0436\u0443\u0440\u043d\u0430\u043b\u0430\u0445, \u0432 \u043c\u0430\u0442\u0435\u0440\u0438\u0430\u043b\u0430\u0445 \u043a\u043e\u043d\u0444\u0435\u0440\u0435\u043d\u0446\u0438\u0439, \u0430 \u0442\u0430\u043a\u0436\u0435 57 \u0430\u0432\u0442\u043e\u0440\u0435\u0444\u0435\u0440\u0430\u0442\u043e\u0432, \u043f\u0440\u0435\u0434\u0441\u0442\u0430\u0432\u043b\u0435\u043d\u043d\u044b\u0445 \u043d\u0430 \u043e\u0442\u0435\u0447\u0435\u0441\u0442\u0432\u0435\u043d\u043d\u044b\u0445 \u0438 \u0437\u0430\u0440\u0443\u0431\u0435\u0436\u043d\u044b\u0445 \u0441\u0438\u043c\u043f\u043e\u0437\u0438\u0443\u043c\u0430\u0445 \u0438 \u043d\u0430\u0443\u0447\u043d\u044b\u0445 \u0441\u044a\u0435\u0437\u0434\u0430\u0445.<\/p>\n<p>&nbsp;<\/p>\n<p><strong>\u041f\u0440\u0435\u043f\u043e\u0434\u0430\u0432\u0430\u0442\u0435\u043b\u044c<\/strong> \u2013 \u0434\u0438\u0434\u0430\u043a\u0442\u0438\u0447\u0435\u0441\u043a\u0443\u044e \u0434\u0435\u044f\u0442\u0435\u043b\u044c\u043d\u043e\u0441\u0442\u044c \u043d\u0430\u0447\u0430\u043b \u0435\u0449\u0435 \u0432\u043e \u0432\u0440\u0435\u043c\u044f \u0443\u0447\u0435\u0431\u044b \u0432 1962 \u0433\u043e\u0434\u0430 &#8212; \u0432 \u043a\u0430\u0447\u0435\u0441\u0442\u0432\u0435 \u0430\u0441\u0441\u0438\u0441\u0442\u0435\u043d\u0442\u0430 \u043b\u0430\u0431\u043e\u0440\u0430\u0442\u043e\u0440\u0438\u0438 \u043d\u043e\u0440\u043c\u0430\u043b\u044c\u043d\u043e\u0439 \u0430\u043d\u0430\u0442\u043e\u043c\u0438\u0438 \u0432\u0435\u043b \u0437\u0430\u043d\u044f\u0442\u0438\u044f \u0443 \u0441\u0442\u0443\u0434\u0435\u043d\u0442\u043e\u0432 \u0442\u0435\u0440\u0430\u043f\u0435\u0432\u0442\u0438\u0447\u0435\u0441\u043a\u043e\u0433\u043e \u043e\u0442\u0434\u0435\u043b\u0435\u043d\u0438\u044f. \u0412 \u043a\u0430\u0447\u0435\u0441\u0442\u0432\u0435 \u0430\u0441\u0441\u0438\u0441\u0442\u0435\u043d\u0442\u0430 II \u041a\u043b\u0438\u043d\u0438\u043a\u0438 \u043e\u0431\u0449\u0435\u0439 \u0445\u0438\u0440\u0443\u0440\u0433\u0438\u0438 \u0432\u0435\u043b \u0437\u0430\u043d\u044f\u0442\u0438\u044f \u043f\u043e \u043e\u0431\u0449\u0435\u0439 \u0445\u0438\u0440\u0443\u0440\u0433\u0438\u0438 \u0443 \u0441\u0442\u0443\u0434\u0435\u043d\u0442\u043e\u0432 \u043c\u0435\u0434\u0438\u0446\u0438\u043d\u044b, \u0430 \u0437\u0430\u0442\u0435\u043c (\u0441 1993) \u043f\u043e \u043f\u0440\u043e\u043f\u0435\u0434\u0435\u0432\u0442\u0438\u043a\u0435 \u043c\u0435\u0434\u0438\u0446\u0438\u043d\u044b \u0443 \u0441\u0442\u0443\u0434\u0435\u043d\u0442\u043e\u0432 \u0444\u0430\u0440\u043c\u0430\u0446\u0435\u0432\u0442\u0438\u043a\u0438 \u0438 \u043c\u0435\u0434\u0438\u0446\u0438\u043d\u0441\u043a\u043e\u0439 \u0430\u043d\u0430\u043b\u0438\u0442\u0438\u043a\u0438. \u0412 1995-1999 \u0433\u0433. \u0432\u0435\u043b \u043f\u0440\u0430\u043a\u0442\u0438\u0447\u0435\u0441\u043a\u0438\u0435 \u0437\u0430\u043d\u044f\u0442\u0438\u044f \u0438 \u043b\u0435\u043a\u0446\u0438\u0438 \u043f\u043e \u043c\u0435\u0434\u0438\u0446\u0438\u043d\u0435 \u043a\u0430\u0442\u0430\u0441\u0442\u0440\u043e\u0444. \u041d\u0430\u0443\u0447\u043d\u044b\u0439 \u0440\u0443\u043a\u043e\u0432\u043e\u0434\u0438\u0442\u0435\u043b\u044c 7 \u043a\u0430\u043d\u0434\u0438\u0434\u0430\u0442\u0441\u043a\u0438\u0445 \u0440\u0430\u0431\u043e\u0442 \u0432 \u043e\u0431\u043b\u0430\u0441\u0442\u0438 \u043c\u0435\u0434\u0438\u0446\u0438\u043d\u044b, 5 \u043c\u0430\u0433\u0438\u0441\u0442\u0435\u0440\u0441\u043a\u0438\u0445 \u0440\u0430\u0431\u043e\u0442 \u043f\u043e \u043c\u0435\u0434\u0438\u0446\u0438\u043d\u0441\u043a\u043e\u0439 \u0430\u043d\u0430\u043b\u0438\u0442\u0438\u043a\u0435, \u0440\u0435\u0446\u0435\u043d\u0437\u0435\u043d\u0442 1 \u043a\u0430\u043d\u0434\u0438\u0434\u0430\u0442\u0441\u043a\u043e\u0439 \u0440\u0430\u0431\u043e\u0442\u044b, 9 \u043c\u0430\u0433\u0438\u0441\u0442\u0435\u0440\u0441\u043a\u0438\u0445 \u0440\u0430\u0431\u043e\u0442\u044b \u043f\u043e \u043c\u0435\u0434\u0438\u0446\u0438\u043d\u0441\u043a\u043e\u0439 \u0430\u043d\u0430\u043b\u0438\u0442\u0438\u043a\u0435, \u0430 \u0442\u0430\u043a\u0436\u0435 4 \u0440\u0430\u0431\u043e\u0442 &#8212; \u043f\u043e \u0441\u0435\u0441\u0442\u0440\u0438\u043d\u0441\u043a\u043e\u043c\u0443 \u0434\u0435\u043b\u0443. \u0421 1972 \u0433. \u043f\u0440\u043e\u0432\u043e\u0434\u0438\u043b \u0437\u0430\u043d\u044f\u0442\u0438\u044f \u0434\u043b\u044f \u0432\u0440\u0430\u0447\u0435\u0439 \u043a\u0430\u0442\u043e\u0432\u0438\u0446\u043a\u043e\u0433\u043e \u0440\u0435\u0433\u0438\u043e\u043d\u0430 \u0432 \u0440\u0430\u043c\u043a\u0430\u0445 \u043f\u043e\u0441\u043b\u0435\u0434\u0438\u043f\u043b\u043e\u043c\u043d\u043e\u0433\u043e \u043e\u0431\u0443\u0447\u0435\u043d\u0438\u044f.<br \/>\n\u0417\u0430\u043d\u0438\u043c\u0430\u0435\u0442\u0441\u044f \u0441\u043f\u043e\u0440\u0442\u043e\u043c (\u043b\u044b\u0436\u043d\u044b\u0439 \u0441\u043f\u043e\u0440\u0442, \u0442\u0435\u043d\u043d\u0438\u0441), \u0438\u043d\u0442\u0435\u0440\u0435\u0441\u0443\u0435\u0442\u0441\u044f \u0438\u0441\u0442\u043e\u0440\u0438\u0435\u0439 \u041f\u043e\u043b\u044c\u0448\u0438. \u0416\u0438\u0432\u0435\u0442 \u0432 \u0421\u043e\u0441\u043d\u043e\u0432\u0446\u0435.<\/p>\n<p>&nbsp;<\/p>\n<p>\u0435-\u043c\u0430\u0439\u043b: <a href=\"mailto:rektorat@swsm.pl\">rektorat@swsm.pl<\/a><\/p>\n<\/div>                                                                    <\/div>\n                                                                                                            <\/div>\n        <\/div>\n    <\/div>\n<\/section>\n","protected":false},"excerpt":{"rendered":"","protected":false},"author":9,"featured_media":0,"parent":11559,"menu_order":1,"comment_status":"closed","ping_status":"closed","template":"","meta":{"_acf_changed":false,"footnotes":""},"class_list":["post-11577","page","type-page","status-publish","hentry"],"acf":{"alert_on":false,"alert_filter_tag_select":false,"alert_filter_by_tag":[],"modalComunicatHeader_blog":"","modalComunicatHeader_link":[""]},"yoast_head":"<!-- This site is optimized with the Yoast SEO plugin v27.4 - https:\/\/yoast.com\/product\/yoast-seo-wordpress\/ -->\n<title>\u0410\u0434\u043c\u0438\u043d\u0438\u0441\u0442\u0440\u0430\u0446\u0438\u044f \u0412\u0443\u0437\u0430 - SWSM<\/title>\n<meta name=\"robots\" content=\"index, follow, max-snippet:-1, max-image-preview:large, max-video-preview:-1\" \/>\n<link rel=\"canonical\" href=\"https:\/\/swsm.pl\/ru\/\u0432\u0443\u0437\/\u043e-\u0432\u0443\u0437\u0435\/\u0430\u0434\u043c\u0438\u043d\u0438\u0441\u0442\u0440\u0430\u0446\u0438\u044f-\u0432\u0443\u0437\u0430\/\" \/>\n<meta property=\"og:locale\" content=\"ru_RU\" \/>\n<meta property=\"og:type\" content=\"article\" \/>\n<meta property=\"og:title\" content=\"\u0410\u0434\u043c\u0438\u043d\u0438\u0441\u0442\u0440\u0430\u0446\u0438\u044f \u0412\u0443\u0437\u0430 - SWSM\" \/>\n<meta property=\"og:url\" content=\"https:\/\/swsm.pl\/ru\/\u0432\u0443\u0437\/\u043e-\u0432\u0443\u0437\u0435\/\u0430\u0434\u043c\u0438\u043d\u0438\u0441\u0442\u0440\u0430\u0446\u0438\u044f-\u0432\u0443\u0437\u0430\/\" \/>\n<meta property=\"og:site_name\" content=\"SWSM\" \/>\n<meta property=\"article:modified_time\" content=\"2025-02-25T09:23:20+00:00\" \/>\n<meta name=\"twitter:card\" content=\"summary_large_image\" \/>\n<script type=\"application\/ld+json\" class=\"yoast-schema-graph\">{\"@context\":\"https:\\\/\\\/schema.org\",\"@graph\":[{\"@type\":\"WebPage\",\"@id\":\"https:\\\/\\\/swsm.pl\\\/ru\\\/%d0%b2%d1%83%d0%b7\\\/%d0%be-%d0%b2%d1%83%d0%b7%d0%b5\\\/%d0%b0%d0%b4%d0%bc%d0%b8%d0%bd%d0%b8%d1%81%d1%82%d1%80%d0%b0%d1%86%d0%b8%d1%8f-%d0%b2%d1%83%d0%b7%d0%b0\\\/\",\"url\":\"https:\\\/\\\/swsm.pl\\\/ru\\\/%d0%b2%d1%83%d0%b7\\\/%d0%be-%d0%b2%d1%83%d0%b7%d0%b5\\\/%d0%b0%d0%b4%d0%bc%d0%b8%d0%bd%d0%b8%d1%81%d1%82%d1%80%d0%b0%d1%86%d0%b8%d1%8f-%d0%b2%d1%83%d0%b7%d0%b0\\\/\",\"name\":\"\u0410\u0434\u043c\u0438\u043d\u0438\u0441\u0442\u0440\u0430\u0446\u0438\u044f \u0412\u0443\u0437\u0430 - SWSM\",\"isPartOf\":{\"@id\":\"https:\\\/\\\/swsm.pl\\\/#website\"},\"datePublished\":\"2023-11-29T17:09:11+00:00\",\"dateModified\":\"2025-02-25T09:23:20+00:00\",\"breadcrumb\":{\"@id\":\"https:\\\/\\\/swsm.pl\\\/ru\\\/%d0%b2%d1%83%d0%b7\\\/%d0%be-%d0%b2%d1%83%d0%b7%d0%b5\\\/%d0%b0%d0%b4%d0%bc%d0%b8%d0%bd%d0%b8%d1%81%d1%82%d1%80%d0%b0%d1%86%d0%b8%d1%8f-%d0%b2%d1%83%d0%b7%d0%b0\\\/#breadcrumb\"},\"inLanguage\":\"ru-RU\",\"potentialAction\":[{\"@type\":\"ReadAction\",\"target\":[\"https:\\\/\\\/swsm.pl\\\/ru\\\/%d0%b2%d1%83%d0%b7\\\/%d0%be-%d0%b2%d1%83%d0%b7%d0%b5\\\/%d0%b0%d0%b4%d0%bc%d0%b8%d0%bd%d0%b8%d1%81%d1%82%d1%80%d0%b0%d1%86%d0%b8%d1%8f-%d0%b2%d1%83%d0%b7%d0%b0\\\/\"]}]},{\"@type\":\"BreadcrumbList\",\"@id\":\"https:\\\/\\\/swsm.pl\\\/ru\\\/%d0%b2%d1%83%d0%b7\\\/%d0%be-%d0%b2%d1%83%d0%b7%d0%b5\\\/%d0%b0%d0%b4%d0%bc%d0%b8%d0%bd%d0%b8%d1%81%d1%82%d1%80%d0%b0%d1%86%d0%b8%d1%8f-%d0%b2%d1%83%d0%b7%d0%b0\\\/#breadcrumb\",\"itemListElement\":[{\"@type\":\"ListItem\",\"position\":1,\"name\":\"Strona g\u0142\u00f3wna\",\"item\":\"https:\\\/\\\/swsm.pl\\\/ru\\\/\"},{\"@type\":\"ListItem\",\"position\":2,\"name\":\"\u0412\u0443\u0437\",\"item\":\"https:\\\/\\\/swsm.pl\\\/uczelnia\\\/\"},{\"@type\":\"ListItem\",\"position\":3,\"name\":\"\u041e \u0412\u0443\u0437\u0435\",\"item\":\"https:\\\/\\\/swsm.pl\\\/uczelnia\\\/o-uczelni\\\/\"},{\"@type\":\"ListItem\",\"position\":4,\"name\":\"\u0410\u0434\u043c\u0438\u043d\u0438\u0441\u0442\u0440\u0430\u0446\u0438\u044f \u0412\u0443\u0437\u0430\"}]},{\"@type\":\"WebSite\",\"@id\":\"https:\\\/\\\/swsm.pl\\\/#website\",\"url\":\"https:\\\/\\\/swsm.pl\\\/\",\"name\":\"SWSM\",\"description\":\"\u015al\u0105ska Wy\u017csza Szko\u0142a Medyczna w Katowicach\",\"potentialAction\":[{\"@type\":\"SearchAction\",\"target\":{\"@type\":\"EntryPoint\",\"urlTemplate\":\"https:\\\/\\\/swsm.pl\\\/?s={search_term_string}\"},\"query-input\":{\"@type\":\"PropertyValueSpecification\",\"valueRequired\":true,\"valueName\":\"search_term_string\"}}],\"inLanguage\":\"ru-RU\"}]}<\/script>\n<!-- \/ Yoast SEO plugin. -->","yoast_head_json":{"title":"\u0410\u0434\u043c\u0438\u043d\u0438\u0441\u0442\u0440\u0430\u0446\u0438\u044f \u0412\u0443\u0437\u0430 - SWSM","robots":{"index":"index","follow":"follow","max-snippet":"max-snippet:-1","max-image-preview":"max-image-preview:large","max-video-preview":"max-video-preview:-1"},"canonical":"https:\/\/swsm.pl\/ru\/\u0432\u0443\u0437\/\u043e-\u0432\u0443\u0437\u0435\/\u0430\u0434\u043c\u0438\u043d\u0438\u0441\u0442\u0440\u0430\u0446\u0438\u044f-\u0432\u0443\u0437\u0430\/","og_locale":"ru_RU","og_type":"article","og_title":"\u0410\u0434\u043c\u0438\u043d\u0438\u0441\u0442\u0440\u0430\u0446\u0438\u044f \u0412\u0443\u0437\u0430 - SWSM","og_url":"https:\/\/swsm.pl\/ru\/\u0432\u0443\u0437\/\u043e-\u0432\u0443\u0437\u0435\/\u0430\u0434\u043c\u0438\u043d\u0438\u0441\u0442\u0440\u0430\u0446\u0438\u044f-\u0432\u0443\u0437\u0430\/","og_site_name":"SWSM","article_modified_time":"2025-02-25T09:23:20+00:00","twitter_card":"summary_large_image","schema":{"@context":"https:\/\/schema.org","@graph":[{"@type":"WebPage","@id":"https:\/\/swsm.pl\/ru\/%d0%b2%d1%83%d0%b7\/%d0%be-%d0%b2%d1%83%d0%b7%d0%b5\/%d0%b0%d0%b4%d0%bc%d0%b8%d0%bd%d0%b8%d1%81%d1%82%d1%80%d0%b0%d1%86%d0%b8%d1%8f-%d0%b2%d1%83%d0%b7%d0%b0\/","url":"https:\/\/swsm.pl\/ru\/%d0%b2%d1%83%d0%b7\/%d0%be-%d0%b2%d1%83%d0%b7%d0%b5\/%d0%b0%d0%b4%d0%bc%d0%b8%d0%bd%d0%b8%d1%81%d1%82%d1%80%d0%b0%d1%86%d0%b8%d1%8f-%d0%b2%d1%83%d0%b7%d0%b0\/","name":"\u0410\u0434\u043c\u0438\u043d\u0438\u0441\u0442\u0440\u0430\u0446\u0438\u044f \u0412\u0443\u0437\u0430 - SWSM","isPartOf":{"@id":"https:\/\/swsm.pl\/#website"},"datePublished":"2023-11-29T17:09:11+00:00","dateModified":"2025-02-25T09:23:20+00:00","breadcrumb":{"@id":"https:\/\/swsm.pl\/ru\/%d0%b2%d1%83%d0%b7\/%d0%be-%d0%b2%d1%83%d0%b7%d0%b5\/%d0%b0%d0%b4%d0%bc%d0%b8%d0%bd%d0%b8%d1%81%d1%82%d1%80%d0%b0%d1%86%d0%b8%d1%8f-%d0%b2%d1%83%d0%b7%d0%b0\/#breadcrumb"},"inLanguage":"ru-RU","potentialAction":[{"@type":"ReadAction","target":["https:\/\/swsm.pl\/ru\/%d0%b2%d1%83%d0%b7\/%d0%be-%d0%b2%d1%83%d0%b7%d0%b5\/%d0%b0%d0%b4%d0%bc%d0%b8%d0%bd%d0%b8%d1%81%d1%82%d1%80%d0%b0%d1%86%d0%b8%d1%8f-%d0%b2%d1%83%d0%b7%d0%b0\/"]}]},{"@type":"BreadcrumbList","@id":"https:\/\/swsm.pl\/ru\/%d0%b2%d1%83%d0%b7\/%d0%be-%d0%b2%d1%83%d0%b7%d0%b5\/%d0%b0%d0%b4%d0%bc%d0%b8%d0%bd%d0%b8%d1%81%d1%82%d1%80%d0%b0%d1%86%d0%b8%d1%8f-%d0%b2%d1%83%d0%b7%d0%b0\/#breadcrumb","itemListElement":[{"@type":"ListItem","position":1,"name":"Strona g\u0142\u00f3wna","item":"https:\/\/swsm.pl\/ru\/"},{"@type":"ListItem","position":2,"name":"\u0412\u0443\u0437","item":"https:\/\/swsm.pl\/uczelnia\/"},{"@type":"ListItem","position":3,"name":"\u041e \u0412\u0443\u0437\u0435","item":"https:\/\/swsm.pl\/uczelnia\/o-uczelni\/"},{"@type":"ListItem","position":4,"name":"\u0410\u0434\u043c\u0438\u043d\u0438\u0441\u0442\u0440\u0430\u0446\u0438\u044f \u0412\u0443\u0437\u0430"}]},{"@type":"WebSite","@id":"https:\/\/swsm.pl\/#website","url":"https:\/\/swsm.pl\/","name":"SWSM","description":"\u015al\u0105ska Wy\u017csza Szko\u0142a Medyczna w Katowicach","potentialAction":[{"@type":"SearchAction","target":{"@type":"EntryPoint","urlTemplate":"https:\/\/swsm.pl\/?s={search_term_string}"},"query-input":{"@type":"PropertyValueSpecification","valueRequired":true,"valueName":"search_term_string"}}],"inLanguage":"ru-RU"}]}},"_links":{"self":[{"href":"https:\/\/swsm.pl\/ru\/wp-json\/wp\/v2\/pages\/11577","targetHints":{"allow":["GET"]}}],"collection":[{"href":"https:\/\/swsm.pl\/ru\/wp-json\/wp\/v2\/pages"}],"about":[{"href":"https:\/\/swsm.pl\/ru\/wp-json\/wp\/v2\/types\/page"}],"author":[{"embeddable":true,"href":"https:\/\/swsm.pl\/ru\/wp-json\/wp\/v2\/users\/9"}],"replies":[{"embeddable":true,"href":"https:\/\/swsm.pl\/ru\/wp-json\/wp\/v2\/comments?post=11577"}],"version-history":[{"count":4,"href":"https:\/\/swsm.pl\/ru\/wp-json\/wp\/v2\/pages\/11577\/revisions"}],"predecessor-version":[{"id":21710,"href":"https:\/\/swsm.pl\/ru\/wp-json\/wp\/v2\/pages\/11577\/revisions\/21710"}],"up":[{"embeddable":true,"href":"https:\/\/swsm.pl\/ru\/wp-json\/wp\/v2\/pages\/11559"}],"wp:attachment":[{"href":"https:\/\/swsm.pl\/ru\/wp-json\/wp\/v2\/media?parent=11577"}],"curies":[{"name":"wp","href":"https:\/\/api.w.org\/{rel}","templated":true}]}}