{"id":11761,"date":"2023-11-29T17:40:07","date_gmt":"2023-11-29T17:40:07","guid":{"rendered":"https:\/\/swsm.pl\/%d0%bd%d0%b0%d1%83%d1%87%d0%bd%d1%8b%d0%b5-%d0%ba%d1%80%d1%83%d0%b6%d0%ba%d0%b8\/"},"modified":"2025-10-09T08:08:43","modified_gmt":"2025-10-09T08:08:43","slug":"%d0%bd%d0%b0%d1%83%d1%87%d0%bd%d1%8b%d0%b5-%d0%ba%d1%80%d1%83%d0%b6%d0%ba%d0%b8","status":"publish","type":"page","link":"https:\/\/swsm.pl\/ru\/%d0%b7%d0%be%d0%bd%d0%b0-%d1%81%d1%82%d1%83%d0%b4%d0%b5%d0%bd%d1%82%d0%b0\/%d0%b7%d0%be%d0%bd%d0%b0-%d1%81%d1%82%d1%83%d0%b4%d0%b5%d0%bd%d1%82%d0%b0\/%d0%bd%d0%b0%d1%83%d1%87%d0%bd%d1%8b%d0%b5-%d0%ba%d1%80%d1%83%d0%b6%d0%ba%d0%b8\/","title":{"rendered":"\u041d\u0430\u0443\u0447\u043d\u044b\u0435 \u041a\u0440\u0443\u0436\u043a\u0438"},"content":{"rendered":"<section class=\"textBlock textBlock--0 padding-less\">\n    <div class=\"tbc\">\n        <div class=\"container\">\n            <div class=\"row\">\n                                    <div class=\"col-12\">\n                                                                            <h5 class=\"title title--5 color--navy-700 tbc__title2\">\u0421\u0438\u043b\u0435\u0437\u0441\u043a\u0438\u0439 \u043c\u0435\u0434\u0438\u0446\u0438\u043d\u0441\u043a\u0438\u0439 \u0443\u043d\u0438\u0432\u0435\u0440\u0441\u0438\u0442\u0435\u0442 \u0432 \u041a\u0430\u0442\u043e\u0432\u0438\u0446\u0435 \u0430\u043a\u0442\u0438\u0432\u043d\u043e \u0443\u0447\u0430\u0441\u0442\u0432\u0443\u0435\u0442 \u0432 \u0440\u0430\u0437\u0432\u0438\u0442\u0438\u0438 \u043f\u0440\u043e\u0444\u0435\u0441\u0441\u0438\u043e\u043d\u0430\u043b\u044c\u043d\u044b\u0445 \u0438\u043d\u0442\u0435\u0440\u0435\u0441\u043e\u0432 \u0438 \u043d\u0430\u0443\u0447\u043d\u044b\u0445 \u0443\u0432\u043b\u0435\u0447\u0435\u043d\u0438\u0439 \u0441\u0442\u0443\u0434\u0435\u043d\u0442\u043e\u0432.<\/h5>                                                                            <div class=\"text text--2 color--navy-500 tbc__desc\"><p><span class=\"HwtZe\" lang=\"ru\"><span class=\"jCAhz ChMk0b\"><span class=\"ryNqvb\">\u0427\u043b\u0435\u043d\u044b \u043d\u0430\u0443\u0447\u043d\u044b\u0445 \u043a\u0440\u0443\u0436\u043a\u043e\u0432, \u0434\u0435\u0439\u0441\u0442\u0432\u0443\u044e\u0449\u0438\u0445 \u0432 \u0443\u043d\u0438\u0432\u0435\u0440\u0441\u0438\u0442\u0435\u0442\u0435, \u0437\u0430\u043d\u0438\u043c\u0430\u044e\u0442\u0441\u044f, \u0441\u0440\u0435\u0434\u0438 \u043f\u0440\u043e\u0447\u0435\u0433\u043e:<\/span><\/span> <span class=\"jCAhz ChMk0b\"><span class=\"ryNqvb\">\u043f\u0440\u043e\u0432\u043e\u0434\u0438\u0442\u044c \u043d\u0430\u0443\u0447\u043d\u044b\u0435 \u0438\u0441\u0441\u043b\u0435\u0434\u043e\u0432\u0430\u043d\u0438\u044f, \u043e\u0431\u043c\u0435\u043d\u0438\u0432\u0430\u0442\u044c\u0441\u044f \u043e\u043f\u044b\u0442\u043e\u043c, \u0430 \u0442\u0430\u043a\u0436\u0435 \u0437\u0430\u0431\u043e\u0442\u0438\u0442\u044c\u0441\u044f \u043e\u0431 \u0443\u0433\u043b\u0443\u0431\u043b\u0435\u043d\u0438\u0438 \u0441\u0432\u043e\u0438\u0445 \u0437\u043d\u0430\u043d\u0438\u0439 \u0432 \u0438\u043d\u0442\u0435\u0440\u0435\u0441\u0443\u044e\u0449\u0435\u0439 \u0438\u0445 \u043e\u0431\u043b\u0430\u0441\u0442\u0438.<\/span><\/span><\/span><\/p>\n<\/div>                                                                    <\/div>\n                                                                                                            <\/div>\n        <\/div>\n    <\/div>\n<\/section>\n\n\n    <section class=\"subpages-teaser-tiles-four  \">\n            <div class=\"container\">\n                <div class=\"row\">\n                    <div class=\"col-12\">\n                        <div class=\"subpages-teaser-tiles-four__top\">\n                                                            <h5>Ko\u0142a naukowe<\/h5>\n                                                                                <\/div>\n                    <\/div>\n                <\/div>\n                <div class=\"row gap-box\">\n                                            \n\n                            <div class=\"col-12 col-md-6 col-lg-4 col-xl-3\">\n                                                                    <a class=\"subpages-teaser-tiles-four__box subpages-teaser-tiles-four__box-four\" href=\"https:\/\/swsm.pl\/ru\/%d0%b7%d0%be%d0%bd%d0%b0-%d1%81%d1%82%d1%83%d0%b4%d0%b5%d0%bd%d1%82%d0%b0\/%d0%b7%d0%be%d0%bd%d0%b0-%d1%81%d1%82%d1%83%d0%b4%d0%b5%d0%bd%d1%82%d0%b0\/%d0%bd%d0%b0%d1%83%d1%87%d0%bd%d1%8b%d0%b5-%d0%ba%d1%80%d1%83%d0%b6%d0%ba%d0%b8\/mikrobiologiczno-podologiczne-kolo-naukowe-mikropodonauci\/\" target=\"_self\">\n                                                                                        <img decoding=\"async\" class=\"photo-box\" src=\"https:\/\/swsm.pl\/wp-content\/uploads\/2025\/09\/MikroPodoNautsi-ikona-3.jpg\" alt=\"\" \/>\n                                                                                        <div class=\"btn\">\n                                                <p class=\"text--1 text--bold\"> Mikrobiologiczno-Podologiczne Ko\u0142o Naukowe \u2013 MikroPodoNauci<\/p>\n                                            <\/div>\n                                    <\/a>\n                                                            <\/div>\n                        \n\n                            <div class=\"col-12 col-md-6 col-lg-4 col-xl-3\">\n                                                                    <a class=\"subpages-teaser-tiles-four__box subpages-teaser-tiles-four__box-four\" href=\"https:\/\/swsm.pl\/ru\/%d0%b7%d0%be%d0%bd%d0%b0-%d1%81%d1%82%d1%83%d0%b4%d0%b5%d0%bd%d1%82%d0%b0\/%d0%b7%d0%be%d0%bd%d0%b0-%d1%81%d1%82%d1%83%d0%b4%d0%b5%d0%bd%d1%82%d0%b0\/%d0%bd%d0%b0%d1%83%d1%87%d0%bd%d1%8b%d0%b5-%d0%ba%d1%80%d1%83%d0%b6%d0%ba%d0%b8\/kolo-naukowe-skora-holistycznie\/\" target=\"_self\">\n                                                                                        <img decoding=\"async\" class=\"photo-box\" src=\"https:\/\/swsm.pl\/wp-content\/uploads\/2024\/04\/kn-skora-holistycznie-1.jpg\" alt=\"\" \/>\n                                                                                        <div class=\"btn\">\n                                                <p class=\"text--1 text--bold\"> Ko\u0142o Naukowe Sk\u00f3ra Holistycznie<\/p>\n                                            <\/div>\n                                    <\/a>\n                                                            <\/div>\n                        \n\n                            <div class=\"col-12 col-md-6 col-lg-4 col-xl-3\">\n                                                                    <a class=\"subpages-teaser-tiles-four__box subpages-teaser-tiles-four__box-four\" href=\"https:\/\/swsm.pl\/ru\/%d0%b7%d0%be%d0%bd%d0%b0-%d1%81%d1%82%d1%83%d0%b4%d0%b5%d0%bd%d1%82%d0%b0\/%d0%b7%d0%be%d0%bd%d0%b0-%d1%81%d1%82%d1%83%d0%b4%d0%b5%d0%bd%d1%82%d0%b0\/%d0%bd%d0%b0%d1%83%d1%87%d0%bd%d1%8b%d0%b5-%d0%ba%d1%80%d1%83%d0%b6%d0%ba%d0%b8\/studenckie-kolo-poszukiwaczy-odkrywcow-i-przyjaciol\/\" target=\"_self\">\n                                                                                        <img decoding=\"async\" class=\"photo-box\" src=\"https:\/\/swsm.pl\/wp-content\/uploads\/2024\/04\/kn-poszukiwaczy.jpg\" alt=\"\" \/>\n                                                                                        <div class=\"btn\">\n                                                <p class=\"text--1 text--bold\"> Studenckie Ko\u0142o poszukiwaczy, odkrywc\u00f3w i przyjaci\u00f3\u0142<\/p>\n                                            <\/div>\n                                    <\/a>\n                                                            <\/div>\n                        \n\n                            <div class=\"col-12 col-md-6 col-lg-4 col-xl-3\">\n                                                                    <a class=\"subpages-teaser-tiles-four__box subpages-teaser-tiles-four__box-four\" href=\"https:\/\/swsm.pl\/ru\/%d0%b7%d0%be%d0%bd%d0%b0-%d1%81%d1%82%d1%83%d0%b4%d0%b5%d0%bd%d1%82%d0%b0\/%d0%b7%d0%be%d0%bd%d0%b0-%d1%81%d1%82%d1%83%d0%b4%d0%b5%d0%bd%d1%82%d0%b0\/%d0%bd%d0%b0%d1%83%d1%87%d0%bd%d1%8b%d0%b5-%d0%ba%d1%80%d1%83%d0%b6%d0%ba%d0%b8\/chemiczne-kolo-naukowe-witamina\/\" target=\"_self\">\n                                                                                        <img decoding=\"async\" class=\"photo-box\" src=\"https:\/\/swsm.pl\/wp-content\/uploads\/2024\/04\/kn-chemiczne-witamina-1.jpg\" alt=\"\" \/>\n                                                                                        <div class=\"btn\">\n                                                <p class=\"text--1 text--bold\"> Chemiczne Ko\u0142o Naukowe Witamina<\/p>\n                                            <\/div>\n                                    <\/a>\n                                                            <\/div>\n                        \n\n                            <div class=\"col-12 col-md-6 col-lg-4 col-xl-3\">\n                                                                    <a class=\"subpages-teaser-tiles-four__box subpages-teaser-tiles-four__box-four\" href=\"https:\/\/swsm.pl\/ru\/%d0%b7%d0%be%d0%bd%d0%b0-%d1%81%d1%82%d1%83%d0%b4%d0%b5%d0%bd%d1%82%d0%b0\/%d0%b7%d0%be%d0%bd%d0%b0-%d1%81%d1%82%d1%83%d0%b4%d0%b5%d0%bd%d1%82%d0%b0\/%d0%bd%d0%b0%d1%83%d1%87%d0%bd%d1%8b%d0%b5-%d0%ba%d1%80%d1%83%d0%b6%d0%ba%d0%b8\/kolo-naukowe-dietetykow-swsm-zywieni-wiedza\/\" target=\"_self\">\n                                                                                        <img decoding=\"async\" class=\"photo-box\" src=\"https:\/\/swsm.pl\/wp-content\/uploads\/2024\/04\/kn-dietetyka-1.jpg\" alt=\"\" \/>\n                                                                                        <div class=\"btn\">\n                                                <p class=\"text--1 text--bold\"> Ko\u0142o Naukowe Dietetyk\u00f3w SWSM \u017bYWIENI WIEDZ\u0104<\/p>\n                                            <\/div>\n                                    <\/a>\n                                                            <\/div>\n                        \n\n                            <div class=\"col-12 col-md-6 col-lg-4 col-xl-3\">\n                                                                    <a class=\"subpages-teaser-tiles-four__box subpages-teaser-tiles-four__box-four\" href=\"https:\/\/swsm.pl\/ru\/%d0%b7%d0%be%d0%bd%d0%b0-%d1%81%d1%82%d1%83%d0%b4%d0%b5%d0%bd%d1%82%d0%b0\/%d0%b7%d0%be%d0%bd%d0%b0-%d1%81%d1%82%d1%83%d0%b4%d0%b5%d0%bd%d1%82%d0%b0\/%d0%bd%d0%b0%d1%83%d1%87%d0%bd%d1%8b%d0%b5-%d0%ba%d1%80%d1%83%d0%b6%d0%ba%d0%b8\/kolo-naukowe-fitokosmetykow-i-fitoterapii-arnika\/\" target=\"_self\">\n                                                                                        <img decoding=\"async\" class=\"photo-box\" src=\"https:\/\/swsm.pl\/wp-content\/uploads\/2024\/04\/kn-arnika.jpg\" alt=\"\" \/>\n                                                                                        <div class=\"btn\">\n                                                <p class=\"text--1 text--bold\"> Ko\u0142o Naukowe Fitokosmetyk\u00f3w i Fitoterapii &quot;Arnika&quot;<\/p>\n                                            <\/div>\n                                    <\/a>\n                                                            <\/div>\n                        \n\n                            <div class=\"col-12 col-md-6 col-lg-4 col-xl-3\">\n                                                                    <a class=\"subpages-teaser-tiles-four__box subpages-teaser-tiles-four__box-four\" href=\"https:\/\/swsm.pl\/ru\/%d0%b7%d0%be%d0%bd%d0%b0-%d1%81%d1%82%d1%83%d0%b4%d0%b5%d0%bd%d1%82%d0%b0\/%d0%b7%d0%be%d0%bd%d0%b0-%d1%81%d1%82%d1%83%d0%b4%d0%b5%d0%bd%d1%82%d0%b0\/%d0%bd%d0%b0%d1%83%d1%87%d0%bd%d1%8b%d0%b5-%d0%ba%d1%80%d1%83%d0%b6%d0%ba%d0%b8\/fitochemiczno-mikrobiologiczne-kolo-naukowe\/\" target=\"_self\">\n                                                                                        <img decoding=\"async\" class=\"photo-box\" src=\"https:\/\/swsm.pl\/wp-content\/uploads\/2024\/04\/kn-fitochemiczne.jpg\" alt=\"\" \/>\n                                                                                        <div class=\"btn\">\n                                                <p class=\"text--1 text--bold\"> Fitochemiczno-mikrobiologiczne Ko\u0142o Naukowe<\/p>\n                                            <\/div>\n                                    <\/a>\n                                                            <\/div>\n                        \n\n                            <div class=\"col-12 col-md-6 col-lg-4 col-xl-3\">\n                                                                    <a class=\"subpages-teaser-tiles-four__box subpages-teaser-tiles-four__box-four\" href=\"https:\/\/swsm.pl\/ru\/%d0%b7%d0%be%d0%bd%d0%b0-%d1%81%d1%82%d1%83%d0%b4%d0%b5%d0%bd%d1%82%d0%b0\/%d0%b7%d0%be%d0%bd%d0%b0-%d1%81%d1%82%d1%83%d0%b4%d0%b5%d0%bd%d1%82%d0%b0\/%d0%bd%d0%b0%d1%83%d1%87%d0%bd%d1%8b%d0%b5-%d0%ba%d1%80%d1%83%d0%b6%d0%ba%d0%b8\/kolo-naukowe-sympatykow-farmakologii\/\" target=\"_self\">\n                                                                                        <img decoding=\"async\" class=\"photo-box\" src=\"https:\/\/swsm.pl\/wp-content\/uploads\/2024\/04\/kn-farmakologii-1.jpg\" alt=\"\" \/>\n                                                                                        <div class=\"btn\">\n                                                <p class=\"text--1 text--bold\"> Ko\u0142o Naukowe Sympatyk\u00f3w Farmakologii<\/p>\n                                            <\/div>\n                                    <\/a>\n                                                            <\/div>\n                        \n\n                            <div class=\"col-12 col-md-6 col-lg-4 col-xl-3\">\n                                                                    <a class=\"subpages-teaser-tiles-four__box subpages-teaser-tiles-four__box-four\" href=\"https:\/\/swsm.pl\/ru\/%d0%b7%d0%be%d0%bd%d0%b0-%d1%81%d1%82%d1%83%d0%b4%d0%b5%d0%bd%d1%82%d0%b0\/%d0%b7%d0%be%d0%bd%d0%b0-%d1%81%d1%82%d1%83%d0%b4%d0%b5%d0%bd%d1%82%d0%b0\/%d0%bd%d0%b0%d1%83%d1%87%d0%bd%d1%8b%d0%b5-%d0%ba%d1%80%d1%83%d0%b6%d0%ba%d0%b8\/kolo-naukowe-biologii-czlowieka\/\" target=\"_self\">\n                                                                                        <img decoding=\"async\" class=\"photo-box\" src=\"https:\/\/swsm.pl\/wp-content\/uploads\/2024\/04\/kn_biologii_czlowieka-2024.jpg\" alt=\"\" \/>\n                                                                                        <div class=\"btn\">\n                                                <p class=\"text--1 text--bold\"> Ko\u0142o Naukowe Biologii Cz\u0142owieka<\/p>\n                                            <\/div>\n                                    <\/a>\n                                                            <\/div>\n                        \n\n                            <div class=\"col-12 col-md-6 col-lg-4 col-xl-3\">\n                                                                    <a class=\"subpages-teaser-tiles-four__box subpages-teaser-tiles-four__box-four\" href=\"https:\/\/swsm.pl\/ru\/%d0%b7%d0%be%d0%bd%d0%b0-%d1%81%d1%82%d1%83%d0%b4%d0%b5%d0%bd%d1%82%d0%b0\/%d0%b7%d0%be%d0%bd%d0%b0-%d1%81%d1%82%d1%83%d0%b4%d0%b5%d0%bd%d1%82%d0%b0\/%d0%bd%d0%b0%d1%83%d1%87%d0%bd%d1%8b%d0%b5-%d0%ba%d1%80%d1%83%d0%b6%d0%ba%d0%b8\/kolo-fotograficzne-synestezja\/\" target=\"_self\">\n                                                                                        <img decoding=\"async\" class=\"photo-box\" src=\"https:\/\/swsm.pl\/wp-content\/uploads\/2024\/04\/kn-foto-1.jpg\" alt=\"\" \/>\n                                                                                        <div class=\"btn\">\n                                                <p class=\"text--1 text--bold\"> Ko\u0142o Fotograficzne \u2013 Synestezja<\/p>\n                                            <\/div>\n                                    <\/a>\n                                                            <\/div>\n                                                            <\/div>\n                <div class=\"row\">\n                    <div class=\"col-12\">\n                        <div class=\"btn-bottom\">\n                                                    <\/div>\n                    <\/div>\n                <\/div>\n            <\/div>\n        <\/div>\n    <\/section>\n\n\n\n","protected":false},"excerpt":{"rendered":"","protected":false},"author":9,"featured_media":0,"parent":12078,"menu_order":1,"comment_status":"closed","ping_status":"closed","template":"","meta":{"_acf_changed":false,"footnotes":""},"class_list":["post-11761","page","type-page","status-publish","hentry"],"acf":{"alert_on":false,"alert_filter_tag_select":false,"alert_filter_by_tag":[],"modalComunicatHeader_blog":"","modalComunicatHeader_link":[""]},"yoast_head":"<!-- This site is optimized with the Yoast SEO plugin v27.5 - https:\/\/yoast.com\/product\/yoast-seo-wordpress\/ -->\n<title>\u041d\u0430\u0443\u0447\u043d\u044b\u0435 \u041a\u0440\u0443\u0436\u043a\u0438 - SWSM<\/title>\n<meta name=\"robots\" content=\"index, follow, max-snippet:-1, max-image-preview:large, max-video-preview:-1\" \/>\n<link rel=\"canonical\" href=\"https:\/\/swsm.pl\/ru\/\u0437\u043e\u043d\u0430-\u0441\u0442\u0443\u0434\u0435\u043d\u0442\u0430\/\u0437\u043e\u043d\u0430-\u0441\u0442\u0443\u0434\u0435\u043d\u0442\u0430\/\u043d\u0430\u0443\u0447\u043d\u044b\u0435-\u043a\u0440\u0443\u0436\u043a\u0438\/\" \/>\n<meta property=\"og:locale\" content=\"ru_RU\" \/>\n<meta property=\"og:type\" content=\"article\" \/>\n<meta property=\"og:title\" content=\"\u041d\u0430\u0443\u0447\u043d\u044b\u0435 \u041a\u0440\u0443\u0436\u043a\u0438 - SWSM\" \/>\n<meta property=\"og:url\" content=\"https:\/\/swsm.pl\/ru\/\u0437\u043e\u043d\u0430-\u0441\u0442\u0443\u0434\u0435\u043d\u0442\u0430\/\u0437\u043e\u043d\u0430-\u0441\u0442\u0443\u0434\u0435\u043d\u0442\u0430\/\u043d\u0430\u0443\u0447\u043d\u044b\u0435-\u043a\u0440\u0443\u0436\u043a\u0438\/\" \/>\n<meta property=\"og:site_name\" content=\"SWSM\" \/>\n<meta property=\"article:modified_time\" content=\"2025-10-09T08:08:43+00:00\" \/>\n<meta name=\"twitter:card\" content=\"summary_large_image\" \/>\n<script type=\"application\/ld+json\" class=\"yoast-schema-graph\">{\"@context\":\"https:\\\/\\\/schema.org\",\"@graph\":[{\"@type\":\"WebPage\",\"@id\":\"https:\\\/\\\/swsm.pl\\\/ru\\\/%d0%b7%d0%be%d0%bd%d0%b0-%d1%81%d1%82%d1%83%d0%b4%d0%b5%d0%bd%d1%82%d0%b0\\\/%d0%b7%d0%be%d0%bd%d0%b0-%d1%81%d1%82%d1%83%d0%b4%d0%b5%d0%bd%d1%82%d0%b0\\\/%d0%bd%d0%b0%d1%83%d1%87%d0%bd%d1%8b%d0%b5-%d0%ba%d1%80%d1%83%d0%b6%d0%ba%d0%b8\\\/\",\"url\":\"https:\\\/\\\/swsm.pl\\\/ru\\\/%d0%b7%d0%be%d0%bd%d0%b0-%d1%81%d1%82%d1%83%d0%b4%d0%b5%d0%bd%d1%82%d0%b0\\\/%d0%b7%d0%be%d0%bd%d0%b0-%d1%81%d1%82%d1%83%d0%b4%d0%b5%d0%bd%d1%82%d0%b0\\\/%d0%bd%d0%b0%d1%83%d1%87%d0%bd%d1%8b%d0%b5-%d0%ba%d1%80%d1%83%d0%b6%d0%ba%d0%b8\\\/\",\"name\":\"\u041d\u0430\u0443\u0447\u043d\u044b\u0435 \u041a\u0440\u0443\u0436\u043a\u0438 - SWSM\",\"isPartOf\":{\"@id\":\"https:\\\/\\\/swsm.pl\\\/#website\"},\"datePublished\":\"2023-11-29T17:40:07+00:00\",\"dateModified\":\"2025-10-09T08:08:43+00:00\",\"breadcrumb\":{\"@id\":\"https:\\\/\\\/swsm.pl\\\/ru\\\/%d0%b7%d0%be%d0%bd%d0%b0-%d1%81%d1%82%d1%83%d0%b4%d0%b5%d0%bd%d1%82%d0%b0\\\/%d0%b7%d0%be%d0%bd%d0%b0-%d1%81%d1%82%d1%83%d0%b4%d0%b5%d0%bd%d1%82%d0%b0\\\/%d0%bd%d0%b0%d1%83%d1%87%d0%bd%d1%8b%d0%b5-%d0%ba%d1%80%d1%83%d0%b6%d0%ba%d0%b8\\\/#breadcrumb\"},\"inLanguage\":\"ru-RU\",\"potentialAction\":[{\"@type\":\"ReadAction\",\"target\":[\"https:\\\/\\\/swsm.pl\\\/ru\\\/%d0%b7%d0%be%d0%bd%d0%b0-%d1%81%d1%82%d1%83%d0%b4%d0%b5%d0%bd%d1%82%d0%b0\\\/%d0%b7%d0%be%d0%bd%d0%b0-%d1%81%d1%82%d1%83%d0%b4%d0%b5%d0%bd%d1%82%d0%b0\\\/%d0%bd%d0%b0%d1%83%d1%87%d0%bd%d1%8b%d0%b5-%d0%ba%d1%80%d1%83%d0%b6%d0%ba%d0%b8\\\/\"]}]},{\"@type\":\"BreadcrumbList\",\"@id\":\"https:\\\/\\\/swsm.pl\\\/ru\\\/%d0%b7%d0%be%d0%bd%d0%b0-%d1%81%d1%82%d1%83%d0%b4%d0%b5%d0%bd%d1%82%d0%b0\\\/%d0%b7%d0%be%d0%bd%d0%b0-%d1%81%d1%82%d1%83%d0%b4%d0%b5%d0%bd%d1%82%d0%b0\\\/%d0%bd%d0%b0%d1%83%d1%87%d0%bd%d1%8b%d0%b5-%d0%ba%d1%80%d1%83%d0%b6%d0%ba%d0%b8\\\/#breadcrumb\",\"itemListElement\":[{\"@type\":\"ListItem\",\"position\":1,\"name\":\"Strona g\u0142\u00f3wna\",\"item\":\"https:\\\/\\\/swsm.pl\\\/ru\\\/\"},{\"@type\":\"ListItem\",\"position\":2,\"name\":\"\u0417\u043e\u043d\u0430 \u0421\u0442\u0443\u0434\u0435\u043d\u0442\u0430\",\"item\":\"https:\\\/\\\/swsm.pl\\\/dla-studenta\\\/\"},{\"@type\":\"ListItem\",\"position\":3,\"name\":\"\u0417\u043e\u043d\u0430 \u0421\u0442\u0443\u0434\u0435\u043d\u0442\u0430\",\"item\":\"https:\\\/\\\/swsm.pl\\\/dla-studenta\\\/sprawy-studenckie\\\/\"},{\"@type\":\"ListItem\",\"position\":4,\"name\":\"\u041d\u0430\u0443\u0447\u043d\u044b\u0435 \u041a\u0440\u0443\u0436\u043a\u0438\"}]},{\"@type\":\"WebSite\",\"@id\":\"https:\\\/\\\/swsm.pl\\\/#website\",\"url\":\"https:\\\/\\\/swsm.pl\\\/\",\"name\":\"SWSM\",\"description\":\"\u015al\u0105ska Wy\u017csza Szko\u0142a Medyczna w Katowicach\",\"potentialAction\":[{\"@type\":\"SearchAction\",\"target\":{\"@type\":\"EntryPoint\",\"urlTemplate\":\"https:\\\/\\\/swsm.pl\\\/?s={search_term_string}\"},\"query-input\":{\"@type\":\"PropertyValueSpecification\",\"valueRequired\":true,\"valueName\":\"search_term_string\"}}],\"inLanguage\":\"ru-RU\"}]}<\/script>\n<!-- \/ Yoast SEO plugin. -->","yoast_head_json":{"title":"\u041d\u0430\u0443\u0447\u043d\u044b\u0435 \u041a\u0440\u0443\u0436\u043a\u0438 - SWSM","robots":{"index":"index","follow":"follow","max-snippet":"max-snippet:-1","max-image-preview":"max-image-preview:large","max-video-preview":"max-video-preview:-1"},"canonical":"https:\/\/swsm.pl\/ru\/\u0437\u043e\u043d\u0430-\u0441\u0442\u0443\u0434\u0435\u043d\u0442\u0430\/\u0437\u043e\u043d\u0430-\u0441\u0442\u0443\u0434\u0435\u043d\u0442\u0430\/\u043d\u0430\u0443\u0447\u043d\u044b\u0435-\u043a\u0440\u0443\u0436\u043a\u0438\/","og_locale":"ru_RU","og_type":"article","og_title":"\u041d\u0430\u0443\u0447\u043d\u044b\u0435 \u041a\u0440\u0443\u0436\u043a\u0438 - SWSM","og_url":"https:\/\/swsm.pl\/ru\/\u0437\u043e\u043d\u0430-\u0441\u0442\u0443\u0434\u0435\u043d\u0442\u0430\/\u0437\u043e\u043d\u0430-\u0441\u0442\u0443\u0434\u0435\u043d\u0442\u0430\/\u043d\u0430\u0443\u0447\u043d\u044b\u0435-\u043a\u0440\u0443\u0436\u043a\u0438\/","og_site_name":"SWSM","article_modified_time":"2025-10-09T08:08:43+00:00","twitter_card":"summary_large_image","schema":{"@context":"https:\/\/schema.org","@graph":[{"@type":"WebPage","@id":"https:\/\/swsm.pl\/ru\/%d0%b7%d0%be%d0%bd%d0%b0-%d1%81%d1%82%d1%83%d0%b4%d0%b5%d0%bd%d1%82%d0%b0\/%d0%b7%d0%be%d0%bd%d0%b0-%d1%81%d1%82%d1%83%d0%b4%d0%b5%d0%bd%d1%82%d0%b0\/%d0%bd%d0%b0%d1%83%d1%87%d0%bd%d1%8b%d0%b5-%d0%ba%d1%80%d1%83%d0%b6%d0%ba%d0%b8\/","url":"https:\/\/swsm.pl\/ru\/%d0%b7%d0%be%d0%bd%d0%b0-%d1%81%d1%82%d1%83%d0%b4%d0%b5%d0%bd%d1%82%d0%b0\/%d0%b7%d0%be%d0%bd%d0%b0-%d1%81%d1%82%d1%83%d0%b4%d0%b5%d0%bd%d1%82%d0%b0\/%d0%bd%d0%b0%d1%83%d1%87%d0%bd%d1%8b%d0%b5-%d0%ba%d1%80%d1%83%d0%b6%d0%ba%d0%b8\/","name":"\u041d\u0430\u0443\u0447\u043d\u044b\u0435 \u041a\u0440\u0443\u0436\u043a\u0438 - SWSM","isPartOf":{"@id":"https:\/\/swsm.pl\/#website"},"datePublished":"2023-11-29T17:40:07+00:00","dateModified":"2025-10-09T08:08:43+00:00","breadcrumb":{"@id":"https:\/\/swsm.pl\/ru\/%d0%b7%d0%be%d0%bd%d0%b0-%d1%81%d1%82%d1%83%d0%b4%d0%b5%d0%bd%d1%82%d0%b0\/%d0%b7%d0%be%d0%bd%d0%b0-%d1%81%d1%82%d1%83%d0%b4%d0%b5%d0%bd%d1%82%d0%b0\/%d0%bd%d0%b0%d1%83%d1%87%d0%bd%d1%8b%d0%b5-%d0%ba%d1%80%d1%83%d0%b6%d0%ba%d0%b8\/#breadcrumb"},"inLanguage":"ru-RU","potentialAction":[{"@type":"ReadAction","target":["https:\/\/swsm.pl\/ru\/%d0%b7%d0%be%d0%bd%d0%b0-%d1%81%d1%82%d1%83%d0%b4%d0%b5%d0%bd%d1%82%d0%b0\/%d0%b7%d0%be%d0%bd%d0%b0-%d1%81%d1%82%d1%83%d0%b4%d0%b5%d0%bd%d1%82%d0%b0\/%d0%bd%d0%b0%d1%83%d1%87%d0%bd%d1%8b%d0%b5-%d0%ba%d1%80%d1%83%d0%b6%d0%ba%d0%b8\/"]}]},{"@type":"BreadcrumbList","@id":"https:\/\/swsm.pl\/ru\/%d0%b7%d0%be%d0%bd%d0%b0-%d1%81%d1%82%d1%83%d0%b4%d0%b5%d0%bd%d1%82%d0%b0\/%d0%b7%d0%be%d0%bd%d0%b0-%d1%81%d1%82%d1%83%d0%b4%d0%b5%d0%bd%d1%82%d0%b0\/%d0%bd%d0%b0%d1%83%d1%87%d0%bd%d1%8b%d0%b5-%d0%ba%d1%80%d1%83%d0%b6%d0%ba%d0%b8\/#breadcrumb","itemListElement":[{"@type":"ListItem","position":1,"name":"Strona g\u0142\u00f3wna","item":"https:\/\/swsm.pl\/ru\/"},{"@type":"ListItem","position":2,"name":"\u0417\u043e\u043d\u0430 \u0421\u0442\u0443\u0434\u0435\u043d\u0442\u0430","item":"https:\/\/swsm.pl\/dla-studenta\/"},{"@type":"ListItem","position":3,"name":"\u0417\u043e\u043d\u0430 \u0421\u0442\u0443\u0434\u0435\u043d\u0442\u0430","item":"https:\/\/swsm.pl\/dla-studenta\/sprawy-studenckie\/"},{"@type":"ListItem","position":4,"name":"\u041d\u0430\u0443\u0447\u043d\u044b\u0435 \u041a\u0440\u0443\u0436\u043a\u0438"}]},{"@type":"WebSite","@id":"https:\/\/swsm.pl\/#website","url":"https:\/\/swsm.pl\/","name":"SWSM","description":"\u015al\u0105ska Wy\u017csza Szko\u0142a Medyczna w Katowicach","potentialAction":[{"@type":"SearchAction","target":{"@type":"EntryPoint","urlTemplate":"https:\/\/swsm.pl\/?s={search_term_string}"},"query-input":{"@type":"PropertyValueSpecification","valueRequired":true,"valueName":"search_term_string"}}],"inLanguage":"ru-RU"}]}},"_links":{"self":[{"href":"https:\/\/swsm.pl\/ru\/wp-json\/wp\/v2\/pages\/11761","targetHints":{"allow":["GET"]}}],"collection":[{"href":"https:\/\/swsm.pl\/ru\/wp-json\/wp\/v2\/pages"}],"about":[{"href":"https:\/\/swsm.pl\/ru\/wp-json\/wp\/v2\/types\/page"}],"author":[{"embeddable":true,"href":"https:\/\/swsm.pl\/ru\/wp-json\/wp\/v2\/users\/9"}],"replies":[{"embeddable":true,"href":"https:\/\/swsm.pl\/ru\/wp-json\/wp\/v2\/comments?post=11761"}],"version-history":[{"count":16,"href":"https:\/\/swsm.pl\/ru\/wp-json\/wp\/v2\/pages\/11761\/revisions"}],"predecessor-version":[{"id":27101,"href":"https:\/\/swsm.pl\/ru\/wp-json\/wp\/v2\/pages\/11761\/revisions\/27101"}],"up":[{"embeddable":true,"href":"https:\/\/swsm.pl\/ru\/wp-json\/wp\/v2\/pages\/12078"}],"wp:attachment":[{"href":"https:\/\/swsm.pl\/ru\/wp-json\/wp\/v2\/media?parent=11761"}],"curies":[{"name":"wp","href":"https:\/\/api.w.org\/{rel}","templated":true}]}}