{"id":11889,"date":"2023-12-03T17:40:00","date_gmt":"2023-12-03T17:40:00","guid":{"rendered":"https:\/\/swsm.pl\/polityka-prywatnosci\/"},"modified":"2023-12-14T20:56:41","modified_gmt":"2023-12-14T20:56:41","slug":"%d0%bf%d0%be%d0%bb%d0%b8%d1%82%d0%b8%d0%ba%d0%b0-%d0%ba%d0%be%d0%bd%d1%84%d0%b8%d0%b4%d0%b5%d0%bd%d1%86%d0%b8%d0%b0%d0%bb%d1%8c%d0%bd%d0%be%d1%81%d1%82%d0%b8","status":"publish","type":"page","link":"https:\/\/swsm.pl\/ru\/%d0%bf%d0%be%d0%bb%d0%b8%d1%82%d0%b8%d0%ba%d0%b0-%d0%ba%d0%be%d0%bd%d1%84%d0%b8%d0%b4%d0%b5%d0%bd%d1%86%d0%b8%d0%b0%d0%bb%d1%8c%d0%bd%d0%be%d1%81%d1%82%d0%b8\/","title":{"rendered":"\u043f\u043e\u043b\u0438\u0442\u0438\u043a\u0430 \u043a\u043e\u043d\u0444\u0438\u0434\u0435\u043d\u0446\u0438\u0430\u043b\u044c\u043d\u043e\u0441\u0442\u0438"},"content":{"rendered":"<section class=\"textBlock textBlock--0 \">\n    <div class=\"tbc\">\n        <div class=\"container\">\n            <div class=\"row\">\n                                    <div class=\"col-12\">\n                                                                                                    <div class=\"text text--2 color--navy-500 tbc__desc\"><h5>Klauzula informacyjna RODO<\/h5>\n<p>Zgodnie z Rozporz\u0105dzeniem Parlamentu Europejskiego i Rady (UE) 2016\/679 z 27 kwietnia 2016 r. w sprawie ochrony os\u00f3b fizycznych w zwi\u0105zku z przetwarzaniem danych osobowych i w sprawie swobodnego przep\u0142ywu takich danych oraz uchylenia dyrektywy 95\/46\/WE (og\u00f3lne rozporz\u0105dzenie o ochronie danych) informujemy, i\u017c:<\/p>\n<p>&nbsp;<\/p>\n<h5>I. ADMINISTRATOR DANYCH<\/h5>\n<p>Administratorem Pani\/Pana danych osobowych jest <strong>\u015al\u0105ska Wy\u017csza Szko\u0142a Medyczna w Katowicach, ul. Mickiewicza 29, 40-85 Katowice<\/strong>.<\/p>\n<p>&nbsp;<\/p>\n<h5>II. INSPEKTOR OCHRONY DANYCH<\/h5>\n<p>Administrator wyznaczy\u0142 Inspektora Ochrony Danych, z kt\u00f3rym mo\u017ce si\u0119 Pani\/Pan skontaktowa\u0107 w sprawach zwi\u0105zanych z ochron\u0105 danych osobowych, w nast\u0119puj\u0105cy spos\u00f3b:<\/p>\n<ol>\n<li>e-mail: <a href=\"mailto:iod@swsm.pl\">iod@swsm.pl<\/a><\/li>\n<li>pisemnie na adres siedziby Administratora<\/li>\n<\/ol>\n<p>&nbsp;<\/p>\n<h5>III. CELE PRZETWARZANIA DANYCH OSOBOWYCH I PODSTAWA PRAWNA<\/h5>\n<ol>\n<li>Pani\/Pana dane przetwarzane b\u0119d\u0105 w zwi\u0105zku z realizacj\u0105 zada\u0144 w\u0142asnych b\u0105d\u017a zleconych okre\u015blonych przepisami prawa, w celu realizacji przys\u0142uguj\u0105cych uprawnie\u0144, b\u0105d\u017a spe\u0142nienia przez <strong>\u015al\u0105sk\u0105 Wy\u017csz\u0105 Szko\u0142\u0119 Medyczn\u0105 w Katowicach<\/strong> obowi\u0105zk\u00f3w okre\u015blonych przepisami prawa albo jest niezb\u0119dne do wykonania zadania realizowanego w interesie publicznym lub w ramach sprawowania w\u0142adzy publicznej.<\/li>\n<li>Przetwarzanie mo\u017ce by\u0107 r\u00f3wnie\u017c niezb\u0119dne w celu wykonania umowy, kt\u00f3rej Pan\/Pani jest stron\u0105 lub do podj\u0119cia dzia\u0142a\u0144, na Pani\/Pana \u017c\u0105danie, przed zawarciem umowy.<\/li>\n<li>Mog\u0105 r\u00f3wnie\u017c wyst\u0105pi\u0107 przypadki, w kt\u00f3rych zostanie Pan\/Pani poproszony\/a o wyra\u017cenie zgody na przetwarzanie danych osobowych w okre\u015blonym celu i zakresie.<\/li>\n<\/ol>\n<p>&nbsp;<\/p>\n<h5>IV. ODBIORCY DANYCH OSOBOWYCH<\/h5>\n<p>W zwi\u0105zku z przetwarzaniem danych w celu wynikaj\u0105cym z przepis\u00f3w prawa, dane osobowe nie b\u0119d\u0105 podlega\u0142y udost\u0119pnieniu podmiotom trzecim. Odbiorcami danych b\u0119d\u0105 tylko instytucje upowa\u017cnione z mocy prawa.<\/p>\n<p>&nbsp;<\/p>\n<h5>V. OKRES PRZECHOWYWANIA DANYCH OSOBOWYCH<\/h5>\n<p>Dane osobowe przetwarzane przez <strong>\u015al\u0105sk\u0105 Wy\u017csz\u0105 Szko\u0142\u0119 Medyczn\u0105 w Katowicach<\/strong> przechowywane b\u0119d\u0105 przez okres niezb\u0119dny do realizacji celu, dla jakiego zosta\u0142y zebrane oraz zgodnie z terminami archiwizacji okre\u015blonymi przez ustawy kompetencyjne lub ustaw\u0119 z dnia 14 lipca 1983 r. o narodowym zasobie archiwalnym i archiwach (Dz. U. z 2018 r., poz. 217), w tym Rozporz\u0105dzenie Prezesa Rady Ministr\u00f3w z dnia 18 stycznia 2011 r. w sprawie instrukcji kancelaryjnej, jednolitych rzeczowych wykaz\u00f3w akt oraz instrukcji w sprawie organizacji i zakresu dzia\u0142ania archiw\u00f3w zak\u0142adowych.<\/p>\n<p>&nbsp;<\/p>\n<h5>VI. PRAWA OS\u00d3B, KT\u00d3RYCH DANE DOTYCZ\u0104, DOST\u0118PU DO DANYCH OSOBOWYCH<\/h5>\n<p>Na zasadach okre\u015blonych przepisami RODO, posiada Pani\/Pan prawo do \u017c\u0105dania od administratora:<\/p>\n<ol>\n<li>dost\u0119pu do tre\u015bci swoich danych osobowych,<\/li>\n<li>sprostowania (poprawiania) swoich danych osobowych,<\/li>\n<li>usuni\u0119cia swoich danych osobowych,<\/li>\n<li>ograniczenia przetwarzania swoich danych osobowych,<\/li>\n<li>przenoszenia swoich danych osobowych,<\/li>\n<li>prawo do wniesienia sprzeciwu wobec przetwarzania Pani\/Pana danych.<\/li>\n<\/ol>\n<p>&nbsp;<\/p>\n<h5>VII. PRAWO DO COFNI\u0118CIA ZGODY<\/h5>\n<ol>\n<li>Tam, gdzie do przetwarzania danych osobowych konieczne jest wyra\u017cenie zgody, zawsze ma Pan\/Pani prawo nie wyrazi\u0107 zgody, a w przypadku jej wcze\u015bniejszego wyra\u017cenia, do cofni\u0119cia zgody.<\/li>\n<li>Wycofanie zgody nie ma wp\u0142ywu na przetwarzanie Pani\/Pana danych do momentu jej wycofania.<\/li>\n<\/ol>\n<p>&nbsp;<\/p>\n<h5>VIII. PRAWO WNIESIENIA SKARGI DO ORGANU NADZORCZEGO<\/h5>\n<p>Gdy uzna Pani\/Pan, i\u017c przetwarzanie Pani\/Pana danych osobowych narusza przepisy o ochronie danych osobowych, przys\u0142uguje Pani\/Panu prawo do wniesienia skargi do organu nadzorczego &#8212; Prezesa Urz\u0119du Ochrony Danych Osobowych.<\/p>\n<p>&nbsp;<\/p>\n<h5>IX. INFORMACJA O WYMOGU\/DOBROWOLNO\u015aCI PODANIA DANYCH ORAZ KONSEKWENCJACH NIEPODANIA DANYCH OSOBOWYCH<\/h5>\n<ol>\n<li>Podanie przez Pani\u0105\/Pana danych osobowych mo\u017ce by\u0107 wymogiem: ustawowym, umownym lub warunkiem zawarcia umowy, do kt\u00f3rych podania b\u0119dzie Pani\/Pan zobowi\u0105zana\/y.<\/li>\n<li>W przypadku, gdy b\u0119dzie istnia\u0142 obowi\u0105zek ustawowy, a nie poda Pani\/Pan swoich danych, nie b\u0119dziemy mogli zrealizowa\u0107 zadania ustawowego, co mo\u017ce skutkowa\u0107 konsekwencjami przewidzianymi przepisami prawa.<\/li>\n<li>W przypadku, gdy b\u0119dzie istnia\u0142 wym\u00f3g umowny, a nie poda Pani\/Pan swoich danych, nie b\u0119dziemy mogli wykona\u0107 takiej umowy.<\/li>\n<li>W przypadku, kiedy podanie danych b\u0119dzie warunkiem zawarcia umowy, a nie poda Pani\/Pan swoich danych, nie b\u0119dziemy mogli zawrze\u0107 takiej umowy.<\/li>\n<\/ol>\n<p>&nbsp;<\/p>\n<h5>X. ZAUTOMATYZOWANE PODEJMOWANIE DECYZJI, PROFILOWANIE<\/h5>\n<p>Pani\/Pana dane osobowe nie b\u0119d\u0105 przetwarzane w spos\u00f3b zautomatyzowany i nie b\u0119d\u0105 profilowane.<\/p>\n<\/div>                                                                    <\/div>\n                                                                                                            <\/div>\n        <\/div>\n    <\/div>\n<\/section>\n","protected":false},"excerpt":{"rendered":"","protected":false},"author":9,"featured_media":0,"parent":0,"menu_order":17,"comment_status":"closed","ping_status":"closed","template":"","meta":{"_acf_changed":false,"footnotes":""},"class_list":["post-11889","page","type-page","status-publish","hentry"],"acf":{"alert_on":false,"alert_filter_tag_select":false,"alert_filter_by_tag":[],"modalComunicatHeader_blog":"","modalComunicatHeader_link":null},"yoast_head":"<!-- This site is optimized with the Yoast SEO plugin v27.4 - https:\/\/yoast.com\/product\/yoast-seo-wordpress\/ -->\n<title>\u043f\u043e\u043b\u0438\u0442\u0438\u043a\u0430 \u043a\u043e\u043d\u0444\u0438\u0434\u0435\u043d\u0446\u0438\u0430\u043b\u044c\u043d\u043e\u0441\u0442\u0438 - SWSM<\/title>\n<meta name=\"robots\" content=\"index, follow, max-snippet:-1, max-image-preview:large, max-video-preview:-1\" \/>\n<link rel=\"canonical\" href=\"https:\/\/swsm.pl\/polityka-prywatnosci\/\" \/>\n<meta property=\"og:locale\" content=\"ru_RU\" \/>\n<meta property=\"og:type\" content=\"article\" \/>\n<meta property=\"og:title\" content=\"\u043f\u043e\u043b\u0438\u0442\u0438\u043a\u0430 \u043a\u043e\u043d\u0444\u0438\u0434\u0435\u043d\u0446\u0438\u0430\u043b\u044c\u043d\u043e\u0441\u0442\u0438 - SWSM\" \/>\n<meta property=\"og:url\" content=\"https:\/\/swsm.pl\/polityka-prywatnosci\/\" \/>\n<meta property=\"og:site_name\" content=\"SWSM\" \/>\n<meta property=\"article:modified_time\" content=\"2023-12-14T20:56:41+00:00\" \/>\n<meta name=\"twitter:card\" content=\"summary_large_image\" \/>\n<script type=\"application\/ld+json\" class=\"yoast-schema-graph\">{\"@context\":\"https:\\\/\\\/schema.org\",\"@graph\":[{\"@type\":\"WebPage\",\"@id\":\"https:\\\/\\\/swsm.pl\\\/polityka-prywatnosci\\\/\",\"url\":\"https:\\\/\\\/swsm.pl\\\/polityka-prywatnosci\\\/\",\"name\":\"\u043f\u043e\u043b\u0438\u0442\u0438\u043a\u0430 \u043a\u043e\u043d\u0444\u0438\u0434\u0435\u043d\u0446\u0438\u0430\u043b\u044c\u043d\u043e\u0441\u0442\u0438 - SWSM\",\"isPartOf\":{\"@id\":\"https:\\\/\\\/swsm.pl\\\/#website\"},\"datePublished\":\"2023-12-03T17:40:00+00:00\",\"dateModified\":\"2023-12-14T20:56:41+00:00\",\"breadcrumb\":{\"@id\":\"https:\\\/\\\/swsm.pl\\\/polityka-prywatnosci\\\/#breadcrumb\"},\"inLanguage\":\"ru-RU\",\"potentialAction\":[{\"@type\":\"ReadAction\",\"target\":[\"https:\\\/\\\/swsm.pl\\\/polityka-prywatnosci\\\/\"]}]},{\"@type\":\"BreadcrumbList\",\"@id\":\"https:\\\/\\\/swsm.pl\\\/polityka-prywatnosci\\\/#breadcrumb\",\"itemListElement\":[{\"@type\":\"ListItem\",\"position\":1,\"name\":\"Strona g\u0142\u00f3wna\",\"item\":\"https:\\\/\\\/swsm.pl\\\/ru\\\/\"},{\"@type\":\"ListItem\",\"position\":2,\"name\":\"\u043f\u043e\u043b\u0438\u0442\u0438\u043a\u0430 \u043a\u043e\u043d\u0444\u0438\u0434\u0435\u043d\u0446\u0438\u0430\u043b\u044c\u043d\u043e\u0441\u0442\u0438\"}]},{\"@type\":\"WebSite\",\"@id\":\"https:\\\/\\\/swsm.pl\\\/#website\",\"url\":\"https:\\\/\\\/swsm.pl\\\/\",\"name\":\"SWSM\",\"description\":\"\u015al\u0105ska Wy\u017csza Szko\u0142a Medyczna w Katowicach\",\"potentialAction\":[{\"@type\":\"SearchAction\",\"target\":{\"@type\":\"EntryPoint\",\"urlTemplate\":\"https:\\\/\\\/swsm.pl\\\/?s={search_term_string}\"},\"query-input\":{\"@type\":\"PropertyValueSpecification\",\"valueRequired\":true,\"valueName\":\"search_term_string\"}}],\"inLanguage\":\"ru-RU\"}]}<\/script>\n<!-- \/ Yoast SEO plugin. -->","yoast_head_json":{"title":"\u043f\u043e\u043b\u0438\u0442\u0438\u043a\u0430 \u043a\u043e\u043d\u0444\u0438\u0434\u0435\u043d\u0446\u0438\u0430\u043b\u044c\u043d\u043e\u0441\u0442\u0438 - SWSM","robots":{"index":"index","follow":"follow","max-snippet":"max-snippet:-1","max-image-preview":"max-image-preview:large","max-video-preview":"max-video-preview:-1"},"canonical":"https:\/\/swsm.pl\/polityka-prywatnosci\/","og_locale":"ru_RU","og_type":"article","og_title":"\u043f\u043e\u043b\u0438\u0442\u0438\u043a\u0430 \u043a\u043e\u043d\u0444\u0438\u0434\u0435\u043d\u0446\u0438\u0430\u043b\u044c\u043d\u043e\u0441\u0442\u0438 - SWSM","og_url":"https:\/\/swsm.pl\/polityka-prywatnosci\/","og_site_name":"SWSM","article_modified_time":"2023-12-14T20:56:41+00:00","twitter_card":"summary_large_image","schema":{"@context":"https:\/\/schema.org","@graph":[{"@type":"WebPage","@id":"https:\/\/swsm.pl\/polityka-prywatnosci\/","url":"https:\/\/swsm.pl\/polityka-prywatnosci\/","name":"\u043f\u043e\u043b\u0438\u0442\u0438\u043a\u0430 \u043a\u043e\u043d\u0444\u0438\u0434\u0435\u043d\u0446\u0438\u0430\u043b\u044c\u043d\u043e\u0441\u0442\u0438 - SWSM","isPartOf":{"@id":"https:\/\/swsm.pl\/#website"},"datePublished":"2023-12-03T17:40:00+00:00","dateModified":"2023-12-14T20:56:41+00:00","breadcrumb":{"@id":"https:\/\/swsm.pl\/polityka-prywatnosci\/#breadcrumb"},"inLanguage":"ru-RU","potentialAction":[{"@type":"ReadAction","target":["https:\/\/swsm.pl\/polityka-prywatnosci\/"]}]},{"@type":"BreadcrumbList","@id":"https:\/\/swsm.pl\/polityka-prywatnosci\/#breadcrumb","itemListElement":[{"@type":"ListItem","position":1,"name":"Strona g\u0142\u00f3wna","item":"https:\/\/swsm.pl\/ru\/"},{"@type":"ListItem","position":2,"name":"\u043f\u043e\u043b\u0438\u0442\u0438\u043a\u0430 \u043a\u043e\u043d\u0444\u0438\u0434\u0435\u043d\u0446\u0438\u0430\u043b\u044c\u043d\u043e\u0441\u0442\u0438"}]},{"@type":"WebSite","@id":"https:\/\/swsm.pl\/#website","url":"https:\/\/swsm.pl\/","name":"SWSM","description":"\u015al\u0105ska Wy\u017csza Szko\u0142a Medyczna w Katowicach","potentialAction":[{"@type":"SearchAction","target":{"@type":"EntryPoint","urlTemplate":"https:\/\/swsm.pl\/?s={search_term_string}"},"query-input":{"@type":"PropertyValueSpecification","valueRequired":true,"valueName":"search_term_string"}}],"inLanguage":"ru-RU"}]}},"_links":{"self":[{"href":"https:\/\/swsm.pl\/ru\/wp-json\/wp\/v2\/pages\/11889","targetHints":{"allow":["GET"]}}],"collection":[{"href":"https:\/\/swsm.pl\/ru\/wp-json\/wp\/v2\/pages"}],"about":[{"href":"https:\/\/swsm.pl\/ru\/wp-json\/wp\/v2\/types\/page"}],"author":[{"embeddable":true,"href":"https:\/\/swsm.pl\/ru\/wp-json\/wp\/v2\/users\/9"}],"replies":[{"embeddable":true,"href":"https:\/\/swsm.pl\/ru\/wp-json\/wp\/v2\/comments?post=11889"}],"version-history":[{"count":3,"href":"https:\/\/swsm.pl\/ru\/wp-json\/wp\/v2\/pages\/11889\/revisions"}],"predecessor-version":[{"id":11894,"href":"https:\/\/swsm.pl\/ru\/wp-json\/wp\/v2\/pages\/11889\/revisions\/11894"}],"wp:attachment":[{"href":"https:\/\/swsm.pl\/ru\/wp-json\/wp\/v2\/media?parent=11889"}],"curies":[{"name":"wp","href":"https:\/\/api.w.org\/{rel}","templated":true}]}}