{"id":12101,"date":"2023-12-11T22:29:41","date_gmt":"2023-12-11T22:29:41","guid":{"rendered":"https:\/\/swsm.pl\/dla-studenta\/%d1%81%d1%82%d0%be%d0%bb%d0%be%d0%b2%d0%b0%d1%8f\/"},"modified":"2025-02-26T12:52:23","modified_gmt":"2025-02-26T12:52:23","slug":"%d1%81%d1%82%d0%be%d0%bb%d0%be%d0%b2%d0%b0%d1%8f","status":"publish","type":"page","link":"https:\/\/swsm.pl\/ru\/%d0%b7%d0%be%d0%bd%d0%b0-%d1%81%d1%82%d1%83%d0%b4%d0%b5%d0%bd%d1%82%d0%b0\/%d1%81%d1%82%d0%be%d0%bb%d0%be%d0%b2%d0%b0%d1%8f\/","title":{"rendered":"\u0421\u0442\u043e\u043b\u043e\u0432\u0430\u044f"},"content":{"rendered":"<section class=\"textBlock textBlock--0 padding-less\">\n    <div class=\"tbc\">\n        <div class=\"container\">\n            <div class=\"row\">\n                                    <div class=\"col-12\">\n                                                                            <h5 class=\"title title--5 color--navy-700 tbc__title2\">\u0421\u0442\u0443\u0434\u0435\u043d\u0447\u0435\u0441\u043a\u0430\u044f \u0421\u0442\u043e\u043b\u043e\u0432\u0430\u044f<\/h5>                                                                            <div class=\"text text--2 color--navy-500 tbc__desc\"><p>\u041f\u0440\u0438\u0433\u043b\u0430\u0448\u0430\u0435\u043c \u043f\u043e\u0441\u0435\u0442\u0438\u0442\u044c \u0441\u0442\u043e\u043b\u043e\u0432\u0443\u044e, \u043a\u043e\u0442\u043e\u0440\u0430\u044f \u0440\u0430\u0441\u043f\u043e\u043b\u043e\u0436\u0435\u043d\u0430 \u0432 \u043d\u0430\u0448\u0435\u043c \u0437\u0434\u0430\u043d\u0438\u0438. \u0421\u0442\u043e\u043b\u043e\u0432\u0430\u044f \u043d\u0430\u0445\u043e\u0434\u0438\u0442\u0441\u044f \u043d\u0430 \u043f\u0435\u0440\u0432\u043e\u043c \u044d\u0442\u0430\u0436\u0435 \u0441\u043b\u0435\u0432\u0430 \u043e\u0442 \u0440\u0435\u0441\u0435\u043f\u0448, \u0432 \u0433\u043b\u0443\u0431\u0438\u043d\u0435 \u043a\u043e\u0440\u0438\u0434\u043e\u0440\u0430.<\/p>\n<p>&nbsp;<\/p>\n<p>\u041f\u0440\u0435\u0434\u043b\u0430\u0433\u0430\u044e\u0442\u0441\u044f \u043e\u0431\u0435\u0434\u044b \u0438\u0437 \u0442\u0440\u0435\u0445 \u0431\u043b\u044e\u0434 \u043f\u043e \u0446\u0435\u043d\u0435 16 \u0437\u043b. \u0421\u043f\u0435\u0446\u0438\u0430\u043b\u044c\u043d\u043e \u0434\u043b\u044f \u043d\u0430\u0448\u0438\u0445 \u0441\u0442\u0443\u0434\u0435\u043d\u0442\u043e\u0432 \u0441\u0442\u043e\u043b\u043e\u0432\u0430\u044f \u0431\u0443\u0434\u0435\u0442 \u0440\u0430\u0431\u043e\u0442\u0430\u0442\u044c \u0442\u0430\u043a\u0436\u0435 \u0432 \u0432\u044b\u0445\u043e\u0434\u043d\u044b\u0435 \u0434\u043d\u0438 \u0441 9.00 \u0434\u043e 17.00. \u041c\u043e\u0436\u043d\u043e \u0437\u0430\u043a\u0430\u0437\u0430\u0442\u044c \u0442\u0430\u043a\u0436\u0435 \u0447\u0430\u0439, \u043a\u043e\u0444\u0435 \u0438 \u0431\u043b\u044e\u0434\u0430 \u043f\u043e \u0430\u043a\u0446\u0438\u043e\u043d\u043d\u044b\u043c \u0446\u0435\u043d\u0430\u043c.<\/p>\n<p>&nbsp;<\/p>\n<p>\u041f\u0440\u043e\u0441\u0438\u043c \u043d\u0430\u043f\u0440\u0430\u0432\u043b\u044f\u0442\u044c \u0412\u0430\u0448\u0438 \u0437\u0430\u043c\u0435\u0447\u0430\u043d\u0438\u044f \u043f\u043e \u0440\u0430\u0431\u043e\u0442\u0435 \u0441\u0442\u043e\u043b\u043e\u0432\u043e\u0439 \u043d\u0430 \u0430\u0434\u0440\u0435\u0441 <a href=\"mailto:stolowka@swsm.pl\">stolowka@swsm.pl<\/a><\/p>\n<p>&nbsp;<\/p>\n<p>\u0411\u043e\u043b\u044c\u0448\u0435\u0435 \u043a\u043e\u043b\u0438\u0447\u0435\u0441\u0442\u0432\u043e \u0441\u0442\u0443\u0434\u0435\u043d\u0442\u043e\u0432, \u043a\u043e\u0442\u043e\u0440\u044b\u0435 \u043f\u043e\u043b\u044c\u0437\u0443\u044e\u0442\u0441\u044f \u0443\u0441\u043b\u0443\u0433\u0430\u043c\u0438 \u0441\u0442\u043e\u043b\u043e\u0432\u043e\u0439, \u043f\u043e\u0437\u0432\u043e\u043b\u0438\u0442 \u0430\u0434\u0430\u043f\u0442\u0438\u0440\u043e\u0432\u0430\u0442\u044c \u0435\u0435 \u0440\u0430\u0431\u043e\u0442\u0443 \u043a \u043e\u0436\u0438\u0434\u0430\u043d\u0438\u044f\u043c \u0441\u0442\u0443\u0434\u0435\u043d\u0442\u043e\u0432 (\u0432\u0440\u0435\u043c\u044f \u0440\u0430\u0431\u043e\u0442\u044b, \u043f\u0440\u0435\u0434\u043b\u043e\u0436\u0435\u043d\u0438\u0435, \u043e\u0431\u0435\u0434\u0435\u043d\u043d\u043e\u0435 \u043c\u0435\u043d\u044e \u0438 \u0442.\u0434.).<\/p>\n<p>&nbsp;<\/p>\n<p><strong>\u0412\u043e \u0432\u0440\u0435\u043c\u044f \u043a\u0430\u043d\u0438\u043a\u0443\u043b \u0441\u0442\u043e\u043b\u043e\u0432\u0430\u044f \u043f\u043e \u0432\u044b\u0445\u043e\u0434\u043d\u044b\u043c \u043d\u0435 \u0440\u0430\u0431\u043e\u0442\u0430\u0435\u0442.<\/strong><\/p>\n<\/div>                                                                    <\/div>\n                                                                                                            <\/div>\n        <\/div>\n    <\/div>\n<\/section>\n\n\n    <section class=\"gallery-photo-video   \">\n        <div class=\"container\">\n            <div class=\"row\">\n                            <\/div>\n            <div class=\"row gap-box\">\n                                    \n                                                            <div class=\"col-12 col-sm-6 col-md-4 col-xl-3\">\n                                                                            <a class=\"gallery-photo-video__item\" data-fslightbox=\"gallery-photo-video-item\" href=\"https:\/\/swsm.pl\/wp-content\/uploads\/2023\/12\/stolowka8.jpg\">\n                                            <img decoding=\"async\" src=\"https:\/\/swsm.pl\/wp-content\/uploads\/2023\/12\/stolowka8.jpg\" alt=\"\" \/>\n                                        <\/a>\n                                                                                                        <\/div>\n                            \n                            \n                            \n\n\n\n                    \n                                                            <div class=\"col-12 col-sm-6 col-md-4 col-xl-3\">\n                                                                            <a class=\"gallery-photo-video__item\" data-fslightbox=\"gallery-photo-video-item\" href=\"https:\/\/swsm.pl\/wp-content\/uploads\/2023\/12\/stolowka7.jpg\">\n                                            <img decoding=\"async\" src=\"https:\/\/swsm.pl\/wp-content\/uploads\/2023\/12\/stolowka7.jpg\" alt=\"\" \/>\n                                        <\/a>\n                                                                                                        <\/div>\n                            \n                            \n                            \n\n\n\n                    \n                                                            <div class=\"col-12 col-sm-6 col-md-4 col-xl-3\">\n                                                                            <a class=\"gallery-photo-video__item\" data-fslightbox=\"gallery-photo-video-item\" href=\"https:\/\/swsm.pl\/wp-content\/uploads\/2023\/12\/stolowka6.jpg\">\n                                            <img decoding=\"async\" src=\"https:\/\/swsm.pl\/wp-content\/uploads\/2023\/12\/stolowka6.jpg\" alt=\"\" \/>\n                                        <\/a>\n                                                                                                        <\/div>\n                            \n                            \n                            \n\n\n\n                    \n                                                            <div class=\"col-12 col-sm-6 col-md-4 col-xl-3\">\n                                                                            <a class=\"gallery-photo-video__item\" data-fslightbox=\"gallery-photo-video-item\" href=\"https:\/\/swsm.pl\/wp-content\/uploads\/2023\/12\/stolowka4.jpg\">\n                                            <img decoding=\"async\" src=\"https:\/\/swsm.pl\/wp-content\/uploads\/2023\/12\/stolowka4.jpg\" alt=\"\" \/>\n                                        <\/a>\n                                                                                                        <\/div>\n                            \n                            \n                            \n\n\n\n                    \n                                                            <div class=\"col-12 col-sm-6 col-md-4 col-xl-3\">\n                                                                            <a class=\"gallery-photo-video__item\" data-fslightbox=\"gallery-photo-video-item\" href=\"https:\/\/swsm.pl\/wp-content\/uploads\/2023\/12\/stolowka3.jpg\">\n                                            <img decoding=\"async\" src=\"https:\/\/swsm.pl\/wp-content\/uploads\/2023\/12\/stolowka3.jpg\" alt=\"\" \/>\n                                        <\/a>\n                                                                                                        <\/div>\n                            \n                            \n                            \n\n\n\n                    \n                                                            <div class=\"col-12 col-sm-6 col-md-4 col-xl-3\">\n                                                                            <a class=\"gallery-photo-video__item\" data-fslightbox=\"gallery-photo-video-item\" href=\"https:\/\/swsm.pl\/wp-content\/uploads\/2023\/12\/stolowka2.jpg\">\n                                            <img decoding=\"async\" src=\"https:\/\/swsm.pl\/wp-content\/uploads\/2023\/12\/stolowka2.jpg\" alt=\"\" \/>\n                                        <\/a>\n                                                                                                        <\/div>\n                            \n                            \n                            \n\n\n\n                    \n                                                            <div class=\"col-12 col-sm-6 col-md-4 col-xl-3\">\n                                                                            <a class=\"gallery-photo-video__item\" data-fslightbox=\"gallery-photo-video-item\" href=\"https:\/\/swsm.pl\/wp-content\/uploads\/2023\/12\/stolowka1.jpg\">\n                                            <img decoding=\"async\" src=\"https:\/\/swsm.pl\/wp-content\/uploads\/2023\/12\/stolowka1.jpg\" alt=\"\" \/>\n                                        <\/a>\n                                                                                                        <\/div>\n                            \n                            \n                            \n\n\n\n                                                <\/div>\n        <\/div>\n    <\/section>","protected":false},"excerpt":{"rendered":"","protected":false},"author":9,"featured_media":0,"parent":11755,"menu_order":0,"comment_status":"closed","ping_status":"closed","template":"","meta":{"_acf_changed":false,"footnotes":""},"class_list":["post-12101","page","type-page","status-publish","hentry"],"acf":{"alert_on":false,"alert_filter_tag_select":false,"alert_filter_by_tag":[],"modalComunicatHeader_blog":"","modalComunicatHeader_link":[""]},"yoast_head":"<!-- This site is optimized with the Yoast SEO plugin v27.4 - https:\/\/yoast.com\/product\/yoast-seo-wordpress\/ -->\n<title>\u0421\u0442\u043e\u043b\u043e\u0432\u0430\u044f - SWSM<\/title>\n<meta name=\"robots\" content=\"index, follow, max-snippet:-1, max-image-preview:large, max-video-preview:-1\" \/>\n<link rel=\"canonical\" href=\"https:\/\/swsm.pl\/ru\/\u0437\u043e\u043d\u0430-\u0441\u0442\u0443\u0434\u0435\u043d\u0442\u0430\/\u0441\u0442\u043e\u043b\u043e\u0432\u0430\u044f\/\" \/>\n<meta property=\"og:locale\" content=\"ru_RU\" \/>\n<meta property=\"og:type\" content=\"article\" \/>\n<meta property=\"og:title\" content=\"\u0421\u0442\u043e\u043b\u043e\u0432\u0430\u044f - SWSM\" \/>\n<meta property=\"og:url\" content=\"https:\/\/swsm.pl\/ru\/\u0437\u043e\u043d\u0430-\u0441\u0442\u0443\u0434\u0435\u043d\u0442\u0430\/\u0441\u0442\u043e\u043b\u043e\u0432\u0430\u044f\/\" \/>\n<meta property=\"og:site_name\" content=\"SWSM\" \/>\n<meta property=\"article:modified_time\" content=\"2025-02-26T12:52:23+00:00\" \/>\n<meta name=\"twitter:card\" content=\"summary_large_image\" \/>\n<script type=\"application\/ld+json\" class=\"yoast-schema-graph\">{\"@context\":\"https:\\\/\\\/schema.org\",\"@graph\":[{\"@type\":\"WebPage\",\"@id\":\"https:\\\/\\\/swsm.pl\\\/ru\\\/%d0%b7%d0%be%d0%bd%d0%b0-%d1%81%d1%82%d1%83%d0%b4%d0%b5%d0%bd%d1%82%d0%b0\\\/%d1%81%d1%82%d0%be%d0%bb%d0%be%d0%b2%d0%b0%d1%8f\\\/\",\"url\":\"https:\\\/\\\/swsm.pl\\\/ru\\\/%d0%b7%d0%be%d0%bd%d0%b0-%d1%81%d1%82%d1%83%d0%b4%d0%b5%d0%bd%d1%82%d0%b0\\\/%d1%81%d1%82%d0%be%d0%bb%d0%be%d0%b2%d0%b0%d1%8f\\\/\",\"name\":\"\u0421\u0442\u043e\u043b\u043e\u0432\u0430\u044f - SWSM\",\"isPartOf\":{\"@id\":\"https:\\\/\\\/swsm.pl\\\/#website\"},\"datePublished\":\"2023-12-11T22:29:41+00:00\",\"dateModified\":\"2025-02-26T12:52:23+00:00\",\"breadcrumb\":{\"@id\":\"https:\\\/\\\/swsm.pl\\\/ru\\\/%d0%b7%d0%be%d0%bd%d0%b0-%d1%81%d1%82%d1%83%d0%b4%d0%b5%d0%bd%d1%82%d0%b0\\\/%d1%81%d1%82%d0%be%d0%bb%d0%be%d0%b2%d0%b0%d1%8f\\\/#breadcrumb\"},\"inLanguage\":\"ru-RU\",\"potentialAction\":[{\"@type\":\"ReadAction\",\"target\":[\"https:\\\/\\\/swsm.pl\\\/ru\\\/%d0%b7%d0%be%d0%bd%d0%b0-%d1%81%d1%82%d1%83%d0%b4%d0%b5%d0%bd%d1%82%d0%b0\\\/%d1%81%d1%82%d0%be%d0%bb%d0%be%d0%b2%d0%b0%d1%8f\\\/\"]}]},{\"@type\":\"BreadcrumbList\",\"@id\":\"https:\\\/\\\/swsm.pl\\\/ru\\\/%d0%b7%d0%be%d0%bd%d0%b0-%d1%81%d1%82%d1%83%d0%b4%d0%b5%d0%bd%d1%82%d0%b0\\\/%d1%81%d1%82%d0%be%d0%bb%d0%be%d0%b2%d0%b0%d1%8f\\\/#breadcrumb\",\"itemListElement\":[{\"@type\":\"ListItem\",\"position\":1,\"name\":\"Strona g\u0142\u00f3wna\",\"item\":\"https:\\\/\\\/swsm.pl\\\/ru\\\/\"},{\"@type\":\"ListItem\",\"position\":2,\"name\":\"\u0417\u043e\u043d\u0430 \u0421\u0442\u0443\u0434\u0435\u043d\u0442\u0430\",\"item\":\"https:\\\/\\\/swsm.pl\\\/dla-studenta\\\/\"},{\"@type\":\"ListItem\",\"position\":3,\"name\":\"\u0421\u0442\u043e\u043b\u043e\u0432\u0430\u044f\"}]},{\"@type\":\"WebSite\",\"@id\":\"https:\\\/\\\/swsm.pl\\\/#website\",\"url\":\"https:\\\/\\\/swsm.pl\\\/\",\"name\":\"SWSM\",\"description\":\"\u015al\u0105ska Wy\u017csza Szko\u0142a Medyczna w Katowicach\",\"potentialAction\":[{\"@type\":\"SearchAction\",\"target\":{\"@type\":\"EntryPoint\",\"urlTemplate\":\"https:\\\/\\\/swsm.pl\\\/?s={search_term_string}\"},\"query-input\":{\"@type\":\"PropertyValueSpecification\",\"valueRequired\":true,\"valueName\":\"search_term_string\"}}],\"inLanguage\":\"ru-RU\"}]}<\/script>\n<!-- \/ Yoast SEO plugin. -->","yoast_head_json":{"title":"\u0421\u0442\u043e\u043b\u043e\u0432\u0430\u044f - SWSM","robots":{"index":"index","follow":"follow","max-snippet":"max-snippet:-1","max-image-preview":"max-image-preview:large","max-video-preview":"max-video-preview:-1"},"canonical":"https:\/\/swsm.pl\/ru\/\u0437\u043e\u043d\u0430-\u0441\u0442\u0443\u0434\u0435\u043d\u0442\u0430\/\u0441\u0442\u043e\u043b\u043e\u0432\u0430\u044f\/","og_locale":"ru_RU","og_type":"article","og_title":"\u0421\u0442\u043e\u043b\u043e\u0432\u0430\u044f - SWSM","og_url":"https:\/\/swsm.pl\/ru\/\u0437\u043e\u043d\u0430-\u0441\u0442\u0443\u0434\u0435\u043d\u0442\u0430\/\u0441\u0442\u043e\u043b\u043e\u0432\u0430\u044f\/","og_site_name":"SWSM","article_modified_time":"2025-02-26T12:52:23+00:00","twitter_card":"summary_large_image","schema":{"@context":"https:\/\/schema.org","@graph":[{"@type":"WebPage","@id":"https:\/\/swsm.pl\/ru\/%d0%b7%d0%be%d0%bd%d0%b0-%d1%81%d1%82%d1%83%d0%b4%d0%b5%d0%bd%d1%82%d0%b0\/%d1%81%d1%82%d0%be%d0%bb%d0%be%d0%b2%d0%b0%d1%8f\/","url":"https:\/\/swsm.pl\/ru\/%d0%b7%d0%be%d0%bd%d0%b0-%d1%81%d1%82%d1%83%d0%b4%d0%b5%d0%bd%d1%82%d0%b0\/%d1%81%d1%82%d0%be%d0%bb%d0%be%d0%b2%d0%b0%d1%8f\/","name":"\u0421\u0442\u043e\u043b\u043e\u0432\u0430\u044f - SWSM","isPartOf":{"@id":"https:\/\/swsm.pl\/#website"},"datePublished":"2023-12-11T22:29:41+00:00","dateModified":"2025-02-26T12:52:23+00:00","breadcrumb":{"@id":"https:\/\/swsm.pl\/ru\/%d0%b7%d0%be%d0%bd%d0%b0-%d1%81%d1%82%d1%83%d0%b4%d0%b5%d0%bd%d1%82%d0%b0\/%d1%81%d1%82%d0%be%d0%bb%d0%be%d0%b2%d0%b0%d1%8f\/#breadcrumb"},"inLanguage":"ru-RU","potentialAction":[{"@type":"ReadAction","target":["https:\/\/swsm.pl\/ru\/%d0%b7%d0%be%d0%bd%d0%b0-%d1%81%d1%82%d1%83%d0%b4%d0%b5%d0%bd%d1%82%d0%b0\/%d1%81%d1%82%d0%be%d0%bb%d0%be%d0%b2%d0%b0%d1%8f\/"]}]},{"@type":"BreadcrumbList","@id":"https:\/\/swsm.pl\/ru\/%d0%b7%d0%be%d0%bd%d0%b0-%d1%81%d1%82%d1%83%d0%b4%d0%b5%d0%bd%d1%82%d0%b0\/%d1%81%d1%82%d0%be%d0%bb%d0%be%d0%b2%d0%b0%d1%8f\/#breadcrumb","itemListElement":[{"@type":"ListItem","position":1,"name":"Strona g\u0142\u00f3wna","item":"https:\/\/swsm.pl\/ru\/"},{"@type":"ListItem","position":2,"name":"\u0417\u043e\u043d\u0430 \u0421\u0442\u0443\u0434\u0435\u043d\u0442\u0430","item":"https:\/\/swsm.pl\/dla-studenta\/"},{"@type":"ListItem","position":3,"name":"\u0421\u0442\u043e\u043b\u043e\u0432\u0430\u044f"}]},{"@type":"WebSite","@id":"https:\/\/swsm.pl\/#website","url":"https:\/\/swsm.pl\/","name":"SWSM","description":"\u015al\u0105ska Wy\u017csza Szko\u0142a Medyczna w Katowicach","potentialAction":[{"@type":"SearchAction","target":{"@type":"EntryPoint","urlTemplate":"https:\/\/swsm.pl\/?s={search_term_string}"},"query-input":{"@type":"PropertyValueSpecification","valueRequired":true,"valueName":"search_term_string"}}],"inLanguage":"ru-RU"}]}},"_links":{"self":[{"href":"https:\/\/swsm.pl\/ru\/wp-json\/wp\/v2\/pages\/12101","targetHints":{"allow":["GET"]}}],"collection":[{"href":"https:\/\/swsm.pl\/ru\/wp-json\/wp\/v2\/pages"}],"about":[{"href":"https:\/\/swsm.pl\/ru\/wp-json\/wp\/v2\/types\/page"}],"author":[{"embeddable":true,"href":"https:\/\/swsm.pl\/ru\/wp-json\/wp\/v2\/users\/9"}],"replies":[{"embeddable":true,"href":"https:\/\/swsm.pl\/ru\/wp-json\/wp\/v2\/comments?post=12101"}],"version-history":[{"count":3,"href":"https:\/\/swsm.pl\/ru\/wp-json\/wp\/v2\/pages\/12101\/revisions"}],"predecessor-version":[{"id":21928,"href":"https:\/\/swsm.pl\/ru\/wp-json\/wp\/v2\/pages\/12101\/revisions\/21928"}],"up":[{"embeddable":true,"href":"https:\/\/swsm.pl\/ru\/wp-json\/wp\/v2\/pages\/11755"}],"wp:attachment":[{"href":"https:\/\/swsm.pl\/ru\/wp-json\/wp\/v2\/media?parent=12101"}],"curies":[{"name":"wp","href":"https:\/\/api.w.org\/{rel}","templated":true}]}}