{"id":12109,"date":"2023-11-29T18:02:02","date_gmt":"2023-11-29T18:02:02","guid":{"rendered":"https:\/\/swsm.pl\/%d0%b5%d0%b2%d1%80%d0%be%d0%bf%d0%b5%d0%b9%d1%81%d0%ba%d0%b8%d0%b5-%d0%bf%d1%80%d0%be%d0%b5%d0%ba%d1%82%d1%8b\/%d0%b5%d0%b2%d1%80%d0%be%d0%bf%d0%b5%d0%b9%d1%81%d0%ba%d0%b8%d0%b5-%d0%bf%d1%80%d0%be%d0%b5%d0%ba%d1%82%d1%8b\/"},"modified":"2025-02-26T12:55:59","modified_gmt":"2025-02-26T12:55:59","slug":"%d0%b5%d0%b2%d1%80%d0%be%d0%bf%d0%b5%d0%b9%d1%81%d0%ba%d0%b8%d0%b5-%d0%bf%d1%80%d0%be%d0%b5%d0%ba%d1%82%d1%8b","status":"publish","type":"page","link":"https:\/\/swsm.pl\/ru\/%d0%b5%d0%b2%d1%80%d0%be%d0%bf%d0%b5%d0%b9%d1%81%d0%ba%d0%b8%d0%b5-%d0%bf%d1%80%d0%be%d0%b5%d0%ba%d1%82%d1%8b\/%d0%b5%d0%b2%d1%80%d0%be%d0%bf%d0%b5%d0%b9%d1%81%d0%ba%d0%b8%d0%b5-%d0%bf%d1%80%d0%be%d0%b5%d0%ba%d1%82%d1%8b\/","title":{"rendered":"\u0415\u0432\u0440\u043e\u043f\u0435\u0439\u0441\u043a\u0438\u0435 \u041f\u0440\u043e\u0435\u043a\u0442\u044b"},"content":{"rendered":"\n\n\n    <section class=\"subpages-teaser-tiles-four  \">\n            <div class=\"container\">\n                <div class=\"row\">\n                    <div class=\"col-12\">\n                        <div class=\"subpages-teaser-tiles-four__top-h\">\n                                                    <\/div>\n                    <\/div>\n                <\/div>\n                <div class=\"row gap-box\">\n                                                                        <div class=\"col-12 col-md-6 col-lg-4 col-xl-3\">\n                                                                    <a class=\"subpages-teaser-tiles-four__box subpages-teaser-tiles-four__box-four\" href=\"https:\/\/swsm.pl\/ru\/\u0435\u0432\u0440\u043e\u043f\u0435\u0439\u0441\u043a\u0438\u0435-\u043f\u0440\u043e\u0435\u043a\u0442\u044b\/\u0435\u0432\u0440\u043e\u043f\u0435\u0439\u0441\u043a\u0438\u0435-\u043f\u0440\u043e\u0435\u043a\u0442\u044b\/\u0435\u0432\u0440\u043e\u043f\u0435\u0439\u0441\u043a\u0438\u0439-\u043f\u0440\u043e\u0435\u043a\u0442\u044b-\u0437\u043d\u0430\u043d\u0438\u0435-\u043e\u0431\u0440\u0430\u0437\u043e\u0432\/\" target=\"_self\">\n                                                                                        <img decoding=\"async\" class=\"photo-box\" src=\"https:\/\/swsm.pl\/wp-content\/uploads\/2023\/12\/Flag_of_Europe.svg\" alt=\"\" \/>\n                                                                                        <div class=\"btn\">\n                                                <p class=\"text--1 text--bold\"> \u0417\u043d\u0430\u043d\u0438\u0435, \u043e\u0431\u0440\u0430\u0437\u043e\u0432\u0430\u043d\u0438\u0435 \u0438\u043d\u0442\u0435\u0433\u0440\u0438\u0440\u043e\u0432\u0430\u043d\u043d\u0430\u044f \u043f\u0440\u043e\u0433\u0440\u0430\u043c\u043c\u0430 \u0440\u0430\u0437\u0432\u0438\u0442\u0438\u044f \u0421\u0412\u041c\u0428 \u0432 \u041a\u0430\u0442\u043e\u0432\u0438\u0446\u0435<\/p>\n                                            <\/div>\n                                    <\/a>\n                                                            <\/div>\n                                                    <div class=\"col-12 col-md-6 col-lg-4 col-xl-3\">\n                                                                    <a class=\"subpages-teaser-tiles-four__box subpages-teaser-tiles-four__box-four\" href=\"https:\/\/swsm.pl\/ru\/\u0435\u0432\u0440\u043e\u043f\u0435\u0439\u0441\u043a\u0438\u0435-\u043f\u0440\u043e\u0435\u043a\u0442\u044b\/\u0435\u0432\u0440\u043e\u043f\u0435\u0439\u0441\u043a\u0438\u0435-\u043f\u0440\u043e\u0435\u043a\u0442\u044b\/\u0435\u0432\u0440\u043e\u043f\u0435\u0439\u0441\u043a\u0438\u0439-\u043f\u0440\u043e\u0435\u043a\u0442\u044b-\u0437\u043d\u0430\u043d\u0438\u0435-\u0440\u0430\u0437\u0432\u0438\u0442\u0438\/\" target=\"_self\">\n                                                                                        <img decoding=\"async\" class=\"photo-box\" src=\"https:\/\/swsm.pl\/wp-content\/uploads\/2023\/12\/Flag_of_Europe.svg\" alt=\"\" \/>\n                                                                                        <div class=\"btn\">\n                                                <p class=\"text--1 text--bold\"> \u0417\u043d\u0430\u043d\u0438\u0435, \u0440\u0430\u0437\u0432\u0438\u0442\u0438\u0435, \u0437\u0434\u043e\u0440\u043e\u0432\u044c\u0435 \u2014 \u043e\u0431\u0440\u0430\u0437\u043e\u0432\u0430\u0442\u0435\u043b\u044c\u043d\u044b\u0435 \u0437\u0430\u043d\u044f\u0442\u0438\u044f \u0434\u043b\u044f \u043c\u043e\u043b\u043e\u0434\u0435\u0436\u0438 \u2013 \u0422\u0440\u0435\u0442\u044c\u044f \u043c\u0438\u0441\u0441\u0438\u044f \u0412\u0423\u0417\u0430<\/p>\n                                            <\/div>\n                                    <\/a>\n                                                            <\/div>\n                                                    <div class=\"col-12 col-md-6 col-lg-4 col-xl-3\">\n                                                                    <a class=\"subpages-teaser-tiles-four__box subpages-teaser-tiles-four__box-four\" href=\"https:\/\/swsm.pl\/ru\/%d0%b5%d0%b2%d1%80%d0%be%d0%bf%d0%b5%d0%b9%d1%81%d0%ba%d0%b8%d0%b5-%d0%bf%d1%80%d0%be%d0%b5%d0%ba%d1%82%d1%8b\/%d0%b5%d0%b2%d1%80%d0%be%d0%bf%d0%b5%d0%b9%d1%81%d0%ba%d0%b8%d0%b5-%d0%bf%d1%80%d0%be%d0%b5%d0%ba%d1%82%d1%8b\/%d0%b5%d0%b2%d1%80%d0%be%d0%bf%d0%b5%d0%b9%d1%81%d0%ba%d0%b8%d0%b9-%d0%bf%d1%80%d0%be%d0%b5%d0%ba%d1%82%d1%8b-%d1%81%d0%be%d0%b2%d1%80%d0%b5%d0%bc%d0%b5%d0%bd%d0%bd%d1%8b%d0%b5-%d1%82%d0%b5\/\" target=\"_self\">\n                                                                                        <img decoding=\"async\" class=\"photo-box\" src=\"https:\/\/swsm.pl\/wp-content\/uploads\/2023\/12\/Flag_of_Europe.svg\" alt=\"\" \/>\n                                                                                        <div class=\"btn\">\n                                                <p class=\"text--1 text--bold\"> \u0438\u043d\u043d\u043e\u0432\u0430\u0446\u0438\u043e\u043d\u043d\u044b\u0435 \u043d\u0430\u043f\u0440\u0430\u0432\u043b\u0435\u043d\u0438\u044f \u043f\u043e\u0441\u043b\u0435\u0434\u0438\u043f\u043b\u043e\u043c\u043d\u043e\u0433\u043e \u043e\u0431\u0440\u0430\u0437\u043e\u0432\u0430\u043d\u0438\u044f \u0438 \u043a\u0443\u0440\u0441\u044b \u0421\u0438\u043b\u0435\u0437\u0441\u043a\u043e\u0439 \u0432\u044b\u0441\u0448\u0435\u0439 \u043c\u0435\u0434\u0438\u0446\u0438\u043d\u0441\u043a\u043e\u0439 \u0448\u043a\u043e\u043b\u044b (\u0437\u0430\u0432\u0435\u0440\u0448\u0435\u043d\u043d\u044b\u0439)<\/p>\n                                            <\/div>\n                                    <\/a>\n                                                            <\/div>\n                                                            <\/div>\n            <\/div>\n        <\/div>\n    <\/section>\n","protected":false},"excerpt":{"rendered":"","protected":false},"author":9,"featured_media":0,"parent":12107,"menu_order":1,"comment_status":"closed","ping_status":"closed","template":"","meta":{"_acf_changed":false,"footnotes":""},"class_list":["post-12109","page","type-page","status-publish","hentry"],"acf":{"alert_on":false,"alert_filter_tag_select":false,"alert_filter_by_tag":[],"modalComunicatHeader_blog":"","modalComunicatHeader_link":[""]},"yoast_head":"<!-- This site is optimized with the Yoast SEO plugin v27.4 - https:\/\/yoast.com\/product\/yoast-seo-wordpress\/ -->\n<title>\u0415\u0432\u0440\u043e\u043f\u0435\u0439\u0441\u043a\u0438\u0435 \u041f\u0440\u043e\u0435\u043a\u0442\u044b - SWSM<\/title>\n<meta name=\"robots\" content=\"index, follow, max-snippet:-1, max-image-preview:large, max-video-preview:-1\" \/>\n<link rel=\"canonical\" href=\"https:\/\/swsm.pl\/ru\/\u0435\u0432\u0440\u043e\u043f\u0435\u0439\u0441\u043a\u0438\u0435-\u043f\u0440\u043e\u0435\u043a\u0442\u044b\/\u0435\u0432\u0440\u043e\u043f\u0435\u0439\u0441\u043a\u0438\u0435-\u043f\u0440\u043e\u0435\u043a\u0442\u044b\/\" \/>\n<meta property=\"og:locale\" content=\"ru_RU\" \/>\n<meta property=\"og:type\" content=\"article\" \/>\n<meta property=\"og:title\" content=\"\u0415\u0432\u0440\u043e\u043f\u0435\u0439\u0441\u043a\u0438\u0435 \u041f\u0440\u043e\u0435\u043a\u0442\u044b - SWSM\" \/>\n<meta property=\"og:url\" content=\"https:\/\/swsm.pl\/ru\/\u0435\u0432\u0440\u043e\u043f\u0435\u0439\u0441\u043a\u0438\u0435-\u043f\u0440\u043e\u0435\u043a\u0442\u044b\/\u0435\u0432\u0440\u043e\u043f\u0435\u0439\u0441\u043a\u0438\u0435-\u043f\u0440\u043e\u0435\u043a\u0442\u044b\/\" \/>\n<meta property=\"og:site_name\" content=\"SWSM\" \/>\n<meta property=\"article:modified_time\" content=\"2025-02-26T12:55:59+00:00\" \/>\n<meta name=\"twitter:card\" content=\"summary_large_image\" \/>\n<script type=\"application\/ld+json\" class=\"yoast-schema-graph\">{\"@context\":\"https:\\\/\\\/schema.org\",\"@graph\":[{\"@type\":\"WebPage\",\"@id\":\"https:\\\/\\\/swsm.pl\\\/ru\\\/%d0%b5%d0%b2%d1%80%d0%be%d0%bf%d0%b5%d0%b9%d1%81%d0%ba%d0%b8%d0%b5-%d0%bf%d1%80%d0%be%d0%b5%d0%ba%d1%82%d1%8b\\\/%d0%b5%d0%b2%d1%80%d0%be%d0%bf%d0%b5%d0%b9%d1%81%d0%ba%d0%b8%d0%b5-%d0%bf%d1%80%d0%be%d0%b5%d0%ba%d1%82%d1%8b\\\/\",\"url\":\"https:\\\/\\\/swsm.pl\\\/ru\\\/%d0%b5%d0%b2%d1%80%d0%be%d0%bf%d0%b5%d0%b9%d1%81%d0%ba%d0%b8%d0%b5-%d0%bf%d1%80%d0%be%d0%b5%d0%ba%d1%82%d1%8b\\\/%d0%b5%d0%b2%d1%80%d0%be%d0%bf%d0%b5%d0%b9%d1%81%d0%ba%d0%b8%d0%b5-%d0%bf%d1%80%d0%be%d0%b5%d0%ba%d1%82%d1%8b\\\/\",\"name\":\"\u0415\u0432\u0440\u043e\u043f\u0435\u0439\u0441\u043a\u0438\u0435 \u041f\u0440\u043e\u0435\u043a\u0442\u044b - SWSM\",\"isPartOf\":{\"@id\":\"https:\\\/\\\/swsm.pl\\\/#website\"},\"datePublished\":\"2023-11-29T18:02:02+00:00\",\"dateModified\":\"2025-02-26T12:55:59+00:00\",\"breadcrumb\":{\"@id\":\"https:\\\/\\\/swsm.pl\\\/ru\\\/%d0%b5%d0%b2%d1%80%d0%be%d0%bf%d0%b5%d0%b9%d1%81%d0%ba%d0%b8%d0%b5-%d0%bf%d1%80%d0%be%d0%b5%d0%ba%d1%82%d1%8b\\\/%d0%b5%d0%b2%d1%80%d0%be%d0%bf%d0%b5%d0%b9%d1%81%d0%ba%d0%b8%d0%b5-%d0%bf%d1%80%d0%be%d0%b5%d0%ba%d1%82%d1%8b\\\/#breadcrumb\"},\"inLanguage\":\"ru-RU\",\"potentialAction\":[{\"@type\":\"ReadAction\",\"target\":[\"https:\\\/\\\/swsm.pl\\\/ru\\\/%d0%b5%d0%b2%d1%80%d0%be%d0%bf%d0%b5%d0%b9%d1%81%d0%ba%d0%b8%d0%b5-%d0%bf%d1%80%d0%be%d0%b5%d0%ba%d1%82%d1%8b\\\/%d0%b5%d0%b2%d1%80%d0%be%d0%bf%d0%b5%d0%b9%d1%81%d0%ba%d0%b8%d0%b5-%d0%bf%d1%80%d0%be%d0%b5%d0%ba%d1%82%d1%8b\\\/\"]}]},{\"@type\":\"BreadcrumbList\",\"@id\":\"https:\\\/\\\/swsm.pl\\\/ru\\\/%d0%b5%d0%b2%d1%80%d0%be%d0%bf%d0%b5%d0%b9%d1%81%d0%ba%d0%b8%d0%b5-%d0%bf%d1%80%d0%be%d0%b5%d0%ba%d1%82%d1%8b\\\/%d0%b5%d0%b2%d1%80%d0%be%d0%bf%d0%b5%d0%b9%d1%81%d0%ba%d0%b8%d0%b5-%d0%bf%d1%80%d0%be%d0%b5%d0%ba%d1%82%d1%8b\\\/#breadcrumb\",\"itemListElement\":[{\"@type\":\"ListItem\",\"position\":1,\"name\":\"Strona g\u0142\u00f3wna\",\"item\":\"https:\\\/\\\/swsm.pl\\\/ru\\\/\"},{\"@type\":\"ListItem\",\"position\":2,\"name\":\"\u0415\u0432\u0440\u043e\u043f\u0435\u0439\u0441\u043a\u0438\u0435 \u041f\u0440\u043e\u0435\u043a\u0442\u044b\",\"item\":\"https:\\\/\\\/swsm.pl\\\/kursy-i-szkolenia\\\/\"},{\"@type\":\"ListItem\",\"position\":3,\"name\":\"\u0415\u0432\u0440\u043e\u043f\u0435\u0439\u0441\u043a\u0438\u0435 \u041f\u0440\u043e\u0435\u043a\u0442\u044b\"}]},{\"@type\":\"WebSite\",\"@id\":\"https:\\\/\\\/swsm.pl\\\/#website\",\"url\":\"https:\\\/\\\/swsm.pl\\\/\",\"name\":\"SWSM\",\"description\":\"\u015al\u0105ska Wy\u017csza Szko\u0142a Medyczna w Katowicach\",\"potentialAction\":[{\"@type\":\"SearchAction\",\"target\":{\"@type\":\"EntryPoint\",\"urlTemplate\":\"https:\\\/\\\/swsm.pl\\\/?s={search_term_string}\"},\"query-input\":{\"@type\":\"PropertyValueSpecification\",\"valueRequired\":true,\"valueName\":\"search_term_string\"}}],\"inLanguage\":\"ru-RU\"}]}<\/script>\n<!-- \/ Yoast SEO plugin. -->","yoast_head_json":{"title":"\u0415\u0432\u0440\u043e\u043f\u0435\u0439\u0441\u043a\u0438\u0435 \u041f\u0440\u043e\u0435\u043a\u0442\u044b - SWSM","robots":{"index":"index","follow":"follow","max-snippet":"max-snippet:-1","max-image-preview":"max-image-preview:large","max-video-preview":"max-video-preview:-1"},"canonical":"https:\/\/swsm.pl\/ru\/\u0435\u0432\u0440\u043e\u043f\u0435\u0439\u0441\u043a\u0438\u0435-\u043f\u0440\u043e\u0435\u043a\u0442\u044b\/\u0435\u0432\u0440\u043e\u043f\u0435\u0439\u0441\u043a\u0438\u0435-\u043f\u0440\u043e\u0435\u043a\u0442\u044b\/","og_locale":"ru_RU","og_type":"article","og_title":"\u0415\u0432\u0440\u043e\u043f\u0435\u0439\u0441\u043a\u0438\u0435 \u041f\u0440\u043e\u0435\u043a\u0442\u044b - SWSM","og_url":"https:\/\/swsm.pl\/ru\/\u0435\u0432\u0440\u043e\u043f\u0435\u0439\u0441\u043a\u0438\u0435-\u043f\u0440\u043e\u0435\u043a\u0442\u044b\/\u0435\u0432\u0440\u043e\u043f\u0435\u0439\u0441\u043a\u0438\u0435-\u043f\u0440\u043e\u0435\u043a\u0442\u044b\/","og_site_name":"SWSM","article_modified_time":"2025-02-26T12:55:59+00:00","twitter_card":"summary_large_image","schema":{"@context":"https:\/\/schema.org","@graph":[{"@type":"WebPage","@id":"https:\/\/swsm.pl\/ru\/%d0%b5%d0%b2%d1%80%d0%be%d0%bf%d0%b5%d0%b9%d1%81%d0%ba%d0%b8%d0%b5-%d0%bf%d1%80%d0%be%d0%b5%d0%ba%d1%82%d1%8b\/%d0%b5%d0%b2%d1%80%d0%be%d0%bf%d0%b5%d0%b9%d1%81%d0%ba%d0%b8%d0%b5-%d0%bf%d1%80%d0%be%d0%b5%d0%ba%d1%82%d1%8b\/","url":"https:\/\/swsm.pl\/ru\/%d0%b5%d0%b2%d1%80%d0%be%d0%bf%d0%b5%d0%b9%d1%81%d0%ba%d0%b8%d0%b5-%d0%bf%d1%80%d0%be%d0%b5%d0%ba%d1%82%d1%8b\/%d0%b5%d0%b2%d1%80%d0%be%d0%bf%d0%b5%d0%b9%d1%81%d0%ba%d0%b8%d0%b5-%d0%bf%d1%80%d0%be%d0%b5%d0%ba%d1%82%d1%8b\/","name":"\u0415\u0432\u0440\u043e\u043f\u0435\u0439\u0441\u043a\u0438\u0435 \u041f\u0440\u043e\u0435\u043a\u0442\u044b - SWSM","isPartOf":{"@id":"https:\/\/swsm.pl\/#website"},"datePublished":"2023-11-29T18:02:02+00:00","dateModified":"2025-02-26T12:55:59+00:00","breadcrumb":{"@id":"https:\/\/swsm.pl\/ru\/%d0%b5%d0%b2%d1%80%d0%be%d0%bf%d0%b5%d0%b9%d1%81%d0%ba%d0%b8%d0%b5-%d0%bf%d1%80%d0%be%d0%b5%d0%ba%d1%82%d1%8b\/%d0%b5%d0%b2%d1%80%d0%be%d0%bf%d0%b5%d0%b9%d1%81%d0%ba%d0%b8%d0%b5-%d0%bf%d1%80%d0%be%d0%b5%d0%ba%d1%82%d1%8b\/#breadcrumb"},"inLanguage":"ru-RU","potentialAction":[{"@type":"ReadAction","target":["https:\/\/swsm.pl\/ru\/%d0%b5%d0%b2%d1%80%d0%be%d0%bf%d0%b5%d0%b9%d1%81%d0%ba%d0%b8%d0%b5-%d0%bf%d1%80%d0%be%d0%b5%d0%ba%d1%82%d1%8b\/%d0%b5%d0%b2%d1%80%d0%be%d0%bf%d0%b5%d0%b9%d1%81%d0%ba%d0%b8%d0%b5-%d0%bf%d1%80%d0%be%d0%b5%d0%ba%d1%82%d1%8b\/"]}]},{"@type":"BreadcrumbList","@id":"https:\/\/swsm.pl\/ru\/%d0%b5%d0%b2%d1%80%d0%be%d0%bf%d0%b5%d0%b9%d1%81%d0%ba%d0%b8%d0%b5-%d0%bf%d1%80%d0%be%d0%b5%d0%ba%d1%82%d1%8b\/%d0%b5%d0%b2%d1%80%d0%be%d0%bf%d0%b5%d0%b9%d1%81%d0%ba%d0%b8%d0%b5-%d0%bf%d1%80%d0%be%d0%b5%d0%ba%d1%82%d1%8b\/#breadcrumb","itemListElement":[{"@type":"ListItem","position":1,"name":"Strona g\u0142\u00f3wna","item":"https:\/\/swsm.pl\/ru\/"},{"@type":"ListItem","position":2,"name":"\u0415\u0432\u0440\u043e\u043f\u0435\u0439\u0441\u043a\u0438\u0435 \u041f\u0440\u043e\u0435\u043a\u0442\u044b","item":"https:\/\/swsm.pl\/kursy-i-szkolenia\/"},{"@type":"ListItem","position":3,"name":"\u0415\u0432\u0440\u043e\u043f\u0435\u0439\u0441\u043a\u0438\u0435 \u041f\u0440\u043e\u0435\u043a\u0442\u044b"}]},{"@type":"WebSite","@id":"https:\/\/swsm.pl\/#website","url":"https:\/\/swsm.pl\/","name":"SWSM","description":"\u015al\u0105ska Wy\u017csza Szko\u0142a Medyczna w Katowicach","potentialAction":[{"@type":"SearchAction","target":{"@type":"EntryPoint","urlTemplate":"https:\/\/swsm.pl\/?s={search_term_string}"},"query-input":{"@type":"PropertyValueSpecification","valueRequired":true,"valueName":"search_term_string"}}],"inLanguage":"ru-RU"}]}},"_links":{"self":[{"href":"https:\/\/swsm.pl\/ru\/wp-json\/wp\/v2\/pages\/12109","targetHints":{"allow":["GET"]}}],"collection":[{"href":"https:\/\/swsm.pl\/ru\/wp-json\/wp\/v2\/pages"}],"about":[{"href":"https:\/\/swsm.pl\/ru\/wp-json\/wp\/v2\/types\/page"}],"author":[{"embeddable":true,"href":"https:\/\/swsm.pl\/ru\/wp-json\/wp\/v2\/users\/9"}],"replies":[{"embeddable":true,"href":"https:\/\/swsm.pl\/ru\/wp-json\/wp\/v2\/comments?post=12109"}],"version-history":[{"count":9,"href":"https:\/\/swsm.pl\/ru\/wp-json\/wp\/v2\/pages\/12109\/revisions"}],"predecessor-version":[{"id":21931,"href":"https:\/\/swsm.pl\/ru\/wp-json\/wp\/v2\/pages\/12109\/revisions\/21931"}],"up":[{"embeddable":true,"href":"https:\/\/swsm.pl\/ru\/wp-json\/wp\/v2\/pages\/12107"}],"wp:attachment":[{"href":"https:\/\/swsm.pl\/ru\/wp-json\/wp\/v2\/media?parent=12109"}],"curies":[{"name":"wp","href":"https:\/\/api.w.org\/{rel}","templated":true}]}}