{"id":12115,"date":"2023-11-29T18:04:48","date_gmt":"2023-11-29T18:04:48","guid":{"rendered":""},"modified":"2025-02-26T10:21:51","modified_gmt":"2025-02-26T10:21:51","slug":"%d0%b5%d0%b2%d1%80%d0%be%d0%bf%d0%b5%d0%b9%d1%81%d0%ba%d0%b8%d0%b9-%d0%bf%d1%80%d0%be%d0%b5%d0%ba%d1%82%d1%8b-%d0%b7%d0%bd%d0%b0%d0%bd%d0%b8%d0%b5-%d0%be%d0%b1%d1%80%d0%b0%d0%b7%d0%be%d0%b2","status":"publish","type":"page","link":"https:\/\/swsm.pl\/ru\/%d0%b5%d0%b2%d1%80%d0%be%d0%bf%d0%b5%d0%b9%d1%81%d0%ba%d0%b8%d0%b5-%d0%bf%d1%80%d0%be%d0%b5%d0%ba%d1%82%d1%8b\/%d0%b5%d0%b2%d1%80%d0%be%d0%bf%d0%b5%d0%b9%d1%81%d0%ba%d0%b8%d0%b5-%d0%bf%d1%80%d0%be%d0%b5%d0%ba%d1%82%d1%8b\/%d0%b5%d0%b2%d1%80%d0%be%d0%bf%d0%b5%d0%b9%d1%81%d0%ba%d0%b8%d0%b9-%d0%bf%d1%80%d0%be%d0%b5%d0%ba%d1%82%d1%8b-%d0%b7%d0%bd%d0%b0%d0%bd%d0%b8%d0%b5-%d0%be%d0%b1%d1%80%d0%b0%d0%b7%d0%be%d0%b2\/","title":{"rendered":"\u0417\u043d\u0430\u043d\u0438\u0435, \u043e\u0431\u0440\u0430\u0437\u043e\u0432\u0430\u043d\u0438\u0435 \u0438\u043d\u0442\u0435\u0433\u0440\u0438\u0440\u043e\u0432\u0430\u043d\u043d\u0430\u044f \u043f\u0440\u043e\u0433\u0440\u0430\u043c\u043c\u0430 \u0440\u0430\u0437\u0432\u0438\u0442\u0438\u044f \u0421\u0412\u041c\u0428 \u0432 \u041a\u0430\u0442\u043e\u0432\u0438\u0446\u0435"},"content":{"rendered":"<section class=\"textBlock textBlock--0 padding-less\">\n    <div class=\"tbc\">\n        <div class=\"container\">\n            <div class=\"row\">\n                                    <div class=\"col-12\">\n                                                                            <h5 class=\"title title--5 color--navy-700 tbc__title2\">\u0421\u0438\u043b\u0435\u0437\u0441\u043a\u0430\u044f \u0432\u044b\u0441\u0448\u0430\u044f \u043c\u0435\u0434\u0438\u0446\u0438\u043d\u0441\u043a\u0430\u044f \u0448\u043a\u043e\u043b\u0430 \u0432 \u041a\u0430\u0442\u043e\u0432\u0438\u0446\u0435 \u0432 \u043d\u0430\u0441\u0442\u043e\u044f\u0449\u0435\u0435 \u0432\u0440\u0435\u043c\u044f \u0440\u0435\u0430\u043b\u0438\u0437\u043e\u0432\u044b\u0432\u0430\u0435\u0442 \u043f\u0440\u043e\u0435\u043a\u0442, \u0441\u043e\u0432\u043c\u0435\u0441\u0442\u043d\u043e \u0444\u0438\u043d\u0430\u043d\u0441\u0438\u0440\u0443\u0435\u043c\u044b\u0439 \u0438\u0437 \u0441\u0440\u0435\u0434\u0441\u0442\u0432 \u0415\u0432\u0440\u043e\u043f\u0435\u0439\u0441\u043a\u043e\u0433\u043e \u0421\u043e\u044e\u0437\u0430, \u043f\u043e\u0434 \u043d\u0430\u0437\u0432\u0430\u043d\u0438\u0435\u043c \u00ab\u0417\u043d\u0430\u043d\u0438\u0435, \u043e\u0431\u0440\u0430\u0437\u043e\u0432\u0430\u043d\u0438\u0435 \u0438\u043d\u0442\u0435\u0433\u0440\u0438\u0440\u043e\u0432\u0430\u043d\u043d\u0430\u044f \u0441\u0438\u0441\u0442\u0435\u043c\u0430 \u0440\u0430\u0437\u0432\u0438\u0442\u0438\u044f \u0421\u0412\u041c\u0428 \u0432 \u041a\u0430\u0442\u043e\u0432\u0438\u0446\u0435\u00bb.<\/h5>                                                                            <div class=\"text text--2 color--navy-500 tbc__desc\"><p><img loading=\"lazy\" decoding=\"async\" class=\"alignnone size-medium wp-image-21673\" src=\"https:\/\/swsm.pl\/wp-content\/uploads\/2025\/02\/logo_UE-2-300x207.png\" alt=\"\" width=\"300\" height=\"207\" srcset=\"https:\/\/swsm.pl\/wp-content\/uploads\/2025\/02\/logo_UE-2-300x207.png 300w, https:\/\/swsm.pl\/wp-content\/uploads\/2025\/02\/logo_UE-2-768x530.png 768w, https:\/\/swsm.pl\/wp-content\/uploads\/2025\/02\/logo_UE-2.png 897w\" sizes=\"auto, (max-width: 300px) 100vw, 300px\" \/><\/p>\n<\/div>                                                                    <\/div>\n                                                                                                            <\/div>\n        <\/div>\n    <\/div>\n<\/section>\n","protected":false},"excerpt":{"rendered":"","protected":false},"author":9,"featured_media":0,"parent":12109,"menu_order":0,"comment_status":"closed","ping_status":"closed","template":"template-pages\/page-threeFourth.php","meta":{"_acf_changed":false,"footnotes":""},"class_list":["post-12115","page","type-page","status-publish","hentry"],"acf":{"alert_on":false,"alert_filter_tag_select":false,"alert_filter_by_tag":[],"modalComunicatHeader_blog":"","modalComunicatHeader_link":[""]},"yoast_head":"<!-- This site is optimized with the Yoast SEO plugin v27.4 - https:\/\/yoast.com\/product\/yoast-seo-wordpress\/ -->\n<title>\u0417\u043d\u0430\u043d\u0438\u0435, \u043e\u0431\u0440\u0430\u0437\u043e\u0432\u0430\u043d\u0438\u0435 \u0438\u043d\u0442\u0435\u0433\u0440\u0438\u0440\u043e\u0432\u0430\u043d\u043d\u0430\u044f \u043f\u0440\u043e\u0433\u0440\u0430\u043c\u043c\u0430 \u0440\u0430\u0437\u0432\u0438\u0442\u0438\u044f \u0421\u0412\u041c\u0428 \u0432 \u041a\u0430\u0442\u043e\u0432\u0438\u0446\u0435 - SWSM<\/title>\n<meta name=\"robots\" content=\"index, follow, max-snippet:-1, max-image-preview:large, max-video-preview:-1\" \/>\n<link rel=\"canonical\" href=\"https:\/\/swsm.pl\/ru\/\u0435\u0432\u0440\u043e\u043f\u0435\u0439\u0441\u043a\u0438\u0435-\u043f\u0440\u043e\u0435\u043a\u0442\u044b\/\u0435\u0432\u0440\u043e\u043f\u0435\u0439\u0441\u043a\u0438\u0435-\u043f\u0440\u043e\u0435\u043a\u0442\u044b\/\u0435\u0432\u0440\u043e\u043f\u0435\u0439\u0441\u043a\u0438\u0439-\u043f\u0440\u043e\u0435\u043a\u0442\u044b-\u0437\u043d\u0430\u043d\u0438\u0435-\u043e\u0431\u0440\u0430\u0437\u043e\u0432\/\" \/>\n<meta property=\"og:locale\" content=\"ru_RU\" \/>\n<meta property=\"og:type\" content=\"article\" \/>\n<meta property=\"og:title\" content=\"\u0417\u043d\u0430\u043d\u0438\u0435, \u043e\u0431\u0440\u0430\u0437\u043e\u0432\u0430\u043d\u0438\u0435 \u0438\u043d\u0442\u0435\u0433\u0440\u0438\u0440\u043e\u0432\u0430\u043d\u043d\u0430\u044f \u043f\u0440\u043e\u0433\u0440\u0430\u043c\u043c\u0430 \u0440\u0430\u0437\u0432\u0438\u0442\u0438\u044f \u0421\u0412\u041c\u0428 \u0432 \u041a\u0430\u0442\u043e\u0432\u0438\u0446\u0435 - SWSM\" \/>\n<meta property=\"og:url\" content=\"https:\/\/swsm.pl\/ru\/\u0435\u0432\u0440\u043e\u043f\u0435\u0439\u0441\u043a\u0438\u0435-\u043f\u0440\u043e\u0435\u043a\u0442\u044b\/\u0435\u0432\u0440\u043e\u043f\u0435\u0439\u0441\u043a\u0438\u0435-\u043f\u0440\u043e\u0435\u043a\u0442\u044b\/\u0435\u0432\u0440\u043e\u043f\u0435\u0439\u0441\u043a\u0438\u0439-\u043f\u0440\u043e\u0435\u043a\u0442\u044b-\u0437\u043d\u0430\u043d\u0438\u0435-\u043e\u0431\u0440\u0430\u0437\u043e\u0432\/\" \/>\n<meta property=\"og:site_name\" content=\"SWSM\" \/>\n<meta property=\"article:modified_time\" content=\"2025-02-26T10:21:51+00:00\" \/>\n<meta name=\"twitter:card\" content=\"summary_large_image\" \/>\n<script type=\"application\/ld+json\" class=\"yoast-schema-graph\">{\"@context\":\"https:\\\/\\\/schema.org\",\"@graph\":[{\"@type\":\"WebPage\",\"@id\":\"https:\\\/\\\/swsm.pl\\\/ru\\\/%d0%b5%d0%b2%d1%80%d0%be%d0%bf%d0%b5%d0%b9%d1%81%d0%ba%d0%b8%d0%b5-%d0%bf%d1%80%d0%be%d0%b5%d0%ba%d1%82%d1%8b\\\/%d0%b5%d0%b2%d1%80%d0%be%d0%bf%d0%b5%d0%b9%d1%81%d0%ba%d0%b8%d0%b5-%d0%bf%d1%80%d0%be%d0%b5%d0%ba%d1%82%d1%8b\\\/%d0%b5%d0%b2%d1%80%d0%be%d0%bf%d0%b5%d0%b9%d1%81%d0%ba%d0%b8%d0%b9-%d0%bf%d1%80%d0%be%d0%b5%d0%ba%d1%82%d1%8b-%d0%b7%d0%bd%d0%b0%d0%bd%d0%b8%d0%b5-%d0%be%d0%b1%d1%80%d0%b0%d0%b7%d0%be%d0%b2\\\/\",\"url\":\"https:\\\/\\\/swsm.pl\\\/ru\\\/%d0%b5%d0%b2%d1%80%d0%be%d0%bf%d0%b5%d0%b9%d1%81%d0%ba%d0%b8%d0%b5-%d0%bf%d1%80%d0%be%d0%b5%d0%ba%d1%82%d1%8b\\\/%d0%b5%d0%b2%d1%80%d0%be%d0%bf%d0%b5%d0%b9%d1%81%d0%ba%d0%b8%d0%b5-%d0%bf%d1%80%d0%be%d0%b5%d0%ba%d1%82%d1%8b\\\/%d0%b5%d0%b2%d1%80%d0%be%d0%bf%d0%b5%d0%b9%d1%81%d0%ba%d0%b8%d0%b9-%d0%bf%d1%80%d0%be%d0%b5%d0%ba%d1%82%d1%8b-%d0%b7%d0%bd%d0%b0%d0%bd%d0%b8%d0%b5-%d0%be%d0%b1%d1%80%d0%b0%d0%b7%d0%be%d0%b2\\\/\",\"name\":\"\u0417\u043d\u0430\u043d\u0438\u0435, \u043e\u0431\u0440\u0430\u0437\u043e\u0432\u0430\u043d\u0438\u0435 \u0438\u043d\u0442\u0435\u0433\u0440\u0438\u0440\u043e\u0432\u0430\u043d\u043d\u0430\u044f \u043f\u0440\u043e\u0433\u0440\u0430\u043c\u043c\u0430 \u0440\u0430\u0437\u0432\u0438\u0442\u0438\u044f \u0421\u0412\u041c\u0428 \u0432 \u041a\u0430\u0442\u043e\u0432\u0438\u0446\u0435 - SWSM\",\"isPartOf\":{\"@id\":\"https:\\\/\\\/swsm.pl\\\/#website\"},\"datePublished\":\"2023-11-29T18:04:48+00:00\",\"dateModified\":\"2025-02-26T10:21:51+00:00\",\"breadcrumb\":{\"@id\":\"https:\\\/\\\/swsm.pl\\\/ru\\\/%d0%b5%d0%b2%d1%80%d0%be%d0%bf%d0%b5%d0%b9%d1%81%d0%ba%d0%b8%d0%b5-%d0%bf%d1%80%d0%be%d0%b5%d0%ba%d1%82%d1%8b\\\/%d0%b5%d0%b2%d1%80%d0%be%d0%bf%d0%b5%d0%b9%d1%81%d0%ba%d0%b8%d0%b5-%d0%bf%d1%80%d0%be%d0%b5%d0%ba%d1%82%d1%8b\\\/%d0%b5%d0%b2%d1%80%d0%be%d0%bf%d0%b5%d0%b9%d1%81%d0%ba%d0%b8%d0%b9-%d0%bf%d1%80%d0%be%d0%b5%d0%ba%d1%82%d1%8b-%d0%b7%d0%bd%d0%b0%d0%bd%d0%b8%d0%b5-%d0%be%d0%b1%d1%80%d0%b0%d0%b7%d0%be%d0%b2\\\/#breadcrumb\"},\"inLanguage\":\"ru-RU\",\"potentialAction\":[{\"@type\":\"ReadAction\",\"target\":[\"https:\\\/\\\/swsm.pl\\\/ru\\\/%d0%b5%d0%b2%d1%80%d0%be%d0%bf%d0%b5%d0%b9%d1%81%d0%ba%d0%b8%d0%b5-%d0%bf%d1%80%d0%be%d0%b5%d0%ba%d1%82%d1%8b\\\/%d0%b5%d0%b2%d1%80%d0%be%d0%bf%d0%b5%d0%b9%d1%81%d0%ba%d0%b8%d0%b5-%d0%bf%d1%80%d0%be%d0%b5%d0%ba%d1%82%d1%8b\\\/%d0%b5%d0%b2%d1%80%d0%be%d0%bf%d0%b5%d0%b9%d1%81%d0%ba%d0%b8%d0%b9-%d0%bf%d1%80%d0%be%d0%b5%d0%ba%d1%82%d1%8b-%d0%b7%d0%bd%d0%b0%d0%bd%d0%b8%d0%b5-%d0%be%d0%b1%d1%80%d0%b0%d0%b7%d0%be%d0%b2\\\/\"]}]},{\"@type\":\"BreadcrumbList\",\"@id\":\"https:\\\/\\\/swsm.pl\\\/ru\\\/%d0%b5%d0%b2%d1%80%d0%be%d0%bf%d0%b5%d0%b9%d1%81%d0%ba%d0%b8%d0%b5-%d0%bf%d1%80%d0%be%d0%b5%d0%ba%d1%82%d1%8b\\\/%d0%b5%d0%b2%d1%80%d0%be%d0%bf%d0%b5%d0%b9%d1%81%d0%ba%d0%b8%d0%b5-%d0%bf%d1%80%d0%be%d0%b5%d0%ba%d1%82%d1%8b\\\/%d0%b5%d0%b2%d1%80%d0%be%d0%bf%d0%b5%d0%b9%d1%81%d0%ba%d0%b8%d0%b9-%d0%bf%d1%80%d0%be%d0%b5%d0%ba%d1%82%d1%8b-%d0%b7%d0%bd%d0%b0%d0%bd%d0%b8%d0%b5-%d0%be%d0%b1%d1%80%d0%b0%d0%b7%d0%be%d0%b2\\\/#breadcrumb\",\"itemListElement\":[{\"@type\":\"ListItem\",\"position\":1,\"name\":\"Strona g\u0142\u00f3wna\",\"item\":\"https:\\\/\\\/swsm.pl\\\/ru\\\/\"},{\"@type\":\"ListItem\",\"position\":2,\"name\":\"\u0415\u0432\u0440\u043e\u043f\u0435\u0439\u0441\u043a\u0438\u0435 \u041f\u0440\u043e\u0435\u043a\u0442\u044b\",\"item\":\"https:\\\/\\\/swsm.pl\\\/kursy-i-szkolenia\\\/\"},{\"@type\":\"ListItem\",\"position\":3,\"name\":\"\u0415\u0432\u0440\u043e\u043f\u0435\u0439\u0441\u043a\u0438\u0435 \u041f\u0440\u043e\u0435\u043a\u0442\u044b\",\"item\":\"https:\\\/\\\/swsm.pl\\\/ru\\\/%d0%b5%d0%b2%d1%80%d0%be%d0%bf%d0%b5%d0%b9%d1%81%d0%ba%d0%b8%d0%b5-%d0%bf%d1%80%d0%be%d0%b5%d0%ba%d1%82%d1%8b\\\/%d0%b5%d0%b2%d1%80%d0%be%d0%bf%d0%b5%d0%b9%d1%81%d0%ba%d0%b8%d0%b5-%d0%bf%d1%80%d0%be%d0%b5%d0%ba%d1%82%d1%8b\\\/\"},{\"@type\":\"ListItem\",\"position\":4,\"name\":\"\u0417\u043d\u0430\u043d\u0438\u0435, \u043e\u0431\u0440\u0430\u0437\u043e\u0432\u0430\u043d\u0438\u0435 \u0438\u043d\u0442\u0435\u0433\u0440\u0438\u0440\u043e\u0432\u0430\u043d\u043d\u0430\u044f \u043f\u0440\u043e\u0433\u0440\u0430\u043c\u043c\u0430 \u0440\u0430\u0437\u0432\u0438\u0442\u0438\u044f \u0421\u0412\u041c\u0428 \u0432 \u041a\u0430\u0442\u043e\u0432\u0438\u0446\u0435\"}]},{\"@type\":\"WebSite\",\"@id\":\"https:\\\/\\\/swsm.pl\\\/#website\",\"url\":\"https:\\\/\\\/swsm.pl\\\/\",\"name\":\"SWSM\",\"description\":\"\u015al\u0105ska Wy\u017csza Szko\u0142a Medyczna w Katowicach\",\"potentialAction\":[{\"@type\":\"SearchAction\",\"target\":{\"@type\":\"EntryPoint\",\"urlTemplate\":\"https:\\\/\\\/swsm.pl\\\/?s={search_term_string}\"},\"query-input\":{\"@type\":\"PropertyValueSpecification\",\"valueRequired\":true,\"valueName\":\"search_term_string\"}}],\"inLanguage\":\"ru-RU\"}]}<\/script>\n<!-- \/ Yoast SEO plugin. -->","yoast_head_json":{"title":"\u0417\u043d\u0430\u043d\u0438\u0435, \u043e\u0431\u0440\u0430\u0437\u043e\u0432\u0430\u043d\u0438\u0435 \u0438\u043d\u0442\u0435\u0433\u0440\u0438\u0440\u043e\u0432\u0430\u043d\u043d\u0430\u044f \u043f\u0440\u043e\u0433\u0440\u0430\u043c\u043c\u0430 \u0440\u0430\u0437\u0432\u0438\u0442\u0438\u044f \u0421\u0412\u041c\u0428 \u0432 \u041a\u0430\u0442\u043e\u0432\u0438\u0446\u0435 - SWSM","robots":{"index":"index","follow":"follow","max-snippet":"max-snippet:-1","max-image-preview":"max-image-preview:large","max-video-preview":"max-video-preview:-1"},"canonical":"https:\/\/swsm.pl\/ru\/\u0435\u0432\u0440\u043e\u043f\u0435\u0439\u0441\u043a\u0438\u0435-\u043f\u0440\u043e\u0435\u043a\u0442\u044b\/\u0435\u0432\u0440\u043e\u043f\u0435\u0439\u0441\u043a\u0438\u0435-\u043f\u0440\u043e\u0435\u043a\u0442\u044b\/\u0435\u0432\u0440\u043e\u043f\u0435\u0439\u0441\u043a\u0438\u0439-\u043f\u0440\u043e\u0435\u043a\u0442\u044b-\u0437\u043d\u0430\u043d\u0438\u0435-\u043e\u0431\u0440\u0430\u0437\u043e\u0432\/","og_locale":"ru_RU","og_type":"article","og_title":"\u0417\u043d\u0430\u043d\u0438\u0435, \u043e\u0431\u0440\u0430\u0437\u043e\u0432\u0430\u043d\u0438\u0435 \u0438\u043d\u0442\u0435\u0433\u0440\u0438\u0440\u043e\u0432\u0430\u043d\u043d\u0430\u044f \u043f\u0440\u043e\u0433\u0440\u0430\u043c\u043c\u0430 \u0440\u0430\u0437\u0432\u0438\u0442\u0438\u044f \u0421\u0412\u041c\u0428 \u0432 \u041a\u0430\u0442\u043e\u0432\u0438\u0446\u0435 - SWSM","og_url":"https:\/\/swsm.pl\/ru\/\u0435\u0432\u0440\u043e\u043f\u0435\u0439\u0441\u043a\u0438\u0435-\u043f\u0440\u043e\u0435\u043a\u0442\u044b\/\u0435\u0432\u0440\u043e\u043f\u0435\u0439\u0441\u043a\u0438\u0435-\u043f\u0440\u043e\u0435\u043a\u0442\u044b\/\u0435\u0432\u0440\u043e\u043f\u0435\u0439\u0441\u043a\u0438\u0439-\u043f\u0440\u043e\u0435\u043a\u0442\u044b-\u0437\u043d\u0430\u043d\u0438\u0435-\u043e\u0431\u0440\u0430\u0437\u043e\u0432\/","og_site_name":"SWSM","article_modified_time":"2025-02-26T10:21:51+00:00","twitter_card":"summary_large_image","schema":{"@context":"https:\/\/schema.org","@graph":[{"@type":"WebPage","@id":"https:\/\/swsm.pl\/ru\/%d0%b5%d0%b2%d1%80%d0%be%d0%bf%d0%b5%d0%b9%d1%81%d0%ba%d0%b8%d0%b5-%d0%bf%d1%80%d0%be%d0%b5%d0%ba%d1%82%d1%8b\/%d0%b5%d0%b2%d1%80%d0%be%d0%bf%d0%b5%d0%b9%d1%81%d0%ba%d0%b8%d0%b5-%d0%bf%d1%80%d0%be%d0%b5%d0%ba%d1%82%d1%8b\/%d0%b5%d0%b2%d1%80%d0%be%d0%bf%d0%b5%d0%b9%d1%81%d0%ba%d0%b8%d0%b9-%d0%bf%d1%80%d0%be%d0%b5%d0%ba%d1%82%d1%8b-%d0%b7%d0%bd%d0%b0%d0%bd%d0%b8%d0%b5-%d0%be%d0%b1%d1%80%d0%b0%d0%b7%d0%be%d0%b2\/","url":"https:\/\/swsm.pl\/ru\/%d0%b5%d0%b2%d1%80%d0%be%d0%bf%d0%b5%d0%b9%d1%81%d0%ba%d0%b8%d0%b5-%d0%bf%d1%80%d0%be%d0%b5%d0%ba%d1%82%d1%8b\/%d0%b5%d0%b2%d1%80%d0%be%d0%bf%d0%b5%d0%b9%d1%81%d0%ba%d0%b8%d0%b5-%d0%bf%d1%80%d0%be%d0%b5%d0%ba%d1%82%d1%8b\/%d0%b5%d0%b2%d1%80%d0%be%d0%bf%d0%b5%d0%b9%d1%81%d0%ba%d0%b8%d0%b9-%d0%bf%d1%80%d0%be%d0%b5%d0%ba%d1%82%d1%8b-%d0%b7%d0%bd%d0%b0%d0%bd%d0%b8%d0%b5-%d0%be%d0%b1%d1%80%d0%b0%d0%b7%d0%be%d0%b2\/","name":"\u0417\u043d\u0430\u043d\u0438\u0435, \u043e\u0431\u0440\u0430\u0437\u043e\u0432\u0430\u043d\u0438\u0435 \u0438\u043d\u0442\u0435\u0433\u0440\u0438\u0440\u043e\u0432\u0430\u043d\u043d\u0430\u044f \u043f\u0440\u043e\u0433\u0440\u0430\u043c\u043c\u0430 \u0440\u0430\u0437\u0432\u0438\u0442\u0438\u044f \u0421\u0412\u041c\u0428 \u0432 \u041a\u0430\u0442\u043e\u0432\u0438\u0446\u0435 - SWSM","isPartOf":{"@id":"https:\/\/swsm.pl\/#website"},"datePublished":"2023-11-29T18:04:48+00:00","dateModified":"2025-02-26T10:21:51+00:00","breadcrumb":{"@id":"https:\/\/swsm.pl\/ru\/%d0%b5%d0%b2%d1%80%d0%be%d0%bf%d0%b5%d0%b9%d1%81%d0%ba%d0%b8%d0%b5-%d0%bf%d1%80%d0%be%d0%b5%d0%ba%d1%82%d1%8b\/%d0%b5%d0%b2%d1%80%d0%be%d0%bf%d0%b5%d0%b9%d1%81%d0%ba%d0%b8%d0%b5-%d0%bf%d1%80%d0%be%d0%b5%d0%ba%d1%82%d1%8b\/%d0%b5%d0%b2%d1%80%d0%be%d0%bf%d0%b5%d0%b9%d1%81%d0%ba%d0%b8%d0%b9-%d0%bf%d1%80%d0%be%d0%b5%d0%ba%d1%82%d1%8b-%d0%b7%d0%bd%d0%b0%d0%bd%d0%b8%d0%b5-%d0%be%d0%b1%d1%80%d0%b0%d0%b7%d0%be%d0%b2\/#breadcrumb"},"inLanguage":"ru-RU","potentialAction":[{"@type":"ReadAction","target":["https:\/\/swsm.pl\/ru\/%d0%b5%d0%b2%d1%80%d0%be%d0%bf%d0%b5%d0%b9%d1%81%d0%ba%d0%b8%d0%b5-%d0%bf%d1%80%d0%be%d0%b5%d0%ba%d1%82%d1%8b\/%d0%b5%d0%b2%d1%80%d0%be%d0%bf%d0%b5%d0%b9%d1%81%d0%ba%d0%b8%d0%b5-%d0%bf%d1%80%d0%be%d0%b5%d0%ba%d1%82%d1%8b\/%d0%b5%d0%b2%d1%80%d0%be%d0%bf%d0%b5%d0%b9%d1%81%d0%ba%d0%b8%d0%b9-%d0%bf%d1%80%d0%be%d0%b5%d0%ba%d1%82%d1%8b-%d0%b7%d0%bd%d0%b0%d0%bd%d0%b8%d0%b5-%d0%be%d0%b1%d1%80%d0%b0%d0%b7%d0%be%d0%b2\/"]}]},{"@type":"BreadcrumbList","@id":"https:\/\/swsm.pl\/ru\/%d0%b5%d0%b2%d1%80%d0%be%d0%bf%d0%b5%d0%b9%d1%81%d0%ba%d0%b8%d0%b5-%d0%bf%d1%80%d0%be%d0%b5%d0%ba%d1%82%d1%8b\/%d0%b5%d0%b2%d1%80%d0%be%d0%bf%d0%b5%d0%b9%d1%81%d0%ba%d0%b8%d0%b5-%d0%bf%d1%80%d0%be%d0%b5%d0%ba%d1%82%d1%8b\/%d0%b5%d0%b2%d1%80%d0%be%d0%bf%d0%b5%d0%b9%d1%81%d0%ba%d0%b8%d0%b9-%d0%bf%d1%80%d0%be%d0%b5%d0%ba%d1%82%d1%8b-%d0%b7%d0%bd%d0%b0%d0%bd%d0%b8%d0%b5-%d0%be%d0%b1%d1%80%d0%b0%d0%b7%d0%be%d0%b2\/#breadcrumb","itemListElement":[{"@type":"ListItem","position":1,"name":"Strona g\u0142\u00f3wna","item":"https:\/\/swsm.pl\/ru\/"},{"@type":"ListItem","position":2,"name":"\u0415\u0432\u0440\u043e\u043f\u0435\u0439\u0441\u043a\u0438\u0435 \u041f\u0440\u043e\u0435\u043a\u0442\u044b","item":"https:\/\/swsm.pl\/kursy-i-szkolenia\/"},{"@type":"ListItem","position":3,"name":"\u0415\u0432\u0440\u043e\u043f\u0435\u0439\u0441\u043a\u0438\u0435 \u041f\u0440\u043e\u0435\u043a\u0442\u044b","item":"https:\/\/swsm.pl\/ru\/%d0%b5%d0%b2%d1%80%d0%be%d0%bf%d0%b5%d0%b9%d1%81%d0%ba%d0%b8%d0%b5-%d0%bf%d1%80%d0%be%d0%b5%d0%ba%d1%82%d1%8b\/%d0%b5%d0%b2%d1%80%d0%be%d0%bf%d0%b5%d0%b9%d1%81%d0%ba%d0%b8%d0%b5-%d0%bf%d1%80%d0%be%d0%b5%d0%ba%d1%82%d1%8b\/"},{"@type":"ListItem","position":4,"name":"\u0417\u043d\u0430\u043d\u0438\u0435, \u043e\u0431\u0440\u0430\u0437\u043e\u0432\u0430\u043d\u0438\u0435 \u0438\u043d\u0442\u0435\u0433\u0440\u0438\u0440\u043e\u0432\u0430\u043d\u043d\u0430\u044f \u043f\u0440\u043e\u0433\u0440\u0430\u043c\u043c\u0430 \u0440\u0430\u0437\u0432\u0438\u0442\u0438\u044f \u0421\u0412\u041c\u0428 \u0432 \u041a\u0430\u0442\u043e\u0432\u0438\u0446\u0435"}]},{"@type":"WebSite","@id":"https:\/\/swsm.pl\/#website","url":"https:\/\/swsm.pl\/","name":"SWSM","description":"\u015al\u0105ska Wy\u017csza Szko\u0142a Medyczna w Katowicach","potentialAction":[{"@type":"SearchAction","target":{"@type":"EntryPoint","urlTemplate":"https:\/\/swsm.pl\/?s={search_term_string}"},"query-input":{"@type":"PropertyValueSpecification","valueRequired":true,"valueName":"search_term_string"}}],"inLanguage":"ru-RU"}]}},"_links":{"self":[{"href":"https:\/\/swsm.pl\/ru\/wp-json\/wp\/v2\/pages\/12115","targetHints":{"allow":["GET"]}}],"collection":[{"href":"https:\/\/swsm.pl\/ru\/wp-json\/wp\/v2\/pages"}],"about":[{"href":"https:\/\/swsm.pl\/ru\/wp-json\/wp\/v2\/types\/page"}],"author":[{"embeddable":true,"href":"https:\/\/swsm.pl\/ru\/wp-json\/wp\/v2\/users\/9"}],"replies":[{"embeddable":true,"href":"https:\/\/swsm.pl\/ru\/wp-json\/wp\/v2\/comments?post=12115"}],"version-history":[{"count":4,"href":"https:\/\/swsm.pl\/ru\/wp-json\/wp\/v2\/pages\/12115\/revisions"}],"predecessor-version":[{"id":21819,"href":"https:\/\/swsm.pl\/ru\/wp-json\/wp\/v2\/pages\/12115\/revisions\/21819"}],"up":[{"embeddable":true,"href":"https:\/\/swsm.pl\/ru\/wp-json\/wp\/v2\/pages\/12109"}],"wp:attachment":[{"href":"https:\/\/swsm.pl\/ru\/wp-json\/wp\/v2\/media?parent=12115"}],"curies":[{"name":"wp","href":"https:\/\/api.w.org\/{rel}","templated":true}]}}