{"id":13001,"date":"2023-11-29T15:56:59","date_gmt":"2023-11-29T15:56:59","guid":{"rendered":"https:\/\/swsm.pl\/strona-glowna\/"},"modified":"2025-02-25T09:20:05","modified_gmt":"2025-02-25T09:20:05","slug":"%d0%b4%d0%be%d0%bc%d0%b0%d1%88%d0%bd%d1%8f%d1%8f-%d1%81%d1%82%d1%80%d0%b0%d0%bd%d0%b8%d1%86%d0%b0","status":"publish","type":"page","link":"https:\/\/swsm.pl\/ru\/","title":{"rendered":"\u0414\u043e\u043c\u0430\u0448\u043d\u044f\u044f \u0441\u0442\u0440\u0430\u043d\u0438\u0446\u0430"},"content":{"rendered":"\n\n    <section class=\"buttonBlock  \">\n            <div class=\"container\">\n                <div class=\"row\">\n                                            <div class=\"col-12 \">\n                            <h5>\u041e\u0431\u0443\u0447\u0435\u043d\u0438\u0435 I \u0421\u0442\u0443\u043f\u0435\u043d\u0438<\/h5>\n                        <\/div>\n                                    <\/div>\n                <div class=\"row btn-box btn-box-home\">\n\n                                                                                                        <div class=\"col-12 col-md-6 col-xl-4 big-btn-position\">\n                                    <a class=\"btn-big    \" href=\"https:\/\/swsm.pl\/ru\/%D0%BD%D0%B0%D0%B2%D1%87%D0%B0%D0%BD%D0%BD%D1%8F-%D0%BF%D0%B5%D1%80%D1%88%D0%BE%D0%B3%D0%BE-%D1%81%D1%82%D1%83%D0%BF%D0%B5%D0%BD%D1%8F\/%D0%BA%D0%BE%D1%81%D0%BC%D0%B5%D1%82%D0%BE%D0%BB%D0%BE%D0%B3%D0%B8%D1%8F-%D0%BE%D0%B1%D1%83%D1%87%D0%B5%D0%BD%D0%B8%D0%B5-1-%D1%81%D1%82%D1%83%D0%BF%D0%B5%D0%BD%D0%B8-%D0%B1%D0%B0%D0%BA%D0%B0%D0%BB\/%D0%BE%D0%BF%D0%B8%D1%81%D0%B0%D0%BD%D0%B8%D0%B5-%D0%BD%D0%B0%D0%BF%D1%80%D0%B0%D0%B2%D0%BB%D0%B5%D0%BD%D0%B8%D1%8F\/\" target=\"_self\">\u041a\u043e\u0441\u043c\u0435\u0442\u043e\u043b\u043e\u0433\u0438\u044f<\/a>\n                                <\/div>\n                                                                                                                <div class=\"col-12 col-md-6 col-xl-4 big-btn-position\">\n                                    <a class=\"btn-big    \" href=\"https:\/\/swsm.pl\/ru\/%D0%BD%D0%B0%D0%B2%D1%87%D0%B0%D0%BD%D0%BD%D1%8F-%D0%BF%D0%B5%D1%80%D1%88%D0%BE%D0%B3%D0%BE-%D1%81%D1%82%D1%83%D0%BF%D0%B5%D0%BD%D1%8F\/%D0%B4%D0%B8%D0%B5%D1%82%D0%BE%D0%BB%D0%BE%D0%B3%D0%B8%D1%8F-%D0%BE%D0%B1%D1%83%D1%87%D0%B5%D0%BD%D0%B8%D0%B5-1-%D1%81%D1%82%D1%83%D0%BF%D0%B5%D0%BD%D0%B8-%D0%B1%D0%B0%D0%BA%D0%B0%D0%BB%D0%B0%D0%B2\/%D0%BE%D0%BF%D0%B8%D1%81%D0%B0%D0%BD%D0%B8%D0%B5-%D0%BD%D0%B0%D0%BF%D1%80%D0%B0%D0%B2%D0%BB%D0%B5%D0%BD%D0%B8%D1%8F\/\" target=\"_self\">\u0414\u0438\u0435\u0442\u043e\u043b\u043e\u0433\u0438\u044f<\/a>\n                                <\/div>\n                                                                        \n                <\/div>\n            <\/div>\n    <\/section>\n\n\n\n<section class=\"textBlock textBlock--2 \">\n    <div class=\"tbc\">\n        <div class=\"container\">\n            <div class=\"row\">\n                                                                    <div class=\"col-12 col-lg-6 textBlock__colLeft\">\n                        <div class=\"tbc__colLeft__inner\">\n                            <h3 class=\"title title--3 color--navy-700 tbc__titleCol3\">\u041a\u0430\u0431\u0438\u043d\u0435\u0442\u044b<\/h3><h5 class=\"title title--5 color--navy-700 tbc__titleCol5\">\u0421\u0438\u043b\u0435\u0437\u0441\u043a\u0430\u044f \u0432\u044b\u0441\u0448\u0430\u044f \u043c\u0435\u0434\u0438\u0446\u0438\u043d\u0441\u043a\u0430\u044f \u0448\u043a\u043e\u043b\u0430 \u043f\u0440\u0435\u0434\u043b\u0430\u0433\u0430\u0435\u0442 \u043f\u043e\u043b\u043d\u043e\u0441\u0442\u044c\u044e \u043e\u0431\u043e\u0440\u0443\u0434\u043e\u0432\u0430\u043d\u043d\u044b\u0435 \u043a\u0430\u0431\u0438\u043d\u0435\u0442\u044b<\/h5><div class=\"text text--2 color--navy-500 tbc__colDesc\"><p>\u043a\u043e\u0442\u043e\u0440\u044b\u0435 \u043f\u043e\u0437\u0432\u043e\u043b\u044f\u044e\u0442 \u0441\u0442\u0443\u0434\u0435\u043d\u0442\u0430\u043c \u043f\u043e\u043b\u0443\u0447\u0430\u0442\u044c \u0437\u043d\u0430\u043d\u0438\u044f \u0438 \u043f\u0440\u0430\u043a\u0442\u0438\u0447\u0435\u0441\u043a\u0438\u0435 \u043d\u0430\u0432\u044b\u043a\u0438 \u0438\u043d\u0442\u0435\u0440\u0435\u0441\u043d\u044b\u043c\u0438 \u0438 \u0441\u043e\u0432\u0440\u0435\u043c\u0435\u043d\u043d\u044b\u043c\u0438 \u0441\u043f\u043e\u0441\u043e\u0431\u0430\u043c\u0438. \u0421\u0442\u0443\u0434\u0435\u043d\u0442\u044b \u043f\u043e\u043b\u044c\u0437\u0443\u044e\u0442\u0441\u044f \u043e\u0447\u0435\u043d\u044c \u0445\u043e\u0440\u043e\u0448\u043e \u043e\u0431\u043e\u0440\u0443\u0434\u043e\u0432\u0430\u043d\u043d\u044b\u043c\u0438 \u043a\u0430\u0431\u0438\u043d\u0435\u0442\u0430\u043c\u0438<\/p>\n<\/div><div class=\"tbc__btns\"><a class=\"btn btn--prim\" href=\"https:\/\/swsm.pl\/ru\/%D0%B2%D1%83%D0%B7\/%D0%BA%D0%B0%D0%B1%D0%B8%D0%BD%D0%B5%D1%82%D1%8B\/\" target=\"_self\">\u041a\u0430\u0431\u0438\u043d\u0435\u0442\u044b<\/a><\/div>                        <\/div>\n                    <\/div>\n                    <div class=\"col-12 col-lg-6 textBlock__colRight\">\n                        <div class=\"tbc__colRight__inner\">\n                                            <div class=\"tbc__imageBox\">\n                    <img decoding=\"async\" src=\"https:\/\/swsm.pl\/wp-content\/uploads\/2024\/04\/zabieg.jpg\" alt=\"\" \/>\n                <\/div>\n                \n                        <\/div>\n                    <\/div>\n                    <div class=\"col-12\">\n                                            <\/div>\n                                                                            <\/div>\n        <\/div>\n    <\/div>\n<\/section>\n\n\n\n\n                <section class=\"bannerComponentCTA\">\n            <div class=\"container\">\n                <div class=\"row\">\n                                                                            <div class=\"col-12\">\n                                        <div class=\"bannerComponentCTA__content banner-photo background--primary-25\">\n                                                <div class=\"bannerComponentCTA__content__text\">\n                                                        <h4 class=\"color--primary-700  max-line-one\">\u041e \u0412\u0443\u0437\u0435<\/h4>\n                                                                                                                    <p class=\"text--1 color--primary-500 max-line\">\u0421\u0438\u043b\u0435\u0437\u0441\u043a\u0430\u044f B\u044b\u0441\u0448\u0430\u044f M\u0435\u0434\u0438\u0446\u0438\u043d\u0441\u043a\u0430\u044f \u0428\u043a\u043e\u043b\u0430 \u0432 \u041a\u0430\u0442\u043e\u0432\u0438\u0446\u0435 \u2013 \u043e\u0434\u043d\u0430 \u0438\u0437 \u043f\u0435\u0440\u0432\u044b\u0445 \u043d\u0435\u0433\u043e\u0441\u0443\u0434\u0430\u0440\u0441\u0442\u0432\u0435\u043d\u043d\u044b\u0445 \u0441\u043f\u0435\u0446\u0438\u0430\u043b\u0438\u0437\u0438\u0440\u043e\u0432\u0430\u043d\u043d\u044b\u0445 \u0432\u044b\u0441\u0448\u0438\u0445 \u043c\u0435\u0434\u0438\u0446\u0438\u043d\u0441\u043a\u0438\u0445 \u0448\u043a\u043e\u043b \u0432 \u041f\u043e\u043b\u044c\u0448\u0435, \u0438\u043c\u0435\u044e\u0449\u0430\u044f \u043f\u0440\u0430\u0432\u0430 \u0433\u043e\u0441\u0443\u0434\u0430\u0440\u0441\u0442\u0432\u0435\u043d\u043d\u043e\u0433\u043e \u0443\u0447\u0435\u0431\u043d\u043e\u0433\u043e \u0437\u0430\u0432\u0435\u0434\u0435\u043d\u0438\u044f.<\/p>\n                                                                                                                <div class=\"bannerComponentCTA__content__text__btn\">\n                                                                                                                            <a class=\"btn btn--prim\" href=\"https:\/\/swsm.pl\/ru\/%D0%B2%D1%83%D0%B7\/%D0%BE-%D0%B2%D1%83%D0%B7%D0%B5\/%D0%BE-%D0%B2%D1%83%D0%B7%D0%B5\/\" target=\"_self\">\u041e \u0412\u0443\u0437\u0435<\/a>\n                                                                                                                                                                                <\/div>\n                                                <\/div>\n                                                <div class=\"bannerComponentCTA__content__photo\">\n                                                                                                            <img decoding=\"async\" class=\"responsive-img\" src=\"https:\/\/swsm.pl\/wp-content\/uploads\/2023\/12\/1200x628-swsm.jpg\" alt=\"\" \/>\n                                                                                                    <\/div>\n                                        <\/div>\n                                <\/div>\n                                              \n                <\/div>\n            <\/div>\n        <\/section>\n\n\n\n\n\n\n\n\n\n\n\n\n\n                        <section class=\"bannerComponentCTA\">\n            <div class=\"container\">\n                <div class=\"row\">\n                                                                            <div class=\"col-12\">\n                                                                            <a class=\"bannerComponentCTA__content banner-photo background--primary-500\" href=\"https:\/\/swsm.pl\/ru\/%D0%B7%D0%BE%D0%BD%D0%B0-%D1%81%D1%82%D1%83%D0%B4%D0%B5%D0%BD%D1%82%D0%B0\/%D0%B7%D0%BE%D0%BD%D0%B0-%D1%81%D1%82%D1%83%D0%B4%D0%B5%D0%BD%D1%82%D0%B0\/%D0%BD%D0%B0%D1%83%D1%87%D0%BD%D1%8B%D0%B5-%D0%BA%D1%80%D1%83%D0%B6%D0%BA%D0%B8\/\" target=\"_self\">\n                                                <div class=\"bannerComponentCTA__content__photo\">\n                                                                                                            <img decoding=\"async\" class=\"responsive-img\" src=\"https:\/\/swsm.pl\/wp-content\/uploads\/2023\/12\/pracownia_zywienia_swsm_12.jpg\" alt=\"\" \/>\n                                                                                                    <\/div>\n                                                <div class=\"bannerComponentCTA__content__text\">\n                                                        <h4 class=\"color--white max-line\">\u041d\u0430\u0443\u0447\u043d\u044b\u0435 \u041a\u0440\u0443\u0436\u043a\u0438<\/h4>\n                                                                                                                    <p class=\"text--1 color--white max-line\">\u0421\u0438\u043b\u0435\u0437\u0441\u043a\u0430\u044f \u0432\u044b\u0441\u0448\u0430\u044f \u043c\u0435\u0434\u0438\u0446\u0438\u043d\u0441\u043a\u0430\u044f \u0448\u043a\u043e\u043b\u0430 \u0432 \u0433.\u041a\u0430\u0442\u043e\u0432\u0438\u0446\u0435 \u043f\u0440\u0438\u043d\u0438\u043c\u0430\u0435\u0442 \u0430\u043a\u0442\u0438\u0432\u043d\u043e\u0435 \u0443\u0447\u0430\u0441\u0442\u0438\u0435 \u0432 \u0440\u0430\u0437\u0432\u0438\u0442\u0438\u0438 \u043f\u0440\u043e\u0444\u0435\u0441\u0441\u0438\u043e\u043d\u0430\u043b\u044c\u043d\u044b\u0445 \u0438\u043d\u0442\u0435\u0440\u0435\u0441\u043e\u0432 \u0438 \u043d\u0430\u0443\u0447\u043d\u044b\u0445 \u0443\u0432\u043b\u0435\u0447\u0435\u043d\u0438\u0439 \u0441\u0442\u0443\u0434\u0435\u043d\u0442\u043e\u0432. <\/p>\n                                                                                                        <\/div>\n                                                <div class=\"bannerComponentCTA__content__right-btn background--accent-red\">\n                                                        <svg width=\"49\" height=\"48\" viewBox=\"0 0 49 48\" fill=\"none\" xmlns=\"http:\/\/www.w3.org\/2000\/svg\">\n<g id=\"Ikony\">\n<path id=\"Vector\" d=\"M24.5 10L24.5 38M24.5 10L38.5 24M24.5 10L10.5 24\" stroke=\"white\" stroke-width=\"3\" stroke-linecap=\"round\" stroke-linejoin=\"round\"\/>\n<\/g>\n<\/svg>\n                                                <\/div>\n                                        <\/a>\n                                                                    <\/div>\n                                              \n                <\/div>\n            <\/div>\n        <\/section>\n\n\n\n","protected":false},"excerpt":{"rendered":"","protected":false},"author":9,"featured_media":0,"parent":0,"menu_order":1,"comment_status":"closed","ping_status":"closed","template":"","meta":{"_acf_changed":false,"footnotes":""},"class_list":["post-13001","page","type-page","status-publish","hentry"],"acf":{"alert_on":false,"alert_filter_tag_select":false,"alert_filter_by_tag":[],"modalComunicatHeader_blog":"","modalComunicatHeader_link":[""]},"yoast_head":"<!-- This site is optimized with the Yoast SEO plugin v27.3 - https:\/\/yoast.com\/product\/yoast-seo-wordpress\/ -->\n<title>\u0414\u043e\u043c\u0430\u0448\u043d\u044f\u044f \u0441\u0442\u0440\u0430\u043d\u0438\u0446\u0430 - SWSM<\/title>\n<meta name=\"robots\" content=\"index, follow, max-snippet:-1, max-image-preview:large, max-video-preview:-1\" \/>\n<link rel=\"canonical\" href=\"https:\/\/swsm.pl\/ru\/\" \/>\n<meta property=\"og:locale\" content=\"ru_RU\" \/>\n<meta property=\"og:type\" content=\"article\" \/>\n<meta property=\"og:title\" content=\"\u0414\u043e\u043c\u0430\u0448\u043d\u044f\u044f \u0441\u0442\u0440\u0430\u043d\u0438\u0446\u0430 - SWSM\" \/>\n<meta property=\"og:url\" content=\"https:\/\/swsm.pl\/ru\/\" \/>\n<meta property=\"og:site_name\" content=\"SWSM\" \/>\n<meta property=\"article:modified_time\" content=\"2025-02-25T09:20:05+00:00\" \/>\n<meta name=\"twitter:card\" content=\"summary_large_image\" \/>\n<script type=\"application\/ld+json\" class=\"yoast-schema-graph\">{\"@context\":\"https:\\\/\\\/schema.org\",\"@graph\":[{\"@type\":\"WebPage\",\"@id\":\"https:\\\/\\\/swsm.pl\\\/ru\\\/\",\"url\":\"https:\\\/\\\/swsm.pl\\\/ru\\\/\",\"name\":\"\u0414\u043e\u043c\u0430\u0448\u043d\u044f\u044f \u0441\u0442\u0440\u0430\u043d\u0438\u0446\u0430 - SWSM\",\"isPartOf\":{\"@id\":\"https:\\\/\\\/swsm.pl\\\/#website\"},\"datePublished\":\"2023-11-29T15:56:59+00:00\",\"dateModified\":\"2025-02-25T09:20:05+00:00\",\"breadcrumb\":{\"@id\":\"https:\\\/\\\/swsm.pl\\\/ru\\\/#breadcrumb\"},\"inLanguage\":\"ru-RU\",\"potentialAction\":[{\"@type\":\"ReadAction\",\"target\":[\"https:\\\/\\\/swsm.pl\\\/ru\\\/\"]}]},{\"@type\":\"BreadcrumbList\",\"@id\":\"https:\\\/\\\/swsm.pl\\\/ru\\\/#breadcrumb\",\"itemListElement\":[{\"@type\":\"ListItem\",\"position\":1,\"name\":\"Strona g\u0142\u00f3wna\",\"item\":\"https:\\\/\\\/swsm.pl\\\/ru\\\/\"},{\"@type\":\"ListItem\",\"position\":2,\"name\":\"\u0414\u043e\u043c\u0430\u0448\u043d\u044f\u044f \u0441\u0442\u0440\u0430\u043d\u0438\u0446\u0430\"}]},{\"@type\":\"WebSite\",\"@id\":\"https:\\\/\\\/swsm.pl\\\/#website\",\"url\":\"https:\\\/\\\/swsm.pl\\\/\",\"name\":\"SWSM\",\"description\":\"\u015al\u0105ska Wy\u017csza Szko\u0142a Medyczna w Katowicach\",\"potentialAction\":[{\"@type\":\"SearchAction\",\"target\":{\"@type\":\"EntryPoint\",\"urlTemplate\":\"https:\\\/\\\/swsm.pl\\\/?s={search_term_string}\"},\"query-input\":{\"@type\":\"PropertyValueSpecification\",\"valueRequired\":true,\"valueName\":\"search_term_string\"}}],\"inLanguage\":\"ru-RU\"}]}<\/script>\n<!-- \/ Yoast SEO plugin. -->","yoast_head_json":{"title":"\u0414\u043e\u043c\u0430\u0448\u043d\u044f\u044f \u0441\u0442\u0440\u0430\u043d\u0438\u0446\u0430 - SWSM","robots":{"index":"index","follow":"follow","max-snippet":"max-snippet:-1","max-image-preview":"max-image-preview:large","max-video-preview":"max-video-preview:-1"},"canonical":"https:\/\/swsm.pl\/ru\/","og_locale":"ru_RU","og_type":"article","og_title":"\u0414\u043e\u043c\u0430\u0448\u043d\u044f\u044f \u0441\u0442\u0440\u0430\u043d\u0438\u0446\u0430 - SWSM","og_url":"https:\/\/swsm.pl\/ru\/","og_site_name":"SWSM","article_modified_time":"2025-02-25T09:20:05+00:00","twitter_card":"summary_large_image","schema":{"@context":"https:\/\/schema.org","@graph":[{"@type":"WebPage","@id":"https:\/\/swsm.pl\/ru\/","url":"https:\/\/swsm.pl\/ru\/","name":"\u0414\u043e\u043c\u0430\u0448\u043d\u044f\u044f \u0441\u0442\u0440\u0430\u043d\u0438\u0446\u0430 - SWSM","isPartOf":{"@id":"https:\/\/swsm.pl\/#website"},"datePublished":"2023-11-29T15:56:59+00:00","dateModified":"2025-02-25T09:20:05+00:00","breadcrumb":{"@id":"https:\/\/swsm.pl\/ru\/#breadcrumb"},"inLanguage":"ru-RU","potentialAction":[{"@type":"ReadAction","target":["https:\/\/swsm.pl\/ru\/"]}]},{"@type":"BreadcrumbList","@id":"https:\/\/swsm.pl\/ru\/#breadcrumb","itemListElement":[{"@type":"ListItem","position":1,"name":"Strona g\u0142\u00f3wna","item":"https:\/\/swsm.pl\/ru\/"},{"@type":"ListItem","position":2,"name":"\u0414\u043e\u043c\u0430\u0448\u043d\u044f\u044f \u0441\u0442\u0440\u0430\u043d\u0438\u0446\u0430"}]},{"@type":"WebSite","@id":"https:\/\/swsm.pl\/#website","url":"https:\/\/swsm.pl\/","name":"SWSM","description":"\u015al\u0105ska Wy\u017csza Szko\u0142a Medyczna w Katowicach","potentialAction":[{"@type":"SearchAction","target":{"@type":"EntryPoint","urlTemplate":"https:\/\/swsm.pl\/?s={search_term_string}"},"query-input":{"@type":"PropertyValueSpecification","valueRequired":true,"valueName":"search_term_string"}}],"inLanguage":"ru-RU"}]}},"_links":{"self":[{"href":"https:\/\/swsm.pl\/ru\/wp-json\/wp\/v2\/pages\/13001","targetHints":{"allow":["GET"]}}],"collection":[{"href":"https:\/\/swsm.pl\/ru\/wp-json\/wp\/v2\/pages"}],"about":[{"href":"https:\/\/swsm.pl\/ru\/wp-json\/wp\/v2\/types\/page"}],"author":[{"embeddable":true,"href":"https:\/\/swsm.pl\/ru\/wp-json\/wp\/v2\/users\/9"}],"replies":[{"embeddable":true,"href":"https:\/\/swsm.pl\/ru\/wp-json\/wp\/v2\/comments?post=13001"}],"version-history":[{"count":21,"href":"https:\/\/swsm.pl\/ru\/wp-json\/wp\/v2\/pages\/13001\/revisions"}],"predecessor-version":[{"id":21709,"href":"https:\/\/swsm.pl\/ru\/wp-json\/wp\/v2\/pages\/13001\/revisions\/21709"}],"wp:attachment":[{"href":"https:\/\/swsm.pl\/ru\/wp-json\/wp\/v2\/media?parent=13001"}],"curies":[{"name":"wp","href":"https:\/\/api.w.org\/{rel}","templated":true}]}}