{"id":27083,"date":"2025-10-09T07:47:01","date_gmt":"2025-10-09T07:47:01","guid":{"rendered":""},"modified":"2025-10-09T07:59:57","modified_gmt":"2025-10-09T07:59:57","slug":"kolo-naukowe-biologii-czlowieka","status":"publish","type":"page","link":"https:\/\/swsm.pl\/ru\/%d0%b7%d0%be%d0%bd%d0%b0-%d1%81%d1%82%d1%83%d0%b4%d0%b5%d0%bd%d1%82%d0%b0\/%d0%b7%d0%be%d0%bd%d0%b0-%d1%81%d1%82%d1%83%d0%b4%d0%b5%d0%bd%d1%82%d0%b0\/%d0%bd%d0%b0%d1%83%d1%87%d0%bd%d1%8b%d0%b5-%d0%ba%d1%80%d1%83%d0%b6%d0%ba%d0%b8\/kolo-naukowe-biologii-czlowieka\/","title":{"rendered":"Ko\u0142o Naukowe Biologii Cz\u0142owieka"},"content":{"rendered":"<section class=\"textBlock textBlock--0 \">\n    <div class=\"tbc\">\n        <div class=\"container\">\n            <div class=\"row\">\n                                    <div class=\"col-12\">\n                                                                            <h5 class=\"title title--5 color--navy-700 tbc__title2\">                                <img decoding=\"async\" class=\"tbc__h5icon\" src=\"https:\/\/swsm.pl\/wp-content\/uploads\/2023\/11\/ikonaprofil-kolorz-zielonym-SVG.svg\" alt=\"\" \/>\n                            Opiekun naukowy:<\/h5>                                                                            <div class=\"text text--2 color--navy-500 tbc__desc\"><p><strong>\u00a0<\/strong><\/p>\n<p><strong>dr n. biol. \u0141ukasz Chajec<\/strong> \u00a0 <a href=\"mailto:lchajec@wp.pl\">lchajec@wp.pl<\/a><\/p>\n<p>&nbsp;<\/p>\n<p><strong>Ko\u0142o Naukowe Biologii Cz\u0142owieka<\/strong> jest interdyscyplinarnym ko\u0142em zrzeszaj\u0105cym Student\u00f3w \u015al\u0105skiej Wy\u017cszej Szko\u0142y Medycznej, kt\u00f3rzy zainteresowani s\u0105 poszerzaniem swojej wiedzy z tych dziedzin nauki, kt\u00f3re w centrum swoich zainteresowa\u0144 stawiaj\u0105 cz\u0142owieka. Ucz\u0119szczanie na spotkania Ko\u0142a Naukowego pozwoli nie tylko zapozna\u0107 si\u0119 z najnowszymi wynikami bada\u0144 nad cz\u0142owiekiem z zakresu psychologii, dietetyki, medycyny, fizjologii, immunologii itp., a przede wszystkim zdoby\u0107 umiej\u0119tno\u015bci w pracy w grupie, prezentacji w\u0142asnych pogl\u0105d\u00f3w i prowadzenia dyskusji. Ko\u0142o Naukowe ma r\u00f3wnie\u017c na celu integracj\u0119 Student\u00f3w r\u00f3\u017cnych kierunk\u00f3w, wymian\u0119 do\u015bwiadcze\u0144, jak r\u00f3wnie\u017c nawi\u0105zanie pomi\u0119dzy nimi wsp\u00f3\u0142pracy naukowej oraz zdobycie nowej wiedzy przydatnej w pracy zawodowej.<\/p>\n<p>&nbsp;<\/p>\n<p>Nieod\u0142\u0105cznym punktem spotka\u0144 b\u0119d\u0105 warsztaty prowadzone przez opiekuna Ko\u0142a, na kt\u00f3rych Studenci b\u0119d\u0105 mogli zamieni\u0107 wiedz\u0119 teoretyczn\u0105 na praktyk\u0119, wykonuj\u0105c proste do\u015bwiadczenia laboratoryjne, takie jak np. analiza biochemiczna surowicy krwi, ocena aktywno\u015bci enzym\u00f3w trawiennych, czy testy neurologiczne. Ponadto, Studenci zostan\u0105 zaznajomieni z zasadami pracy z mikroskopem optycznym oraz b\u0119d\u0105 mieli okazj\u0119 wykona\u0107 samodzielnie preparaty mikroskopowe.<\/p>\n<p>&nbsp;<\/p>\n<p>Cz\u0142onkiem Ko\u0142a Naukowego Biologii Cz\u0142owieka mo\u017ce zosta\u0107 ka\u017cdy student Kosmetologii lub Dietetyki I i II stopnia, kt\u00f3ry z\u0142o\u017cy deklaracj\u0119 uczestnictwa w spotkaniach Ko\u0142a. Studenci trac\u0105 status cz\u0142onka Ko\u0142a Naukowego nie ucz\u0119szczaj\u0105c na planowane spotkania.<\/p>\n<p>&nbsp;<\/p>\n<p><strong>Wszystkich Student\u00f3w zainteresowanych zdobyciem nowej wiedzy z zakresu biologii cz\u0142owieka serdecznie zapraszamy do udzia\u0142u w spotkaniach Ko\u0142a i prosimy o kontakt z opiekunem Ko\u0142a.<\/strong><\/p>\n<p>&nbsp;<\/p>\n<p>&nbsp;<\/p>\n<p><strong>Ko\u0142o Naukowe Biologii Cz\u0142owieka<\/strong><br \/>\n<strong>\u015al\u0105ska Wy\u017csza Szko\u0142a Medyczna w Katowicach<\/strong><br \/>\n<strong>ul. Mickiewicza 29, 40-085 Katowice<\/strong><\/p>\n<\/div>                                                                    <\/div>\n                                                                                                            <\/div>\n        <\/div>\n    <\/div>\n<\/section>\n\n\n<section class=\"textBlock textBlock--0 grayBG \">\n    <div class=\"tbc\">\n        <div class=\"container\">\n            <div class=\"row\">\n                                    <div class=\"col-12\">\n                                                                            <h5 class=\"title title--5 color--navy-700 tbc__title2\">                                <img decoding=\"async\" class=\"tbc__h5icon\" src=\"https:\/\/swsm.pl\/wp-content\/uploads\/2023\/11\/ikonakalendarz-kolorz-zielonym-SVG.svg\" alt=\"\" \/>\n                            Plan dzia\u0142a\u0144 na rok akademicki 2025\/2026<\/h5>                                                                            <div class=\"text text--2 color--navy-500 tbc__desc\"><ol>\n<li>Praca badawcza nad wp\u0142ywem diety (np. okre\u015blonych sk\u0142adnik\u00f3w: kwas\u00f3w t\u0142uszczowych, witamin, antyoksydant\u00f3w) na stan sk\u00f3ry (np. tr\u0105dzik, sucho\u015b\u0107, starzenie).<\/li>\n<li>Warsztaty sk\u00f3ry: analiza histologiczna sk\u00f3ry, ocenianie stanu sk\u00f3ry, techniki mikroskopowe.<\/li>\n<li>Wsp\u00f3\u0142praca z pozosta\u0142ymi Ko\u0142ami przy wsp\u00f3lnych wydarzeniach.<\/li>\n<li>Webinaria \/ live\u2019y \/ podcasty z ekspertami (dermatolog, dietetyk, kosmetolog).<\/li>\n<\/ol>\n<\/div>                                                                    <\/div>\n                                                                                                            <\/div>\n        <\/div>\n    <\/div>\n<\/section>\n\n\n<section class=\"textSimpleHeader textSimpleHeader--3   \">\n    <div class=\"container\">\n        <div class=\"row\">\n            <div class=\"col-12\">\n                <div class=\"textSimpleHeader__inner\">\n                    <h3 class=\"title title--3 color--navy-700\">Podsumowanie dzia\u0142alno\u015bci:<\/h3>                <\/div>\n            <\/div>\n        <\/div>\n    <\/div>\n<\/section>\n\n\n<section class=\"textWithIcons textWithIcons--0 \">\n    <div class=\"tbc\">   \n        <div class=\"container\">\n            <div class=\"row\">\n                                    <div class=\"col-12\">\n                        <h3 class=\"title title--3 color--navy-700 tbc__title\">RA 2024\/2025<\/h3><h5 class=\"title title--5 color--navy-700 tbc__subTitle\">Dzia\u0142ania w roku akademickim 2024\/2025<\/h5><div class=\"text text--2 color--navy-500 tbc__desc\"><p><strong> Cel i charakter dzia\u0142alno\u015bci Ko\u0142a<\/strong><\/p>\n<p>&nbsp;<\/p>\n<p><strong>Ko\u0142o Naukowe Biologii Cz\u0142owieka<\/strong> jest interdyscyplinarnym zrzeszeniem student\u00f3w \u015al\u0105skiej Wy\u017cszej Szko\u0142y Medycznej, zainteresowanych pog\u0142\u0119bianiem wiedzy w obszarach biologii cz\u0142owieka, ze szczeg\u00f3lnym uwzgl\u0119dnieniem funkcjonowania organizmu, jego budowy, fizjologii, patologii itp.<\/p>\n<p>&nbsp;<\/p>\n<p><strong>G\u0142\u00f3wne dzia\u0142ania w roku 2024\/25<\/strong><\/p>\n<ul>\n<li>Spotkania dyskusyjne \/ journal clubs: analiza publikacji naukowych, om\u00f3wienie nowych bada\u0144 z zakresu biologii cz\u0142owieka, kosmetologii, dietetyki.<\/li>\n<li>Udzia\u0142 w konferencjach:uczelnianych, prezentacje plakatowe.<\/li>\n<li>Wydarzenia popularyzuj\u0105ce nauk\u0119: dni otwarte.<\/li>\n<\/ul>\n<\/div>                    <\/div>\n                                                                                                                                                                                                                \n            <\/div>\n        <\/div>\n    <\/div>\n\n<\/section>\n\n\n<section class=\"textWithIcons textWithIcons--0 grayBG \">\n    <div class=\"tbc\">   \n        <div class=\"container\">\n            <div class=\"row\">\n                                    <div class=\"col-12\">\n                        <h3 class=\"title title--3 color--navy-700 tbc__title\"><img decoding=\"async\" class=\"tbc__h3icon\" src=\"https:\/\/swsm.pl\/wp-content\/uploads\/2023\/11\/icon-V-blue.svg\" alt=\"\" \/>RA 2023\/2024<\/h3><div class=\"text text--2 color--navy-500 tbc__desc\"><p>W roku akademickim 2023\/2024 Ko\u0142o skupi\u0142o si\u0119 na realizacji Projektu <strong>&#171;Analiza korelacji pomi\u0119dzy wiedz\u0105 \u017cywieniow\u0105 a stanem od\u017cywienia uczni\u00f3w szk\u00f3\u0142 ponadpodstawowych&#187;<\/strong> dofinansowanego przez Ministra Edukacji i Nauki ze \u015brodk\u00f3w z bud\u017cetu pa\u0144stwa w ramach programu <strong>&#171;Studenckie ko\u0142a naukowe tworz\u0105 innowacje&#187;<\/strong>.<\/p>\n<p>&nbsp;<\/p>\n<p>Realizacja projektu rozpocz\u0119\u0142a si\u0119 w maju 2023 roku. Przedmiotem projektu by\u0142o doskonalenie umiej\u0119tno\u015bci praktycznych z zakresu dietetyki i rozw\u00f3j kompetencji badawczych oraz z zakresu edukacji \u017cywieniowej cz\u0142onk\u00f3w Ko\u0142a Naukowego Biologii Cz\u0142owieka.<\/p>\n<p>&nbsp;<\/p>\n<p>Zrealizowane dzia\u0142ania:<\/p>\n<ul>\n<li>zebranie zespo\u0142u badawczego i opracowanie harmonogramu bada\u0144,<\/li>\n<li>przeszkolenie zespo\u0142u badawczego z zakresu obs\u0142ugi aparatury pomiarowej,<\/li>\n<li>zapoznanie cz\u0142onk\u00f3w Ko\u0142a z metodami oceny stanu od\u017cywienia dzieci przy wykorzystaniu metod antropometrycznych oraz metody bioimpedancji elektrycznej z wykorzystaniem wagi SECA mBCA 515,<\/li>\n<li>opracowanie kwestionariusza ankiety oraz wzoru zgody na udzia\u0142 dziecka w badaniach,<\/li>\n<li>zaproszenie szk\u00f3\u0142 wojew\u00f3dztwa \u015bl\u0105skiego do wzi\u0119cia udzia\u0142u w badaniach.<\/li>\n<\/ul>\n<\/div>                    <\/div>\n                                                                                                                                                                                                                \n            <\/div>\n        <\/div>\n    <\/div>\n\n<\/section>","protected":false},"excerpt":{"rendered":"","protected":false},"author":9,"featured_media":0,"parent":11761,"menu_order":5,"comment_status":"closed","ping_status":"closed","template":"template-pages\/page-threeFourth.php","meta":{"_acf_changed":false,"footnotes":""},"class_list":["post-27083","page","type-page","status-publish","hentry"],"acf":{"alert_on":false,"alert_filter_tag_select":false,"alert_filter_by_tag":[],"modalComunicatHeader_blog":"","modalComunicatHeader_link":null},"yoast_head":"<!-- This site is optimized with the Yoast SEO plugin v27.4 - https:\/\/yoast.com\/product\/yoast-seo-wordpress\/ -->\n<title>Ko\u0142o Naukowe Biologii Cz\u0142owieka - SWSM<\/title>\n<meta name=\"robots\" content=\"index, follow, max-snippet:-1, max-image-preview:large, max-video-preview:-1\" \/>\n<link rel=\"canonical\" href=\"https:\/\/swsm.pl\/ru\/\u0437\u043e\u043d\u0430-\u0441\u0442\u0443\u0434\u0435\u043d\u0442\u0430\/\u0437\u043e\u043d\u0430-\u0441\u0442\u0443\u0434\u0435\u043d\u0442\u0430\/\u043d\u0430\u0443\u0447\u043d\u044b\u0435-\u043a\u0440\u0443\u0436\u043a\u0438\/kolo-naukowe-biologii-czlowieka\/\" \/>\n<meta property=\"og:locale\" content=\"ru_RU\" \/>\n<meta property=\"og:type\" content=\"article\" \/>\n<meta property=\"og:title\" content=\"Ko\u0142o Naukowe Biologii Cz\u0142owieka - SWSM\" \/>\n<meta property=\"og:url\" content=\"https:\/\/swsm.pl\/ru\/\u0437\u043e\u043d\u0430-\u0441\u0442\u0443\u0434\u0435\u043d\u0442\u0430\/\u0437\u043e\u043d\u0430-\u0441\u0442\u0443\u0434\u0435\u043d\u0442\u0430\/\u043d\u0430\u0443\u0447\u043d\u044b\u0435-\u043a\u0440\u0443\u0436\u043a\u0438\/kolo-naukowe-biologii-czlowieka\/\" \/>\n<meta property=\"og:site_name\" content=\"SWSM\" \/>\n<meta property=\"article:modified_time\" content=\"2025-10-09T07:59:57+00:00\" \/>\n<meta name=\"twitter:card\" content=\"summary_large_image\" \/>\n<script type=\"application\/ld+json\" class=\"yoast-schema-graph\">{\"@context\":\"https:\\\/\\\/schema.org\",\"@graph\":[{\"@type\":\"WebPage\",\"@id\":\"https:\\\/\\\/swsm.pl\\\/ru\\\/%d0%b7%d0%be%d0%bd%d0%b0-%d1%81%d1%82%d1%83%d0%b4%d0%b5%d0%bd%d1%82%d0%b0\\\/%d0%b7%d0%be%d0%bd%d0%b0-%d1%81%d1%82%d1%83%d0%b4%d0%b5%d0%bd%d1%82%d0%b0\\\/%d0%bd%d0%b0%d1%83%d1%87%d0%bd%d1%8b%d0%b5-%d0%ba%d1%80%d1%83%d0%b6%d0%ba%d0%b8\\\/kolo-naukowe-biologii-czlowieka\\\/\",\"url\":\"https:\\\/\\\/swsm.pl\\\/ru\\\/%d0%b7%d0%be%d0%bd%d0%b0-%d1%81%d1%82%d1%83%d0%b4%d0%b5%d0%bd%d1%82%d0%b0\\\/%d0%b7%d0%be%d0%bd%d0%b0-%d1%81%d1%82%d1%83%d0%b4%d0%b5%d0%bd%d1%82%d0%b0\\\/%d0%bd%d0%b0%d1%83%d1%87%d0%bd%d1%8b%d0%b5-%d0%ba%d1%80%d1%83%d0%b6%d0%ba%d0%b8\\\/kolo-naukowe-biologii-czlowieka\\\/\",\"name\":\"Ko\u0142o Naukowe Biologii Cz\u0142owieka - SWSM\",\"isPartOf\":{\"@id\":\"https:\\\/\\\/swsm.pl\\\/#website\"},\"datePublished\":\"2025-10-09T07:47:01+00:00\",\"dateModified\":\"2025-10-09T07:59:57+00:00\",\"breadcrumb\":{\"@id\":\"https:\\\/\\\/swsm.pl\\\/ru\\\/%d0%b7%d0%be%d0%bd%d0%b0-%d1%81%d1%82%d1%83%d0%b4%d0%b5%d0%bd%d1%82%d0%b0\\\/%d0%b7%d0%be%d0%bd%d0%b0-%d1%81%d1%82%d1%83%d0%b4%d0%b5%d0%bd%d1%82%d0%b0\\\/%d0%bd%d0%b0%d1%83%d1%87%d0%bd%d1%8b%d0%b5-%d0%ba%d1%80%d1%83%d0%b6%d0%ba%d0%b8\\\/kolo-naukowe-biologii-czlowieka\\\/#breadcrumb\"},\"inLanguage\":\"ru-RU\",\"potentialAction\":[{\"@type\":\"ReadAction\",\"target\":[\"https:\\\/\\\/swsm.pl\\\/ru\\\/%d0%b7%d0%be%d0%bd%d0%b0-%d1%81%d1%82%d1%83%d0%b4%d0%b5%d0%bd%d1%82%d0%b0\\\/%d0%b7%d0%be%d0%bd%d0%b0-%d1%81%d1%82%d1%83%d0%b4%d0%b5%d0%bd%d1%82%d0%b0\\\/%d0%bd%d0%b0%d1%83%d1%87%d0%bd%d1%8b%d0%b5-%d0%ba%d1%80%d1%83%d0%b6%d0%ba%d0%b8\\\/kolo-naukowe-biologii-czlowieka\\\/\"]}]},{\"@type\":\"BreadcrumbList\",\"@id\":\"https:\\\/\\\/swsm.pl\\\/ru\\\/%d0%b7%d0%be%d0%bd%d0%b0-%d1%81%d1%82%d1%83%d0%b4%d0%b5%d0%bd%d1%82%d0%b0\\\/%d0%b7%d0%be%d0%bd%d0%b0-%d1%81%d1%82%d1%83%d0%b4%d0%b5%d0%bd%d1%82%d0%b0\\\/%d0%bd%d0%b0%d1%83%d1%87%d0%bd%d1%8b%d0%b5-%d0%ba%d1%80%d1%83%d0%b6%d0%ba%d0%b8\\\/kolo-naukowe-biologii-czlowieka\\\/#breadcrumb\",\"itemListElement\":[{\"@type\":\"ListItem\",\"position\":1,\"name\":\"Strona g\u0142\u00f3wna\",\"item\":\"https:\\\/\\\/swsm.pl\\\/ru\\\/\"},{\"@type\":\"ListItem\",\"position\":2,\"name\":\"\u0417\u043e\u043d\u0430 \u0421\u0442\u0443\u0434\u0435\u043d\u0442\u0430\",\"item\":\"https:\\\/\\\/swsm.pl\\\/dla-studenta\\\/\"},{\"@type\":\"ListItem\",\"position\":3,\"name\":\"\u0417\u043e\u043d\u0430 \u0421\u0442\u0443\u0434\u0435\u043d\u0442\u0430\",\"item\":\"https:\\\/\\\/swsm.pl\\\/dla-studenta\\\/sprawy-studenckie\\\/\"},{\"@type\":\"ListItem\",\"position\":4,\"name\":\"\u041d\u0430\u0443\u0447\u043d\u044b\u0435 \u041a\u0440\u0443\u0436\u043a\u0438\",\"item\":\"https:\\\/\\\/swsm.pl\\\/ru\\\/%d0%b7%d0%be%d0%bd%d0%b0-%d1%81%d1%82%d1%83%d0%b4%d0%b5%d0%bd%d1%82%d0%b0\\\/%d0%b7%d0%be%d0%bd%d0%b0-%d1%81%d1%82%d1%83%d0%b4%d0%b5%d0%bd%d1%82%d0%b0\\\/%d0%bd%d0%b0%d1%83%d1%87%d0%bd%d1%8b%d0%b5-%d0%ba%d1%80%d1%83%d0%b6%d0%ba%d0%b8\\\/\"},{\"@type\":\"ListItem\",\"position\":5,\"name\":\"Ko\u0142o Naukowe Biologii Cz\u0142owieka\"}]},{\"@type\":\"WebSite\",\"@id\":\"https:\\\/\\\/swsm.pl\\\/#website\",\"url\":\"https:\\\/\\\/swsm.pl\\\/\",\"name\":\"SWSM\",\"description\":\"\u015al\u0105ska Wy\u017csza Szko\u0142a Medyczna w Katowicach\",\"potentialAction\":[{\"@type\":\"SearchAction\",\"target\":{\"@type\":\"EntryPoint\",\"urlTemplate\":\"https:\\\/\\\/swsm.pl\\\/?s={search_term_string}\"},\"query-input\":{\"@type\":\"PropertyValueSpecification\",\"valueRequired\":true,\"valueName\":\"search_term_string\"}}],\"inLanguage\":\"ru-RU\"}]}<\/script>\n<!-- \/ Yoast SEO plugin. -->","yoast_head_json":{"title":"Ko\u0142o Naukowe Biologii Cz\u0142owieka - SWSM","robots":{"index":"index","follow":"follow","max-snippet":"max-snippet:-1","max-image-preview":"max-image-preview:large","max-video-preview":"max-video-preview:-1"},"canonical":"https:\/\/swsm.pl\/ru\/\u0437\u043e\u043d\u0430-\u0441\u0442\u0443\u0434\u0435\u043d\u0442\u0430\/\u0437\u043e\u043d\u0430-\u0441\u0442\u0443\u0434\u0435\u043d\u0442\u0430\/\u043d\u0430\u0443\u0447\u043d\u044b\u0435-\u043a\u0440\u0443\u0436\u043a\u0438\/kolo-naukowe-biologii-czlowieka\/","og_locale":"ru_RU","og_type":"article","og_title":"Ko\u0142o Naukowe Biologii Cz\u0142owieka - SWSM","og_url":"https:\/\/swsm.pl\/ru\/\u0437\u043e\u043d\u0430-\u0441\u0442\u0443\u0434\u0435\u043d\u0442\u0430\/\u0437\u043e\u043d\u0430-\u0441\u0442\u0443\u0434\u0435\u043d\u0442\u0430\/\u043d\u0430\u0443\u0447\u043d\u044b\u0435-\u043a\u0440\u0443\u0436\u043a\u0438\/kolo-naukowe-biologii-czlowieka\/","og_site_name":"SWSM","article_modified_time":"2025-10-09T07:59:57+00:00","twitter_card":"summary_large_image","schema":{"@context":"https:\/\/schema.org","@graph":[{"@type":"WebPage","@id":"https:\/\/swsm.pl\/ru\/%d0%b7%d0%be%d0%bd%d0%b0-%d1%81%d1%82%d1%83%d0%b4%d0%b5%d0%bd%d1%82%d0%b0\/%d0%b7%d0%be%d0%bd%d0%b0-%d1%81%d1%82%d1%83%d0%b4%d0%b5%d0%bd%d1%82%d0%b0\/%d0%bd%d0%b0%d1%83%d1%87%d0%bd%d1%8b%d0%b5-%d0%ba%d1%80%d1%83%d0%b6%d0%ba%d0%b8\/kolo-naukowe-biologii-czlowieka\/","url":"https:\/\/swsm.pl\/ru\/%d0%b7%d0%be%d0%bd%d0%b0-%d1%81%d1%82%d1%83%d0%b4%d0%b5%d0%bd%d1%82%d0%b0\/%d0%b7%d0%be%d0%bd%d0%b0-%d1%81%d1%82%d1%83%d0%b4%d0%b5%d0%bd%d1%82%d0%b0\/%d0%bd%d0%b0%d1%83%d1%87%d0%bd%d1%8b%d0%b5-%d0%ba%d1%80%d1%83%d0%b6%d0%ba%d0%b8\/kolo-naukowe-biologii-czlowieka\/","name":"Ko\u0142o Naukowe Biologii Cz\u0142owieka - SWSM","isPartOf":{"@id":"https:\/\/swsm.pl\/#website"},"datePublished":"2025-10-09T07:47:01+00:00","dateModified":"2025-10-09T07:59:57+00:00","breadcrumb":{"@id":"https:\/\/swsm.pl\/ru\/%d0%b7%d0%be%d0%bd%d0%b0-%d1%81%d1%82%d1%83%d0%b4%d0%b5%d0%bd%d1%82%d0%b0\/%d0%b7%d0%be%d0%bd%d0%b0-%d1%81%d1%82%d1%83%d0%b4%d0%b5%d0%bd%d1%82%d0%b0\/%d0%bd%d0%b0%d1%83%d1%87%d0%bd%d1%8b%d0%b5-%d0%ba%d1%80%d1%83%d0%b6%d0%ba%d0%b8\/kolo-naukowe-biologii-czlowieka\/#breadcrumb"},"inLanguage":"ru-RU","potentialAction":[{"@type":"ReadAction","target":["https:\/\/swsm.pl\/ru\/%d0%b7%d0%be%d0%bd%d0%b0-%d1%81%d1%82%d1%83%d0%b4%d0%b5%d0%bd%d1%82%d0%b0\/%d0%b7%d0%be%d0%bd%d0%b0-%d1%81%d1%82%d1%83%d0%b4%d0%b5%d0%bd%d1%82%d0%b0\/%d0%bd%d0%b0%d1%83%d1%87%d0%bd%d1%8b%d0%b5-%d0%ba%d1%80%d1%83%d0%b6%d0%ba%d0%b8\/kolo-naukowe-biologii-czlowieka\/"]}]},{"@type":"BreadcrumbList","@id":"https:\/\/swsm.pl\/ru\/%d0%b7%d0%be%d0%bd%d0%b0-%d1%81%d1%82%d1%83%d0%b4%d0%b5%d0%bd%d1%82%d0%b0\/%d0%b7%d0%be%d0%bd%d0%b0-%d1%81%d1%82%d1%83%d0%b4%d0%b5%d0%bd%d1%82%d0%b0\/%d0%bd%d0%b0%d1%83%d1%87%d0%bd%d1%8b%d0%b5-%d0%ba%d1%80%d1%83%d0%b6%d0%ba%d0%b8\/kolo-naukowe-biologii-czlowieka\/#breadcrumb","itemListElement":[{"@type":"ListItem","position":1,"name":"Strona g\u0142\u00f3wna","item":"https:\/\/swsm.pl\/ru\/"},{"@type":"ListItem","position":2,"name":"\u0417\u043e\u043d\u0430 \u0421\u0442\u0443\u0434\u0435\u043d\u0442\u0430","item":"https:\/\/swsm.pl\/dla-studenta\/"},{"@type":"ListItem","position":3,"name":"\u0417\u043e\u043d\u0430 \u0421\u0442\u0443\u0434\u0435\u043d\u0442\u0430","item":"https:\/\/swsm.pl\/dla-studenta\/sprawy-studenckie\/"},{"@type":"ListItem","position":4,"name":"\u041d\u0430\u0443\u0447\u043d\u044b\u0435 \u041a\u0440\u0443\u0436\u043a\u0438","item":"https:\/\/swsm.pl\/ru\/%d0%b7%d0%be%d0%bd%d0%b0-%d1%81%d1%82%d1%83%d0%b4%d0%b5%d0%bd%d1%82%d0%b0\/%d0%b7%d0%be%d0%bd%d0%b0-%d1%81%d1%82%d1%83%d0%b4%d0%b5%d0%bd%d1%82%d0%b0\/%d0%bd%d0%b0%d1%83%d1%87%d0%bd%d1%8b%d0%b5-%d0%ba%d1%80%d1%83%d0%b6%d0%ba%d0%b8\/"},{"@type":"ListItem","position":5,"name":"Ko\u0142o Naukowe Biologii Cz\u0142owieka"}]},{"@type":"WebSite","@id":"https:\/\/swsm.pl\/#website","url":"https:\/\/swsm.pl\/","name":"SWSM","description":"\u015al\u0105ska Wy\u017csza Szko\u0142a Medyczna w Katowicach","potentialAction":[{"@type":"SearchAction","target":{"@type":"EntryPoint","urlTemplate":"https:\/\/swsm.pl\/?s={search_term_string}"},"query-input":{"@type":"PropertyValueSpecification","valueRequired":true,"valueName":"search_term_string"}}],"inLanguage":"ru-RU"}]}},"_links":{"self":[{"href":"https:\/\/swsm.pl\/ru\/wp-json\/wp\/v2\/pages\/27083","targetHints":{"allow":["GET"]}}],"collection":[{"href":"https:\/\/swsm.pl\/ru\/wp-json\/wp\/v2\/pages"}],"about":[{"href":"https:\/\/swsm.pl\/ru\/wp-json\/wp\/v2\/types\/page"}],"author":[{"embeddable":true,"href":"https:\/\/swsm.pl\/ru\/wp-json\/wp\/v2\/users\/9"}],"replies":[{"embeddable":true,"href":"https:\/\/swsm.pl\/ru\/wp-json\/wp\/v2\/comments?post=27083"}],"version-history":[{"count":3,"href":"https:\/\/swsm.pl\/ru\/wp-json\/wp\/v2\/pages\/27083\/revisions"}],"predecessor-version":[{"id":27093,"href":"https:\/\/swsm.pl\/ru\/wp-json\/wp\/v2\/pages\/27083\/revisions\/27093"}],"up":[{"embeddable":true,"href":"https:\/\/swsm.pl\/ru\/wp-json\/wp\/v2\/pages\/11761"}],"wp:attachment":[{"href":"https:\/\/swsm.pl\/ru\/wp-json\/wp\/v2\/media?parent=27083"}],"curies":[{"name":"wp","href":"https:\/\/api.w.org\/{rel}","templated":true}]}}