{"id":27085,"date":"2025-10-09T07:47:43","date_gmt":"2025-10-09T07:47:43","guid":{"rendered":""},"modified":"2025-10-09T08:01:47","modified_gmt":"2025-10-09T08:01:47","slug":"studenckie-kolo-poszukiwaczy-odkrywcow-i-przyjaciol","status":"publish","type":"page","link":"https:\/\/swsm.pl\/ru\/%d0%b7%d0%be%d0%bd%d0%b0-%d1%81%d1%82%d1%83%d0%b4%d0%b5%d0%bd%d1%82%d0%b0\/%d0%b7%d0%be%d0%bd%d0%b0-%d1%81%d1%82%d1%83%d0%b4%d0%b5%d0%bd%d1%82%d0%b0\/%d0%bd%d0%b0%d1%83%d1%87%d0%bd%d1%8b%d0%b5-%d0%ba%d1%80%d1%83%d0%b6%d0%ba%d0%b8\/studenckie-kolo-poszukiwaczy-odkrywcow-i-przyjaciol\/","title":{"rendered":"Studenckie Ko\u0142o poszukiwaczy, odkrywc\u00f3w i przyjaci\u00f3\u0142"},"content":{"rendered":"<section class=\"textBlock textBlock--0 padding-less\">\n    <div class=\"tbc\">\n        <div class=\"container\">\n            <div class=\"row\">\n                                    <div class=\"col-12\">\n                                                                            <h5 class=\"title title--5 color--navy-700 tbc__title2\">                                <img decoding=\"async\" class=\"tbc__h5icon\" src=\"https:\/\/swsm.pl\/wp-content\/uploads\/2023\/11\/ikonaprofil-kolorz-zielonym-SVG.svg\" alt=\"\" \/>\n                            Opiekun naukowy:<\/h5>                                                                            <div class=\"text text--2 color--navy-500 tbc__desc\"><p><strong>dr Marta Rogalska\u00a0 <\/strong><a href=\"mailto:marta.rogalska@edu.swsm.pl\">marta.rogalska@edu.swsm.pl<\/a><\/p>\n<p>&nbsp;<\/p>\n<p><strong>Ko\u0142o studenckie koncentruje si\u0119 na poszukiwaniu ciekawostek i nowo\u015bci naukowych, odkrywaniu \u015bwiata nauki, oraz kszta\u0142ceniu umiej\u0119tno\u015bci prowadzenia bada\u0144 w r\u00f3\u017cnej tematyce.<\/strong><\/p>\n<p>&nbsp;<\/p>\n<p>Wszystkie spotkania Ko\u0142a i podejmowane przez cz\u0142on\u00f3w Ko\u0142a dzia\u0142ania prowadzone s\u0105 w mi\u0142ej i przyjaznej atmosferze ze s\u0142odkim pocz\u0119stunkiem.<\/p>\n<p>&nbsp;<\/p>\n<p>W ramach prowadzonych bada\u0144 Studenci przygotowuj\u0105 ekstrakty owocowe ze sk\u00f3rek i mi\u0105\u017cszu m.in. owoc\u00f3w mango, jab\u0142ek, bor\u00f3wek, brzoskwi\u0144 i grapefruit\u00f3w wykorzystuj\u0105c r\u00f3\u017cne rozpuszczalniki i uk\u0142ady (temperatura\/ultrad\u017awi\u0119ki), a tak\u017ce badaj\u0105 ich potencja\u0142 antyoksydacyjny.<\/p>\n<p>&nbsp;<\/p>\n<p>Podstawowym celem prowadzonych bada\u0144 jest wykrycie i oznaczenie ilo\u015bciowe substancji aktywnych w ekstraktach owocowych, kt\u00f3re z powodzeniem mog\u0105 by\u0107 stosowane w produktach kosmetycznych oraz potwierdzenie ich w\u0142a\u015bciwo\u015bci biologicznie czynnych, przede wszystkim dzia\u0142ania antyoksydacyjnego, co sugeruje mo\u017cliwo\u015b\u0107 ich wykorzystania w produktach typu anti-aging.<\/p>\n<p>&nbsp;<\/p>\n<p>Prowadzone badania obejmuj\u0105:<\/p>\n<ul>\n<li>Analiz\u0119 i selekcj\u0119 ekstrakt\u00f3w owocowych, maj\u0105cych kluczowe zastosowanie w recepturach kosmetycznych.<\/li>\n<li>Przygotowanie ekstrakt\u00f3w owocowych w \u015brodowisku laboratoryjnym.<\/li>\n<li>Analiz\u0119 chromatograficzn\u0105 (TLC) wykazuj\u0105c\u0105 obecno\u015b\u0107 wybranych polifenoli w przygotowanych ekstraktach.<\/li>\n<li>Oznaczenie zawarto\u015bci polifenoli metod\u0105 Folina-Cioc\u00e2lteu.<\/li>\n<li>Oznaczenie zawarto\u015bci kwas\u00f3w fenolowych metod\u0105 Arnova.<\/li>\n<li>Spektrofotometryczne oznaczenie zawarto\u015bci kwasu galusowego.<\/li>\n<li>Oznaczenie zawarto\u015bci tanin.<\/li>\n<li>Oznaczenie w\u0142a\u015bciwo\u015bci antyoksydacyjnych ekstrakt\u00f3w technik\u0105 DPPH oraz wyznaczenie zdolno\u015bci do redukcji wolnych rodnik\u00f3w (RSA).<\/li>\n<li>Oznaczenie zawarto\u015bci witaminy C metod\u0105 Tillmansa.<\/li>\n<li>Oznaczenie innych sk\u0142adnik\u00f3w aktywnych zaproponowanych przez Cz\u0142onk\u00f3w Ko\u0142a.<\/li>\n<li>Por\u00f3wnanie ilo\u015bci substancji biologicznie czynnych i w\u0142a\u015bciwo\u015bci poszczeg\u00f3lnych ekstrakt\u00f3w ze wzgl\u0119du na spos\u00f3b ich otrzymywania.<\/li>\n<\/ul>\n<p>&nbsp;<\/p>\n<p>Zapraszam serdecznie wszystkich zainteresowanych tematyk\u0105 substancji biologicznie czynnych oraz chc\u0105cych spr\u00f3bowa\u0107 swoich si\u0142 w prowadzonych badaniach laboratoryjnych i pisaniu publikacji naukowych.<\/p>\n<p style=\"text-align: left;\">Marta Rogalska<\/p>\n<p>&nbsp;<\/p>\n<p>&nbsp;<\/p>\n<p><strong>Ko\u0142o Studenckie Poszukiwaczy, Odkrywc\u00f3w i Przyjaci\u00f3\u0142<\/strong><\/p>\n<p><strong>\u015al\u0105ska Wy\u017csza Szko\u0142a Medyczna w Katowicach<\/strong><\/p>\n<p><strong>ul. Mickiewicza 29, 40-085 Katowice<\/strong><\/p>\n<\/div>                                                                    <\/div>\n                                                                                                            <\/div>\n        <\/div>\n    <\/div>\n<\/section>\n\n\n\n<section class=\"textWithIcons textWithIcons--0 grayBG \">\n    <div class=\"tbc\">   \n        <div class=\"container\">\n            <div class=\"row\">\n                                    <div class=\"col-12\">\n                        <h5 class=\"title title--5 color--navy-700 tbc__subTitle\"><img decoding=\"async\" class=\"tbc__h5icon\" src=\"https:\/\/swsm.pl\/wp-content\/uploads\/2023\/11\/ikonakalendarz-kolorz-zielonym-SVG.svg\" alt=\"\" \/>Planowane dzia\u0142ania w roku akademickim 2025\/2026<\/h5><div class=\"text text--2 color--navy-500 tbc__desc\"><p><strong>Superfoods \u2013 naturalne \u017ar\u00f3d\u0142o sk\u0142adnik\u00f3w bioaktywnych<\/strong><\/p>\n<p>&nbsp;<\/p>\n<p>W nadchodz\u0105cym roku akademickim planujemy prowadzi\u0107 badania nad wybranymi superfoods, takimi jak np. jagody goji, hibiskus, spirulina czy matcha. Produkty te charakteryzuj\u0105 si\u0119 wysok\u0105 zawarto\u015bci\u0105 polifenoli, antyoksydant\u00f3w, witamin i sk\u0142adnik\u00f3w mineralnych, kt\u00f3re mog\u0105 wspiera\u0107 zdrowie organizmu oraz kondycj\u0119 sk\u00f3ry.<\/p>\n<p>&nbsp;<\/p>\n<p>Prowadzone badania b\u0119d\u0105 obejmowa\u0107:<\/p>\n<ul>\n<li>przygotowanie ekstrakt\u00f3w z wybranych surowc\u00f3w i optymalizacj\u0119 procesu ekstrakcji,<\/li>\n<li>oznaczenie zawarto\u015bci zwi\u0105zk\u00f3w bioaktywnych (np. polifenoli, flawonoid\u00f3w, witamin),<\/li>\n<li>por\u00f3wnanie zawarto\u015bci zwi\u0105zk\u00f3w bioaktywnych w ekstraktach gotowych i przygotowanych w warunkach laboratoryjnych,<\/li>\n<li>ocen\u0119 potencja\u0142u antyoksydacyjnego.<\/li>\n<\/ul>\n<p>&nbsp;<\/p>\n<p>Badania b\u0119d\u0105 mia\u0142y charakter interdyscyplinarny: studenci dietetyki skupi\u0105 si\u0119 na potencjale superfoods w diecie funkcjonalnej i suplementacji, natomiast studenci kosmetologii \u2013 na mo\u017cliwo\u015bciach wykorzystania bioaktywnych sk\u0142adnik\u00f3w w preparatach piel\u0119gnacyjnych o dzia\u0142aniu przeciwstarzeniowym i ochronnym dla sk\u00f3ry.<\/p>\n<\/div>                    <\/div>\n                                                                                                                                                                                                                \n            <\/div>\n        <\/div>\n    <\/div>\n\n<\/section>\n\n<section class=\"textSimpleHeader textSimpleHeader--3   \">\n    <div class=\"container\">\n        <div class=\"row\">\n            <div class=\"col-12\">\n                <div class=\"textSimpleHeader__inner\">\n                    <h3 class=\"title title--3 color--navy-700\">Podsumowanie dzia\u0142alno\u015bci<\/h3>                <\/div>\n            <\/div>\n        <\/div>\n    <\/div>\n<\/section>\n\n\n<section class=\"textWithIcons textWithIcons--0 \">\n    <div class=\"tbc\">   \n        <div class=\"container\">\n            <div class=\"row\">\n                                    <div class=\"col-12\">\n                        <h3 class=\"title title--3 color--navy-700 tbc__title\"><img decoding=\"async\" class=\"tbc__h3icon\" src=\"https:\/\/swsm.pl\/wp-content\/uploads\/2023\/11\/icon-V-blue.svg\" alt=\"\" \/>RA 2024\/2025<\/h3><div class=\"text text--2 color--navy-500 tbc__desc\"><p>Miniony rok by\u0142 dla naszego Ko\u0142a Naukowego niezwykle intensywny i owocny.\u00a0 Zrealizowali\u015bmy projekt dofinansowany przez Ministra Nauki i Szkolnictwa Wy\u017cszego ze \u015brodk\u00f3w bud\u017cetu pa\u0144stwa w ramach programu \u201eStudenckie ko\u0142a naukowe tworz\u0105 innowacje\u201d, kt\u00f3rego celem by\u0142o zbadanie w\u0142a\u015bciwo\u015bci antyoksydacyjnych ekstrakt\u00f3w owocowych.<\/p>\n<p>&nbsp;<\/p>\n<p>W trakcie prac przygotowali\u015bmy wyci\u0105gi z r\u00f3\u017cnych surowc\u00f3w ro\u015blinnych \u2013 m.in. mango, grapefruita, jab\u0142ek, brzoskwi\u0144 i bor\u00f3wek \u2013 stosuj\u0105c r\u00f3\u017cne metody ekstrakcji. Nast\u0119pnie przeprowadzili\u015bmy szereg analiz chemicznych, w tym:<\/p>\n<ul>\n<li>oznaczenia zawarto\u015bci witaminy C, tanin i kwasowo\u015bci,<\/li>\n<li>badania spektrofotometryczne pozwalaj\u0105ce na okre\u015blenie zawarto\u015bci polifenoli, flawonoid\u00f3w i kwas\u00f3w fenolowych,<\/li>\n<li>pomiary zdolno\u015bci antyoksydacyjnej otrzymanych ekstrakt\u00f3w,<\/li>\n<li>chromatografi\u0119 cienkowarstwow\u0105 (TLC) w celu identyfikacji wybranych flawonoid\u00f3w.<\/li>\n<\/ul>\n<p>&nbsp;<\/p>\n<p>Uzyskane wyniki zosta\u0142y szczeg\u00f3\u0142owo opracowane, przeanalizowane i sta\u0142y si\u0119 podstaw\u0105 do sformu\u0142owania wniosk\u00f3w naukowych.<\/p>\n<p>&nbsp;<\/p>\n<p>Efektem naszej pracy by\u0142y nie tylko do\u015bwiadczenia laboratoryjne, ale tak\u017ce aktywna dzia\u0142alno\u015b\u0107 publikacyjna i konferencyjna. Przygotowali\u015bmy trzy rozdzia\u0142y naukowe opublikowane w monografii wydawnictwa TYGIEL, w kt\u00f3rych przedstawili\u015bmy zar\u00f3wno aspekty chemiczne badanych ekstrakt\u00f3w, jak i ich praktyczne znaczenie w kosmetologii \u2013 szczeg\u00f3lnie w kontek\u015bcie dzia\u0142ania antyoksydacyjnego i przeciwstarzeniowego.<\/p>\n<p>Ponadto mieli\u015bmy okazj\u0119 zaprezentowa\u0107 nasze wyniki podczas trzech konferencji naukowych:<\/p>\n<ul>\n<li>\u201eNauka i pasja kluczem do sukcesu\u201d (21\u201322 maja 2025, Kielnarowa),<\/li>\n<li>\u201eRo\u015bliny w naukach medycznych i przyrodniczych\u201d (23 maja 2025, Lublin),<\/li>\n<li>\u201eOg\u00f3lnopolska Konferencja Student\u00f3w SWSM\u201d (5-6 czerwca 2025, Katowice)<\/li>\n<\/ul>\n<p>&nbsp;<\/p>\n<p>Udzia\u0142 w tych wydarzeniach pozwoli\u0142 nam zdoby\u0107 cenne do\u015bwiadczenie w prezentowaniu rezultat\u00f3w bada\u0144, nawi\u0105za\u0107 nowe kontakty i rozwija\u0107 kompetencje zwi\u0105zane z dzia\u0142alno\u015bci\u0105 naukow\u0105.<\/p>\n<p>&nbsp;<\/p>\n<p><strong>Rok 2025 by\u0142 wi\u0119c czasem intensywnej pracy badawczej, zdobywania wiedzy oraz promocji nauki. Z dum\u0105 podkre\u015blamy, \u017ce nasze osi\u0105gni\u0119cia s\u0105 efektem zaanga\u017cowania i pasji cz\u0142onk\u00f3w Ko\u0142a, a tak\u017ce wsparcia otrzymanego w ramach programu ministerialnego.<\/strong><\/p>\n<\/div>                    <\/div>\n                                                                                                                                                                                                                \n            <\/div>\n        <\/div>\n    <\/div>\n\n<\/section>\n\n<section class=\"textSimpleHeader textSimpleHeader--3   \">\n    <div class=\"container\">\n        <div class=\"row\">\n            <div class=\"col-12\">\n                <div class=\"textSimpleHeader__inner\">\n                    <h3 class=\"title title--3 color--navy-700\">Spotkania w roku akademickim 2025\/2026<\/h3>                <\/div>\n            <\/div>\n        <\/div>\n    <\/div>\n<\/section>\n\n<section class=\"wp-core-block wp-core-block--table\"><div class=\"container\"><div class=\"row\"><div class=\"col-12\">\n<figure class=\"wp-block-table is-style-stripes\"><table class=\"has-fixed-layout\"><thead><tr><th class=\"has-text-align-center\" data-align=\"center\">Data<\/th><th class=\"has-text-align-center\" data-align=\"center\">Godzina<\/th><th class=\"has-text-align-center\" data-align=\"center\">Sala<\/th><\/tr><\/thead><tbody><tr><td class=\"has-text-align-center\" data-align=\"center\">30.10.2025 r.<\/td><td class=\"has-text-align-center\" data-align=\"center\">16:00<\/td><td class=\"has-text-align-center\" data-align=\"center\">214C<\/td><\/tr><tr><td class=\"has-text-align-center\" data-align=\"center\"><\/td><td class=\"has-text-align-center\" data-align=\"center\"><\/td><td class=\"has-text-align-center\" data-align=\"center\"><\/td><\/tr><\/tbody><\/table><\/figure>\n<\/div><\/div><\/div><\/section>\n\n<section class=\"wp-core-block wp-core-block--paragraph\"><div class=\"container\"><div class=\"row\"><div class=\"col-12\">\n<p><\/p>\n<\/div><\/div><\/div><\/section>\n\n<section class=\"wp-core-block wp-core-block--paragraph\"><div class=\"container\"><div class=\"row\"><div class=\"col-12\">\n<p><\/p>\n<\/div><\/div><\/div><\/section>","protected":false},"excerpt":{"rendered":"<p>Data Godzina Sala 30.10.2025 r. 16:00 214C<\/p>\n","protected":false},"author":9,"featured_media":0,"parent":11761,"menu_order":6,"comment_status":"closed","ping_status":"closed","template":"template-pages\/page-threeFourth.php","meta":{"_acf_changed":false,"footnotes":""},"class_list":["post-27085","page","type-page","status-publish","hentry"],"acf":{"alert_on":false,"alert_filter_tag_select":false,"alert_filter_by_tag":[],"modalComunicatHeader_blog":"","modalComunicatHeader_link":null},"yoast_head":"<!-- This site is optimized with the Yoast SEO plugin v27.4 - https:\/\/yoast.com\/product\/yoast-seo-wordpress\/ -->\n<title>Studenckie Ko\u0142o poszukiwaczy, odkrywc\u00f3w i przyjaci\u00f3\u0142 - SWSM<\/title>\n<meta name=\"robots\" content=\"index, follow, max-snippet:-1, max-image-preview:large, max-video-preview:-1\" \/>\n<link rel=\"canonical\" href=\"https:\/\/swsm.pl\/ru\/\u0437\u043e\u043d\u0430-\u0441\u0442\u0443\u0434\u0435\u043d\u0442\u0430\/\u0437\u043e\u043d\u0430-\u0441\u0442\u0443\u0434\u0435\u043d\u0442\u0430\/\u043d\u0430\u0443\u0447\u043d\u044b\u0435-\u043a\u0440\u0443\u0436\u043a\u0438\/studenckie-kolo-poszukiwaczy-odkrywcow-i-przyjaciol\/\" \/>\n<meta property=\"og:locale\" content=\"ru_RU\" \/>\n<meta property=\"og:type\" content=\"article\" \/>\n<meta property=\"og:title\" content=\"Studenckie Ko\u0142o poszukiwaczy, odkrywc\u00f3w i przyjaci\u00f3\u0142 - SWSM\" \/>\n<meta property=\"og:description\" content=\"Data Godzina Sala 30.10.2025 r. 16:00 214C\" \/>\n<meta property=\"og:url\" content=\"https:\/\/swsm.pl\/ru\/\u0437\u043e\u043d\u0430-\u0441\u0442\u0443\u0434\u0435\u043d\u0442\u0430\/\u0437\u043e\u043d\u0430-\u0441\u0442\u0443\u0434\u0435\u043d\u0442\u0430\/\u043d\u0430\u0443\u0447\u043d\u044b\u0435-\u043a\u0440\u0443\u0436\u043a\u0438\/studenckie-kolo-poszukiwaczy-odkrywcow-i-przyjaciol\/\" \/>\n<meta property=\"og:site_name\" content=\"SWSM\" \/>\n<meta property=\"article:modified_time\" content=\"2025-10-09T08:01:47+00:00\" \/>\n<meta name=\"twitter:card\" content=\"summary_large_image\" \/>\n<meta name=\"twitter:label1\" content=\"\u041f\u0440\u0438\u043c\u0435\u0440\u043d\u043e\u0435 \u0432\u0440\u0435\u043c\u044f \u0434\u043b\u044f \u0447\u0442\u0435\u043d\u0438\u044f\" \/>\n\t<meta name=\"twitter:data1\" content=\"1 \u043c\u0438\u043d\u0443\u0442\u0430\" \/>\n<script type=\"application\/ld+json\" class=\"yoast-schema-graph\">{\"@context\":\"https:\\\/\\\/schema.org\",\"@graph\":[{\"@type\":\"WebPage\",\"@id\":\"https:\\\/\\\/swsm.pl\\\/ru\\\/%d0%b7%d0%be%d0%bd%d0%b0-%d1%81%d1%82%d1%83%d0%b4%d0%b5%d0%bd%d1%82%d0%b0\\\/%d0%b7%d0%be%d0%bd%d0%b0-%d1%81%d1%82%d1%83%d0%b4%d0%b5%d0%bd%d1%82%d0%b0\\\/%d0%bd%d0%b0%d1%83%d1%87%d0%bd%d1%8b%d0%b5-%d0%ba%d1%80%d1%83%d0%b6%d0%ba%d0%b8\\\/studenckie-kolo-poszukiwaczy-odkrywcow-i-przyjaciol\\\/\",\"url\":\"https:\\\/\\\/swsm.pl\\\/ru\\\/%d0%b7%d0%be%d0%bd%d0%b0-%d1%81%d1%82%d1%83%d0%b4%d0%b5%d0%bd%d1%82%d0%b0\\\/%d0%b7%d0%be%d0%bd%d0%b0-%d1%81%d1%82%d1%83%d0%b4%d0%b5%d0%bd%d1%82%d0%b0\\\/%d0%bd%d0%b0%d1%83%d1%87%d0%bd%d1%8b%d0%b5-%d0%ba%d1%80%d1%83%d0%b6%d0%ba%d0%b8\\\/studenckie-kolo-poszukiwaczy-odkrywcow-i-przyjaciol\\\/\",\"name\":\"Studenckie Ko\u0142o poszukiwaczy, odkrywc\u00f3w i przyjaci\u00f3\u0142 - SWSM\",\"isPartOf\":{\"@id\":\"https:\\\/\\\/swsm.pl\\\/#website\"},\"datePublished\":\"2025-10-09T07:47:43+00:00\",\"dateModified\":\"2025-10-09T08:01:47+00:00\",\"breadcrumb\":{\"@id\":\"https:\\\/\\\/swsm.pl\\\/ru\\\/%d0%b7%d0%be%d0%bd%d0%b0-%d1%81%d1%82%d1%83%d0%b4%d0%b5%d0%bd%d1%82%d0%b0\\\/%d0%b7%d0%be%d0%bd%d0%b0-%d1%81%d1%82%d1%83%d0%b4%d0%b5%d0%bd%d1%82%d0%b0\\\/%d0%bd%d0%b0%d1%83%d1%87%d0%bd%d1%8b%d0%b5-%d0%ba%d1%80%d1%83%d0%b6%d0%ba%d0%b8\\\/studenckie-kolo-poszukiwaczy-odkrywcow-i-przyjaciol\\\/#breadcrumb\"},\"inLanguage\":\"ru-RU\",\"potentialAction\":[{\"@type\":\"ReadAction\",\"target\":[\"https:\\\/\\\/swsm.pl\\\/ru\\\/%d0%b7%d0%be%d0%bd%d0%b0-%d1%81%d1%82%d1%83%d0%b4%d0%b5%d0%bd%d1%82%d0%b0\\\/%d0%b7%d0%be%d0%bd%d0%b0-%d1%81%d1%82%d1%83%d0%b4%d0%b5%d0%bd%d1%82%d0%b0\\\/%d0%bd%d0%b0%d1%83%d1%87%d0%bd%d1%8b%d0%b5-%d0%ba%d1%80%d1%83%d0%b6%d0%ba%d0%b8\\\/studenckie-kolo-poszukiwaczy-odkrywcow-i-przyjaciol\\\/\"]}]},{\"@type\":\"BreadcrumbList\",\"@id\":\"https:\\\/\\\/swsm.pl\\\/ru\\\/%d0%b7%d0%be%d0%bd%d0%b0-%d1%81%d1%82%d1%83%d0%b4%d0%b5%d0%bd%d1%82%d0%b0\\\/%d0%b7%d0%be%d0%bd%d0%b0-%d1%81%d1%82%d1%83%d0%b4%d0%b5%d0%bd%d1%82%d0%b0\\\/%d0%bd%d0%b0%d1%83%d1%87%d0%bd%d1%8b%d0%b5-%d0%ba%d1%80%d1%83%d0%b6%d0%ba%d0%b8\\\/studenckie-kolo-poszukiwaczy-odkrywcow-i-przyjaciol\\\/#breadcrumb\",\"itemListElement\":[{\"@type\":\"ListItem\",\"position\":1,\"name\":\"Strona g\u0142\u00f3wna\",\"item\":\"https:\\\/\\\/swsm.pl\\\/ru\\\/\"},{\"@type\":\"ListItem\",\"position\":2,\"name\":\"\u0417\u043e\u043d\u0430 \u0421\u0442\u0443\u0434\u0435\u043d\u0442\u0430\",\"item\":\"https:\\\/\\\/swsm.pl\\\/dla-studenta\\\/\"},{\"@type\":\"ListItem\",\"position\":3,\"name\":\"\u0417\u043e\u043d\u0430 \u0421\u0442\u0443\u0434\u0435\u043d\u0442\u0430\",\"item\":\"https:\\\/\\\/swsm.pl\\\/dla-studenta\\\/sprawy-studenckie\\\/\"},{\"@type\":\"ListItem\",\"position\":4,\"name\":\"\u041d\u0430\u0443\u0447\u043d\u044b\u0435 \u041a\u0440\u0443\u0436\u043a\u0438\",\"item\":\"https:\\\/\\\/swsm.pl\\\/ru\\\/%d0%b7%d0%be%d0%bd%d0%b0-%d1%81%d1%82%d1%83%d0%b4%d0%b5%d0%bd%d1%82%d0%b0\\\/%d0%b7%d0%be%d0%bd%d0%b0-%d1%81%d1%82%d1%83%d0%b4%d0%b5%d0%bd%d1%82%d0%b0\\\/%d0%bd%d0%b0%d1%83%d1%87%d0%bd%d1%8b%d0%b5-%d0%ba%d1%80%d1%83%d0%b6%d0%ba%d0%b8\\\/\"},{\"@type\":\"ListItem\",\"position\":5,\"name\":\"Studenckie Ko\u0142o poszukiwaczy, odkrywc\u00f3w i przyjaci\u00f3\u0142\"}]},{\"@type\":\"WebSite\",\"@id\":\"https:\\\/\\\/swsm.pl\\\/#website\",\"url\":\"https:\\\/\\\/swsm.pl\\\/\",\"name\":\"SWSM\",\"description\":\"\u015al\u0105ska Wy\u017csza Szko\u0142a Medyczna w Katowicach\",\"potentialAction\":[{\"@type\":\"SearchAction\",\"target\":{\"@type\":\"EntryPoint\",\"urlTemplate\":\"https:\\\/\\\/swsm.pl\\\/?s={search_term_string}\"},\"query-input\":{\"@type\":\"PropertyValueSpecification\",\"valueRequired\":true,\"valueName\":\"search_term_string\"}}],\"inLanguage\":\"ru-RU\"}]}<\/script>\n<!-- \/ Yoast SEO plugin. -->","yoast_head_json":{"title":"Studenckie Ko\u0142o poszukiwaczy, odkrywc\u00f3w i przyjaci\u00f3\u0142 - SWSM","robots":{"index":"index","follow":"follow","max-snippet":"max-snippet:-1","max-image-preview":"max-image-preview:large","max-video-preview":"max-video-preview:-1"},"canonical":"https:\/\/swsm.pl\/ru\/\u0437\u043e\u043d\u0430-\u0441\u0442\u0443\u0434\u0435\u043d\u0442\u0430\/\u0437\u043e\u043d\u0430-\u0441\u0442\u0443\u0434\u0435\u043d\u0442\u0430\/\u043d\u0430\u0443\u0447\u043d\u044b\u0435-\u043a\u0440\u0443\u0436\u043a\u0438\/studenckie-kolo-poszukiwaczy-odkrywcow-i-przyjaciol\/","og_locale":"ru_RU","og_type":"article","og_title":"Studenckie Ko\u0142o poszukiwaczy, odkrywc\u00f3w i przyjaci\u00f3\u0142 - SWSM","og_description":"Data Godzina Sala 30.10.2025 r. 16:00 214C","og_url":"https:\/\/swsm.pl\/ru\/\u0437\u043e\u043d\u0430-\u0441\u0442\u0443\u0434\u0435\u043d\u0442\u0430\/\u0437\u043e\u043d\u0430-\u0441\u0442\u0443\u0434\u0435\u043d\u0442\u0430\/\u043d\u0430\u0443\u0447\u043d\u044b\u0435-\u043a\u0440\u0443\u0436\u043a\u0438\/studenckie-kolo-poszukiwaczy-odkrywcow-i-przyjaciol\/","og_site_name":"SWSM","article_modified_time":"2025-10-09T08:01:47+00:00","twitter_card":"summary_large_image","twitter_misc":{"\u041f\u0440\u0438\u043c\u0435\u0440\u043d\u043e\u0435 \u0432\u0440\u0435\u043c\u044f \u0434\u043b\u044f \u0447\u0442\u0435\u043d\u0438\u044f":"1 \u043c\u0438\u043d\u0443\u0442\u0430"},"schema":{"@context":"https:\/\/schema.org","@graph":[{"@type":"WebPage","@id":"https:\/\/swsm.pl\/ru\/%d0%b7%d0%be%d0%bd%d0%b0-%d1%81%d1%82%d1%83%d0%b4%d0%b5%d0%bd%d1%82%d0%b0\/%d0%b7%d0%be%d0%bd%d0%b0-%d1%81%d1%82%d1%83%d0%b4%d0%b5%d0%bd%d1%82%d0%b0\/%d0%bd%d0%b0%d1%83%d1%87%d0%bd%d1%8b%d0%b5-%d0%ba%d1%80%d1%83%d0%b6%d0%ba%d0%b8\/studenckie-kolo-poszukiwaczy-odkrywcow-i-przyjaciol\/","url":"https:\/\/swsm.pl\/ru\/%d0%b7%d0%be%d0%bd%d0%b0-%d1%81%d1%82%d1%83%d0%b4%d0%b5%d0%bd%d1%82%d0%b0\/%d0%b7%d0%be%d0%bd%d0%b0-%d1%81%d1%82%d1%83%d0%b4%d0%b5%d0%bd%d1%82%d0%b0\/%d0%bd%d0%b0%d1%83%d1%87%d0%bd%d1%8b%d0%b5-%d0%ba%d1%80%d1%83%d0%b6%d0%ba%d0%b8\/studenckie-kolo-poszukiwaczy-odkrywcow-i-przyjaciol\/","name":"Studenckie Ko\u0142o poszukiwaczy, odkrywc\u00f3w i przyjaci\u00f3\u0142 - SWSM","isPartOf":{"@id":"https:\/\/swsm.pl\/#website"},"datePublished":"2025-10-09T07:47:43+00:00","dateModified":"2025-10-09T08:01:47+00:00","breadcrumb":{"@id":"https:\/\/swsm.pl\/ru\/%d0%b7%d0%be%d0%bd%d0%b0-%d1%81%d1%82%d1%83%d0%b4%d0%b5%d0%bd%d1%82%d0%b0\/%d0%b7%d0%be%d0%bd%d0%b0-%d1%81%d1%82%d1%83%d0%b4%d0%b5%d0%bd%d1%82%d0%b0\/%d0%bd%d0%b0%d1%83%d1%87%d0%bd%d1%8b%d0%b5-%d0%ba%d1%80%d1%83%d0%b6%d0%ba%d0%b8\/studenckie-kolo-poszukiwaczy-odkrywcow-i-przyjaciol\/#breadcrumb"},"inLanguage":"ru-RU","potentialAction":[{"@type":"ReadAction","target":["https:\/\/swsm.pl\/ru\/%d0%b7%d0%be%d0%bd%d0%b0-%d1%81%d1%82%d1%83%d0%b4%d0%b5%d0%bd%d1%82%d0%b0\/%d0%b7%d0%be%d0%bd%d0%b0-%d1%81%d1%82%d1%83%d0%b4%d0%b5%d0%bd%d1%82%d0%b0\/%d0%bd%d0%b0%d1%83%d1%87%d0%bd%d1%8b%d0%b5-%d0%ba%d1%80%d1%83%d0%b6%d0%ba%d0%b8\/studenckie-kolo-poszukiwaczy-odkrywcow-i-przyjaciol\/"]}]},{"@type":"BreadcrumbList","@id":"https:\/\/swsm.pl\/ru\/%d0%b7%d0%be%d0%bd%d0%b0-%d1%81%d1%82%d1%83%d0%b4%d0%b5%d0%bd%d1%82%d0%b0\/%d0%b7%d0%be%d0%bd%d0%b0-%d1%81%d1%82%d1%83%d0%b4%d0%b5%d0%bd%d1%82%d0%b0\/%d0%bd%d0%b0%d1%83%d1%87%d0%bd%d1%8b%d0%b5-%d0%ba%d1%80%d1%83%d0%b6%d0%ba%d0%b8\/studenckie-kolo-poszukiwaczy-odkrywcow-i-przyjaciol\/#breadcrumb","itemListElement":[{"@type":"ListItem","position":1,"name":"Strona g\u0142\u00f3wna","item":"https:\/\/swsm.pl\/ru\/"},{"@type":"ListItem","position":2,"name":"\u0417\u043e\u043d\u0430 \u0421\u0442\u0443\u0434\u0435\u043d\u0442\u0430","item":"https:\/\/swsm.pl\/dla-studenta\/"},{"@type":"ListItem","position":3,"name":"\u0417\u043e\u043d\u0430 \u0421\u0442\u0443\u0434\u0435\u043d\u0442\u0430","item":"https:\/\/swsm.pl\/dla-studenta\/sprawy-studenckie\/"},{"@type":"ListItem","position":4,"name":"\u041d\u0430\u0443\u0447\u043d\u044b\u0435 \u041a\u0440\u0443\u0436\u043a\u0438","item":"https:\/\/swsm.pl\/ru\/%d0%b7%d0%be%d0%bd%d0%b0-%d1%81%d1%82%d1%83%d0%b4%d0%b5%d0%bd%d1%82%d0%b0\/%d0%b7%d0%be%d0%bd%d0%b0-%d1%81%d1%82%d1%83%d0%b4%d0%b5%d0%bd%d1%82%d0%b0\/%d0%bd%d0%b0%d1%83%d1%87%d0%bd%d1%8b%d0%b5-%d0%ba%d1%80%d1%83%d0%b6%d0%ba%d0%b8\/"},{"@type":"ListItem","position":5,"name":"Studenckie Ko\u0142o poszukiwaczy, odkrywc\u00f3w i przyjaci\u00f3\u0142"}]},{"@type":"WebSite","@id":"https:\/\/swsm.pl\/#website","url":"https:\/\/swsm.pl\/","name":"SWSM","description":"\u015al\u0105ska Wy\u017csza Szko\u0142a Medyczna w Katowicach","potentialAction":[{"@type":"SearchAction","target":{"@type":"EntryPoint","urlTemplate":"https:\/\/swsm.pl\/?s={search_term_string}"},"query-input":{"@type":"PropertyValueSpecification","valueRequired":true,"valueName":"search_term_string"}}],"inLanguage":"ru-RU"}]}},"_links":{"self":[{"href":"https:\/\/swsm.pl\/ru\/wp-json\/wp\/v2\/pages\/27085","targetHints":{"allow":["GET"]}}],"collection":[{"href":"https:\/\/swsm.pl\/ru\/wp-json\/wp\/v2\/pages"}],"about":[{"href":"https:\/\/swsm.pl\/ru\/wp-json\/wp\/v2\/types\/page"}],"author":[{"embeddable":true,"href":"https:\/\/swsm.pl\/ru\/wp-json\/wp\/v2\/users\/9"}],"replies":[{"embeddable":true,"href":"https:\/\/swsm.pl\/ru\/wp-json\/wp\/v2\/comments?post=27085"}],"version-history":[{"count":1,"href":"https:\/\/swsm.pl\/ru\/wp-json\/wp\/v2\/pages\/27085\/revisions"}],"predecessor-version":[{"id":27095,"href":"https:\/\/swsm.pl\/ru\/wp-json\/wp\/v2\/pages\/27085\/revisions\/27095"}],"up":[{"embeddable":true,"href":"https:\/\/swsm.pl\/ru\/wp-json\/wp\/v2\/pages\/11761"}],"wp:attachment":[{"href":"https:\/\/swsm.pl\/ru\/wp-json\/wp\/v2\/media?parent=27085"}],"curies":[{"name":"wp","href":"https:\/\/api.w.org\/{rel}","templated":true}]}}