{"id":27094,"date":"2025-10-09T08:00:35","date_gmt":"2025-10-09T08:00:35","guid":{"rendered":""},"modified":"2025-10-09T08:08:04","modified_gmt":"2025-10-09T08:08:04","slug":"kolo-fotograficzne-synestezja","status":"publish","type":"page","link":"https:\/\/swsm.pl\/ru\/%d0%b7%d0%be%d0%bd%d0%b0-%d1%81%d1%82%d1%83%d0%b4%d0%b5%d0%bd%d1%82%d0%b0\/%d0%b7%d0%be%d0%bd%d0%b0-%d1%81%d1%82%d1%83%d0%b4%d0%b5%d0%bd%d1%82%d0%b0\/%d0%bd%d0%b0%d1%83%d1%87%d0%bd%d1%8b%d0%b5-%d0%ba%d1%80%d1%83%d0%b6%d0%ba%d0%b8\/kolo-fotograficzne-synestezja\/","title":{"rendered":"Ko\u0142o Fotograficzne \u2013 Synestezja"},"content":{"rendered":"<section class=\"textBlock textBlock--0 padding-less\">\n    <div class=\"tbc\">\n        <div class=\"container\">\n            <div class=\"row\">\n                                    <div class=\"col-12\">\n                                                                            <h5 class=\"title title--5 color--navy-700 tbc__title2\">                                <img decoding=\"async\" class=\"tbc__h5icon\" src=\"https:\/\/swsm.pl\/wp-content\/uploads\/2023\/11\/ikonaprofil-kolorz-zielonym-SVG.svg\" alt=\"\" \/>\n                            Opiekun Ko\u0142a:<\/h5>                                                                            <div class=\"text text--2 color--navy-500 tbc__desc\"><p><strong>\u00a0<\/strong><\/p>\n<p><strong>mgr Pawe\u0142 Siod\u0142ok<\/strong>\u00a0 \u00a0<a href=\"mailto:pawel.siodlok@edu.swsm.pl\">pawel.siodlok@edu.swsm.pl<\/a><\/p>\n<p>&nbsp;<\/p>\n<p>Cz\u0142onkami Ko\u0142a mog\u0105 by\u0107 studenci <strong>wszystkich kierunk\u00f3w<\/strong>.<\/p>\n<p>&nbsp;<\/p>\n<p><strong>Cel:<\/strong><\/p>\n<p>G\u0142\u00f3wnym celem ko\u0142a jest rozwijanie i wzbogacanie poczucia pi\u0119kna, wra\u017cliwo\u015bci i estetyki w\u015br\u00f3d cz\u0142onk\u00f3w Ko\u0142a, doskonalenie umiej\u0119tno\u015bci pos\u0142ugiwania si\u0119 technologi\u0105 informacyjn\u0105,\u00a0 po\u0142\u0105czenie technik fotografowania, znajomo\u015bci sprz\u0119tu\u00a0 z obr\u00f3bk\u0105 cyfrow\u0105.<\/p>\n<p>&nbsp;<\/p>\n<p><strong>Obszar naukowy zainteresowa\u0144 ko\u0142a:<\/strong><\/p>\n<ul>\n<li>zdj\u0119cia dokumentacyjne diagnostyczne: zmarszczki, zmiany na sk\u00f3rze, przebarwienia,<\/li>\n<li>fotografia portretowa,<\/li>\n<li>makrofotografia detalu sk\u00f3ry,<\/li>\n<li>fotografia w kosmetologii estetycznej i upi\u0119kszaj\u0105cej,<\/li>\n<li>fotografia produkt\u00f3w spo\u017cywczych,<\/li>\n<li>fotografia potraw,<\/li>\n<li>rola zdj\u0119\u0107 w dietetyce i gastronomii.<\/li>\n<\/ul>\n<p>&nbsp;<\/p>\n<p><strong>Tematyka:<\/strong><\/p>\n<ol>\n<li>Poznanie podstawowego sprz\u0119tu do wykonywania zdj\u0119\u0107 \u2013 aparaty fotograficzne, zasady ich dzia\u0142ania, obs\u0142uga trybu manualnego w lustrzance cyfrowej.<\/li>\n<li>Zasady kompozycji &#8212; z\u0142oty podzia\u0142, mocne punkty, \u0142\u0105czenie zdj\u0119\u0107 w zestawy gotowe do publikacji, uspokajanie i dynamizowanie kompozycji.<\/li>\n<li>Etapy przygotowania planu zdj\u0119ciowego, dobranie odpowiedniego sprz\u0119tu oraz scenografii.<\/li>\n<li>Adobe Photoshop\/Lightroom, czyli ciemnia cyfrowa.<\/li>\n<li>Lampy \u015bwiat\u0142a b\u0142yskowego oraz ci\u0105g\u0142ego, zastosowanie, rodzaje (wbudowane w aparat, zewn\u0119trzne, modyfikatory, blendy).<\/li>\n<li>Zasady wykonywania zdj\u0119\u0107 przy \u015bwietle naturalnym oraz \u0142\u0105czenia go ze \u015bwiat\u0142em sztucznym.<\/li>\n<li>Makrofotografia<\/li>\n<li>Metody por\u00f3wnywania fotografii we wst\u0119pnej selekcji, wyb\u00f3r do dalszej obr\u00f3bki.<br \/>\nArchiwizacja zdj\u0119\u0107, tworzenie backupu na r\u00f3\u017cnych no\u015bnikach oraz platformach (dyski zewn\u0119trzne, chmury danych). Metody przesy\u0142ania zdj\u0119\u0107 o du\u017cej rozdzielczo\u015bci.<\/li>\n<li>Przygotowanie zdj\u0119\u0107 do druku oraz prezentacji w internecie \u2013 zagadnienie profili barwnych.<\/li>\n<li>Fotografia kreacyjna &#8212; zapoznanie si\u0119 z technikami pracy fotograf\u00f3w modowych oraz kulinarnych \u2013 tworzenie w\u0142asnych sesji kreacyjnych.<\/li>\n<\/ol>\n<p>&nbsp;<\/p>\n<p>&nbsp;<\/p>\n<p><strong>Ko\u0142o Fotograficzne \u2013 Synestezja<\/strong><br \/>\n<strong>\u015al\u0105ska Wy\u017csza Szko\u0142a Medyczna w Katowicach<br \/>\nul. Mickiewicza 29, 40-085 Katowice<br \/>\ne-mail: <a href=\"mailto:biuro@swsm.pl\">biuro@swsm.pl<\/a><br \/>\ntel.<\/strong><strong> (032) 207 27 09\u00a0<\/strong><\/p>\n<\/div>                                                                    <\/div>\n                                                                                                            <\/div>\n        <\/div>\n    <\/div>\n<\/section>\n\n\n<section class=\"textBlock textBlock--0 grayBG \">\n    <div class=\"tbc\">\n        <div class=\"container\">\n            <div class=\"row\">\n                                    <div class=\"col-12\">\n                                                                            <h5 class=\"title title--5 color--navy-700 tbc__title2\">                                <img decoding=\"async\" class=\"tbc__h5icon\" src=\"https:\/\/swsm.pl\/wp-content\/uploads\/2023\/11\/ikonakalendarz-kolorz-zielonym-SVG.svg\" alt=\"\" \/>\n                            Dzia\u0142ania planowane w roku akademickim 2025\/2026<\/h5>                                                                            <div class=\"text text--2 color--navy-500 tbc__desc\"><ol>\n<li>Realizacja autorskich pomys\u0142\u00f3w student\u00f3w<\/li>\n<li>Za\u0142o\u017cenie bloga Ko\u0142a<\/li>\n<li>Publikacja prac na blogu<\/li>\n<\/ol>\n<\/div>                                                                    <\/div>\n                                                                                                            <\/div>\n        <\/div>\n    <\/div>\n<\/section>\n\n\n<section class=\"textBlock textBlock--0 padding-less\">\n    <div class=\"tbc\">\n        <div class=\"container\">\n            <div class=\"row\">\n                                    <div class=\"col-12\">\n                        <h3 class=\"title title--3 color--navy-700 tbc__title\"><img decoding=\"async\" class=\"tbc__h3icon\" src=\"https:\/\/swsm.pl\/wp-content\/uploads\/2023\/11\/icon-V-blue.svg\" alt=\"\" \/>Prace badawcze<\/h3>                                                    <h5 class=\"title title--5 color--navy-700 tbc__title2\">Na spotkaniach Ko\u0142a Naukowego Fotografii &#171;Synestezja&#187; w roku akademickim 2024\/2025 zrealizowano poni\u017csze tematy:<\/h5>                                                                            <div class=\"text text--2 color--navy-500 tbc__desc\"><ol>\n<li>Poznanie podstawowego sprz\u0119tu do wykonywania zdj\u0119\u0107 \u2013 aparaty fotograficzne, zasady ich dzia\u0142ania, obs\u0142uga trybu manualnego w lustrzance cyfrowej.<\/li>\n<li>Zasady kompozycji w fotografii.<\/li>\n<li>Praca na programach Adobe Lightroom\/Adobe Photoshop.<\/li>\n<li>Fotografia portretowa studyjna oraz plenerowa \/ wykorzystanie \u015bwiat\u0142a b\u0142yskowego oraz ci\u0105g\u0142ego &#8212; wykorzystywanie r\u00f3\u017cnych modyfikator\u00f3w.<\/li>\n<li>Kreatywne wykorzystanie kolorowych filtr\u00f3w oraz d\u0142ugich czas\u00f3w na\u015bwietlania w fotografii portretowej.<\/li>\n<li>Makrofotografia<\/li>\n<li>Fotografia produktowa (bi\u017cuteria, obiekty szklane ) z wykorzystaniem sto\u0142u bezcieniowego.<\/li>\n<\/ol>\n<p>&nbsp;<\/p>\n<p><strong>W okresie wakacyjnym ka\u017cdy z uczestnik\u00f3w Ko\u0142a, razem z prowadz\u0105cym okre\u015bli indywidualny lub grupowy zakres dzia\u0142a\u0144 na nowy semestr akademicki.<\/strong><\/p>\n<\/div>                                                                    <\/div>\n                                                                                                            <\/div>\n        <\/div>\n    <\/div>\n<\/section>\n","protected":false},"excerpt":{"rendered":"","protected":false},"author":9,"featured_media":0,"parent":11761,"menu_order":8,"comment_status":"closed","ping_status":"closed","template":"template-pages\/page-threeFourth.php","meta":{"_acf_changed":false,"footnotes":""},"class_list":["post-27094","page","type-page","status-publish","hentry"],"acf":{"alert_on":false,"alert_filter_tag_select":false,"alert_filter_by_tag":[],"modalComunicatHeader_blog":"","modalComunicatHeader_link":null},"yoast_head":"<!-- This site is optimized with the Yoast SEO plugin v27.3 - https:\/\/yoast.com\/product\/yoast-seo-wordpress\/ -->\n<title>Ko\u0142o Fotograficzne \u2013 Synestezja - SWSM<\/title>\n<meta name=\"robots\" content=\"index, follow, max-snippet:-1, max-image-preview:large, max-video-preview:-1\" \/>\n<link rel=\"canonical\" href=\"https:\/\/swsm.pl\/ru\/\u0437\u043e\u043d\u0430-\u0441\u0442\u0443\u0434\u0435\u043d\u0442\u0430\/\u0437\u043e\u043d\u0430-\u0441\u0442\u0443\u0434\u0435\u043d\u0442\u0430\/\u043d\u0430\u0443\u0447\u043d\u044b\u0435-\u043a\u0440\u0443\u0436\u043a\u0438\/kolo-fotograficzne-synestezja\/\" \/>\n<meta property=\"og:locale\" content=\"ru_RU\" \/>\n<meta property=\"og:type\" content=\"article\" \/>\n<meta property=\"og:title\" content=\"Ko\u0142o Fotograficzne \u2013 Synestezja - SWSM\" \/>\n<meta property=\"og:url\" content=\"https:\/\/swsm.pl\/ru\/\u0437\u043e\u043d\u0430-\u0441\u0442\u0443\u0434\u0435\u043d\u0442\u0430\/\u0437\u043e\u043d\u0430-\u0441\u0442\u0443\u0434\u0435\u043d\u0442\u0430\/\u043d\u0430\u0443\u0447\u043d\u044b\u0435-\u043a\u0440\u0443\u0436\u043a\u0438\/kolo-fotograficzne-synestezja\/\" \/>\n<meta property=\"og:site_name\" content=\"SWSM\" \/>\n<meta property=\"article:modified_time\" content=\"2025-10-09T08:08:04+00:00\" \/>\n<meta name=\"twitter:card\" content=\"summary_large_image\" \/>\n<script type=\"application\/ld+json\" class=\"yoast-schema-graph\">{\"@context\":\"https:\\\/\\\/schema.org\",\"@graph\":[{\"@type\":\"WebPage\",\"@id\":\"https:\\\/\\\/swsm.pl\\\/ru\\\/%d0%b7%d0%be%d0%bd%d0%b0-%d1%81%d1%82%d1%83%d0%b4%d0%b5%d0%bd%d1%82%d0%b0\\\/%d0%b7%d0%be%d0%bd%d0%b0-%d1%81%d1%82%d1%83%d0%b4%d0%b5%d0%bd%d1%82%d0%b0\\\/%d0%bd%d0%b0%d1%83%d1%87%d0%bd%d1%8b%d0%b5-%d0%ba%d1%80%d1%83%d0%b6%d0%ba%d0%b8\\\/kolo-fotograficzne-synestezja\\\/\",\"url\":\"https:\\\/\\\/swsm.pl\\\/ru\\\/%d0%b7%d0%be%d0%bd%d0%b0-%d1%81%d1%82%d1%83%d0%b4%d0%b5%d0%bd%d1%82%d0%b0\\\/%d0%b7%d0%be%d0%bd%d0%b0-%d1%81%d1%82%d1%83%d0%b4%d0%b5%d0%bd%d1%82%d0%b0\\\/%d0%bd%d0%b0%d1%83%d1%87%d0%bd%d1%8b%d0%b5-%d0%ba%d1%80%d1%83%d0%b6%d0%ba%d0%b8\\\/kolo-fotograficzne-synestezja\\\/\",\"name\":\"Ko\u0142o Fotograficzne \u2013 Synestezja - SWSM\",\"isPartOf\":{\"@id\":\"https:\\\/\\\/swsm.pl\\\/#website\"},\"datePublished\":\"2025-10-09T08:00:35+00:00\",\"dateModified\":\"2025-10-09T08:08:04+00:00\",\"breadcrumb\":{\"@id\":\"https:\\\/\\\/swsm.pl\\\/ru\\\/%d0%b7%d0%be%d0%bd%d0%b0-%d1%81%d1%82%d1%83%d0%b4%d0%b5%d0%bd%d1%82%d0%b0\\\/%d0%b7%d0%be%d0%bd%d0%b0-%d1%81%d1%82%d1%83%d0%b4%d0%b5%d0%bd%d1%82%d0%b0\\\/%d0%bd%d0%b0%d1%83%d1%87%d0%bd%d1%8b%d0%b5-%d0%ba%d1%80%d1%83%d0%b6%d0%ba%d0%b8\\\/kolo-fotograficzne-synestezja\\\/#breadcrumb\"},\"inLanguage\":\"ru-RU\",\"potentialAction\":[{\"@type\":\"ReadAction\",\"target\":[\"https:\\\/\\\/swsm.pl\\\/ru\\\/%d0%b7%d0%be%d0%bd%d0%b0-%d1%81%d1%82%d1%83%d0%b4%d0%b5%d0%bd%d1%82%d0%b0\\\/%d0%b7%d0%be%d0%bd%d0%b0-%d1%81%d1%82%d1%83%d0%b4%d0%b5%d0%bd%d1%82%d0%b0\\\/%d0%bd%d0%b0%d1%83%d1%87%d0%bd%d1%8b%d0%b5-%d0%ba%d1%80%d1%83%d0%b6%d0%ba%d0%b8\\\/kolo-fotograficzne-synestezja\\\/\"]}]},{\"@type\":\"BreadcrumbList\",\"@id\":\"https:\\\/\\\/swsm.pl\\\/ru\\\/%d0%b7%d0%be%d0%bd%d0%b0-%d1%81%d1%82%d1%83%d0%b4%d0%b5%d0%bd%d1%82%d0%b0\\\/%d0%b7%d0%be%d0%bd%d0%b0-%d1%81%d1%82%d1%83%d0%b4%d0%b5%d0%bd%d1%82%d0%b0\\\/%d0%bd%d0%b0%d1%83%d1%87%d0%bd%d1%8b%d0%b5-%d0%ba%d1%80%d1%83%d0%b6%d0%ba%d0%b8\\\/kolo-fotograficzne-synestezja\\\/#breadcrumb\",\"itemListElement\":[{\"@type\":\"ListItem\",\"position\":1,\"name\":\"Strona g\u0142\u00f3wna\",\"item\":\"https:\\\/\\\/swsm.pl\\\/ru\\\/\"},{\"@type\":\"ListItem\",\"position\":2,\"name\":\"\u0417\u043e\u043d\u0430 \u0421\u0442\u0443\u0434\u0435\u043d\u0442\u0430\",\"item\":\"https:\\\/\\\/swsm.pl\\\/dla-studenta\\\/\"},{\"@type\":\"ListItem\",\"position\":3,\"name\":\"\u0417\u043e\u043d\u0430 \u0421\u0442\u0443\u0434\u0435\u043d\u0442\u0430\",\"item\":\"https:\\\/\\\/swsm.pl\\\/dla-studenta\\\/sprawy-studenckie\\\/\"},{\"@type\":\"ListItem\",\"position\":4,\"name\":\"\u041d\u0430\u0443\u0447\u043d\u044b\u0435 \u041a\u0440\u0443\u0436\u043a\u0438\",\"item\":\"https:\\\/\\\/swsm.pl\\\/ru\\\/%d0%b7%d0%be%d0%bd%d0%b0-%d1%81%d1%82%d1%83%d0%b4%d0%b5%d0%bd%d1%82%d0%b0\\\/%d0%b7%d0%be%d0%bd%d0%b0-%d1%81%d1%82%d1%83%d0%b4%d0%b5%d0%bd%d1%82%d0%b0\\\/%d0%bd%d0%b0%d1%83%d1%87%d0%bd%d1%8b%d0%b5-%d0%ba%d1%80%d1%83%d0%b6%d0%ba%d0%b8\\\/\"},{\"@type\":\"ListItem\",\"position\":5,\"name\":\"Ko\u0142o Fotograficzne \u2013 Synestezja\"}]},{\"@type\":\"WebSite\",\"@id\":\"https:\\\/\\\/swsm.pl\\\/#website\",\"url\":\"https:\\\/\\\/swsm.pl\\\/\",\"name\":\"SWSM\",\"description\":\"\u015al\u0105ska Wy\u017csza Szko\u0142a Medyczna w Katowicach\",\"potentialAction\":[{\"@type\":\"SearchAction\",\"target\":{\"@type\":\"EntryPoint\",\"urlTemplate\":\"https:\\\/\\\/swsm.pl\\\/?s={search_term_string}\"},\"query-input\":{\"@type\":\"PropertyValueSpecification\",\"valueRequired\":true,\"valueName\":\"search_term_string\"}}],\"inLanguage\":\"ru-RU\"}]}<\/script>\n<!-- \/ Yoast SEO plugin. -->","yoast_head_json":{"title":"Ko\u0142o Fotograficzne \u2013 Synestezja - SWSM","robots":{"index":"index","follow":"follow","max-snippet":"max-snippet:-1","max-image-preview":"max-image-preview:large","max-video-preview":"max-video-preview:-1"},"canonical":"https:\/\/swsm.pl\/ru\/\u0437\u043e\u043d\u0430-\u0441\u0442\u0443\u0434\u0435\u043d\u0442\u0430\/\u0437\u043e\u043d\u0430-\u0441\u0442\u0443\u0434\u0435\u043d\u0442\u0430\/\u043d\u0430\u0443\u0447\u043d\u044b\u0435-\u043a\u0440\u0443\u0436\u043a\u0438\/kolo-fotograficzne-synestezja\/","og_locale":"ru_RU","og_type":"article","og_title":"Ko\u0142o Fotograficzne \u2013 Synestezja - SWSM","og_url":"https:\/\/swsm.pl\/ru\/\u0437\u043e\u043d\u0430-\u0441\u0442\u0443\u0434\u0435\u043d\u0442\u0430\/\u0437\u043e\u043d\u0430-\u0441\u0442\u0443\u0434\u0435\u043d\u0442\u0430\/\u043d\u0430\u0443\u0447\u043d\u044b\u0435-\u043a\u0440\u0443\u0436\u043a\u0438\/kolo-fotograficzne-synestezja\/","og_site_name":"SWSM","article_modified_time":"2025-10-09T08:08:04+00:00","twitter_card":"summary_large_image","schema":{"@context":"https:\/\/schema.org","@graph":[{"@type":"WebPage","@id":"https:\/\/swsm.pl\/ru\/%d0%b7%d0%be%d0%bd%d0%b0-%d1%81%d1%82%d1%83%d0%b4%d0%b5%d0%bd%d1%82%d0%b0\/%d0%b7%d0%be%d0%bd%d0%b0-%d1%81%d1%82%d1%83%d0%b4%d0%b5%d0%bd%d1%82%d0%b0\/%d0%bd%d0%b0%d1%83%d1%87%d0%bd%d1%8b%d0%b5-%d0%ba%d1%80%d1%83%d0%b6%d0%ba%d0%b8\/kolo-fotograficzne-synestezja\/","url":"https:\/\/swsm.pl\/ru\/%d0%b7%d0%be%d0%bd%d0%b0-%d1%81%d1%82%d1%83%d0%b4%d0%b5%d0%bd%d1%82%d0%b0\/%d0%b7%d0%be%d0%bd%d0%b0-%d1%81%d1%82%d1%83%d0%b4%d0%b5%d0%bd%d1%82%d0%b0\/%d0%bd%d0%b0%d1%83%d1%87%d0%bd%d1%8b%d0%b5-%d0%ba%d1%80%d1%83%d0%b6%d0%ba%d0%b8\/kolo-fotograficzne-synestezja\/","name":"Ko\u0142o Fotograficzne \u2013 Synestezja - SWSM","isPartOf":{"@id":"https:\/\/swsm.pl\/#website"},"datePublished":"2025-10-09T08:00:35+00:00","dateModified":"2025-10-09T08:08:04+00:00","breadcrumb":{"@id":"https:\/\/swsm.pl\/ru\/%d0%b7%d0%be%d0%bd%d0%b0-%d1%81%d1%82%d1%83%d0%b4%d0%b5%d0%bd%d1%82%d0%b0\/%d0%b7%d0%be%d0%bd%d0%b0-%d1%81%d1%82%d1%83%d0%b4%d0%b5%d0%bd%d1%82%d0%b0\/%d0%bd%d0%b0%d1%83%d1%87%d0%bd%d1%8b%d0%b5-%d0%ba%d1%80%d1%83%d0%b6%d0%ba%d0%b8\/kolo-fotograficzne-synestezja\/#breadcrumb"},"inLanguage":"ru-RU","potentialAction":[{"@type":"ReadAction","target":["https:\/\/swsm.pl\/ru\/%d0%b7%d0%be%d0%bd%d0%b0-%d1%81%d1%82%d1%83%d0%b4%d0%b5%d0%bd%d1%82%d0%b0\/%d0%b7%d0%be%d0%bd%d0%b0-%d1%81%d1%82%d1%83%d0%b4%d0%b5%d0%bd%d1%82%d0%b0\/%d0%bd%d0%b0%d1%83%d1%87%d0%bd%d1%8b%d0%b5-%d0%ba%d1%80%d1%83%d0%b6%d0%ba%d0%b8\/kolo-fotograficzne-synestezja\/"]}]},{"@type":"BreadcrumbList","@id":"https:\/\/swsm.pl\/ru\/%d0%b7%d0%be%d0%bd%d0%b0-%d1%81%d1%82%d1%83%d0%b4%d0%b5%d0%bd%d1%82%d0%b0\/%d0%b7%d0%be%d0%bd%d0%b0-%d1%81%d1%82%d1%83%d0%b4%d0%b5%d0%bd%d1%82%d0%b0\/%d0%bd%d0%b0%d1%83%d1%87%d0%bd%d1%8b%d0%b5-%d0%ba%d1%80%d1%83%d0%b6%d0%ba%d0%b8\/kolo-fotograficzne-synestezja\/#breadcrumb","itemListElement":[{"@type":"ListItem","position":1,"name":"Strona g\u0142\u00f3wna","item":"https:\/\/swsm.pl\/ru\/"},{"@type":"ListItem","position":2,"name":"\u0417\u043e\u043d\u0430 \u0421\u0442\u0443\u0434\u0435\u043d\u0442\u0430","item":"https:\/\/swsm.pl\/dla-studenta\/"},{"@type":"ListItem","position":3,"name":"\u0417\u043e\u043d\u0430 \u0421\u0442\u0443\u0434\u0435\u043d\u0442\u0430","item":"https:\/\/swsm.pl\/dla-studenta\/sprawy-studenckie\/"},{"@type":"ListItem","position":4,"name":"\u041d\u0430\u0443\u0447\u043d\u044b\u0435 \u041a\u0440\u0443\u0436\u043a\u0438","item":"https:\/\/swsm.pl\/ru\/%d0%b7%d0%be%d0%bd%d0%b0-%d1%81%d1%82%d1%83%d0%b4%d0%b5%d0%bd%d1%82%d0%b0\/%d0%b7%d0%be%d0%bd%d0%b0-%d1%81%d1%82%d1%83%d0%b4%d0%b5%d0%bd%d1%82%d0%b0\/%d0%bd%d0%b0%d1%83%d1%87%d0%bd%d1%8b%d0%b5-%d0%ba%d1%80%d1%83%d0%b6%d0%ba%d0%b8\/"},{"@type":"ListItem","position":5,"name":"Ko\u0142o Fotograficzne \u2013 Synestezja"}]},{"@type":"WebSite","@id":"https:\/\/swsm.pl\/#website","url":"https:\/\/swsm.pl\/","name":"SWSM","description":"\u015al\u0105ska Wy\u017csza Szko\u0142a Medyczna w Katowicach","potentialAction":[{"@type":"SearchAction","target":{"@type":"EntryPoint","urlTemplate":"https:\/\/swsm.pl\/?s={search_term_string}"},"query-input":{"@type":"PropertyValueSpecification","valueRequired":true,"valueName":"search_term_string"}}],"inLanguage":"ru-RU"}]}},"_links":{"self":[{"href":"https:\/\/swsm.pl\/ru\/wp-json\/wp\/v2\/pages\/27094","targetHints":{"allow":["GET"]}}],"collection":[{"href":"https:\/\/swsm.pl\/ru\/wp-json\/wp\/v2\/pages"}],"about":[{"href":"https:\/\/swsm.pl\/ru\/wp-json\/wp\/v2\/types\/page"}],"author":[{"embeddable":true,"href":"https:\/\/swsm.pl\/ru\/wp-json\/wp\/v2\/users\/9"}],"replies":[{"embeddable":true,"href":"https:\/\/swsm.pl\/ru\/wp-json\/wp\/v2\/comments?post=27094"}],"version-history":[{"count":2,"href":"https:\/\/swsm.pl\/ru\/wp-json\/wp\/v2\/pages\/27094\/revisions"}],"predecessor-version":[{"id":27100,"href":"https:\/\/swsm.pl\/ru\/wp-json\/wp\/v2\/pages\/27094\/revisions\/27100"}],"up":[{"embeddable":true,"href":"https:\/\/swsm.pl\/ru\/wp-json\/wp\/v2\/pages\/11761"}],"wp:attachment":[{"href":"https:\/\/swsm.pl\/ru\/wp-json\/wp\/v2\/media?parent=27094"}],"curies":[{"name":"wp","href":"https:\/\/api.w.org\/{rel}","templated":true}]}}