{"id":11721,"date":"2023-11-29T18:06:25","date_gmt":"2023-11-29T18:06:25","guid":{"rendered":"https:\/\/swsm.pl\/%d0%ba%d0%be%d0%bd%d1%82%d0%b0%d0%ba%d1%82%d0%b8\/%d0%bc%d0%b0%d0%bf%d0%b0-%d1%8f%d0%ba-%d0%b4%d0%be%d1%97%d1%85%d0%b0%d1%82%d0%b8\/"},"modified":"2025-02-26T12:20:48","modified_gmt":"2025-02-26T12:20:48","slug":"%d0%bc%d0%b0%d0%bf%d0%b0-%d1%8f%d0%ba-%d0%b4%d0%be%d1%97%d1%85%d0%b0%d1%82%d0%b8","status":"publish","type":"page","link":"https:\/\/swsm.pl\/uk\/%d0%ba%d0%be%d0%bd%d1%82%d0%b0%d0%ba%d1%82%d0%b8\/%d0%bc%d0%b0%d0%bf%d0%b0-%d1%8f%d0%ba-%d0%b4%d0%be%d1%97%d1%85%d0%b0%d1%82%d0%b8\/","title":{"rendered":"\u041c\u0430\u043f\u0430, \u042f\u043a \u0414\u043e\u0457\u0445\u0430\u0442\u0438"},"content":{"rendered":"<section class=\"textSimpleHeader textSimpleHeader--0   \">\n    <div class=\"container\">\n        <div class=\"row\">\n            <div class=\"col-12\">\n                <div class=\"textSimpleHeader__inner\">\n                    <br \/>\r\n                <\/div>\n            <\/div>\n        <\/div>\n    <\/div>\n<\/section>\n\n<section class=\"textSimpleHeader textSimpleHeader--3   \">\n    <div class=\"container\">\n        <div class=\"row\">\n            <div class=\"col-12\">\n                <div class=\"textSimpleHeader__inner\">\n                    <h3 class=\"title title--3 color--navy-700\">SWSM<\/h3>                <\/div>\n            <\/div>\n        <\/div>\n    <\/div>\n<\/section>\n\n<section class=\"iframeMap\">\n    <div class=\"container\">\n        <div class=\"row\">\n            <div class=\"col-12\">\n                <div class=\"iframeMap__inner\">\n                <iframe src=\"https:\/\/www.google.com\/maps\/embed?pb=!1m14!1m8!1m3!1d5101.035565406992!2d19.013697!3d50.26359!3m2!1i1024!2i768!4f13.1!3m3!1m2!1s0x4716ce3ec412c03b%3A0x1e68f7fac191eb78!2s%C5%9Al%C4%85ska%20Wy%C5%BCsza%20Szko%C5%82a%20Medyczna%20w%20Katowicach!5e0!3m2!1spl!2spl!4v1701523586812!5m2!1spl!2spl\" width=\"600\" height=\"450\" style=\"border:0;\" allowfullscreen=\"\" loading=\"lazy\" referrerpolicy=\"no-referrer-when-downgrade\"><\/iframe>                <\/div>\n            <\/div>\n        <\/div>\n    <\/div>\n<\/section>\n\n<section class=\"textSimpleHeader textSimpleHeader--3   \">\n    <div class=\"container\">\n        <div class=\"row\">\n            <div class=\"col-12\">\n                <div class=\"textSimpleHeader__inner\">\n                    <h3 class=\"title title--3 color--navy-700\">\u015al\u0105skie Techniczne Zak\u0142ady Naukowe\u200e<\/h3>                <\/div>\n            <\/div>\n        <\/div>\n    <\/div>\n<\/section>\n\n<section class=\"iframeMap\">\n    <div class=\"container\">\n        <div class=\"row\">\n            <div class=\"col-12\">\n                <div class=\"iframeMap__inner\">\n                <iframe src=\"https:\/\/www.google.com\/maps\/embed?pb=!1m14!1m8!1m3!1d5100.942067877696!2d19.015197!3d50.264463!3m2!1i1024!2i768!4f13.1!3m3!1m2!1s0x4716ce395188c12b%3A0xc81ef5e31d4ce9ab!2s%C5%9Al%C4%85skie%20Techniczne%20Zak%C5%82ady%20Naukowe!5e0!3m2!1spl!2sus!4v1701523804807!5m2!1spl!2sus\" width=\"600\" height=\"450\" style=\"border:0;\" allowfullscreen=\"\" loading=\"lazy\" referrerpolicy=\"no-referrer-when-downgrade\"><\/iframe>                <\/div>\n            <\/div>\n        <\/div>\n    <\/div>\n<\/section>\n\n\n\n    <section class=\"gallery-photo-video   \">\n        <div class=\"container\">\n            <div class=\"row\">\n                            <\/div>\n            <div class=\"row gap-box\">\n                                    \n                                                            <div class=\"col-12 col-sm-6 col-md-4 col-xl-3\">\n                                                                            <a class=\"gallery-photo-video__item\" data-fslightbox=\"gallery-photo-video-item\" href=\"https:\/\/swsm.pl\/wp-content\/uploads\/2023\/12\/zlotu_ptaka.jpg\">\n                                            <img decoding=\"async\" src=\"https:\/\/swsm.pl\/wp-content\/uploads\/2023\/12\/zlotu_ptaka.jpg\" alt=\"\" \/>\n                                        <\/a>\n                                                                                                        <\/div>\n                            \n                            \n                            \n\n\n\n                    \n                                                            <div class=\"col-12 col-sm-6 col-md-4 col-xl-3\">\n                                                                            <a class=\"gallery-photo-video__item\" data-fslightbox=\"gallery-photo-video-item\" href=\"https:\/\/swsm.pl\/wp-content\/uploads\/2023\/12\/widok_zgory_proactiv.jpg\">\n                                            <img decoding=\"async\" src=\"https:\/\/swsm.pl\/wp-content\/uploads\/2023\/12\/widok_zgory_proactiv.jpg\" alt=\"\" \/>\n                                        <\/a>\n                                                                                                        <\/div>\n                            \n                            \n                            \n\n\n\n                    \n                                                            <div class=\"col-12 col-sm-6 col-md-4 col-xl-3\">\n                                                                            <a class=\"gallery-photo-video__item\" data-fslightbox=\"gallery-photo-video-item\" href=\"https:\/\/swsm.pl\/wp-content\/uploads\/2023\/12\/widok_zbliska.jpg\">\n                                            <img decoding=\"async\" src=\"https:\/\/swsm.pl\/wp-content\/uploads\/2023\/12\/widok_zbliska.jpg\" alt=\"\" \/>\n                                        <\/a>\n                                                                                                        <\/div>\n                            \n                            \n                            \n\n\n\n                    \n                                                            <div class=\"col-12 col-sm-6 col-md-4 col-xl-3\">\n                                                                            <a class=\"gallery-photo-video__item\" data-fslightbox=\"gallery-photo-video-item\" href=\"https:\/\/swsm.pl\/wp-content\/uploads\/2023\/12\/mapa_duza.jpg\">\n                                            <img decoding=\"async\" src=\"https:\/\/swsm.pl\/wp-content\/uploads\/2023\/12\/mapa_duza.jpg\" alt=\"\" \/>\n                                        <\/a>\n                                                                                                        <\/div>\n                            \n                            \n                            \n\n\n\n                                                <\/div>\n        <\/div>\n    <\/section>","protected":false},"excerpt":{"rendered":"","protected":false},"author":9,"featured_media":0,"parent":11555,"menu_order":0,"comment_status":"closed","ping_status":"closed","template":"template-pages\/page-threeFourth.php","meta":{"_acf_changed":false,"footnotes":""},"class_list":["post-11721","page","type-page","status-publish","hentry"],"acf":{"alert_on":false,"alert_filter_tag_select":false,"alert_filter_by_tag":[],"modalComunicatHeader_blog":"","modalComunicatHeader_link":[""]},"yoast_head":"<!-- This site is optimized with the Yoast SEO plugin v27.4 - https:\/\/yoast.com\/product\/yoast-seo-wordpress\/ -->\n<title>\u041c\u0430\u043f\u0430, \u042f\u043a \u0414\u043e\u0457\u0445\u0430\u0442\u0438 - SWSM<\/title>\n<meta name=\"robots\" content=\"index, follow, max-snippet:-1, max-image-preview:large, max-video-preview:-1\" \/>\n<link rel=\"canonical\" href=\"https:\/\/swsm.pl\/uk\/\u043a\u043e\u043d\u0442\u0430\u043a\u0442\u0438\/\u043c\u0430\u043f\u0430-\u044f\u043a-\u0434\u043e\u0457\u0445\u0430\u0442\u0438\/\" \/>\n<meta property=\"og:locale\" content=\"uk_UA\" \/>\n<meta property=\"og:type\" content=\"article\" \/>\n<meta property=\"og:title\" content=\"\u041c\u0430\u043f\u0430, \u042f\u043a \u0414\u043e\u0457\u0445\u0430\u0442\u0438 - SWSM\" \/>\n<meta property=\"og:url\" content=\"https:\/\/swsm.pl\/uk\/\u043a\u043e\u043d\u0442\u0430\u043a\u0442\u0438\/\u043c\u0430\u043f\u0430-\u044f\u043a-\u0434\u043e\u0457\u0445\u0430\u0442\u0438\/\" \/>\n<meta property=\"og:site_name\" content=\"SWSM\" \/>\n<meta property=\"article:modified_time\" content=\"2025-02-26T12:20:48+00:00\" \/>\n<meta name=\"twitter:card\" content=\"summary_large_image\" \/>\n<script type=\"application\/ld+json\" class=\"yoast-schema-graph\">{\"@context\":\"https:\\\/\\\/schema.org\",\"@graph\":[{\"@type\":\"WebPage\",\"@id\":\"https:\\\/\\\/swsm.pl\\\/uk\\\/%d0%ba%d0%be%d0%bd%d1%82%d0%b0%d0%ba%d1%82%d0%b8\\\/%d0%bc%d0%b0%d0%bf%d0%b0-%d1%8f%d0%ba-%d0%b4%d0%be%d1%97%d1%85%d0%b0%d1%82%d0%b8\\\/\",\"url\":\"https:\\\/\\\/swsm.pl\\\/uk\\\/%d0%ba%d0%be%d0%bd%d1%82%d0%b0%d0%ba%d1%82%d0%b8\\\/%d0%bc%d0%b0%d0%bf%d0%b0-%d1%8f%d0%ba-%d0%b4%d0%be%d1%97%d1%85%d0%b0%d1%82%d0%b8\\\/\",\"name\":\"\u041c\u0430\u043f\u0430, \u042f\u043a \u0414\u043e\u0457\u0445\u0430\u0442\u0438 - SWSM\",\"isPartOf\":{\"@id\":\"https:\\\/\\\/swsm.pl\\\/#website\"},\"datePublished\":\"2023-11-29T18:06:25+00:00\",\"dateModified\":\"2025-02-26T12:20:48+00:00\",\"breadcrumb\":{\"@id\":\"https:\\\/\\\/swsm.pl\\\/uk\\\/%d0%ba%d0%be%d0%bd%d1%82%d0%b0%d0%ba%d1%82%d0%b8\\\/%d0%bc%d0%b0%d0%bf%d0%b0-%d1%8f%d0%ba-%d0%b4%d0%be%d1%97%d1%85%d0%b0%d1%82%d0%b8\\\/#breadcrumb\"},\"inLanguage\":\"uk\",\"potentialAction\":[{\"@type\":\"ReadAction\",\"target\":[\"https:\\\/\\\/swsm.pl\\\/uk\\\/%d0%ba%d0%be%d0%bd%d1%82%d0%b0%d0%ba%d1%82%d0%b8\\\/%d0%bc%d0%b0%d0%bf%d0%b0-%d1%8f%d0%ba-%d0%b4%d0%be%d1%97%d1%85%d0%b0%d1%82%d0%b8\\\/\"]}]},{\"@type\":\"BreadcrumbList\",\"@id\":\"https:\\\/\\\/swsm.pl\\\/uk\\\/%d0%ba%d0%be%d0%bd%d1%82%d0%b0%d0%ba%d1%82%d0%b8\\\/%d0%bc%d0%b0%d0%bf%d0%b0-%d1%8f%d0%ba-%d0%b4%d0%be%d1%97%d1%85%d0%b0%d1%82%d0%b8\\\/#breadcrumb\",\"itemListElement\":[{\"@type\":\"ListItem\",\"position\":1,\"name\":\"Strona g\u0142\u00f3wna\",\"item\":\"https:\\\/\\\/swsm.pl\\\/uk\\\/\"},{\"@type\":\"ListItem\",\"position\":2,\"name\":\"\u041a\u043e\u043d\u0442\u0430\u043a\u0442\u0438\",\"item\":\"https:\\\/\\\/swsm.pl\\\/kontakt\\\/\"},{\"@type\":\"ListItem\",\"position\":3,\"name\":\"\u041c\u0430\u043f\u0430, \u042f\u043a \u0414\u043e\u0457\u0445\u0430\u0442\u0438\"}]},{\"@type\":\"WebSite\",\"@id\":\"https:\\\/\\\/swsm.pl\\\/#website\",\"url\":\"https:\\\/\\\/swsm.pl\\\/\",\"name\":\"SWSM\",\"description\":\"\u015al\u0105ska Wy\u017csza Szko\u0142a Medyczna w Katowicach\",\"potentialAction\":[{\"@type\":\"SearchAction\",\"target\":{\"@type\":\"EntryPoint\",\"urlTemplate\":\"https:\\\/\\\/swsm.pl\\\/?s={search_term_string}\"},\"query-input\":{\"@type\":\"PropertyValueSpecification\",\"valueRequired\":true,\"valueName\":\"search_term_string\"}}],\"inLanguage\":\"uk\"}]}<\/script>\n<!-- \/ Yoast SEO plugin. -->","yoast_head_json":{"title":"\u041c\u0430\u043f\u0430, \u042f\u043a \u0414\u043e\u0457\u0445\u0430\u0442\u0438 - SWSM","robots":{"index":"index","follow":"follow","max-snippet":"max-snippet:-1","max-image-preview":"max-image-preview:large","max-video-preview":"max-video-preview:-1"},"canonical":"https:\/\/swsm.pl\/uk\/\u043a\u043e\u043d\u0442\u0430\u043a\u0442\u0438\/\u043c\u0430\u043f\u0430-\u044f\u043a-\u0434\u043e\u0457\u0445\u0430\u0442\u0438\/","og_locale":"uk_UA","og_type":"article","og_title":"\u041c\u0430\u043f\u0430, \u042f\u043a \u0414\u043e\u0457\u0445\u0430\u0442\u0438 - SWSM","og_url":"https:\/\/swsm.pl\/uk\/\u043a\u043e\u043d\u0442\u0430\u043a\u0442\u0438\/\u043c\u0430\u043f\u0430-\u044f\u043a-\u0434\u043e\u0457\u0445\u0430\u0442\u0438\/","og_site_name":"SWSM","article_modified_time":"2025-02-26T12:20:48+00:00","twitter_card":"summary_large_image","schema":{"@context":"https:\/\/schema.org","@graph":[{"@type":"WebPage","@id":"https:\/\/swsm.pl\/uk\/%d0%ba%d0%be%d0%bd%d1%82%d0%b0%d0%ba%d1%82%d0%b8\/%d0%bc%d0%b0%d0%bf%d0%b0-%d1%8f%d0%ba-%d0%b4%d0%be%d1%97%d1%85%d0%b0%d1%82%d0%b8\/","url":"https:\/\/swsm.pl\/uk\/%d0%ba%d0%be%d0%bd%d1%82%d0%b0%d0%ba%d1%82%d0%b8\/%d0%bc%d0%b0%d0%bf%d0%b0-%d1%8f%d0%ba-%d0%b4%d0%be%d1%97%d1%85%d0%b0%d1%82%d0%b8\/","name":"\u041c\u0430\u043f\u0430, \u042f\u043a \u0414\u043e\u0457\u0445\u0430\u0442\u0438 - SWSM","isPartOf":{"@id":"https:\/\/swsm.pl\/#website"},"datePublished":"2023-11-29T18:06:25+00:00","dateModified":"2025-02-26T12:20:48+00:00","breadcrumb":{"@id":"https:\/\/swsm.pl\/uk\/%d0%ba%d0%be%d0%bd%d1%82%d0%b0%d0%ba%d1%82%d0%b8\/%d0%bc%d0%b0%d0%bf%d0%b0-%d1%8f%d0%ba-%d0%b4%d0%be%d1%97%d1%85%d0%b0%d1%82%d0%b8\/#breadcrumb"},"inLanguage":"uk","potentialAction":[{"@type":"ReadAction","target":["https:\/\/swsm.pl\/uk\/%d0%ba%d0%be%d0%bd%d1%82%d0%b0%d0%ba%d1%82%d0%b8\/%d0%bc%d0%b0%d0%bf%d0%b0-%d1%8f%d0%ba-%d0%b4%d0%be%d1%97%d1%85%d0%b0%d1%82%d0%b8\/"]}]},{"@type":"BreadcrumbList","@id":"https:\/\/swsm.pl\/uk\/%d0%ba%d0%be%d0%bd%d1%82%d0%b0%d0%ba%d1%82%d0%b8\/%d0%bc%d0%b0%d0%bf%d0%b0-%d1%8f%d0%ba-%d0%b4%d0%be%d1%97%d1%85%d0%b0%d1%82%d0%b8\/#breadcrumb","itemListElement":[{"@type":"ListItem","position":1,"name":"Strona g\u0142\u00f3wna","item":"https:\/\/swsm.pl\/uk\/"},{"@type":"ListItem","position":2,"name":"\u041a\u043e\u043d\u0442\u0430\u043a\u0442\u0438","item":"https:\/\/swsm.pl\/kontakt\/"},{"@type":"ListItem","position":3,"name":"\u041c\u0430\u043f\u0430, \u042f\u043a \u0414\u043e\u0457\u0445\u0430\u0442\u0438"}]},{"@type":"WebSite","@id":"https:\/\/swsm.pl\/#website","url":"https:\/\/swsm.pl\/","name":"SWSM","description":"\u015al\u0105ska Wy\u017csza Szko\u0142a Medyczna w Katowicach","potentialAction":[{"@type":"SearchAction","target":{"@type":"EntryPoint","urlTemplate":"https:\/\/swsm.pl\/?s={search_term_string}"},"query-input":{"@type":"PropertyValueSpecification","valueRequired":true,"valueName":"search_term_string"}}],"inLanguage":"uk"}]}},"_links":{"self":[{"href":"https:\/\/swsm.pl\/uk\/wp-json\/wp\/v2\/pages\/11721","targetHints":{"allow":["GET"]}}],"collection":[{"href":"https:\/\/swsm.pl\/uk\/wp-json\/wp\/v2\/pages"}],"about":[{"href":"https:\/\/swsm.pl\/uk\/wp-json\/wp\/v2\/types\/page"}],"author":[{"embeddable":true,"href":"https:\/\/swsm.pl\/uk\/wp-json\/wp\/v2\/users\/9"}],"replies":[{"embeddable":true,"href":"https:\/\/swsm.pl\/uk\/wp-json\/wp\/v2\/comments?post=11721"}],"version-history":[{"count":5,"href":"https:\/\/swsm.pl\/uk\/wp-json\/wp\/v2\/pages\/11721\/revisions"}],"predecessor-version":[{"id":21910,"href":"https:\/\/swsm.pl\/uk\/wp-json\/wp\/v2\/pages\/11721\/revisions\/21910"}],"up":[{"embeddable":true,"href":"https:\/\/swsm.pl\/uk\/wp-json\/wp\/v2\/pages\/11555"}],"wp:attachment":[{"href":"https:\/\/swsm.pl\/uk\/wp-json\/wp\/v2\/media?parent=11721"}],"curies":[{"name":"wp","href":"https:\/\/api.w.org\/{rel}","templated":true}]}}