{"id":11884,"date":"2023-11-29T15:56:59","date_gmt":"2023-11-29T15:56:59","guid":{"rendered":"https:\/\/swsm.pl\/strona-glowna\/"},"modified":"2025-02-27T08:22:23","modified_gmt":"2025-02-27T08:22:23","slug":"strona-glowna","status":"publish","type":"page","link":"https:\/\/swsm.pl\/uk\/","title":{"rendered":"Strona g\u0142\u00f3wna"},"content":{"rendered":"\n\n    <section class=\"buttonBlock  \">\n            <div class=\"container\">\n                <div class=\"row\">\n                                            <div class=\"col-12 \">\n                            <h5>\u041d\u0430\u0432\u0447\u0430\u043d\u043d\u044f \u041f\u0435\u0440\u0448\u043e\u0433\u043e \u0421\u0442\u0443\u043f\u0435\u043d\u044f<\/h5>\n                        <\/div>\n                                    <\/div>\n                <div class=\"row btn-box btn-box-home\">\n\n                                                                                                        <div class=\"col-12 col-md-6 col-xl-4 big-btn-position\">\n                                    <a class=\"btn-big    \" href=\"https:\/\/swsm.pl\/uk\/%d0%bd%d0%b0%d0%b2%d1%87%d0%b0%d0%bd%d0%bd%d1%8f-%d0%bf%d0%b5%d1%80%d1%88%d0%be%d0%b3%d0%be-%d1%81%d1%82%d1%83%d0%bf%d0%b5%d0%bd%d1%8f\/%d0%ba%d0%be%d1%81%d0%bc%d0%b5%d1%82%d0%be%d0%bb%d0%be%d0%b3%d1%96%d1%8f\/%d0%bf%d1%80%d0%be-%d0%bd%d0%b0%d0%bf%d1%80%d1%8f%d0%bc%d0%be%d0%ba\/\" target=\"_self\">\u041a\u043e\u0441\u043c\u0435\u0442\u043e\u043b\u043e\u0433\u0456\u044f<\/a>\n                                <\/div>\n                                                                                                                <div class=\"col-12 col-md-6 col-xl-4 big-btn-position\">\n                                    <a class=\"btn-big    \" href=\"https:\/\/swsm.pl\/uk\/%d0%bd%d0%b0%d0%b2%d1%87%d0%b0%d0%bd%d0%bd%d1%8f-%d0%bf%d0%b5%d1%80%d1%88%d0%be%d0%b3%d0%be-%d1%81%d1%82%d1%83%d0%bf%d0%b5%d0%bd%d1%8f\/%d0%b4%d1%96%d1%94%d1%82%d0%be%d0%bb%d0%be%d0%b3%d1%96%d1%8f\/%d0%bf%d1%80%d0%be-%d0%bd%d0%b0%d0%bf%d1%80%d1%8f%d0%bc%d0%be%d0%ba\/\" target=\"_self\">\u0414\u0456\u0454\u0442\u043e\u043b\u043e\u0433\u0456\u044f<\/a>\n                                <\/div>\n                                                                        \n                <\/div>\n            <\/div>\n    <\/section>\n\n\n\n<section class=\"textBlock textBlock--2 \">\n    <div class=\"tbc\">\n        <div class=\"container\">\n            <div class=\"row\">\n                                                                    <div class=\"col-12 col-lg-6 textBlock__colLeft\">\n                        <div class=\"tbc__colLeft__inner\">\n                            <h3 class=\"title title--3 color--navy-700 tbc__titleCol3\">K\u0430\u0431\u0456\u043d\u0435\u0442\u0438 <\/h3><h5 class=\"title title--5 color--navy-700 tbc__titleCol5\">\u0421\u0456\u043b\u0435\u0437\u044c\u043a\u0430 \u0412\u0438\u0449\u0430 \u041c\u0435\u0434\u0438\u0447\u043d\u0430 \u0428\u043a\u043e\u043b\u0430 \u043c\u0430\u0454 \u043f\u0440\u043e\u0444\u0435\u0441\u0456\u0439\u043d\u043e \u043e\u0431\u043b\u0430\u0434\u043d\u0430\u043d\u0456 \u043a\u043e\u0441\u043c\u0435\u0442\u043e\u043b\u043e\u0433\u0456\u0447\u043d\u0456 \u043a\u0430\u0431\u0456\u043d\u0435\u0442\u0438 \u0456 \u043a\u0430\u0431\u0456\u043d\u0435\u0442\u0438 \u0434\u0456\u0454\u0442\u043e\u043b\u043e\u0433\u0456\u0457 \u0442\u0430 \u0445\u0430\u0440\u0447\u0443\u0432\u0430\u043d\u043d\u044f.<\/h5><div class=\"tbc__btns\"><a class=\"btn btn--prim\" href=\"https:\/\/swsm.pl\/uk\/%d0%bd%d0%b0%d0%b2%d1%87%d0%b0%d0%bb%d1%8c%d0%bd%d0%b8%d0%b9-%d0%b7%d0%b0%d0%ba%d0%bb%d0%b0%d0%b4\/%d1%80%d0%be%d0%b7%d1%82%d0%b0%d1%88%d1%83%d0%b2%d0%b0%d0%bd%d0%bd%d1%8f\/\" target=\"_self\">\u0444\u043e\u0442\u043e\u0433\u0430\u043b\u0435\u0440\u0435\u044f<\/a><\/div>                        <\/div>\n                    <\/div>\n                    <div class=\"col-12 col-lg-6 textBlock__colRight\">\n                        <div class=\"tbc__colRight__inner\">\n                                            <div class=\"tbc__imageBox\">\n                    <img decoding=\"async\" src=\"https:\/\/swsm.pl\/wp-content\/uploads\/2024\/04\/zabieg.jpg\" alt=\"\" \/>\n                <\/div>\n                \n                        <\/div>\n                    <\/div>\n                    <div class=\"col-12\">\n                                            <\/div>\n                                                                            <\/div>\n        <\/div>\n    <\/div>\n<\/section>\n\n\n\n\n                <section class=\"bannerComponentCTA\">\n            <div class=\"container\">\n                <div class=\"row\">\n                                                                            <div class=\"col-12\">\n                                        <div class=\"bannerComponentCTA__content banner-photo background--primary-25\">\n                                                <div class=\"bannerComponentCTA__content__text\">\n                                                        <h4 class=\"color--primary-700  max-line-one\">\u041f\u0440\u043e \u0428\u043a\u043e\u043b\u0443<\/h4>\n                                                                                                                    <p class=\"text--1 color--primary-500 max-line\">\u0421\u0456\u043b\u0435\u0437\u044c\u043a\u0430 \u0412\u0438\u0449\u0430 \u041c\u0435\u0434\u0438\u0447\u043d\u0430 \u0428\u043a\u043e\u043b\u0430 \u0432 \u041a\u0430\u0442\u043e\u0432\u0456\u0446\u0435 \u0454 \u043e\u0434\u043d\u0438\u043c \u0437 \u043f\u0435\u0440\u0448\u0438\u0445 \u043d\u0435\u0434\u0435\u0440\u0436\u0430\u0432\u043d\u0438\u0445 \u0441\u043f\u0435\u0446\u0456\u0430\u043b\u0456\u0437\u043e\u0432\u0430\u043d\u0438\u0445 \u043c\u0435\u0434\u0438\u0447\u043d\u0438\u0445 \u0412\u041d\u0417 \u0443 \u041f\u043e\u043b\u044c\u0449\u0456, \u044f\u043a\u0430 \u043c\u0430\u0454 \u043f\u0440\u0430\u0432\u0430 \u0434\u0435\u0440\u0436\u0430\u0432\u043d\u043e\u0457 \u0448\u043a\u043e\u043b\u0438.<\/p>\n                                                                                                                <div class=\"bannerComponentCTA__content__text__btn\">\n                                                                                                                            <a class=\"btn btn--prim\" href=\"https:\/\/swsm.pl\/uk\/%d0%bd%d0%b0%d0%b2%d1%87%d0%b0%d0%bb%d1%8c%d0%bd%d0%b8%d0%b9-%d0%b7%d0%b0%d0%ba%d0%bb%d0%b0%d0%b4\/%d0%bf%d1%80%d0%be-%d1%88%d0%ba%d0%be%d0%bb%d1%83\/%d0%bf%d1%80%d0%be-%d1%88%d0%ba%d0%be%d0%bb%d1%83\/\" target=\"_self\">\u041f\u0440\u043e \u0428\u043a\u043e\u043b\u0443<\/a>\n                                                                                                                                                                                <\/div>\n                                                <\/div>\n                                                <div class=\"bannerComponentCTA__content__photo\">\n                                                                                                            <img decoding=\"async\" class=\"responsive-img\" src=\"https:\/\/swsm.pl\/wp-content\/uploads\/2023\/12\/1200x628-swsm.jpg\" alt=\"\" \/>\n                                                                                                    <\/div>\n                                        <\/div>\n                                <\/div>\n                                              \n                <\/div>\n            <\/div>\n        <\/section>\n\n\n\n\n\n\n\n\n\n\n\n\n\n                        <section class=\"bannerComponentCTA\">\n            <div class=\"container\">\n                <div class=\"row\">\n                                                                            <div class=\"col-12\">\n                                                                            <a class=\"bannerComponentCTA__content banner-photo background--primary-500\" href=\"https:\/\/swsm.pl\/uk\/%d0%b7%d0%be%d0%bd%d0%b0-%d1%81%d1%82%d1%83%d0%b4%d0%b5%d0%bd%d1%82%d0%b0\/%d0%b7%d0%be%d0%bd%d0%b0-%d1%81%d1%82%d1%83%d0%b4%d0%b5%d0%bd%d1%82%d0%b0\/%d0%bd%d0%b0%d1%83%d0%ba%d0%be%d0%b2%d1%96-%d0%ba%d0%be%d0%bb%d0%b0\/\" target=\"_self\">\n                                                <div class=\"bannerComponentCTA__content__photo\">\n                                                                                                            <img decoding=\"async\" class=\"responsive-img\" src=\"https:\/\/swsm.pl\/wp-content\/uploads\/2023\/12\/pracownia_zywienia_swsm_12.jpg\" alt=\"\" \/>\n                                                                                                    <\/div>\n                                                <div class=\"bannerComponentCTA__content__text\">\n                                                        <h4 class=\"color--white max-line\">\u041d\u0430\u0443\u043a\u043e\u0432\u0456 \u041a\u043e\u043b\u0430<\/h4>\n                                                                                                                    <p class=\"text--1 color--white max-line\">\u0421\u0456\u043b\u0435\u0437\u044c\u043a\u0430 \u0412\u0438\u0449\u0430 \u041c\u0435\u0434\u0438\u0447\u043d\u0430 \u0428\u043a\u043e\u043b\u0430 \u0432 \u041a\u0430\u0442\u043e\u0432\u0456\u0446\u0435 \u0431\u0435\u0440\u0435 \u0430\u043a\u0442\u0438\u0432\u043d\u0443 \u0443\u0447\u0430\u0441\u0442\u044c \u0443 \u0440\u043e\u0437\u0432\u0438\u0442\u043a\u0443 \u043f\u0440\u043e\u0444\u0435\u0441\u0456\u0439\u043d\u0438\u0445 \u0456 \u043d\u0430\u0443\u043a\u043e\u0432\u0438\u0445 \u0456\u043d\u0442\u0435\u0440\u0435\u0441\u0456\u0432 \u0441\u0442\u0443\u0434\u0435\u043d\u0442\u0456\u0432. <\/p>\n                                                                                                        <\/div>\n                                                <div class=\"bannerComponentCTA__content__right-btn background--accent-red\">\n                                                        <svg width=\"49\" height=\"48\" viewBox=\"0 0 49 48\" fill=\"none\" xmlns=\"http:\/\/www.w3.org\/2000\/svg\">\n<g id=\"Ikony\">\n<path id=\"Vector\" d=\"M24.5 10L24.5 38M24.5 10L38.5 24M24.5 10L10.5 24\" stroke=\"white\" stroke-width=\"3\" stroke-linecap=\"round\" stroke-linejoin=\"round\"\/>\n<\/g>\n<\/svg>\n                                                <\/div>\n                                        <\/a>\n                                                                    <\/div>\n                                              \n                <\/div>\n            <\/div>\n        <\/section>\n\n\n\n","protected":false},"excerpt":{"rendered":"","protected":false},"author":9,"featured_media":0,"parent":0,"menu_order":1,"comment_status":"closed","ping_status":"closed","template":"","meta":{"_acf_changed":false,"footnotes":""},"class_list":["post-11884","page","type-page","status-publish","hentry"],"acf":{"alert_on":false,"alert_filter_tag_select":false,"alert_filter_by_tag":[],"modalComunicatHeader_blog":"","modalComunicatHeader_link":[""]},"yoast_head":"<!-- This site is optimized with the Yoast SEO plugin v27.4 - https:\/\/yoast.com\/product\/yoast-seo-wordpress\/ -->\n<title>Strona g\u0142\u00f3wna - SWSM<\/title>\n<meta name=\"robots\" content=\"index, follow, max-snippet:-1, max-image-preview:large, max-video-preview:-1\" \/>\n<link rel=\"canonical\" href=\"https:\/\/swsm.pl\/uk\/\" \/>\n<meta property=\"og:locale\" content=\"uk_UA\" \/>\n<meta property=\"og:type\" content=\"article\" \/>\n<meta property=\"og:title\" content=\"Strona g\u0142\u00f3wna - SWSM\" \/>\n<meta property=\"og:url\" content=\"https:\/\/swsm.pl\/uk\/\" \/>\n<meta property=\"og:site_name\" content=\"SWSM\" \/>\n<meta property=\"article:modified_time\" content=\"2025-02-27T08:22:23+00:00\" \/>\n<meta name=\"twitter:card\" content=\"summary_large_image\" \/>\n<script type=\"application\/ld+json\" class=\"yoast-schema-graph\">{\"@context\":\"https:\\\/\\\/schema.org\",\"@graph\":[{\"@type\":\"WebPage\",\"@id\":\"https:\\\/\\\/swsm.pl\\\/uk\\\/\",\"url\":\"https:\\\/\\\/swsm.pl\\\/uk\\\/\",\"name\":\"Strona g\u0142\u00f3wna - SWSM\",\"isPartOf\":{\"@id\":\"https:\\\/\\\/swsm.pl\\\/#website\"},\"datePublished\":\"2023-11-29T15:56:59+00:00\",\"dateModified\":\"2025-02-27T08:22:23+00:00\",\"breadcrumb\":{\"@id\":\"https:\\\/\\\/swsm.pl\\\/uk\\\/#breadcrumb\"},\"inLanguage\":\"uk\",\"potentialAction\":[{\"@type\":\"ReadAction\",\"target\":[\"https:\\\/\\\/swsm.pl\\\/uk\\\/\"]}]},{\"@type\":\"BreadcrumbList\",\"@id\":\"https:\\\/\\\/swsm.pl\\\/uk\\\/#breadcrumb\",\"itemListElement\":[{\"@type\":\"ListItem\",\"position\":1,\"name\":\"Strona g\u0142\u00f3wna\",\"item\":\"https:\\\/\\\/swsm.pl\\\/uk\\\/\"},{\"@type\":\"ListItem\",\"position\":2,\"name\":\"Strona g\u0142\u00f3wna\"}]},{\"@type\":\"WebSite\",\"@id\":\"https:\\\/\\\/swsm.pl\\\/#website\",\"url\":\"https:\\\/\\\/swsm.pl\\\/\",\"name\":\"SWSM\",\"description\":\"\u015al\u0105ska Wy\u017csza Szko\u0142a Medyczna w Katowicach\",\"potentialAction\":[{\"@type\":\"SearchAction\",\"target\":{\"@type\":\"EntryPoint\",\"urlTemplate\":\"https:\\\/\\\/swsm.pl\\\/?s={search_term_string}\"},\"query-input\":{\"@type\":\"PropertyValueSpecification\",\"valueRequired\":true,\"valueName\":\"search_term_string\"}}],\"inLanguage\":\"uk\"}]}<\/script>\n<!-- \/ Yoast SEO plugin. -->","yoast_head_json":{"title":"Strona g\u0142\u00f3wna - SWSM","robots":{"index":"index","follow":"follow","max-snippet":"max-snippet:-1","max-image-preview":"max-image-preview:large","max-video-preview":"max-video-preview:-1"},"canonical":"https:\/\/swsm.pl\/uk\/","og_locale":"uk_UA","og_type":"article","og_title":"Strona g\u0142\u00f3wna - SWSM","og_url":"https:\/\/swsm.pl\/uk\/","og_site_name":"SWSM","article_modified_time":"2025-02-27T08:22:23+00:00","twitter_card":"summary_large_image","schema":{"@context":"https:\/\/schema.org","@graph":[{"@type":"WebPage","@id":"https:\/\/swsm.pl\/uk\/","url":"https:\/\/swsm.pl\/uk\/","name":"Strona g\u0142\u00f3wna - SWSM","isPartOf":{"@id":"https:\/\/swsm.pl\/#website"},"datePublished":"2023-11-29T15:56:59+00:00","dateModified":"2025-02-27T08:22:23+00:00","breadcrumb":{"@id":"https:\/\/swsm.pl\/uk\/#breadcrumb"},"inLanguage":"uk","potentialAction":[{"@type":"ReadAction","target":["https:\/\/swsm.pl\/uk\/"]}]},{"@type":"BreadcrumbList","@id":"https:\/\/swsm.pl\/uk\/#breadcrumb","itemListElement":[{"@type":"ListItem","position":1,"name":"Strona g\u0142\u00f3wna","item":"https:\/\/swsm.pl\/uk\/"},{"@type":"ListItem","position":2,"name":"Strona g\u0142\u00f3wna"}]},{"@type":"WebSite","@id":"https:\/\/swsm.pl\/#website","url":"https:\/\/swsm.pl\/","name":"SWSM","description":"\u015al\u0105ska Wy\u017csza Szko\u0142a Medyczna w Katowicach","potentialAction":[{"@type":"SearchAction","target":{"@type":"EntryPoint","urlTemplate":"https:\/\/swsm.pl\/?s={search_term_string}"},"query-input":{"@type":"PropertyValueSpecification","valueRequired":true,"valueName":"search_term_string"}}],"inLanguage":"uk"}]}},"_links":{"self":[{"href":"https:\/\/swsm.pl\/uk\/wp-json\/wp\/v2\/pages\/11884","targetHints":{"allow":["GET"]}}],"collection":[{"href":"https:\/\/swsm.pl\/uk\/wp-json\/wp\/v2\/pages"}],"about":[{"href":"https:\/\/swsm.pl\/uk\/wp-json\/wp\/v2\/types\/page"}],"author":[{"embeddable":true,"href":"https:\/\/swsm.pl\/uk\/wp-json\/wp\/v2\/users\/9"}],"replies":[{"embeddable":true,"href":"https:\/\/swsm.pl\/uk\/wp-json\/wp\/v2\/comments?post=11884"}],"version-history":[{"count":12,"href":"https:\/\/swsm.pl\/uk\/wp-json\/wp\/v2\/pages\/11884\/revisions"}],"predecessor-version":[{"id":21933,"href":"https:\/\/swsm.pl\/uk\/wp-json\/wp\/v2\/pages\/11884\/revisions\/21933"}],"wp:attachment":[{"href":"https:\/\/swsm.pl\/uk\/wp-json\/wp\/v2\/media?parent=11884"}],"curies":[{"name":"wp","href":"https:\/\/api.w.org\/{rel}","templated":true}]}}