{"id":12111,"date":"2023-11-29T17:39:23","date_gmt":"2023-11-29T17:39:23","guid":{"rendered":"https:\/\/swsm.pl\/dla-studenta\/%d0%b3%d1%83%d1%80%d1%82%d0%be%d0%b6%d0%b8%d1%82%d0%ba%d0%b8\/dom-studencki-uniwersytetu-slaskiego\/"},"modified":"2025-02-26T12:35:41","modified_gmt":"2025-02-26T12:35:41","slug":"%d0%b3%d1%83%d1%80%d1%82%d0%be%d0%b6%d0%b8%d1%82%d0%ba%d0%b8","status":"publish","type":"page","link":"https:\/\/swsm.pl\/uk\/%d0%b7%d0%be%d0%bd%d0%b0-%d1%81%d1%82%d1%83%d0%b4%d0%b5%d0%bd%d1%82%d0%b0\/%d0%b3%d1%83%d1%80%d1%82%d0%be%d0%b6%d0%b8%d1%82%d0%ba%d0%b8\/%d0%b3%d1%83%d1%80%d1%82%d0%be%d0%b6%d0%b8%d1%82%d0%ba%d0%b8\/","title":{"rendered":"\u0413\u0443\u0440\u0442\u043e\u0436\u0438\u0442\u043a\u0438"},"content":{"rendered":"<section class=\"textBlock textBlock--0 \">\n    <div class=\"tbc\">\n        <div class=\"container\">\n            <div class=\"row\">\n                                    <div class=\"col-12\">\n                                                                            <h5 class=\"title title--5 color--navy-700 tbc__title2\">\u0413\u0423\u0420\u0422\u041e\u0416\u0418\u0422\u041a\u0418<\/h5>                                                                            <div class=\"text text--2 color--navy-500 tbc__desc\"><p>\u0421\u0442\u0443\u0434\u0435\u043d\u0442\u0438 \u0421\u0456\u043b\u0435\u0437\u044c\u043a\u043e\u0457 \u0412\u0438\u0449\u043e\u0457 \u041c\u0435\u0434\u0438\u0447\u043d\u043e\u0457 \u0428\u043a\u043e\u043b\u0438 \u043c\u043e\u0436\u0443\u0442\u044c \u043a\u043e\u0440\u0438\u0441\u0442\u0443\u0432\u0430\u0442\u0438\u0441\u044f \u0437:<\/p>\n<ul>\n<li>\u0413\u0443\u0440\u0442\u043e\u0436\u0438\u0442\u043a\u0456\u0432 \u0421\u0456\u043b\u0435\u0437\u044c\u043a\u043e\u0433\u043e \u0423\u043d\u0456\u0432\u0435\u0440\u0441\u0438\u0442\u0435\u0442\u0443 \u0432 \u041a\u0430\u0442\u043e\u0432\u0456\u0446\u0435-\u041b\u0456\u0433\u043e\u0442\u0456 \u0442\u0430 \u0421\u043e\u0441\u043d\u043e\u0432\u0446\u0456,<\/li>\n<li>\u0413\u0443\u0440\u0442\u043e\u0436\u0438\u0442\u043a\u0456\u0432 \u0421\u0456\u043b\u0435\u0437\u044c\u043a\u043e\u0433\u043e \u041c\u0435\u0434\u0438\u0447\u043d\u043e\u0433\u043e \u0423\u043d\u0456\u0432\u0435\u0440\u0441\u0438\u0442\u0435\u0442\u0443 \u0432 \u041a\u0430\u0442\u043e\u0432\u0456\u0446\u0435,<\/li>\n<li>\u00a0\u0428\u043a\u0456\u043b\u044c\u043d\u043e\u0433\u043e \u043c\u043e\u043b\u043e\u0434\u0456\u0436\u043d\u043e\u0433\u043e \u0445\u043e\u0441\u0442\u0435\u043b\u0443 \u00ab\u015al\u0105zaczek\u00bb.<\/li>\n<\/ul>\n<p>&nbsp;<\/p>\n<p>\u0406\u0441\u043d\u0443\u0454 \u043c\u043e\u0436\u043b\u0438\u0432\u0456\u0441\u0442\u044c \u043e\u0440\u0435\u043d\u0434\u0438 \u0441\u043f\u0430\u043b\u044c\u043d\u0438\u0445 \u043c\u0456\u0441\u0446\u044c \u043d\u0430 \u0446\u0456\u043b\u0438\u0439 \u0440\u0456\u043a, \u0430 \u0442\u0430\u043a\u043e\u0436 \u043d\u0430 \u043e\u0434\u043d\u0443-\u0434\u0432\u0456 \u0434\u043e\u0431\u0438.<\/p>\n<p>&nbsp;<\/p>\n<p><strong>\u042f\u043a \u043e\u0440\u0435\u043d\u0434\u0443\u0432\u0430\u0442\u0438 \u0441\u043f\u0430\u043b\u044c\u043d\u0435 \u043c\u0456\u0441\u0446\u0435?<\/strong><\/p>\n<p>\u0429\u043e\u0431 \u0441\u043a\u043e\u0440\u0438\u0441\u0442\u0430\u0442\u0438\u0441\u044f \u0436\u0438\u0442\u043b\u043e\u043c \u043f\u0440\u043e\u0442\u044f\u0433\u043e\u043c \u0431\u0456\u043b\u044c\u0448 \u0442\u0440\u0438\u0432\u0430\u043b\u043e\u0433\u043e \u0447\u0430\u0441\u0443 (\u043c\u0456\u0441\u044f\u0446\u044c \u0456 \u0434\u043e\u0432\u0448\u0435) \u0443 \u0431\u0443\u0434\u0438\u043d\u043a\u0430\u0445 \u0421\u0456\u043b\u0435\u0437\u044c\u043a\u043e\u0433\u043e \u0423\u043d\u0456\u0432\u0435\u0440\u0441\u0438\u0442\u0435\u0442\u0443 \u0432 \u041a\u0430\u0442\u043e\u0432\u0456\u0446\u0435-\u041b\u0456\u0433\u043e\u0442\u0456 \u0442\u0430 \u0421\u043e\u0441\u043d\u043e\u0432\u0446\u0456, \u0441\u0442\u0443\u0434\u0435\u043d\u0442\u0438 \u043f\u043e\u0432\u0438\u043d\u043d\u0456 \u043f\u043e\u0434\u0430\u0442\u0438 \u0437\u0430\u044f\u0432\u043a\u0443 \u043d\u0430 \u043d\u0430\u0439\u043c \u043c\u0456\u0441\u0446\u044f \u0443 \u0412\u0456\u0434\u0434\u0456\u043b \u0421\u0442\u0443\u0434\u0435\u043d\u0442\u0441\u044c\u043a\u0438\u0445 \u0421\u043e\u0446\u0456\u0430\u043b\u044c\u043d\u0438\u0445 \u041f\u0438\u0442\u0430\u043d\u044c \u0421\u0456\u043b\u0435\u0437\u044c\u043a\u043e\u0433\u043e \u0423\u043d\u0456\u0432\u0435\u0440\u0441\u0438\u0442\u0435\u0442\u0443:<\/p>\n<p>&nbsp;<\/p>\n<p>\u0412\u0456\u0434\u0434\u0456\u043b \u0421\u0442\u0443\u0434\u0435\u043d\u0442\u0441\u044c\u043a\u0438\u0445 \u0421\u043e\u0446\u0456\u0430\u043b\u044c\u043d\u0438\u0445 \u041f\u0438\u0442\u0430\u043d\u044c:<\/p>\n<p>&nbsp;<\/p>\n<p>\u0420\u0435\u043a\u0442\u043e\u0440\u0430\u0442 \u0421\u0456\u043b\u0435\u0437\u044c\u043a\u043e\u0433\u043e \u0423\u043d\u0456\u0432\u0435\u0440\u0441\u0438\u0442\u0435\u0442\u0443<br \/>\n\u041a\u0430\u0442\u043e\u0432\u0456\u0446\u0435, \u0432\u0443\u043b. \u0411\u0430\u043d\u043a\u043e\u0432\u0430 (Bankowa) 12<br \/>\nIII \u043f\u043e\u0432\u0435\u0440\u0445. \u043a\u0456\u043c\u043d\u0430\u0442\u0430. 72, 81<br \/>\n\u0442\u0435\u043b. (032) 359 13 40, (032) 359 20 46<br \/>\nemail:\u00a0<a href=\"mailto:bstud@us.edu.pl\">bstud@us.edu.pl<\/a><\/p>\n<p>&nbsp;<\/p>\n<p>\u0423 \u0440\u0430\u0437\u0456 \u043d\u0430\u0439\u043c\u0443 \u043d\u0456\u0447\u043b\u0456\u0433\u0443 \u043d\u0430 \u043e\u0434\u043d\u0443 \u0447\u0438 \u0434\u0432\u0456 \u0434\u043e\u0431\u0438 \u0434\u043d\u0456 \u0441\u0442\u0443\u0434\u0435\u043d\u0442\u0438 \u043f\u043e\u0432\u0438\u043d\u043d\u0456 \u0440\u0435\u0437\u0435\u0440\u0432\u0443\u0432\u0430\u0442\u0438 \u043c\u0456\u0441\u0446\u044f \u0432 \u0433\u043e\u0441\u0442\u044c\u043e\u0432\u0438\u0445 \u043a\u0456\u043c\u043d\u0430\u0442\u0430\u0445 \u0431\u0435\u0437\u043f\u043e\u0441\u0435\u0440\u0435\u0434\u043d\u044c\u043e \u0443 \u0432\u0438\u0431\u0440\u0430\u043d\u043e\u043c\u0443 \u043e\u0431\u2019\u0454\u043a\u0442\u0456.<\/p>\n<\/div>                                                                    <\/div>\n                                                                                                            <\/div>\n        <\/div>\n    <\/div>\n<\/section>\n","protected":false},"excerpt":{"rendered":"","protected":false},"author":9,"featured_media":0,"parent":11694,"menu_order":0,"comment_status":"closed","ping_status":"closed","template":"","meta":{"_acf_changed":false,"footnotes":""},"class_list":["post-12111","page","type-page","status-publish","hentry"],"acf":{"alert_on":false,"alert_filter_tag_select":false,"alert_filter_by_tag":[],"modalComunicatHeader_blog":"","modalComunicatHeader_link":[""]},"yoast_head":"<!-- This site is optimized with the Yoast SEO plugin v27.4 - https:\/\/yoast.com\/product\/yoast-seo-wordpress\/ -->\n<title>\u0413\u0443\u0440\u0442\u043e\u0436\u0438\u0442\u043a\u0438 - SWSM<\/title>\n<meta name=\"robots\" content=\"index, follow, max-snippet:-1, max-image-preview:large, max-video-preview:-1\" \/>\n<link rel=\"canonical\" href=\"https:\/\/swsm.pl\/uk\/\u0437\u043e\u043d\u0430-\u0441\u0442\u0443\u0434\u0435\u043d\u0442\u0430\/\u0433\u0443\u0440\u0442\u043e\u0436\u0438\u0442\u043a\u0438\/\u0433\u0443\u0440\u0442\u043e\u0436\u0438\u0442\u043a\u0438\/\" \/>\n<meta property=\"og:locale\" content=\"uk_UA\" \/>\n<meta property=\"og:type\" content=\"article\" \/>\n<meta property=\"og:title\" content=\"\u0413\u0443\u0440\u0442\u043e\u0436\u0438\u0442\u043a\u0438 - SWSM\" \/>\n<meta property=\"og:url\" content=\"https:\/\/swsm.pl\/uk\/\u0437\u043e\u043d\u0430-\u0441\u0442\u0443\u0434\u0435\u043d\u0442\u0430\/\u0433\u0443\u0440\u0442\u043e\u0436\u0438\u0442\u043a\u0438\/\u0433\u0443\u0440\u0442\u043e\u0436\u0438\u0442\u043a\u0438\/\" \/>\n<meta property=\"og:site_name\" content=\"SWSM\" \/>\n<meta property=\"article:modified_time\" content=\"2025-02-26T12:35:41+00:00\" \/>\n<meta name=\"twitter:card\" content=\"summary_large_image\" \/>\n<script type=\"application\/ld+json\" class=\"yoast-schema-graph\">{\"@context\":\"https:\\\/\\\/schema.org\",\"@graph\":[{\"@type\":\"WebPage\",\"@id\":\"https:\\\/\\\/swsm.pl\\\/uk\\\/%d0%b7%d0%be%d0%bd%d0%b0-%d1%81%d1%82%d1%83%d0%b4%d0%b5%d0%bd%d1%82%d0%b0\\\/%d0%b3%d1%83%d1%80%d1%82%d0%be%d0%b6%d0%b8%d1%82%d0%ba%d0%b8\\\/%d0%b3%d1%83%d1%80%d1%82%d0%be%d0%b6%d0%b8%d1%82%d0%ba%d0%b8\\\/\",\"url\":\"https:\\\/\\\/swsm.pl\\\/uk\\\/%d0%b7%d0%be%d0%bd%d0%b0-%d1%81%d1%82%d1%83%d0%b4%d0%b5%d0%bd%d1%82%d0%b0\\\/%d0%b3%d1%83%d1%80%d1%82%d0%be%d0%b6%d0%b8%d1%82%d0%ba%d0%b8\\\/%d0%b3%d1%83%d1%80%d1%82%d0%be%d0%b6%d0%b8%d1%82%d0%ba%d0%b8\\\/\",\"name\":\"\u0413\u0443\u0440\u0442\u043e\u0436\u0438\u0442\u043a\u0438 - SWSM\",\"isPartOf\":{\"@id\":\"https:\\\/\\\/swsm.pl\\\/#website\"},\"datePublished\":\"2023-11-29T17:39:23+00:00\",\"dateModified\":\"2025-02-26T12:35:41+00:00\",\"breadcrumb\":{\"@id\":\"https:\\\/\\\/swsm.pl\\\/uk\\\/%d0%b7%d0%be%d0%bd%d0%b0-%d1%81%d1%82%d1%83%d0%b4%d0%b5%d0%bd%d1%82%d0%b0\\\/%d0%b3%d1%83%d1%80%d1%82%d0%be%d0%b6%d0%b8%d1%82%d0%ba%d0%b8\\\/%d0%b3%d1%83%d1%80%d1%82%d0%be%d0%b6%d0%b8%d1%82%d0%ba%d0%b8\\\/#breadcrumb\"},\"inLanguage\":\"uk\",\"potentialAction\":[{\"@type\":\"ReadAction\",\"target\":[\"https:\\\/\\\/swsm.pl\\\/uk\\\/%d0%b7%d0%be%d0%bd%d0%b0-%d1%81%d1%82%d1%83%d0%b4%d0%b5%d0%bd%d1%82%d0%b0\\\/%d0%b3%d1%83%d1%80%d1%82%d0%be%d0%b6%d0%b8%d1%82%d0%ba%d0%b8\\\/%d0%b3%d1%83%d1%80%d1%82%d0%be%d0%b6%d0%b8%d1%82%d0%ba%d0%b8\\\/\"]}]},{\"@type\":\"BreadcrumbList\",\"@id\":\"https:\\\/\\\/swsm.pl\\\/uk\\\/%d0%b7%d0%be%d0%bd%d0%b0-%d1%81%d1%82%d1%83%d0%b4%d0%b5%d0%bd%d1%82%d0%b0\\\/%d0%b3%d1%83%d1%80%d1%82%d0%be%d0%b6%d0%b8%d1%82%d0%ba%d0%b8\\\/%d0%b3%d1%83%d1%80%d1%82%d0%be%d0%b6%d0%b8%d1%82%d0%ba%d0%b8\\\/#breadcrumb\",\"itemListElement\":[{\"@type\":\"ListItem\",\"position\":1,\"name\":\"Strona g\u0142\u00f3wna\",\"item\":\"https:\\\/\\\/swsm.pl\\\/uk\\\/\"},{\"@type\":\"ListItem\",\"position\":2,\"name\":\"\u0417\u043e\u043d\u0430 \u0421\u0442\u0443\u0434\u0435\u043d\u0442\u0430\",\"item\":\"https:\\\/\\\/swsm.pl\\\/dla-studenta\\\/\"},{\"@type\":\"ListItem\",\"position\":3,\"name\":\"\u0413\u0443\u0440\u0442\u043e\u0436\u0438\u0442\u043a\u0438\",\"item\":\"https:\\\/\\\/swsm.pl\\\/dla-studenta\\\/akademiki\\\/\"},{\"@type\":\"ListItem\",\"position\":4,\"name\":\"\u0413\u0443\u0440\u0442\u043e\u0436\u0438\u0442\u043a\u0438\"}]},{\"@type\":\"WebSite\",\"@id\":\"https:\\\/\\\/swsm.pl\\\/#website\",\"url\":\"https:\\\/\\\/swsm.pl\\\/\",\"name\":\"SWSM\",\"description\":\"\u015al\u0105ska Wy\u017csza Szko\u0142a Medyczna w Katowicach\",\"potentialAction\":[{\"@type\":\"SearchAction\",\"target\":{\"@type\":\"EntryPoint\",\"urlTemplate\":\"https:\\\/\\\/swsm.pl\\\/?s={search_term_string}\"},\"query-input\":{\"@type\":\"PropertyValueSpecification\",\"valueRequired\":true,\"valueName\":\"search_term_string\"}}],\"inLanguage\":\"uk\"}]}<\/script>\n<!-- \/ Yoast SEO plugin. -->","yoast_head_json":{"title":"\u0413\u0443\u0440\u0442\u043e\u0436\u0438\u0442\u043a\u0438 - SWSM","robots":{"index":"index","follow":"follow","max-snippet":"max-snippet:-1","max-image-preview":"max-image-preview:large","max-video-preview":"max-video-preview:-1"},"canonical":"https:\/\/swsm.pl\/uk\/\u0437\u043e\u043d\u0430-\u0441\u0442\u0443\u0434\u0435\u043d\u0442\u0430\/\u0433\u0443\u0440\u0442\u043e\u0436\u0438\u0442\u043a\u0438\/\u0433\u0443\u0440\u0442\u043e\u0436\u0438\u0442\u043a\u0438\/","og_locale":"uk_UA","og_type":"article","og_title":"\u0413\u0443\u0440\u0442\u043e\u0436\u0438\u0442\u043a\u0438 - SWSM","og_url":"https:\/\/swsm.pl\/uk\/\u0437\u043e\u043d\u0430-\u0441\u0442\u0443\u0434\u0435\u043d\u0442\u0430\/\u0433\u0443\u0440\u0442\u043e\u0436\u0438\u0442\u043a\u0438\/\u0433\u0443\u0440\u0442\u043e\u0436\u0438\u0442\u043a\u0438\/","og_site_name":"SWSM","article_modified_time":"2025-02-26T12:35:41+00:00","twitter_card":"summary_large_image","schema":{"@context":"https:\/\/schema.org","@graph":[{"@type":"WebPage","@id":"https:\/\/swsm.pl\/uk\/%d0%b7%d0%be%d0%bd%d0%b0-%d1%81%d1%82%d1%83%d0%b4%d0%b5%d0%bd%d1%82%d0%b0\/%d0%b3%d1%83%d1%80%d1%82%d0%be%d0%b6%d0%b8%d1%82%d0%ba%d0%b8\/%d0%b3%d1%83%d1%80%d1%82%d0%be%d0%b6%d0%b8%d1%82%d0%ba%d0%b8\/","url":"https:\/\/swsm.pl\/uk\/%d0%b7%d0%be%d0%bd%d0%b0-%d1%81%d1%82%d1%83%d0%b4%d0%b5%d0%bd%d1%82%d0%b0\/%d0%b3%d1%83%d1%80%d1%82%d0%be%d0%b6%d0%b8%d1%82%d0%ba%d0%b8\/%d0%b3%d1%83%d1%80%d1%82%d0%be%d0%b6%d0%b8%d1%82%d0%ba%d0%b8\/","name":"\u0413\u0443\u0440\u0442\u043e\u0436\u0438\u0442\u043a\u0438 - SWSM","isPartOf":{"@id":"https:\/\/swsm.pl\/#website"},"datePublished":"2023-11-29T17:39:23+00:00","dateModified":"2025-02-26T12:35:41+00:00","breadcrumb":{"@id":"https:\/\/swsm.pl\/uk\/%d0%b7%d0%be%d0%bd%d0%b0-%d1%81%d1%82%d1%83%d0%b4%d0%b5%d0%bd%d1%82%d0%b0\/%d0%b3%d1%83%d1%80%d1%82%d0%be%d0%b6%d0%b8%d1%82%d0%ba%d0%b8\/%d0%b3%d1%83%d1%80%d1%82%d0%be%d0%b6%d0%b8%d1%82%d0%ba%d0%b8\/#breadcrumb"},"inLanguage":"uk","potentialAction":[{"@type":"ReadAction","target":["https:\/\/swsm.pl\/uk\/%d0%b7%d0%be%d0%bd%d0%b0-%d1%81%d1%82%d1%83%d0%b4%d0%b5%d0%bd%d1%82%d0%b0\/%d0%b3%d1%83%d1%80%d1%82%d0%be%d0%b6%d0%b8%d1%82%d0%ba%d0%b8\/%d0%b3%d1%83%d1%80%d1%82%d0%be%d0%b6%d0%b8%d1%82%d0%ba%d0%b8\/"]}]},{"@type":"BreadcrumbList","@id":"https:\/\/swsm.pl\/uk\/%d0%b7%d0%be%d0%bd%d0%b0-%d1%81%d1%82%d1%83%d0%b4%d0%b5%d0%bd%d1%82%d0%b0\/%d0%b3%d1%83%d1%80%d1%82%d0%be%d0%b6%d0%b8%d1%82%d0%ba%d0%b8\/%d0%b3%d1%83%d1%80%d1%82%d0%be%d0%b6%d0%b8%d1%82%d0%ba%d0%b8\/#breadcrumb","itemListElement":[{"@type":"ListItem","position":1,"name":"Strona g\u0142\u00f3wna","item":"https:\/\/swsm.pl\/uk\/"},{"@type":"ListItem","position":2,"name":"\u0417\u043e\u043d\u0430 \u0421\u0442\u0443\u0434\u0435\u043d\u0442\u0430","item":"https:\/\/swsm.pl\/dla-studenta\/"},{"@type":"ListItem","position":3,"name":"\u0413\u0443\u0440\u0442\u043e\u0436\u0438\u0442\u043a\u0438","item":"https:\/\/swsm.pl\/dla-studenta\/akademiki\/"},{"@type":"ListItem","position":4,"name":"\u0413\u0443\u0440\u0442\u043e\u0436\u0438\u0442\u043a\u0438"}]},{"@type":"WebSite","@id":"https:\/\/swsm.pl\/#website","url":"https:\/\/swsm.pl\/","name":"SWSM","description":"\u015al\u0105ska Wy\u017csza Szko\u0142a Medyczna w Katowicach","potentialAction":[{"@type":"SearchAction","target":{"@type":"EntryPoint","urlTemplate":"https:\/\/swsm.pl\/?s={search_term_string}"},"query-input":{"@type":"PropertyValueSpecification","valueRequired":true,"valueName":"search_term_string"}}],"inLanguage":"uk"}]}},"_links":{"self":[{"href":"https:\/\/swsm.pl\/uk\/wp-json\/wp\/v2\/pages\/12111","targetHints":{"allow":["GET"]}}],"collection":[{"href":"https:\/\/swsm.pl\/uk\/wp-json\/wp\/v2\/pages"}],"about":[{"href":"https:\/\/swsm.pl\/uk\/wp-json\/wp\/v2\/types\/page"}],"author":[{"embeddable":true,"href":"https:\/\/swsm.pl\/uk\/wp-json\/wp\/v2\/users\/9"}],"replies":[{"embeddable":true,"href":"https:\/\/swsm.pl\/uk\/wp-json\/wp\/v2\/comments?post=12111"}],"version-history":[{"count":7,"href":"https:\/\/swsm.pl\/uk\/wp-json\/wp\/v2\/pages\/12111\/revisions"}],"predecessor-version":[{"id":21922,"href":"https:\/\/swsm.pl\/uk\/wp-json\/wp\/v2\/pages\/12111\/revisions\/21922"}],"up":[{"embeddable":true,"href":"https:\/\/swsm.pl\/uk\/wp-json\/wp\/v2\/pages\/11694"}],"wp:attachment":[{"href":"https:\/\/swsm.pl\/uk\/wp-json\/wp\/v2\/media?parent=12111"}],"curies":[{"name":"wp","href":"https:\/\/api.w.org\/{rel}","templated":true}]}}