{"id":12113,"date":"2023-11-29T18:02:02","date_gmt":"2023-11-29T18:02:02","guid":{"rendered":"https:\/\/swsm.pl\/%d0%b5%d0%b2%d1%80%d0%be%d0%bf%d0%b5%d0%b9%d1%81%d0%ba%d0%b8%d0%b5-%d0%bf%d1%80%d0%be%d0%b5%d0%ba%d1%82%d1%8b\/%d0%bf%d1%80%d0%be%d0%b5%d0%ba%d1%82%d0%b8-%d1%94%d1%81\/"},"modified":"2025-02-26T12:39:02","modified_gmt":"2025-02-26T12:39:02","slug":"%d0%bf%d1%80%d0%be%d0%b5%d0%ba%d1%82%d0%b8-%d1%94%d1%81","status":"publish","type":"page","link":"https:\/\/swsm.pl\/uk\/%d0%b5%d0%b2%d1%80%d0%be%d0%bf%d0%b5%d0%b9%d1%81%d0%ba%d0%b8%d0%b5-%d0%bf%d1%80%d0%be%d0%b5%d0%ba%d1%82%d1%8b\/%d0%bf%d1%80%d0%be%d0%b5%d0%ba%d1%82%d0%b8-%d1%94%d1%81\/","title":{"rendered":"\u041f\u0440\u043e\u0435\u043a\u0442\u0438 \u0404\u0421"},"content":{"rendered":"\n\n\n    <section class=\"subpages-teaser-tiles-four  \">\n            <div class=\"container\">\n                <div class=\"row\">\n                    <div class=\"col-12\">\n                        <div class=\"subpages-teaser-tiles-four__top-h\">\n                                                    <\/div>\n                    <\/div>\n                <\/div>\n                <div class=\"row gap-box\">\n                                                                        <div class=\"col-12 col-md-6 col-lg-4 col-xl-3\">\n                                                                    <a class=\"subpages-teaser-tiles-four__box subpages-teaser-tiles-four__box-four\" href=\"https:\/\/swsm.pl\/uk\/%d0%b5%d0%b2%d1%80%d0%be%d0%bf%d0%b5%d0%b9%d1%81%d0%ba%d0%b8%d0%b5-%d0%bf%d1%80%d0%be%d0%b5%d0%ba%d1%82%d1%8b\/%d0%bf%d1%80%d0%be%d0%b5%d0%ba%d1%82%d0%b8-%d1%94%d1%81\/%d0%b7%d0%bd%d0%b0%d0%bd%d0%bd%d1%8f-%d0%be%d1%81%d0%b2%d1%96%d1%82%d0%b0-%d1%96%d0%bd%d1%82%d0%b5%d0%b3%d1%80%d0%be%d0%b2%d0%b0%d0%bd%d0%b0-%d0%bf%d1%80%d0%be%d0%b3%d1%80%d0%b0%d0%bc%d0%b0\/\" target=\"_self\">\n                                                                                        <img decoding=\"async\" class=\"photo-box\" src=\"https:\/\/swsm.pl\/wp-content\/uploads\/2023\/12\/Flag_of_Europe.svg\" alt=\"\" \/>\n                                                                                        <div class=\"btn\">\n                                                <p class=\"text--1 text--bold\"> \u0417\u043d\u0430\u043d\u043d\u044f, \u043e\u0441\u0432\u0456\u0442\u0430 \u2013 \u0456\u043d\u0442\u0435\u0433\u0440\u043e\u0432\u0430\u043d\u0430 \u043f\u0440\u043e\u0433\u0440\u0430\u043c\u0430 \u0440\u043e\u0437\u0432\u0438\u0442\u043a\u0443 SWSM \u0443 \u041a\u0430\u0442\u043e\u0432\u0456\u0446\u0435<\/p>\n                                            <\/div>\n                                    <\/a>\n                                                            <\/div>\n                                                    <div class=\"col-12 col-md-6 col-lg-4 col-xl-3\">\n                                                                    <a class=\"subpages-teaser-tiles-four__box subpages-teaser-tiles-four__box-four\" href=\"https:\/\/swsm.pl\/uk\/%d0%b5%d0%b2%d1%80%d0%be%d0%bf%d0%b5%d0%b9%d1%81%d0%ba%d0%b8%d0%b5-%d0%bf%d1%80%d0%be%d0%b5%d0%ba%d1%82%d1%8b\/%d0%bf%d1%80%d0%be%d0%b5%d0%ba%d1%82%d0%b8-%d1%94%d1%81\/%d0%b7%d0%bd%d0%b0%d0%bd%d0%bd%d1%8f-%d1%80%d0%be%d0%b7%d0%b2%d0%b8%d1%82%d0%be%d0%ba-%d0%b7%d0%b4%d0%be%d1%80%d0%be%d0%b2%d1%8f-%d0%be%d1%81%d0%b2%d1%96%d1%82%d0%bd%d1%96-%d0%bc\/\" target=\"_self\">\n                                                                                        <img decoding=\"async\" class=\"photo-box\" src=\"https:\/\/swsm.pl\/wp-content\/uploads\/2023\/12\/Flag_of_Europe.svg\" alt=\"\" \/>\n                                                                                        <div class=\"btn\">\n                                                <p class=\"text--1 text--bold\"> \u0417\u043d\u0430\u043d\u043d\u044f, \u0440\u043e\u0437\u0432\u0438\u0442\u043e\u043a, \u0437\u0434\u043e\u0440\u043e\u0432\u2019\u044f \u2013 \u043e\u0441\u0432\u0456\u0442\u043d\u0456 \u043c\u0430\u0439\u0441\u0442\u0435\u0440\u043d\u0456 \u0434\u043b\u044f \u043c\u043e\u043b\u043e\u0434\u0456 \u2013 \u0422\u0440\u0435\u0442\u044f \u041c\u0456\u0441\u0456\u044f \u0428\u043a\u043e\u043b\u0438<\/p>\n                                            <\/div>\n                                    <\/a>\n                                                            <\/div>\n                                                    <div class=\"col-12 col-md-6 col-lg-4 col-xl-3\">\n                                                                    <a class=\"subpages-teaser-tiles-four__box subpages-teaser-tiles-four__box-four\" href=\"https:\/\/swsm.pl\/uk\/%d0%b5%d0%b2%d1%80%d0%be%d0%bf%d0%b5%d0%b9%d1%81%d0%ba%d0%b8%d0%b5-%d0%bf%d1%80%d0%be%d0%b5%d0%ba%d1%82%d1%8b\/%d0%bf%d1%80%d0%be%d0%b5%d0%ba%d1%82%d0%b8-%d1%94%d1%81\/%d1%81%d1%83%d1%87%d0%b0%d1%81%d0%bd%d1%96-%d1%82%d0%b5%d0%bd%d0%b4%d0%b5%d0%bd%d1%86%d1%96%d1%97-%d0%ba%d0%be%d1%81%d0%bc%d0%b5%d1%82%d0%be%d0%bb%d0%be%d0%b3%d1%96%d1%97\/\" target=\"_self\">\n                                                                                        <img decoding=\"async\" class=\"photo-box\" src=\"https:\/\/swsm.pl\/wp-content\/uploads\/2023\/12\/Flag_of_Europe.svg\" alt=\"\" \/>\n                                                                                        <div class=\"btn\">\n                                                <p class=\"text--1 text--bold\"> \u0421\u0443\u0447\u0430\u0441\u043d\u0456 \u0442\u0435\u043d\u0434\u0435\u043d\u0446\u0456\u0457 \u043a\u043e\u0441\u043c\u0435\u0442\u043e\u043b\u043e\u0433\u0456\u0457 \u2013 \u0456\u043d\u043d\u043e\u0432\u0430\u0446\u0456\u0439\u043d\u0456 \u043d\u0430\u043f\u0440\u044f\u043c\u043a\u0438 \u0430\u0441\u043f\u0456\u0440\u0430\u043d\u0442\u0443\u0440\u0438 \u0442\u0430 \u043a\u0443\u0440\u0441\u0456\u0432 \u0443 \u0421\u0456\u043b\u0435\u0437\u044c\u043a\u0456\u0439 \u0412\u0438\u0449\u0456\u0439 \u041c\u0435\u0434\u0438\u0447\u043d\u0456\u0439 \u0428\u043a\u043e\u043b\u0456 (\u0437\u0430\u0432\u0435\u0440\u0448\u0435\u043d\u0438\u0439)<\/p>\n                                            <\/div>\n                                    <\/a>\n                                                            <\/div>\n                                                            <\/div>\n            <\/div>\n        <\/div>\n    <\/section>\n","protected":false},"excerpt":{"rendered":"","protected":false},"author":9,"featured_media":0,"parent":11878,"menu_order":1,"comment_status":"closed","ping_status":"closed","template":"","meta":{"_acf_changed":false,"footnotes":""},"class_list":["post-12113","page","type-page","status-publish","hentry"],"acf":{"alert_on":false,"alert_filter_tag_select":false,"alert_filter_by_tag":[],"modalComunicatHeader_blog":"","modalComunicatHeader_link":[""]},"yoast_head":"<!-- This site is optimized with the Yoast SEO plugin v27.4 - https:\/\/yoast.com\/product\/yoast-seo-wordpress\/ -->\n<title>\u041f\u0440\u043e\u0435\u043a\u0442\u0438 \u0404\u0421 - SWSM<\/title>\n<meta name=\"robots\" content=\"index, follow, max-snippet:-1, max-image-preview:large, max-video-preview:-1\" \/>\n<link rel=\"canonical\" href=\"https:\/\/swsm.pl\/uk\/\u0435\u0432\u0440\u043e\u043f\u0435\u0439\u0441\u043a\u0438\u0435-\u043f\u0440\u043e\u0435\u043a\u0442\u044b\/\u043f\u0440\u043e\u0435\u043a\u0442\u0438-\u0454\u0441\/\" \/>\n<meta property=\"og:locale\" content=\"uk_UA\" \/>\n<meta property=\"og:type\" content=\"article\" \/>\n<meta property=\"og:title\" content=\"\u041f\u0440\u043e\u0435\u043a\u0442\u0438 \u0404\u0421 - SWSM\" \/>\n<meta property=\"og:url\" content=\"https:\/\/swsm.pl\/uk\/\u0435\u0432\u0440\u043e\u043f\u0435\u0439\u0441\u043a\u0438\u0435-\u043f\u0440\u043e\u0435\u043a\u0442\u044b\/\u043f\u0440\u043e\u0435\u043a\u0442\u0438-\u0454\u0441\/\" \/>\n<meta property=\"og:site_name\" content=\"SWSM\" \/>\n<meta property=\"article:modified_time\" content=\"2025-02-26T12:39:02+00:00\" \/>\n<meta name=\"twitter:card\" content=\"summary_large_image\" \/>\n<script type=\"application\/ld+json\" class=\"yoast-schema-graph\">{\"@context\":\"https:\\\/\\\/schema.org\",\"@graph\":[{\"@type\":\"WebPage\",\"@id\":\"https:\\\/\\\/swsm.pl\\\/uk\\\/%d0%b5%d0%b2%d1%80%d0%be%d0%bf%d0%b5%d0%b9%d1%81%d0%ba%d0%b8%d0%b5-%d0%bf%d1%80%d0%be%d0%b5%d0%ba%d1%82%d1%8b\\\/%d0%bf%d1%80%d0%be%d0%b5%d0%ba%d1%82%d0%b8-%d1%94%d1%81\\\/\",\"url\":\"https:\\\/\\\/swsm.pl\\\/uk\\\/%d0%b5%d0%b2%d1%80%d0%be%d0%bf%d0%b5%d0%b9%d1%81%d0%ba%d0%b8%d0%b5-%d0%bf%d1%80%d0%be%d0%b5%d0%ba%d1%82%d1%8b\\\/%d0%bf%d1%80%d0%be%d0%b5%d0%ba%d1%82%d0%b8-%d1%94%d1%81\\\/\",\"name\":\"\u041f\u0440\u043e\u0435\u043a\u0442\u0438 \u0404\u0421 - SWSM\",\"isPartOf\":{\"@id\":\"https:\\\/\\\/swsm.pl\\\/#website\"},\"datePublished\":\"2023-11-29T18:02:02+00:00\",\"dateModified\":\"2025-02-26T12:39:02+00:00\",\"breadcrumb\":{\"@id\":\"https:\\\/\\\/swsm.pl\\\/uk\\\/%d0%b5%d0%b2%d1%80%d0%be%d0%bf%d0%b5%d0%b9%d1%81%d0%ba%d0%b8%d0%b5-%d0%bf%d1%80%d0%be%d0%b5%d0%ba%d1%82%d1%8b\\\/%d0%bf%d1%80%d0%be%d0%b5%d0%ba%d1%82%d0%b8-%d1%94%d1%81\\\/#breadcrumb\"},\"inLanguage\":\"uk\",\"potentialAction\":[{\"@type\":\"ReadAction\",\"target\":[\"https:\\\/\\\/swsm.pl\\\/uk\\\/%d0%b5%d0%b2%d1%80%d0%be%d0%bf%d0%b5%d0%b9%d1%81%d0%ba%d0%b8%d0%b5-%d0%bf%d1%80%d0%be%d0%b5%d0%ba%d1%82%d1%8b\\\/%d0%bf%d1%80%d0%be%d0%b5%d0%ba%d1%82%d0%b8-%d1%94%d1%81\\\/\"]}]},{\"@type\":\"BreadcrumbList\",\"@id\":\"https:\\\/\\\/swsm.pl\\\/uk\\\/%d0%b5%d0%b2%d1%80%d0%be%d0%bf%d0%b5%d0%b9%d1%81%d0%ba%d0%b8%d0%b5-%d0%bf%d1%80%d0%be%d0%b5%d0%ba%d1%82%d1%8b\\\/%d0%bf%d1%80%d0%be%d0%b5%d0%ba%d1%82%d0%b8-%d1%94%d1%81\\\/#breadcrumb\",\"itemListElement\":[{\"@type\":\"ListItem\",\"position\":1,\"name\":\"Strona g\u0142\u00f3wna\",\"item\":\"https:\\\/\\\/swsm.pl\\\/uk\\\/\"},{\"@type\":\"ListItem\",\"position\":2,\"name\":\"\u0415\u0432\u0440\u043e\u043f\u0435\u0439\u0441\u043a\u0438\u0435 \u041f\u0440\u043e\u0435\u043a\u0442\u044b\",\"item\":\"https:\\\/\\\/swsm.pl\\\/kursy-i-szkolenia\\\/\"},{\"@type\":\"ListItem\",\"position\":3,\"name\":\"\u041f\u0440\u043e\u0435\u043a\u0442\u0438 \u0404\u0421\"}]},{\"@type\":\"WebSite\",\"@id\":\"https:\\\/\\\/swsm.pl\\\/#website\",\"url\":\"https:\\\/\\\/swsm.pl\\\/\",\"name\":\"SWSM\",\"description\":\"\u015al\u0105ska Wy\u017csza Szko\u0142a Medyczna w Katowicach\",\"potentialAction\":[{\"@type\":\"SearchAction\",\"target\":{\"@type\":\"EntryPoint\",\"urlTemplate\":\"https:\\\/\\\/swsm.pl\\\/?s={search_term_string}\"},\"query-input\":{\"@type\":\"PropertyValueSpecification\",\"valueRequired\":true,\"valueName\":\"search_term_string\"}}],\"inLanguage\":\"uk\"}]}<\/script>\n<!-- \/ Yoast SEO plugin. -->","yoast_head_json":{"title":"\u041f\u0440\u043e\u0435\u043a\u0442\u0438 \u0404\u0421 - SWSM","robots":{"index":"index","follow":"follow","max-snippet":"max-snippet:-1","max-image-preview":"max-image-preview:large","max-video-preview":"max-video-preview:-1"},"canonical":"https:\/\/swsm.pl\/uk\/\u0435\u0432\u0440\u043e\u043f\u0435\u0439\u0441\u043a\u0438\u0435-\u043f\u0440\u043e\u0435\u043a\u0442\u044b\/\u043f\u0440\u043e\u0435\u043a\u0442\u0438-\u0454\u0441\/","og_locale":"uk_UA","og_type":"article","og_title":"\u041f\u0440\u043e\u0435\u043a\u0442\u0438 \u0404\u0421 - SWSM","og_url":"https:\/\/swsm.pl\/uk\/\u0435\u0432\u0440\u043e\u043f\u0435\u0439\u0441\u043a\u0438\u0435-\u043f\u0440\u043e\u0435\u043a\u0442\u044b\/\u043f\u0440\u043e\u0435\u043a\u0442\u0438-\u0454\u0441\/","og_site_name":"SWSM","article_modified_time":"2025-02-26T12:39:02+00:00","twitter_card":"summary_large_image","schema":{"@context":"https:\/\/schema.org","@graph":[{"@type":"WebPage","@id":"https:\/\/swsm.pl\/uk\/%d0%b5%d0%b2%d1%80%d0%be%d0%bf%d0%b5%d0%b9%d1%81%d0%ba%d0%b8%d0%b5-%d0%bf%d1%80%d0%be%d0%b5%d0%ba%d1%82%d1%8b\/%d0%bf%d1%80%d0%be%d0%b5%d0%ba%d1%82%d0%b8-%d1%94%d1%81\/","url":"https:\/\/swsm.pl\/uk\/%d0%b5%d0%b2%d1%80%d0%be%d0%bf%d0%b5%d0%b9%d1%81%d0%ba%d0%b8%d0%b5-%d0%bf%d1%80%d0%be%d0%b5%d0%ba%d1%82%d1%8b\/%d0%bf%d1%80%d0%be%d0%b5%d0%ba%d1%82%d0%b8-%d1%94%d1%81\/","name":"\u041f\u0440\u043e\u0435\u043a\u0442\u0438 \u0404\u0421 - SWSM","isPartOf":{"@id":"https:\/\/swsm.pl\/#website"},"datePublished":"2023-11-29T18:02:02+00:00","dateModified":"2025-02-26T12:39:02+00:00","breadcrumb":{"@id":"https:\/\/swsm.pl\/uk\/%d0%b5%d0%b2%d1%80%d0%be%d0%bf%d0%b5%d0%b9%d1%81%d0%ba%d0%b8%d0%b5-%d0%bf%d1%80%d0%be%d0%b5%d0%ba%d1%82%d1%8b\/%d0%bf%d1%80%d0%be%d0%b5%d0%ba%d1%82%d0%b8-%d1%94%d1%81\/#breadcrumb"},"inLanguage":"uk","potentialAction":[{"@type":"ReadAction","target":["https:\/\/swsm.pl\/uk\/%d0%b5%d0%b2%d1%80%d0%be%d0%bf%d0%b5%d0%b9%d1%81%d0%ba%d0%b8%d0%b5-%d0%bf%d1%80%d0%be%d0%b5%d0%ba%d1%82%d1%8b\/%d0%bf%d1%80%d0%be%d0%b5%d0%ba%d1%82%d0%b8-%d1%94%d1%81\/"]}]},{"@type":"BreadcrumbList","@id":"https:\/\/swsm.pl\/uk\/%d0%b5%d0%b2%d1%80%d0%be%d0%bf%d0%b5%d0%b9%d1%81%d0%ba%d0%b8%d0%b5-%d0%bf%d1%80%d0%be%d0%b5%d0%ba%d1%82%d1%8b\/%d0%bf%d1%80%d0%be%d0%b5%d0%ba%d1%82%d0%b8-%d1%94%d1%81\/#breadcrumb","itemListElement":[{"@type":"ListItem","position":1,"name":"Strona g\u0142\u00f3wna","item":"https:\/\/swsm.pl\/uk\/"},{"@type":"ListItem","position":2,"name":"\u0415\u0432\u0440\u043e\u043f\u0435\u0439\u0441\u043a\u0438\u0435 \u041f\u0440\u043e\u0435\u043a\u0442\u044b","item":"https:\/\/swsm.pl\/kursy-i-szkolenia\/"},{"@type":"ListItem","position":3,"name":"\u041f\u0440\u043e\u0435\u043a\u0442\u0438 \u0404\u0421"}]},{"@type":"WebSite","@id":"https:\/\/swsm.pl\/#website","url":"https:\/\/swsm.pl\/","name":"SWSM","description":"\u015al\u0105ska Wy\u017csza Szko\u0142a Medyczna w Katowicach","potentialAction":[{"@type":"SearchAction","target":{"@type":"EntryPoint","urlTemplate":"https:\/\/swsm.pl\/?s={search_term_string}"},"query-input":{"@type":"PropertyValueSpecification","valueRequired":true,"valueName":"search_term_string"}}],"inLanguage":"uk"}]}},"_links":{"self":[{"href":"https:\/\/swsm.pl\/uk\/wp-json\/wp\/v2\/pages\/12113","targetHints":{"allow":["GET"]}}],"collection":[{"href":"https:\/\/swsm.pl\/uk\/wp-json\/wp\/v2\/pages"}],"about":[{"href":"https:\/\/swsm.pl\/uk\/wp-json\/wp\/v2\/types\/page"}],"author":[{"embeddable":true,"href":"https:\/\/swsm.pl\/uk\/wp-json\/wp\/v2\/users\/9"}],"replies":[{"embeddable":true,"href":"https:\/\/swsm.pl\/uk\/wp-json\/wp\/v2\/comments?post=12113"}],"version-history":[{"count":6,"href":"https:\/\/swsm.pl\/uk\/wp-json\/wp\/v2\/pages\/12113\/revisions"}],"predecessor-version":[{"id":21925,"href":"https:\/\/swsm.pl\/uk\/wp-json\/wp\/v2\/pages\/12113\/revisions\/21925"}],"up":[{"embeddable":true,"href":"https:\/\/swsm.pl\/uk\/wp-json\/wp\/v2\/pages\/11878"}],"wp:attachment":[{"href":"https:\/\/swsm.pl\/uk\/wp-json\/wp\/v2\/media?parent=12113"}],"curies":[{"name":"wp","href":"https:\/\/api.w.org\/{rel}","templated":true}]}}