{"id":12445,"date":"2023-12-11T22:29:41","date_gmt":"2023-12-11T22:29:41","guid":{"rendered":"https:\/\/swsm.pl\/%d0%b7%d0%be%d0%bd%d0%b0-%d1%81%d1%82%d1%83%d0%b4%d0%b5%d0%bd%d1%82%d0%b0\/%d1%81%d1%82%d0%be%d0%bb%d0%be%d0%b2%d0%b0%d1%8f\/"},"modified":"2025-02-26T12:30:54","modified_gmt":"2025-02-26T12:30:54","slug":"%d1%97%d0%b4%d0%b0%d0%bb%d1%8c%d0%bd%d1%8f","status":"publish","type":"page","link":"https:\/\/swsm.pl\/uk\/%d0%b7%d0%be%d0%bd%d0%b0-%d1%81%d1%82%d1%83%d0%b4%d0%b5%d0%bd%d1%82%d0%b0\/%d1%97%d0%b4%d0%b0%d0%bb%d1%8c%d0%bd%d1%8f\/","title":{"rendered":"\u0407\u0434\u0430\u043b\u044c\u043d\u044f"},"content":{"rendered":"<section class=\"textBlock textBlock--0 padding-less\">\n    <div class=\"tbc\">\n        <div class=\"container\">\n            <div class=\"row\">\n                                    <div class=\"col-12\">\n                                                                            <h5 class=\"title title--5 color--navy-700 tbc__title2\">\u0421\u0422\u0423\u0414\u0415\u041d\u0422\u0421\u042c\u041a\u0410 \u0407\u0414\u0410\u041b\u042c\u041d\u042f<\/h5>                                                                            <div class=\"text text--2 color--navy-500 tbc__desc\"><p>\u0417\u0430\u043f\u0440\u043e\u0448\u0443\u0454\u043c\u043e \u043a\u043e\u0440\u0438\u0441\u0442\u0443\u0432\u0430\u0442\u0438\u0441\u044f \u0457\u0434\u0430\u043b\u044c\u043d\u0435\u044e, \u0440\u043e\u0437\u0442\u0430\u0448\u043e\u0432\u0430\u043d\u043e\u044e \u0432 \u043d\u0430\u0448\u0456\u0439 \u0431\u0443\u0434\u0456\u0432\u043b\u0456. \u0407\u0434\u0430\u043b\u044c\u043d\u044f \u0440\u043e\u0437\u0442\u0430\u0448\u043e\u0432\u0430\u043d\u0430 \u043d\u0430 \u043f\u0435\u0440\u0448\u043e\u043c\u0443 \u043f\u043e\u0432\u0435\u0440\u0441\u0456 \u0437\u043b\u0456\u0432\u0430 \u0432\u0456\u0434 \u043f\u0440\u0438\u0439\u043c\u0430\u043b\u044c\u043d\u0456 \u2013 \u043f\u0440\u043e\u0445\u0456\u0434 \u043f\u043e \u043a\u043e\u0440\u0438\u0434\u043e\u0440\u0443.<\/p>\n<p>&nbsp;<\/p>\n<p>\u0407\u0434\u0430\u043b\u044c\u043d\u044f \u043f\u0440\u043e\u043f\u043e\u043d\u0443\u0454 \u043e\u0431\u0456\u0434\u0438 \u0437 \u0434\u0432\u043e\u0445 \u0441\u0442\u0440\u0430\u0432 \u0437 \u043a\u043e\u043c\u043f\u043e\u0442\u043e\u043c \u0437\u0430 16 \u0437\u043b\u043e\u0442\u0438\u0445. \u0421\u043f\u0435\u0446\u0456\u0430\u043b\u044c\u043d\u043e \u0434\u043b\u044f \u0441\u0442\u0443\u0434\u0435\u043d\u0442\u0456\u0432 SWSM \u0432\u043e\u043d\u0430 \u0442\u0430\u043a\u043e\u0436 \u0432\u0456\u0434\u043a\u0440\u0438\u0442\u0430 \u0443 \u0432\u0438\u0445\u0456\u0434\u043d\u0456 \u0434\u043d\u0456 \u0437 9.00 \u0434\u043e 17.00. \u0412 \u043d\u0456\u0439 \u0442\u0430\u043a\u043e\u0436 \u043c\u043e\u0436\u043d\u0430 \u0437\u0430\u043c\u043e\u0432\u0438\u0442\u0438 \u0447\u0430\u0439, \u043a\u0430\u0432\u0443 \u0456 \u0431\u0443\u0442\u0435\u0440\u0431\u0440\u043e\u0434\u0438 \u0437\u0430 \u0430\u043a\u0446\u0456\u0439\u043d\u0438\u043c\u0438 \u0446\u0456\u043d\u0430\u043c\u0438.<\/p>\n<p>&nbsp;<\/p>\n<p>\u0411\u0443\u0434\u044c \u043b\u0430\u0441\u043a\u0430, \u043d\u0430\u0434\u0441\u0438\u043b\u0430\u0439\u0442\u0435 \u0441\u0432\u043e\u0457 \u043a\u043e\u043c\u0435\u043d\u0442\u0430\u0440\u0456 \u043f\u0440\u043e \u0440\u043e\u0431\u043e\u0442\u0443 \u0457\u0434\u0430\u043b\u044c\u043d\u0456 \u043d\u0430 \u0430\u0434\u0440\u0435\u0441\u0443 <a href=\"mailto:stolowka@swsm.pl\">stolowka@swsm.pl<\/a><\/p>\n<p>&nbsp;<\/p>\n<p>\u0417\u0431\u0456\u043b\u044c\u0448\u0435\u043d\u043d\u044f \u043a\u0456\u043b\u044c\u043a\u043e\u0441\u0442\u0456 \u0441\u0442\u0443\u0434\u0435\u043d\u0442\u0456\u0432, \u044f\u043a\u0456 \u0432\u0438\u043a\u043e\u0440\u0438\u0441\u0442\u043e\u0432\u0443\u044e\u0442\u044c \u0457\u0434\u0430\u043b\u044c\u043d\u044e, \u0434\u043e\u0437\u0432\u043e\u043b\u0438\u0442\u044c \u0457\u0439 \u0430\u0434\u0430\u043f\u0442\u0443\u0432\u0430\u0442\u0438 \u0441\u0432\u043e\u044e \u0440\u043e\u0431\u043e\u0442\u0443 \u0434\u043e \u043e\u0447\u0456\u043a\u0443\u0432\u0430\u043d\u044c \u0441\u0442\u0443\u0434\u0435\u043d\u0442\u0456\u0432 (\u0440\u043e\u0431\u043e\u0447\u0438\u0439 \u0447\u0430\u0441, \u043f\u0440\u043e\u043f\u043e\u0437\u0438\u0446\u0456\u044f, \u043c\u0435\u043d\u044e \u043e\u0431\u0456\u0434\u0443 \u0442\u043e\u0449\u043e).<\/p>\n<p>&nbsp;<\/p>\n<p><strong>\u041f\u0456\u0434 \u0447\u0430\u0441 \u043a\u0430\u043d\u0456\u043a\u0443\u043b \u0443 \u0432\u0438\u0445\u0456\u0434\u043d\u0456 \u0434\u043d\u0456 \u0457\u0434\u0430\u043b\u044c\u043d\u044f \u0437\u0430\u043a\u0440\u0438\u0442\u0430.<\/strong><\/p>\n<\/div>                                                                    <\/div>\n                                                                                                            <\/div>\n        <\/div>\n    <\/div>\n<\/section>\n\n\n    <section class=\"gallery-photo-video   \">\n        <div class=\"container\">\n            <div class=\"row\">\n                            <\/div>\n            <div class=\"row gap-box\">\n                                    \n                                                            <div class=\"col-12 col-sm-6 col-md-4 col-xl-3\">\n                                                                            <a class=\"gallery-photo-video__item\" data-fslightbox=\"gallery-photo-video-item\" href=\"https:\/\/swsm.pl\/wp-content\/uploads\/2023\/12\/stolowka8.jpg\">\n                                            <img decoding=\"async\" src=\"https:\/\/swsm.pl\/wp-content\/uploads\/2023\/12\/stolowka8.jpg\" alt=\"\" \/>\n                                        <\/a>\n                                                                                                        <\/div>\n                            \n                            \n                            \n\n\n\n                    \n                                                            <div class=\"col-12 col-sm-6 col-md-4 col-xl-3\">\n                                                                            <a class=\"gallery-photo-video__item\" data-fslightbox=\"gallery-photo-video-item\" href=\"https:\/\/swsm.pl\/wp-content\/uploads\/2023\/12\/stolowka7.jpg\">\n                                            <img decoding=\"async\" src=\"https:\/\/swsm.pl\/wp-content\/uploads\/2023\/12\/stolowka7.jpg\" alt=\"\" \/>\n                                        <\/a>\n                                                                                                        <\/div>\n                            \n                            \n                            \n\n\n\n                    \n                                                            <div class=\"col-12 col-sm-6 col-md-4 col-xl-3\">\n                                                                            <a class=\"gallery-photo-video__item\" data-fslightbox=\"gallery-photo-video-item\" href=\"https:\/\/swsm.pl\/wp-content\/uploads\/2023\/12\/stolowka6.jpg\">\n                                            <img decoding=\"async\" src=\"https:\/\/swsm.pl\/wp-content\/uploads\/2023\/12\/stolowka6.jpg\" alt=\"\" \/>\n                                        <\/a>\n                                                                                                        <\/div>\n                            \n                            \n                            \n\n\n\n                    \n                                                            <div class=\"col-12 col-sm-6 col-md-4 col-xl-3\">\n                                                                            <a class=\"gallery-photo-video__item\" data-fslightbox=\"gallery-photo-video-item\" href=\"https:\/\/swsm.pl\/wp-content\/uploads\/2023\/12\/stolowka4.jpg\">\n                                            <img decoding=\"async\" src=\"https:\/\/swsm.pl\/wp-content\/uploads\/2023\/12\/stolowka4.jpg\" alt=\"\" \/>\n                                        <\/a>\n                                                                                                        <\/div>\n                            \n                            \n                            \n\n\n\n                    \n                                                            <div class=\"col-12 col-sm-6 col-md-4 col-xl-3\">\n                                                                            <a class=\"gallery-photo-video__item\" data-fslightbox=\"gallery-photo-video-item\" href=\"https:\/\/swsm.pl\/wp-content\/uploads\/2023\/12\/stolowka3.jpg\">\n                                            <img decoding=\"async\" src=\"https:\/\/swsm.pl\/wp-content\/uploads\/2023\/12\/stolowka3.jpg\" alt=\"\" \/>\n                                        <\/a>\n                                                                                                        <\/div>\n                            \n                            \n                            \n\n\n\n                    \n                                                            <div class=\"col-12 col-sm-6 col-md-4 col-xl-3\">\n                                                                            <a class=\"gallery-photo-video__item\" data-fslightbox=\"gallery-photo-video-item\" href=\"https:\/\/swsm.pl\/wp-content\/uploads\/2023\/12\/stolowka2.jpg\">\n                                            <img decoding=\"async\" src=\"https:\/\/swsm.pl\/wp-content\/uploads\/2023\/12\/stolowka2.jpg\" alt=\"\" \/>\n                                        <\/a>\n                                                                                                        <\/div>\n                            \n                            \n                            \n\n\n\n                    \n                                                            <div class=\"col-12 col-sm-6 col-md-4 col-xl-3\">\n                                                                            <a class=\"gallery-photo-video__item\" data-fslightbox=\"gallery-photo-video-item\" href=\"https:\/\/swsm.pl\/wp-content\/uploads\/2023\/12\/stolowka1.jpg\">\n                                            <img decoding=\"async\" src=\"https:\/\/swsm.pl\/wp-content\/uploads\/2023\/12\/stolowka1.jpg\" alt=\"\" \/>\n                                        <\/a>\n                                                                                                        <\/div>\n                            \n                            \n                            \n\n\n\n                                                <\/div>\n        <\/div>\n    <\/section>","protected":false},"excerpt":{"rendered":"","protected":false},"author":9,"featured_media":0,"parent":11692,"menu_order":0,"comment_status":"closed","ping_status":"closed","template":"","meta":{"_acf_changed":false,"footnotes":""},"class_list":["post-12445","page","type-page","status-publish","hentry"],"acf":{"alert_on":false,"alert_filter_tag_select":false,"alert_filter_by_tag":[],"modalComunicatHeader_blog":"","modalComunicatHeader_link":[""]},"yoast_head":"<!-- This site is optimized with the Yoast SEO plugin v27.4 - https:\/\/yoast.com\/product\/yoast-seo-wordpress\/ -->\n<title>\u0407\u0434\u0430\u043b\u044c\u043d\u044f - SWSM<\/title>\n<meta name=\"robots\" content=\"index, follow, max-snippet:-1, max-image-preview:large, max-video-preview:-1\" \/>\n<link rel=\"canonical\" href=\"https:\/\/swsm.pl\/uk\/\u0437\u043e\u043d\u0430-\u0441\u0442\u0443\u0434\u0435\u043d\u0442\u0430\/\u0457\u0434\u0430\u043b\u044c\u043d\u044f\/\" \/>\n<meta property=\"og:locale\" content=\"uk_UA\" \/>\n<meta property=\"og:type\" content=\"article\" \/>\n<meta property=\"og:title\" content=\"\u0407\u0434\u0430\u043b\u044c\u043d\u044f - SWSM\" \/>\n<meta property=\"og:url\" content=\"https:\/\/swsm.pl\/uk\/\u0437\u043e\u043d\u0430-\u0441\u0442\u0443\u0434\u0435\u043d\u0442\u0430\/\u0457\u0434\u0430\u043b\u044c\u043d\u044f\/\" \/>\n<meta property=\"og:site_name\" content=\"SWSM\" \/>\n<meta property=\"article:modified_time\" content=\"2025-02-26T12:30:54+00:00\" \/>\n<meta name=\"twitter:card\" content=\"summary_large_image\" \/>\n<script type=\"application\/ld+json\" class=\"yoast-schema-graph\">{\"@context\":\"https:\\\/\\\/schema.org\",\"@graph\":[{\"@type\":\"WebPage\",\"@id\":\"https:\\\/\\\/swsm.pl\\\/uk\\\/%d0%b7%d0%be%d0%bd%d0%b0-%d1%81%d1%82%d1%83%d0%b4%d0%b5%d0%bd%d1%82%d0%b0\\\/%d1%97%d0%b4%d0%b0%d0%bb%d1%8c%d0%bd%d1%8f\\\/\",\"url\":\"https:\\\/\\\/swsm.pl\\\/uk\\\/%d0%b7%d0%be%d0%bd%d0%b0-%d1%81%d1%82%d1%83%d0%b4%d0%b5%d0%bd%d1%82%d0%b0\\\/%d1%97%d0%b4%d0%b0%d0%bb%d1%8c%d0%bd%d1%8f\\\/\",\"name\":\"\u0407\u0434\u0430\u043b\u044c\u043d\u044f - SWSM\",\"isPartOf\":{\"@id\":\"https:\\\/\\\/swsm.pl\\\/#website\"},\"datePublished\":\"2023-12-11T22:29:41+00:00\",\"dateModified\":\"2025-02-26T12:30:54+00:00\",\"breadcrumb\":{\"@id\":\"https:\\\/\\\/swsm.pl\\\/uk\\\/%d0%b7%d0%be%d0%bd%d0%b0-%d1%81%d1%82%d1%83%d0%b4%d0%b5%d0%bd%d1%82%d0%b0\\\/%d1%97%d0%b4%d0%b0%d0%bb%d1%8c%d0%bd%d1%8f\\\/#breadcrumb\"},\"inLanguage\":\"uk\",\"potentialAction\":[{\"@type\":\"ReadAction\",\"target\":[\"https:\\\/\\\/swsm.pl\\\/uk\\\/%d0%b7%d0%be%d0%bd%d0%b0-%d1%81%d1%82%d1%83%d0%b4%d0%b5%d0%bd%d1%82%d0%b0\\\/%d1%97%d0%b4%d0%b0%d0%bb%d1%8c%d0%bd%d1%8f\\\/\"]}]},{\"@type\":\"BreadcrumbList\",\"@id\":\"https:\\\/\\\/swsm.pl\\\/uk\\\/%d0%b7%d0%be%d0%bd%d0%b0-%d1%81%d1%82%d1%83%d0%b4%d0%b5%d0%bd%d1%82%d0%b0\\\/%d1%97%d0%b4%d0%b0%d0%bb%d1%8c%d0%bd%d1%8f\\\/#breadcrumb\",\"itemListElement\":[{\"@type\":\"ListItem\",\"position\":1,\"name\":\"Strona g\u0142\u00f3wna\",\"item\":\"https:\\\/\\\/swsm.pl\\\/uk\\\/\"},{\"@type\":\"ListItem\",\"position\":2,\"name\":\"\u0417\u043e\u043d\u0430 \u0421\u0442\u0443\u0434\u0435\u043d\u0442\u0430\",\"item\":\"https:\\\/\\\/swsm.pl\\\/dla-studenta\\\/\"},{\"@type\":\"ListItem\",\"position\":3,\"name\":\"\u0407\u0434\u0430\u043b\u044c\u043d\u044f\"}]},{\"@type\":\"WebSite\",\"@id\":\"https:\\\/\\\/swsm.pl\\\/#website\",\"url\":\"https:\\\/\\\/swsm.pl\\\/\",\"name\":\"SWSM\",\"description\":\"\u015al\u0105ska Wy\u017csza Szko\u0142a Medyczna w Katowicach\",\"potentialAction\":[{\"@type\":\"SearchAction\",\"target\":{\"@type\":\"EntryPoint\",\"urlTemplate\":\"https:\\\/\\\/swsm.pl\\\/?s={search_term_string}\"},\"query-input\":{\"@type\":\"PropertyValueSpecification\",\"valueRequired\":true,\"valueName\":\"search_term_string\"}}],\"inLanguage\":\"uk\"}]}<\/script>\n<!-- \/ Yoast SEO plugin. -->","yoast_head_json":{"title":"\u0407\u0434\u0430\u043b\u044c\u043d\u044f - SWSM","robots":{"index":"index","follow":"follow","max-snippet":"max-snippet:-1","max-image-preview":"max-image-preview:large","max-video-preview":"max-video-preview:-1"},"canonical":"https:\/\/swsm.pl\/uk\/\u0437\u043e\u043d\u0430-\u0441\u0442\u0443\u0434\u0435\u043d\u0442\u0430\/\u0457\u0434\u0430\u043b\u044c\u043d\u044f\/","og_locale":"uk_UA","og_type":"article","og_title":"\u0407\u0434\u0430\u043b\u044c\u043d\u044f - SWSM","og_url":"https:\/\/swsm.pl\/uk\/\u0437\u043e\u043d\u0430-\u0441\u0442\u0443\u0434\u0435\u043d\u0442\u0430\/\u0457\u0434\u0430\u043b\u044c\u043d\u044f\/","og_site_name":"SWSM","article_modified_time":"2025-02-26T12:30:54+00:00","twitter_card":"summary_large_image","schema":{"@context":"https:\/\/schema.org","@graph":[{"@type":"WebPage","@id":"https:\/\/swsm.pl\/uk\/%d0%b7%d0%be%d0%bd%d0%b0-%d1%81%d1%82%d1%83%d0%b4%d0%b5%d0%bd%d1%82%d0%b0\/%d1%97%d0%b4%d0%b0%d0%bb%d1%8c%d0%bd%d1%8f\/","url":"https:\/\/swsm.pl\/uk\/%d0%b7%d0%be%d0%bd%d0%b0-%d1%81%d1%82%d1%83%d0%b4%d0%b5%d0%bd%d1%82%d0%b0\/%d1%97%d0%b4%d0%b0%d0%bb%d1%8c%d0%bd%d1%8f\/","name":"\u0407\u0434\u0430\u043b\u044c\u043d\u044f - SWSM","isPartOf":{"@id":"https:\/\/swsm.pl\/#website"},"datePublished":"2023-12-11T22:29:41+00:00","dateModified":"2025-02-26T12:30:54+00:00","breadcrumb":{"@id":"https:\/\/swsm.pl\/uk\/%d0%b7%d0%be%d0%bd%d0%b0-%d1%81%d1%82%d1%83%d0%b4%d0%b5%d0%bd%d1%82%d0%b0\/%d1%97%d0%b4%d0%b0%d0%bb%d1%8c%d0%bd%d1%8f\/#breadcrumb"},"inLanguage":"uk","potentialAction":[{"@type":"ReadAction","target":["https:\/\/swsm.pl\/uk\/%d0%b7%d0%be%d0%bd%d0%b0-%d1%81%d1%82%d1%83%d0%b4%d0%b5%d0%bd%d1%82%d0%b0\/%d1%97%d0%b4%d0%b0%d0%bb%d1%8c%d0%bd%d1%8f\/"]}]},{"@type":"BreadcrumbList","@id":"https:\/\/swsm.pl\/uk\/%d0%b7%d0%be%d0%bd%d0%b0-%d1%81%d1%82%d1%83%d0%b4%d0%b5%d0%bd%d1%82%d0%b0\/%d1%97%d0%b4%d0%b0%d0%bb%d1%8c%d0%bd%d1%8f\/#breadcrumb","itemListElement":[{"@type":"ListItem","position":1,"name":"Strona g\u0142\u00f3wna","item":"https:\/\/swsm.pl\/uk\/"},{"@type":"ListItem","position":2,"name":"\u0417\u043e\u043d\u0430 \u0421\u0442\u0443\u0434\u0435\u043d\u0442\u0430","item":"https:\/\/swsm.pl\/dla-studenta\/"},{"@type":"ListItem","position":3,"name":"\u0407\u0434\u0430\u043b\u044c\u043d\u044f"}]},{"@type":"WebSite","@id":"https:\/\/swsm.pl\/#website","url":"https:\/\/swsm.pl\/","name":"SWSM","description":"\u015al\u0105ska Wy\u017csza Szko\u0142a Medyczna w Katowicach","potentialAction":[{"@type":"SearchAction","target":{"@type":"EntryPoint","urlTemplate":"https:\/\/swsm.pl\/?s={search_term_string}"},"query-input":{"@type":"PropertyValueSpecification","valueRequired":true,"valueName":"search_term_string"}}],"inLanguage":"uk"}]}},"_links":{"self":[{"href":"https:\/\/swsm.pl\/uk\/wp-json\/wp\/v2\/pages\/12445","targetHints":{"allow":["GET"]}}],"collection":[{"href":"https:\/\/swsm.pl\/uk\/wp-json\/wp\/v2\/pages"}],"about":[{"href":"https:\/\/swsm.pl\/uk\/wp-json\/wp\/v2\/types\/page"}],"author":[{"embeddable":true,"href":"https:\/\/swsm.pl\/uk\/wp-json\/wp\/v2\/users\/9"}],"replies":[{"embeddable":true,"href":"https:\/\/swsm.pl\/uk\/wp-json\/wp\/v2\/comments?post=12445"}],"version-history":[{"count":4,"href":"https:\/\/swsm.pl\/uk\/wp-json\/wp\/v2\/pages\/12445\/revisions"}],"predecessor-version":[{"id":21919,"href":"https:\/\/swsm.pl\/uk\/wp-json\/wp\/v2\/pages\/12445\/revisions\/21919"}],"up":[{"embeddable":true,"href":"https:\/\/swsm.pl\/uk\/wp-json\/wp\/v2\/pages\/11692"}],"wp:attachment":[{"href":"https:\/\/swsm.pl\/uk\/wp-json\/wp\/v2\/media?parent=12445"}],"curies":[{"name":"wp","href":"https:\/\/api.w.org\/{rel}","templated":true}]}}