{"id":12649,"date":"2023-11-29T18:05:05","date_gmt":"2023-11-29T18:05:05","guid":{"rendered":""},"modified":"2025-02-27T11:38:46","modified_gmt":"2025-02-27T11:38:46","slug":"%d0%b7%d0%bd%d0%b0%d0%bd%d0%bd%d1%8f-%d1%80%d0%be%d0%b7%d0%b2%d0%b8%d1%82%d0%be%d0%ba-%d0%b7%d0%b4%d0%be%d1%80%d0%be%d0%b2%d1%8f-%d0%be%d1%81%d0%b2%d1%96%d1%82%d0%bd%d1%96-%d0%bc","status":"publish","type":"page","link":"https:\/\/swsm.pl\/uk\/%d0%b5%d0%b2%d1%80%d0%be%d0%bf%d0%b5%d0%b9%d1%81%d0%ba%d0%b8%d0%b5-%d0%bf%d1%80%d0%be%d0%b5%d0%ba%d1%82%d1%8b\/%d0%bf%d1%80%d0%be%d0%b5%d0%ba%d1%82%d0%b8-%d1%94%d1%81\/%d0%b7%d0%bd%d0%b0%d0%bd%d0%bd%d1%8f-%d1%80%d0%be%d0%b7%d0%b2%d0%b8%d1%82%d0%be%d0%ba-%d0%b7%d0%b4%d0%be%d1%80%d0%be%d0%b2%d1%8f-%d0%be%d1%81%d0%b2%d1%96%d1%82%d0%bd%d1%96-%d0%bc\/","title":{"rendered":"\u0417\u043d\u0430\u043d\u043d\u044f, \u0440\u043e\u0437\u0432\u0438\u0442\u043e\u043a, \u0437\u0434\u043e\u0440\u043e\u0432\u2019\u044f \u2013 \u043e\u0441\u0432\u0456\u0442\u043d\u0456 \u043c\u0430\u0439\u0441\u0442\u0435\u0440\u043d\u0456 \u0434\u043b\u044f \u043c\u043e\u043b\u043e\u0434\u0456 \u2013 \u0422\u0440\u0435\u0442\u044f \u041c\u0456\u0441\u0456\u044f \u0428\u043a\u043e\u043b\u0438"},"content":{"rendered":"<section class=\"textBlock textBlock--0 padding-less\">\n    <div class=\"tbc\">\n        <div class=\"container\">\n            <div class=\"row\">\n                                    <div class=\"col-12\">\n                                                                            <h5 class=\"title title--5 color--navy-700 tbc__title2\">\u0421\u0456\u043b\u0435\u0437\u044c\u043a\u0430 \u0412\u0438\u0449\u0430 \u041c\u0435\u0434\u0438\u0447\u043d\u0430 \u0428\u043a\u043e\u043b\u0430 \u0432 \u041a\u0430\u0442\u043e\u0432\u0456\u0446\u0435 \u0437\u0430\u0440\u0430\u0437 \u0440\u0435\u0430\u043b\u0456\u0437\u0443\u0454 \u043f\u0440\u043e\u0435\u043a\u0442, \u0449\u043e \u043e\u0442\u0440\u0438\u043c\u0443\u0454 \u043a\u043e\u0448\u0442\u0438 \u0437 \u0444\u043e\u043d\u0434\u0456\u0432 \u0404\u0421, \u043f\u0456\u0434 \u043d\u0430\u0437\u0432\u043e\u044e \u00ab\u0417\u043d\u0430\u043d\u043d\u044f, \u0440\u043e\u0437\u0432\u0438\u0442\u043e\u043a, \u0437\u0434\u043e\u0440\u043e\u0432\u2019\u044f \u2013 \u043e\u0441\u0432\u0456\u0442\u043d\u0456 \u043c\u0430\u0439\u0441\u0442\u0435\u0440\u043d\u0456 \u0434\u043b\u044f \u043c\u043e\u043b\u043e\u0434\u0456 \u2013 \u0422\u0440\u0435\u0442\u044f \u041c\u0456\u0441\u0456\u044f \u0428\u043a\u043e\u043b\u0438\u00bb.<\/h5>                                                                            <div class=\"text text--2 color--navy-500 tbc__desc\"><p><img loading=\"lazy\" decoding=\"async\" class=\"alignnone size-medium wp-image-21674\" src=\"https:\/\/swsm.pl\/wp-content\/uploads\/2025\/02\/logo_UE-2-300x207.png\" alt=\"\" width=\"300\" height=\"207\" srcset=\"https:\/\/swsm.pl\/wp-content\/uploads\/2025\/02\/logo_UE-2-300x207.png 300w, https:\/\/swsm.pl\/wp-content\/uploads\/2025\/02\/logo_UE-2-768x530.png 768w, https:\/\/swsm.pl\/wp-content\/uploads\/2025\/02\/logo_UE-2.png 897w\" sizes=\"auto, (max-width: 300px) 100vw, 300px\" \/><\/p>\n<\/div>                                                                    <\/div>\n                                                                                                            <\/div>\n        <\/div>\n    <\/div>\n<\/section>\n\n\n<section class=\"wp-core-block wp-core-block--paragraph\"><div class=\"container\"><div class=\"row\"><div class=\"col-12\">\n<p><\/p>\n<\/div><\/div><\/div><\/section>","protected":false},"excerpt":{"rendered":"","protected":false},"author":9,"featured_media":0,"parent":12113,"menu_order":1,"comment_status":"closed","ping_status":"closed","template":"template-pages\/page-threeFourth.php","meta":{"_acf_changed":false,"footnotes":""},"class_list":["post-12649","page","type-page","status-publish","hentry"],"acf":{"alert_on":false,"alert_filter_tag_select":false,"alert_filter_by_tag":[],"modalComunicatHeader_blog":"","modalComunicatHeader_link":[""]},"yoast_head":"<!-- This site is optimized with the Yoast SEO plugin v27.3 - https:\/\/yoast.com\/product\/yoast-seo-wordpress\/ -->\n<title>\u0417\u043d\u0430\u043d\u043d\u044f, \u0440\u043e\u0437\u0432\u0438\u0442\u043e\u043a, \u0437\u0434\u043e\u0440\u043e\u0432\u2019\u044f \u2013 \u043e\u0441\u0432\u0456\u0442\u043d\u0456 \u043c\u0430\u0439\u0441\u0442\u0435\u0440\u043d\u0456 \u0434\u043b\u044f \u043c\u043e\u043b\u043e\u0434\u0456 \u2013 \u0422\u0440\u0435\u0442\u044f \u041c\u0456\u0441\u0456\u044f \u0428\u043a\u043e\u043b\u0438 - SWSM<\/title>\n<meta name=\"robots\" content=\"index, follow, max-snippet:-1, max-image-preview:large, max-video-preview:-1\" \/>\n<link rel=\"canonical\" href=\"https:\/\/swsm.pl\/uk\/\u0435\u0432\u0440\u043e\u043f\u0435\u0439\u0441\u043a\u0438\u0435-\u043f\u0440\u043e\u0435\u043a\u0442\u044b\/\u043f\u0440\u043e\u0435\u043a\u0442\u0438-\u0454\u0441\/\u0437\u043d\u0430\u043d\u043d\u044f-\u0440\u043e\u0437\u0432\u0438\u0442\u043e\u043a-\u0437\u0434\u043e\u0440\u043e\u0432\u044f-\u043e\u0441\u0432\u0456\u0442\u043d\u0456-\u043c\/\" \/>\n<meta property=\"og:locale\" content=\"uk_UA\" \/>\n<meta property=\"og:type\" content=\"article\" \/>\n<meta property=\"og:title\" content=\"\u0417\u043d\u0430\u043d\u043d\u044f, \u0440\u043e\u0437\u0432\u0438\u0442\u043e\u043a, \u0437\u0434\u043e\u0440\u043e\u0432\u2019\u044f \u2013 \u043e\u0441\u0432\u0456\u0442\u043d\u0456 \u043c\u0430\u0439\u0441\u0442\u0435\u0440\u043d\u0456 \u0434\u043b\u044f \u043c\u043e\u043b\u043e\u0434\u0456 \u2013 \u0422\u0440\u0435\u0442\u044f \u041c\u0456\u0441\u0456\u044f \u0428\u043a\u043e\u043b\u0438 - SWSM\" \/>\n<meta property=\"og:url\" content=\"https:\/\/swsm.pl\/uk\/\u0435\u0432\u0440\u043e\u043f\u0435\u0439\u0441\u043a\u0438\u0435-\u043f\u0440\u043e\u0435\u043a\u0442\u044b\/\u043f\u0440\u043e\u0435\u043a\u0442\u0438-\u0454\u0441\/\u0437\u043d\u0430\u043d\u043d\u044f-\u0440\u043e\u0437\u0432\u0438\u0442\u043e\u043a-\u0437\u0434\u043e\u0440\u043e\u0432\u044f-\u043e\u0441\u0432\u0456\u0442\u043d\u0456-\u043c\/\" \/>\n<meta property=\"og:site_name\" content=\"SWSM\" \/>\n<meta property=\"article:modified_time\" content=\"2025-02-27T11:38:46+00:00\" \/>\n<meta name=\"twitter:card\" content=\"summary_large_image\" \/>\n<script type=\"application\/ld+json\" class=\"yoast-schema-graph\">{\"@context\":\"https:\\\/\\\/schema.org\",\"@graph\":[{\"@type\":\"WebPage\",\"@id\":\"https:\\\/\\\/swsm.pl\\\/uk\\\/%d0%b5%d0%b2%d1%80%d0%be%d0%bf%d0%b5%d0%b9%d1%81%d0%ba%d0%b8%d0%b5-%d0%bf%d1%80%d0%be%d0%b5%d0%ba%d1%82%d1%8b\\\/%d0%bf%d1%80%d0%be%d0%b5%d0%ba%d1%82%d0%b8-%d1%94%d1%81\\\/%d0%b7%d0%bd%d0%b0%d0%bd%d0%bd%d1%8f-%d1%80%d0%be%d0%b7%d0%b2%d0%b8%d1%82%d0%be%d0%ba-%d0%b7%d0%b4%d0%be%d1%80%d0%be%d0%b2%d1%8f-%d0%be%d1%81%d0%b2%d1%96%d1%82%d0%bd%d1%96-%d0%bc\\\/\",\"url\":\"https:\\\/\\\/swsm.pl\\\/uk\\\/%d0%b5%d0%b2%d1%80%d0%be%d0%bf%d0%b5%d0%b9%d1%81%d0%ba%d0%b8%d0%b5-%d0%bf%d1%80%d0%be%d0%b5%d0%ba%d1%82%d1%8b\\\/%d0%bf%d1%80%d0%be%d0%b5%d0%ba%d1%82%d0%b8-%d1%94%d1%81\\\/%d0%b7%d0%bd%d0%b0%d0%bd%d0%bd%d1%8f-%d1%80%d0%be%d0%b7%d0%b2%d0%b8%d1%82%d0%be%d0%ba-%d0%b7%d0%b4%d0%be%d1%80%d0%be%d0%b2%d1%8f-%d0%be%d1%81%d0%b2%d1%96%d1%82%d0%bd%d1%96-%d0%bc\\\/\",\"name\":\"\u0417\u043d\u0430\u043d\u043d\u044f, \u0440\u043e\u0437\u0432\u0438\u0442\u043e\u043a, \u0437\u0434\u043e\u0440\u043e\u0432\u2019\u044f \u2013 \u043e\u0441\u0432\u0456\u0442\u043d\u0456 \u043c\u0430\u0439\u0441\u0442\u0435\u0440\u043d\u0456 \u0434\u043b\u044f \u043c\u043e\u043b\u043e\u0434\u0456 \u2013 \u0422\u0440\u0435\u0442\u044f \u041c\u0456\u0441\u0456\u044f \u0428\u043a\u043e\u043b\u0438 - SWSM\",\"isPartOf\":{\"@id\":\"https:\\\/\\\/swsm.pl\\\/#website\"},\"datePublished\":\"2023-11-29T18:05:05+00:00\",\"dateModified\":\"2025-02-27T11:38:46+00:00\",\"breadcrumb\":{\"@id\":\"https:\\\/\\\/swsm.pl\\\/uk\\\/%d0%b5%d0%b2%d1%80%d0%be%d0%bf%d0%b5%d0%b9%d1%81%d0%ba%d0%b8%d0%b5-%d0%bf%d1%80%d0%be%d0%b5%d0%ba%d1%82%d1%8b\\\/%d0%bf%d1%80%d0%be%d0%b5%d0%ba%d1%82%d0%b8-%d1%94%d1%81\\\/%d0%b7%d0%bd%d0%b0%d0%bd%d0%bd%d1%8f-%d1%80%d0%be%d0%b7%d0%b2%d0%b8%d1%82%d0%be%d0%ba-%d0%b7%d0%b4%d0%be%d1%80%d0%be%d0%b2%d1%8f-%d0%be%d1%81%d0%b2%d1%96%d1%82%d0%bd%d1%96-%d0%bc\\\/#breadcrumb\"},\"inLanguage\":\"uk\",\"potentialAction\":[{\"@type\":\"ReadAction\",\"target\":[\"https:\\\/\\\/swsm.pl\\\/uk\\\/%d0%b5%d0%b2%d1%80%d0%be%d0%bf%d0%b5%d0%b9%d1%81%d0%ba%d0%b8%d0%b5-%d0%bf%d1%80%d0%be%d0%b5%d0%ba%d1%82%d1%8b\\\/%d0%bf%d1%80%d0%be%d0%b5%d0%ba%d1%82%d0%b8-%d1%94%d1%81\\\/%d0%b7%d0%bd%d0%b0%d0%bd%d0%bd%d1%8f-%d1%80%d0%be%d0%b7%d0%b2%d0%b8%d1%82%d0%be%d0%ba-%d0%b7%d0%b4%d0%be%d1%80%d0%be%d0%b2%d1%8f-%d0%be%d1%81%d0%b2%d1%96%d1%82%d0%bd%d1%96-%d0%bc\\\/\"]}]},{\"@type\":\"BreadcrumbList\",\"@id\":\"https:\\\/\\\/swsm.pl\\\/uk\\\/%d0%b5%d0%b2%d1%80%d0%be%d0%bf%d0%b5%d0%b9%d1%81%d0%ba%d0%b8%d0%b5-%d0%bf%d1%80%d0%be%d0%b5%d0%ba%d1%82%d1%8b\\\/%d0%bf%d1%80%d0%be%d0%b5%d0%ba%d1%82%d0%b8-%d1%94%d1%81\\\/%d0%b7%d0%bd%d0%b0%d0%bd%d0%bd%d1%8f-%d1%80%d0%be%d0%b7%d0%b2%d0%b8%d1%82%d0%be%d0%ba-%d0%b7%d0%b4%d0%be%d1%80%d0%be%d0%b2%d1%8f-%d0%be%d1%81%d0%b2%d1%96%d1%82%d0%bd%d1%96-%d0%bc\\\/#breadcrumb\",\"itemListElement\":[{\"@type\":\"ListItem\",\"position\":1,\"name\":\"Strona g\u0142\u00f3wna\",\"item\":\"https:\\\/\\\/swsm.pl\\\/uk\\\/\"},{\"@type\":\"ListItem\",\"position\":2,\"name\":\"\u0415\u0432\u0440\u043e\u043f\u0435\u0439\u0441\u043a\u0438\u0435 \u041f\u0440\u043e\u0435\u043a\u0442\u044b\",\"item\":\"https:\\\/\\\/swsm.pl\\\/kursy-i-szkolenia\\\/\"},{\"@type\":\"ListItem\",\"position\":3,\"name\":\"\u041f\u0440\u043e\u0435\u043a\u0442\u0438 \u0404\u0421\",\"item\":\"https:\\\/\\\/swsm.pl\\\/uk\\\/%d0%b5%d0%b2%d1%80%d0%be%d0%bf%d0%b5%d0%b9%d1%81%d0%ba%d0%b8%d0%b5-%d0%bf%d1%80%d0%be%d0%b5%d0%ba%d1%82%d1%8b\\\/%d0%bf%d1%80%d0%be%d0%b5%d0%ba%d1%82%d0%b8-%d1%94%d1%81\\\/\"},{\"@type\":\"ListItem\",\"position\":4,\"name\":\"\u0417\u043d\u0430\u043d\u043d\u044f, \u0440\u043e\u0437\u0432\u0438\u0442\u043e\u043a, \u0437\u0434\u043e\u0440\u043e\u0432\u2019\u044f \u2013 \u043e\u0441\u0432\u0456\u0442\u043d\u0456 \u043c\u0430\u0439\u0441\u0442\u0435\u0440\u043d\u0456 \u0434\u043b\u044f \u043c\u043e\u043b\u043e\u0434\u0456 \u2013 \u0422\u0440\u0435\u0442\u044f \u041c\u0456\u0441\u0456\u044f \u0428\u043a\u043e\u043b\u0438\"}]},{\"@type\":\"WebSite\",\"@id\":\"https:\\\/\\\/swsm.pl\\\/#website\",\"url\":\"https:\\\/\\\/swsm.pl\\\/\",\"name\":\"SWSM\",\"description\":\"\u015al\u0105ska Wy\u017csza Szko\u0142a Medyczna w Katowicach\",\"potentialAction\":[{\"@type\":\"SearchAction\",\"target\":{\"@type\":\"EntryPoint\",\"urlTemplate\":\"https:\\\/\\\/swsm.pl\\\/?s={search_term_string}\"},\"query-input\":{\"@type\":\"PropertyValueSpecification\",\"valueRequired\":true,\"valueName\":\"search_term_string\"}}],\"inLanguage\":\"uk\"}]}<\/script>\n<!-- \/ Yoast SEO plugin. -->","yoast_head_json":{"title":"\u0417\u043d\u0430\u043d\u043d\u044f, \u0440\u043e\u0437\u0432\u0438\u0442\u043e\u043a, \u0437\u0434\u043e\u0440\u043e\u0432\u2019\u044f \u2013 \u043e\u0441\u0432\u0456\u0442\u043d\u0456 \u043c\u0430\u0439\u0441\u0442\u0435\u0440\u043d\u0456 \u0434\u043b\u044f \u043c\u043e\u043b\u043e\u0434\u0456 \u2013 \u0422\u0440\u0435\u0442\u044f \u041c\u0456\u0441\u0456\u044f \u0428\u043a\u043e\u043b\u0438 - SWSM","robots":{"index":"index","follow":"follow","max-snippet":"max-snippet:-1","max-image-preview":"max-image-preview:large","max-video-preview":"max-video-preview:-1"},"canonical":"https:\/\/swsm.pl\/uk\/\u0435\u0432\u0440\u043e\u043f\u0435\u0439\u0441\u043a\u0438\u0435-\u043f\u0440\u043e\u0435\u043a\u0442\u044b\/\u043f\u0440\u043e\u0435\u043a\u0442\u0438-\u0454\u0441\/\u0437\u043d\u0430\u043d\u043d\u044f-\u0440\u043e\u0437\u0432\u0438\u0442\u043e\u043a-\u0437\u0434\u043e\u0440\u043e\u0432\u044f-\u043e\u0441\u0432\u0456\u0442\u043d\u0456-\u043c\/","og_locale":"uk_UA","og_type":"article","og_title":"\u0417\u043d\u0430\u043d\u043d\u044f, \u0440\u043e\u0437\u0432\u0438\u0442\u043e\u043a, \u0437\u0434\u043e\u0440\u043e\u0432\u2019\u044f \u2013 \u043e\u0441\u0432\u0456\u0442\u043d\u0456 \u043c\u0430\u0439\u0441\u0442\u0435\u0440\u043d\u0456 \u0434\u043b\u044f \u043c\u043e\u043b\u043e\u0434\u0456 \u2013 \u0422\u0440\u0435\u0442\u044f \u041c\u0456\u0441\u0456\u044f \u0428\u043a\u043e\u043b\u0438 - SWSM","og_url":"https:\/\/swsm.pl\/uk\/\u0435\u0432\u0440\u043e\u043f\u0435\u0439\u0441\u043a\u0438\u0435-\u043f\u0440\u043e\u0435\u043a\u0442\u044b\/\u043f\u0440\u043e\u0435\u043a\u0442\u0438-\u0454\u0441\/\u0437\u043d\u0430\u043d\u043d\u044f-\u0440\u043e\u0437\u0432\u0438\u0442\u043e\u043a-\u0437\u0434\u043e\u0440\u043e\u0432\u044f-\u043e\u0441\u0432\u0456\u0442\u043d\u0456-\u043c\/","og_site_name":"SWSM","article_modified_time":"2025-02-27T11:38:46+00:00","twitter_card":"summary_large_image","schema":{"@context":"https:\/\/schema.org","@graph":[{"@type":"WebPage","@id":"https:\/\/swsm.pl\/uk\/%d0%b5%d0%b2%d1%80%d0%be%d0%bf%d0%b5%d0%b9%d1%81%d0%ba%d0%b8%d0%b5-%d0%bf%d1%80%d0%be%d0%b5%d0%ba%d1%82%d1%8b\/%d0%bf%d1%80%d0%be%d0%b5%d0%ba%d1%82%d0%b8-%d1%94%d1%81\/%d0%b7%d0%bd%d0%b0%d0%bd%d0%bd%d1%8f-%d1%80%d0%be%d0%b7%d0%b2%d0%b8%d1%82%d0%be%d0%ba-%d0%b7%d0%b4%d0%be%d1%80%d0%be%d0%b2%d1%8f-%d0%be%d1%81%d0%b2%d1%96%d1%82%d0%bd%d1%96-%d0%bc\/","url":"https:\/\/swsm.pl\/uk\/%d0%b5%d0%b2%d1%80%d0%be%d0%bf%d0%b5%d0%b9%d1%81%d0%ba%d0%b8%d0%b5-%d0%bf%d1%80%d0%be%d0%b5%d0%ba%d1%82%d1%8b\/%d0%bf%d1%80%d0%be%d0%b5%d0%ba%d1%82%d0%b8-%d1%94%d1%81\/%d0%b7%d0%bd%d0%b0%d0%bd%d0%bd%d1%8f-%d1%80%d0%be%d0%b7%d0%b2%d0%b8%d1%82%d0%be%d0%ba-%d0%b7%d0%b4%d0%be%d1%80%d0%be%d0%b2%d1%8f-%d0%be%d1%81%d0%b2%d1%96%d1%82%d0%bd%d1%96-%d0%bc\/","name":"\u0417\u043d\u0430\u043d\u043d\u044f, \u0440\u043e\u0437\u0432\u0438\u0442\u043e\u043a, \u0437\u0434\u043e\u0440\u043e\u0432\u2019\u044f \u2013 \u043e\u0441\u0432\u0456\u0442\u043d\u0456 \u043c\u0430\u0439\u0441\u0442\u0435\u0440\u043d\u0456 \u0434\u043b\u044f \u043c\u043e\u043b\u043e\u0434\u0456 \u2013 \u0422\u0440\u0435\u0442\u044f \u041c\u0456\u0441\u0456\u044f \u0428\u043a\u043e\u043b\u0438 - SWSM","isPartOf":{"@id":"https:\/\/swsm.pl\/#website"},"datePublished":"2023-11-29T18:05:05+00:00","dateModified":"2025-02-27T11:38:46+00:00","breadcrumb":{"@id":"https:\/\/swsm.pl\/uk\/%d0%b5%d0%b2%d1%80%d0%be%d0%bf%d0%b5%d0%b9%d1%81%d0%ba%d0%b8%d0%b5-%d0%bf%d1%80%d0%be%d0%b5%d0%ba%d1%82%d1%8b\/%d0%bf%d1%80%d0%be%d0%b5%d0%ba%d1%82%d0%b8-%d1%94%d1%81\/%d0%b7%d0%bd%d0%b0%d0%bd%d0%bd%d1%8f-%d1%80%d0%be%d0%b7%d0%b2%d0%b8%d1%82%d0%be%d0%ba-%d0%b7%d0%b4%d0%be%d1%80%d0%be%d0%b2%d1%8f-%d0%be%d1%81%d0%b2%d1%96%d1%82%d0%bd%d1%96-%d0%bc\/#breadcrumb"},"inLanguage":"uk","potentialAction":[{"@type":"ReadAction","target":["https:\/\/swsm.pl\/uk\/%d0%b5%d0%b2%d1%80%d0%be%d0%bf%d0%b5%d0%b9%d1%81%d0%ba%d0%b8%d0%b5-%d0%bf%d1%80%d0%be%d0%b5%d0%ba%d1%82%d1%8b\/%d0%bf%d1%80%d0%be%d0%b5%d0%ba%d1%82%d0%b8-%d1%94%d1%81\/%d0%b7%d0%bd%d0%b0%d0%bd%d0%bd%d1%8f-%d1%80%d0%be%d0%b7%d0%b2%d0%b8%d1%82%d0%be%d0%ba-%d0%b7%d0%b4%d0%be%d1%80%d0%be%d0%b2%d1%8f-%d0%be%d1%81%d0%b2%d1%96%d1%82%d0%bd%d1%96-%d0%bc\/"]}]},{"@type":"BreadcrumbList","@id":"https:\/\/swsm.pl\/uk\/%d0%b5%d0%b2%d1%80%d0%be%d0%bf%d0%b5%d0%b9%d1%81%d0%ba%d0%b8%d0%b5-%d0%bf%d1%80%d0%be%d0%b5%d0%ba%d1%82%d1%8b\/%d0%bf%d1%80%d0%be%d0%b5%d0%ba%d1%82%d0%b8-%d1%94%d1%81\/%d0%b7%d0%bd%d0%b0%d0%bd%d0%bd%d1%8f-%d1%80%d0%be%d0%b7%d0%b2%d0%b8%d1%82%d0%be%d0%ba-%d0%b7%d0%b4%d0%be%d1%80%d0%be%d0%b2%d1%8f-%d0%be%d1%81%d0%b2%d1%96%d1%82%d0%bd%d1%96-%d0%bc\/#breadcrumb","itemListElement":[{"@type":"ListItem","position":1,"name":"Strona g\u0142\u00f3wna","item":"https:\/\/swsm.pl\/uk\/"},{"@type":"ListItem","position":2,"name":"\u0415\u0432\u0440\u043e\u043f\u0435\u0439\u0441\u043a\u0438\u0435 \u041f\u0440\u043e\u0435\u043a\u0442\u044b","item":"https:\/\/swsm.pl\/kursy-i-szkolenia\/"},{"@type":"ListItem","position":3,"name":"\u041f\u0440\u043e\u0435\u043a\u0442\u0438 \u0404\u0421","item":"https:\/\/swsm.pl\/uk\/%d0%b5%d0%b2%d1%80%d0%be%d0%bf%d0%b5%d0%b9%d1%81%d0%ba%d0%b8%d0%b5-%d0%bf%d1%80%d0%be%d0%b5%d0%ba%d1%82%d1%8b\/%d0%bf%d1%80%d0%be%d0%b5%d0%ba%d1%82%d0%b8-%d1%94%d1%81\/"},{"@type":"ListItem","position":4,"name":"\u0417\u043d\u0430\u043d\u043d\u044f, \u0440\u043e\u0437\u0432\u0438\u0442\u043e\u043a, \u0437\u0434\u043e\u0440\u043e\u0432\u2019\u044f \u2013 \u043e\u0441\u0432\u0456\u0442\u043d\u0456 \u043c\u0430\u0439\u0441\u0442\u0435\u0440\u043d\u0456 \u0434\u043b\u044f \u043c\u043e\u043b\u043e\u0434\u0456 \u2013 \u0422\u0440\u0435\u0442\u044f \u041c\u0456\u0441\u0456\u044f \u0428\u043a\u043e\u043b\u0438"}]},{"@type":"WebSite","@id":"https:\/\/swsm.pl\/#website","url":"https:\/\/swsm.pl\/","name":"SWSM","description":"\u015al\u0105ska Wy\u017csza Szko\u0142a Medyczna w Katowicach","potentialAction":[{"@type":"SearchAction","target":{"@type":"EntryPoint","urlTemplate":"https:\/\/swsm.pl\/?s={search_term_string}"},"query-input":{"@type":"PropertyValueSpecification","valueRequired":true,"valueName":"search_term_string"}}],"inLanguage":"uk"}]}},"_links":{"self":[{"href":"https:\/\/swsm.pl\/uk\/wp-json\/wp\/v2\/pages\/12649","targetHints":{"allow":["GET"]}}],"collection":[{"href":"https:\/\/swsm.pl\/uk\/wp-json\/wp\/v2\/pages"}],"about":[{"href":"https:\/\/swsm.pl\/uk\/wp-json\/wp\/v2\/types\/page"}],"author":[{"embeddable":true,"href":"https:\/\/swsm.pl\/uk\/wp-json\/wp\/v2\/users\/9"}],"replies":[{"embeddable":true,"href":"https:\/\/swsm.pl\/uk\/wp-json\/wp\/v2\/comments?post=12649"}],"version-history":[{"count":4,"href":"https:\/\/swsm.pl\/uk\/wp-json\/wp\/v2\/pages\/12649\/revisions"}],"predecessor-version":[{"id":22034,"href":"https:\/\/swsm.pl\/uk\/wp-json\/wp\/v2\/pages\/12649\/revisions\/22034"}],"up":[{"embeddable":true,"href":"https:\/\/swsm.pl\/uk\/wp-json\/wp\/v2\/pages\/12113"}],"wp:attachment":[{"href":"https:\/\/swsm.pl\/uk\/wp-json\/wp\/v2\/media?parent=12649"}],"curies":[{"name":"wp","href":"https:\/\/api.w.org\/{rel}","templated":true}]}}