{"id":27298,"date":"2025-10-10T11:51:59","date_gmt":"2025-10-10T11:51:59","guid":{"rendered":"https:\/\/swsm.pl\/?page_id=27298"},"modified":"2025-10-10T12:18:29","modified_gmt":"2025-10-10T12:18:29","slug":"%d0%bf%d1%80%d0%be%d1%84%d0%b5%d1%81%d1%96%d0%b9%d0%bd%d1%96-%d0%bf%d1%80%d0%b8%d1%81%d1%82%d1%80%d0%be%d1%97","status":"publish","type":"page","link":"https:\/\/swsm.pl\/uk\/%d0%bf%d1%80%d0%be%d1%84%d0%b5%d1%81%d1%96%d0%b9%d0%bd%d1%96-%d0%bf%d1%80%d0%b8%d1%81%d1%82%d1%80%d0%be%d1%97\/","title":{"rendered":"\u041f\u0440\u043e\u0444\u0435\u0441\u0456\u0439\u043d\u0456 \u043f\u0440\u0438\u0441\u0442\u0440\u043e\u0457"},"content":{"rendered":"<section class=\"textBlock textBlock--2 \">\n    <div class=\"tbc\">\n        <div class=\"container\">\n            <div class=\"row\">\n                                                                    <div class=\"col-12 col-lg-6 textBlock__colLeft\">\n                        <div class=\"tbc__colLeft__inner\">\n                            <h5 class=\"title title--5 color--navy-700 tbc__titleCol5\">\u041f\u0440\u043e\u0444\u0435\u0441\u0456\u0439\u043d\u0456 \u043f\u0440\u0438\u0441\u0442\u0440\u043e\u0457<\/h5><div class=\"text text--2 color--navy-500 tbc__colDesc\"><p><span class=\"HwtZe\" lang=\"uk\"><span class=\"jCAhz ChMk0b\"><span class=\"ryNqvb\">\u0421\u0456\u043b\u0435\u0437\u044c\u043a\u0438\u0439 \u043c\u0435\u0434\u0438\u0447\u043d\u0438\u0439 \u0443\u043d\u0456\u0432\u0435\u0440\u0441\u0438\u0442\u0435\u0442 \u043c\u0430\u0454 \u043f\u0440\u043e\u0444\u0435\u0441\u0456\u0439\u043d\u043e \u043e\u0431\u043b\u0430\u0434\u043d\u0430\u043d\u0456 \u043b\u0430\u0431\u043e\u0440\u0430\u0442\u043e\u0440\u0456\u0457 \u043a\u043e\u0441\u043c\u0435\u0442\u043e\u043b\u043e\u0433\u0456\u0457 \u0442\u0430 \u0434\u0456\u0454\u0442\u043e\u043b\u043e\u0433\u0456\u0457 \u0439 \u0445\u0430\u0440\u0447\u0443\u0432\u0430\u043d\u043d\u044f, \u0449\u043e \u0434\u043e\u0437\u0432\u043e\u043b\u044f\u0454 \u0441\u0442\u0443\u0434\u0435\u043d\u0442\u0430\u043c \u0437\u0434\u043e\u0431\u0443\u0432\u0430\u0442\u0438 \u0441\u0443\u0447\u0430\u0441\u043d\u0456 \u0437\u043d\u0430\u043d\u043d\u044f \u0442\u0430 \u043f\u0440\u0430\u043a\u0442\u0438\u0447\u043d\u0456 \u043d\u0430\u0432\u0438\u0447\u043a\u0438.<\/span><\/span><span class=\"jCAhz ChMk0b\"><span class=\"ryNqvb\"> \u041f\u043e\u0454\u0434\u043d\u0430\u043d\u043d\u044f \u0446\u0456\u043d\u043d\u043e\u0441\u0442\u0456 \u0442\u0430 \u0440\u0456\u0437\u043d\u043e\u043c\u0430\u043d\u0456\u0442\u043d\u043e\u0441\u0442\u0456 \u043a\u043e\u0441\u043c\u0435\u0442\u043e\u043b\u043e\u0433\u0456\u0447\u043d\u043e\u0433\u043e \u043e\u0431\u043b\u0430\u0434\u043d\u0430\u043d\u043d\u044f, \u0449\u043e \u043d\u0430\u0434\u0430\u0454\u0442\u044c\u0441\u044f \u0441\u0442\u0443\u0434\u0435\u043d\u0442\u0430\u043c, \u0440\u043e\u0431\u0438\u0442\u044c \u0443\u043d\u0456\u0432\u0435\u0440\u0441\u0438\u0442\u0435\u0442 \u043e\u0434\u043d\u0438\u043c \u0456\u0437 \u043d\u0430\u0439\u043a\u0440\u0430\u0449\u0435 \u043e\u0441\u043d\u0430\u0449\u0435\u043d\u0438\u0445 \u0432\u0438\u0449\u0438\u0445 \u043d\u0430\u0432\u0447\u0430\u043b\u044c\u043d\u0438\u0445 \u0437\u0430\u043a\u043b\u0430\u0434\u0456\u0432 \u0446\u0456\u0454\u0457 \u0441\u043f\u0435\u0446\u0456\u0430\u043b\u0456\u0437\u0430\u0446\u0456\u0457 \u0432 \u041f\u043e\u043b\u044c\u0449\u0456.<\/span><\/span><\/span><\/p>\n<\/div>                        <\/div>\n                    <\/div>\n                    <div class=\"col-12 col-lg-6 textBlock__colRight\">\n                        <div class=\"tbc__colRight__inner\">\n                                            <div class=\"tbc__imageBox\">\n                    <img decoding=\"async\" src=\"https:\/\/swsm.pl\/wp-content\/uploads\/2025\/10\/Mezoterapia_beziglowa_Jonosonic_MG_200.jpg\" alt=\"\" \/>\n                <\/div>\n                \n                        <\/div>\n                    <\/div>\n                    <div class=\"col-12\">\n                                    <div class=\"tbc__btns\">\n                                        <a class=\"btn btn--accent\" href=\"https:\/\/swsm.pl\/uk\/%d0%bf%d1%80%d0%be%d1%84%d0%b5%d1%81%d1%96%d0%b9%d0%bd%d1%96-%d0%bf%d1%80%d0%b8%d1%81%d1%82%d1%80%d0%be%d1%97\/%d0%ba%d0%be%d1%81%d0%bc%d0%b5%d1%82%d0%be%d0%bb%d0%be%d0%b3%d1%96%d1%87%d0%bd%d0%b8%d0%b9-%d0%ba%d0%b0%d0%b1%d1%96%d0%bd%d0%b5%d1%82\/\" target=\"_self\">\n                            \u041f\u0435\u0440\u0435\u0433\u043b\u044f\u043d\u044c\u0442\u0435 \u0433\u0430\u043b\u0435\u0440\u0435\u044e \u043f\u0440\u0438\u0441\u0442\u0440\u043e\u0457\u0432                        <\/a>\n                                                        \n                            <\/div>\n                            <\/div>\n                                                                            <\/div>\n        <\/div>\n    <\/div>\n<\/section>\n\n\n<section class=\"textBlock textBlock--1 padding-less\">\n    <div class=\"tbc\">\n        <div class=\"container\">\n            <div class=\"row\">\n                                                    <div class=\"col-12\">\n                                            <\/div>\n                    <div class=\"col-12 col-lg-6 tbc__colLeft\">\n                        <div class=\"tbc__colLeft__inner\">\n                            <h5 class=\"title title--5 color--navy-700 tbc__titleCol5\"><img decoding=\"async\" class=\"tbc__h5icon\" src=\"https:\/\/swsm.pl\/wp-content\/uploads\/2023\/11\/icon-arrow-right-blue.svg\" alt=\"\" \/>\u041a\u0430\u0431\u0456\u043d\u0435\u0442\u0438<\/h5><div class=\"text text--2 color--navy-500 tbc__colDesc\"><p>\u0412 \u043a\u0430\u0431\u0456\u043d\u0435\u0442\u0430\u0445 \u0442\u0430\u043a\u043e\u0436 \u0437\u043d\u0430\u0445\u043e\u0434\u044f\u0442\u044c\u0441\u044f \u0441\u043f\u0435\u0446\u0456\u0430\u043b\u0456\u0437\u043e\u0432\u0430\u043d\u0456 \u043f\u0440\u0438\u0441\u0442\u0440\u043e\u0457, \u0449\u043e \u043f\u0456\u0434\u0442\u0440\u0438\u043c\u0443\u044e\u0442\u044c \u0432\u0438\u043a\u043e\u043d\u0430\u043d\u043d\u044f \u043d\u0430\u0439\u0441\u0443\u0447\u0430\u0441\u043d\u0456\u0448\u0438\u0445 \u043a\u043e\u0441\u043c\u0435\u0442\u0438\u0447\u043d\u0438\u0445 \u043f\u0440\u043e\u0446\u0435\u0434\u0443\u0440, \u0442\u0430\u043a\u0456 \u044f\u043a:<br \/>\n\u0430\u043f\u0430\u0440\u0430\u0442\u0438 IPL<\/p>\n<ul>\n<li>\u0431\u0456\u043e\u0441\u0442\u0438\u043c\u0443\u043b\u044f\u0446\u0456\u0439\u043d\u0438\u0439 \u043b\u0430\u0437\u0435\u0440<\/li>\n<li>\u043b\u0430\u0437\u0435\u0440 ND Yag<\/li>\n<li>\u043f\u0440\u0438\u0441\u0442\u0440\u043e\u0457 \u0434\u043b\u044f \u043e\u043a\u0441\u0438\u0431\u0440\u0430\u0437\u0456\u0457 \u0442\u0430 \u0432\u0432\u0435\u0434\u0435\u043d\u043d\u044f \u043a\u0438\u0441\u043d\u044e<\/li>\n<li>\u0430\u043f\u0430\u0440\u0430\u0442\u0438 RF<\/li>\n<li>\u043f\u0440\u043e\u0444\u0435\u0441\u0456\u0439\u043d\u0438\u0439 \u0430\u043d\u0430\u043b\u0456\u0437\u0430\u0442\u043e\u0440 \u0441\u043a\u043b\u0430\u0434\u0443 \u0442\u0456\u043b\u0430<\/li>\n<li>\u043f\u0440\u0438\u043b\u0430\u0434 PLASMA PIX \u0434\u043b\u044f \u0431\u0435\u0437\u043a\u043e\u043d\u0442\u0430\u043a\u0442\u043d\u043e\u0433\u043e \u0444\u0440\u0430\u043a\u0446\u0456\u043e\u043d\u0443\u0432\u0430\u043d\u043d\u044f \u0448\u043a\u0456\u0440\u0438 \u0445\u043e\u043b\u043e\u0434\u043d\u043e\u044e \u043f\u043b\u0430\u0437\u043c\u043e\u044e<\/li>\n<li>\u0430\u043f\u0430\u0440\u0430\u0442\u0438 \u0434\u043b\u044f \u0430\u043b\u043c\u0430\u0437\u043d\u043e\u0457 \u043c\u0456\u043a\u0440\u043e\u0434\u0435\u0440\u043c\u0430\u0431\u0440\u0430\u0437\u0456\u0457<\/li>\n<li>\u0430\u043f\u0430\u0440\u0430\u0442\u0438 \u0434\u043b\u044f \u0433\u0435\u043d\u0435\u0440\u0430\u0446\u0456\u0457 \u0443\u043b\u044c\u0442\u0440\u0430\u0437\u0432\u0443\u043a\u0443]<\/li>\n<li>\u0430\u043f\u0430\u0440\u0430\u0442\u0438 \u0434\u043b\u044f \u043c\u0435\u0437\u043e\u0442\u0435\u0440\u0430\u043f\u0456\u0457<\/li>\n<li>\u0430\u043f\u0430\u0440\u0430\u0442\u0438 \u0434\u043b\u044f \u043f\u0440\u0435\u0441\u043e\u0442\u0435\u0440\u0430\u043f\u0456\u0457<\/li>\n<li>\u0430\u043f\u0430\u0440\u0430\u0442\u0438 \u0435\u043d\u0434\u0435\u0440\u043c\u043e\u043b\u043e\u0433\u0456\u0457<\/li>\n<li>\u0430\u043f\u0430\u0440\u0430\u0442\u0438 \u0434\u043b\u044f \u043f\u0456\u0434\u0442\u044f\u0436\u043a\u0438 \u043e\u0431\u043b\u0438\u0447\u0447\u044f \u043c\u0456\u043a\u0440\u043e\u0441\u0442\u0440\u0443\u043c\u043e\u043c<\/li>\n<li>\u0430\u043f\u0430\u0440\u0430\u0442\u0438 \u0435\u043b\u0435\u043a\u0442\u0440\u043e\u0441\u0442\u0438\u043c\u0443\u043b\u044f\u0446\u0456\u0457 \u043c&#8217;\u044f\u0437\u0456\u0432 \u0442\u0456\u043b\u0430<\/li>\n<li>\u0442\u0430 \u0431\u0430\u0433\u0430\u0442\u043e \u0456\u043d\u0448\u0438\u0445<\/li>\n<\/ul>\n<p>&nbsp;<\/p>\n<p>\u041f\u0440\u043e\u0446\u0435\u0441 \u0434\u0435\u0437\u0456\u043d\u0444\u0435\u043a\u0446\u0456\u0457 \u0442\u0430 \u0441\u0442\u0435\u0440\u0438\u043b\u0456\u0437\u0430\u0446\u0456\u0457 \u0432 \u043b\u0430\u0431\u043e\u0440\u0430\u0442\u043e\u0440\u0456\u044f\u0445 \u0437\u0434\u0456\u0439\u0441\u043d\u044e\u0454\u0442\u044c\u0441\u044f \u0456\u0437 \u0437\u0430\u0441\u0442\u043e\u0441\u0443\u0432\u0430\u043d\u043d\u044f\u043c:<\/p>\n<ul>\n<li>\u0443\u043b\u044c\u0442\u0440\u0430\u0437\u0432\u0443\u043a\u043e\u0432\u043e\u0433\u043e \u043e\u0447\u0438\u0449\u0443\u0432\u0430\u0447\u0430<\/li>\n<li>\u0430\u0432\u0442\u043e\u043a\u043b\u0430\u0432\u0430<\/li>\n<\/ul>\n<\/div>                        <\/div>\n                    <\/div>\n                    <div class=\"col-12 col-lg-6 tbc__colRight\">\n                        <div class=\"tbc__colRight__inner\">\n                            <h5 class=\"title title--5 color--navy-700 tbc__titleCol5\"><img decoding=\"async\" class=\"tbc__h5icon\" src=\"https:\/\/swsm.pl\/wp-content\/uploads\/2023\/11\/icon-arrow-right-blue.svg\" alt=\"\" \/>\u041e\u0431\u043b\u0430\u0434\u043d\u0430\u043d\u043d\u044f<\/h5><div class=\"text text--2 color--navy-500 tbc__colDesc\"><p>\u0423 \u043a\u043e\u0441\u043c\u0435\u0442\u043e\u043b\u043e\u0433\u0456\u0447\u043d\u0438\u0445 \u043a\u0430\u0431\u0456\u043d\u0435\u0442\u0430\u0445 \u0441\u0442\u0443\u0434\u0435\u043d\u0442\u0430\u043c \u0434\u043e\u0441\u0442\u0443\u043f\u043d\u0435 \u043f\u0440\u043e\u0444\u0435\u0441\u0456\u0439\u043d\u0435 \u043e\u0431\u043b\u0430\u0434\u043d\u0430\u043d\u043d\u044f \u0434\u043b\u044f \u0434\u0456\u0430\u0433\u043d\u043e\u0441\u0442\u0438\u043a\u0438 \u0448\u043a\u0456\u0440\u0438, \u0437\u043e\u043a\u0440\u0435\u043c\u0430:<\/p>\n<ul>\n<li>\u0430\u043f\u0430\u0440\u0430\u0442 \u0434\u043b\u044f \u0434\u0456\u0430\u0433\u043d\u043e\u0441\u0442\u0438\u043a\u0438 \u0448\u043a\u0456\u0440\u0438 \u0437\u0430 \u0434\u043e\u043f\u043e\u043c\u043e\u0433\u043e\u044e \u0437\u043e\u043d\u0434\u0456\u0432, \u0442\u0430\u043a\u0438\u0445 \u044f\u043a Corneometer, Mexameter, pH-meter, Tewamater \u0456 \u0456\u043d\u0448\u0438\u0445<\/li>\n<li>\u0443\u043b\u044c\u0442\u0440\u0430\u0441\u043e\u043d\u043e\u0433\u0440\u0430\u0444 Drami\u0144ski Derma MED \u2013 \u043f\u0440\u0438\u043b\u0430\u0434 \u0434\u043b\u044f \u0443\u043b\u044c\u0442\u0440\u0430\u0437\u0432\u0443\u043a\u043e\u0432\u043e\u0433\u043e \u0432\u0438\u043c\u0456\u0440\u044e\u0432\u0430\u043d\u043d\u044f \u0442\u043e\u0432\u0449\u0438\u043d\u0438 \u0442\u0430 \u0449\u0456\u043b\u044c\u043d\u043e\u0441\u0442\u0456 \u0448\u043a\u0456\u0440\u0438<\/li>\n<li>\u043a\u0430\u043c\u0435\u0440\u0430 \u0434\u043b\u044f \u0434\u0456\u0430\u0433\u043d\u043e\u0441\u0442\u0438\u043a\u0438 \u0448\u043a\u0456\u0440\u0438 VisioFace RD<\/li>\n<li>\u0431\u0430\u0433\u0430\u0442\u043e\u0444\u0443\u043d\u043a\u0446\u0456\u043e\u043d\u0430\u043b\u044c\u043d\u0438\u0439 \u0434\u0456\u0430\u0433\u043d\u043e\u0441\u0442\u0438\u0447\u043d\u0438\u0439 \u043f\u0440\u0438\u0441\u0442\u0440\u0456\u0439 Multi Skin Test Center MC 1000<\/li>\n<li>\u0434\u0435\u0440\u043c\u0430\u0442\u043e\u0441\u043a\u043e\u043f\u0438<\/li>\n<li>\u043b\u0430\u043c\u043f\u0430 \u0412\u0443\u0434\u0430<\/li>\n<li>\u043f\u043e\u0434\u043e\u043b\u043e\u0433\u0456\u0447\u043d\u0438\u0439 \u0441\u043a\u0430\u043d\u0435\u0440<\/li>\n<li>\u0434\u0456\u0430\u0433\u043d\u043e\u0441\u0442\u0438\u0447\u043d\u0430 \u043f\u043e\u0434\u043e\u043b\u043e\u0433\u0456\u0447\u043d\u0430 \u043f\u043b\u0430\u0442\u0444\u043e\u0440\u043c\u0430<\/li>\n<\/ul>\n<p>&nbsp;<\/p>\n<p>\u041a\u043e\u0436\u043d\u0435 \u0440\u043e\u0431\u043e\u0447\u0435 \u043c\u0456\u0441\u0446\u0435 \u043e\u0441\u043d\u0430\u0449\u0435\u043d\u0435:<\/p>\n<ul>\n<li>\u043a\u043e\u0441\u043c\u0435\u0442\u0438\u0447\u043d\u0438\u043c \u043a\u0440\u0456\u0441\u043b\u043e\u043c<\/li>\n<li>\u043b\u0430\u043c\u043f\u043e\u044e \u0437 \u043b\u0443\u043f\u043e\u044e<\/li>\n<li>\u043a\u043e\u0441\u043c\u0435\u0442\u0438\u0447\u043d\u0438\u043c \u043a\u043e\u043c\u0431\u0430\u0439\u043d\u043e\u043c (d*Arsonwal, \u0432\u0430\u043a\u0443\u0443\u043c\u043d\u0435 \u0432\u0456\u0434\u0441\u043c\u043e\u043a\u0442\u0443\u0432\u0430\u043d\u043d\u044f \u0442\u0430 \u0441\u043f\u0440\u0435\u0439, \u043b\u0456\u043c\u0444\u0430\u0442\u0438\u0447\u043d\u0438\u0439 \u0434\u0440\u0435\u043d\u0430\u0436 \u043e\u0431\u043b\u0438\u0447\u0447\u044f, \u0449\u0456\u0442\u043a\u0438, \u0456\u043e\u043d\u043e\u0444\u043e\u0440\u0435\u0437, \u0435\u043b\u0435\u043a\u0442\u0440\u043e\u0441\u0442\u0438\u043c\u0443\u043b\u044f\u0446\u0456\u044f \u043c\u2019\u044f\u0437\u0456\u0432)<\/li>\n<li>\u0432\u0430\u043f\u043e\u0437\u043e\u043d, \u0441\u0442\u0456\u043b \u0456 \u0442\u0430\u0431\u0443\u0440\u0435\u0442<\/li>\n<\/ul>\n<p>&nbsp;<\/p>\n<p>\u041e\u0431\u043b\u0430\u0434\u043d\u0430\u043d\u043d\u044f, \u043d\u0430 \u044f\u043a\u043e\u043c\u0443 \u043c\u043e\u0436\u0443\u0442\u044c \u043f\u0440\u0430\u0446\u044e\u0432\u0430\u0442\u0438 \u0441\u0442\u0443\u0434\u0435\u043d\u0442\u0438, \u043f\u043e\u0445\u043e\u0434\u0438\u0442\u044c \u0432\u0456\u0434 \u0432\u0456\u0434\u043e\u043c\u0438\u0445 \u043a\u043e\u043c\u043f\u0430\u043d\u0456\u0439, \u0442\u0430\u043a\u0438\u0445 \u044f\u043a: Sorisa, Ionto Comed, Clarena, Aycom.<\/p>\n<\/div>                        <\/div>\n                    <\/div>\n                    <div class=\"col-12\">\n                                            <\/div>\n                                                                                            <\/div>\n        <\/div>\n    <\/div>\n<\/section>\n","protected":false},"excerpt":{"rendered":"","protected":false},"author":9,"featured_media":0,"parent":0,"menu_order":2,"comment_status":"closed","ping_status":"closed","template":"","meta":{"_acf_changed":false,"footnotes":""},"class_list":["post-27298","page","type-page","status-publish","hentry"],"acf":{"alert_on":false,"alert_filter_tag_select":false,"alert_filter_by_tag":[],"modalComunicatHeader_blog":"","modalComunicatHeader_link":null},"yoast_head":"<!-- This site is optimized with the Yoast SEO plugin v27.4 - https:\/\/yoast.com\/product\/yoast-seo-wordpress\/ -->\n<title>\u041f\u0440\u043e\u0444\u0435\u0441\u0456\u0439\u043d\u0456 \u043f\u0440\u0438\u0441\u0442\u0440\u043e\u0457 - SWSM<\/title>\n<meta name=\"robots\" content=\"index, follow, max-snippet:-1, max-image-preview:large, max-video-preview:-1\" \/>\n<link rel=\"canonical\" href=\"https:\/\/swsm.pl\/uk\/\u043f\u0440\u043e\u0444\u0435\u0441\u0456\u0439\u043d\u0456-\u043f\u0440\u0438\u0441\u0442\u0440\u043e\u0457\/\" \/>\n<meta property=\"og:locale\" content=\"uk_UA\" \/>\n<meta property=\"og:type\" content=\"article\" \/>\n<meta property=\"og:title\" content=\"\u041f\u0440\u043e\u0444\u0435\u0441\u0456\u0439\u043d\u0456 \u043f\u0440\u0438\u0441\u0442\u0440\u043e\u0457 - SWSM\" \/>\n<meta property=\"og:url\" content=\"https:\/\/swsm.pl\/uk\/\u043f\u0440\u043e\u0444\u0435\u0441\u0456\u0439\u043d\u0456-\u043f\u0440\u0438\u0441\u0442\u0440\u043e\u0457\/\" \/>\n<meta property=\"og:site_name\" content=\"SWSM\" \/>\n<meta property=\"article:modified_time\" content=\"2025-10-10T12:18:29+00:00\" \/>\n<meta name=\"twitter:card\" content=\"summary_large_image\" \/>\n<script type=\"application\/ld+json\" class=\"yoast-schema-graph\">{\"@context\":\"https:\\\/\\\/schema.org\",\"@graph\":[{\"@type\":\"WebPage\",\"@id\":\"https:\\\/\\\/swsm.pl\\\/uk\\\/%d0%bf%d1%80%d0%be%d1%84%d0%b5%d1%81%d1%96%d0%b9%d0%bd%d1%96-%d0%bf%d1%80%d0%b8%d1%81%d1%82%d1%80%d0%be%d1%97\\\/\",\"url\":\"https:\\\/\\\/swsm.pl\\\/uk\\\/%d0%bf%d1%80%d0%be%d1%84%d0%b5%d1%81%d1%96%d0%b9%d0%bd%d1%96-%d0%bf%d1%80%d0%b8%d1%81%d1%82%d1%80%d0%be%d1%97\\\/\",\"name\":\"\u041f\u0440\u043e\u0444\u0435\u0441\u0456\u0439\u043d\u0456 \u043f\u0440\u0438\u0441\u0442\u0440\u043e\u0457 - SWSM\",\"isPartOf\":{\"@id\":\"https:\\\/\\\/swsm.pl\\\/#website\"},\"datePublished\":\"2025-10-10T11:51:59+00:00\",\"dateModified\":\"2025-10-10T12:18:29+00:00\",\"breadcrumb\":{\"@id\":\"https:\\\/\\\/swsm.pl\\\/uk\\\/%d0%bf%d1%80%d0%be%d1%84%d0%b5%d1%81%d1%96%d0%b9%d0%bd%d1%96-%d0%bf%d1%80%d0%b8%d1%81%d1%82%d1%80%d0%be%d1%97\\\/#breadcrumb\"},\"inLanguage\":\"uk\",\"potentialAction\":[{\"@type\":\"ReadAction\",\"target\":[\"https:\\\/\\\/swsm.pl\\\/uk\\\/%d0%bf%d1%80%d0%be%d1%84%d0%b5%d1%81%d1%96%d0%b9%d0%bd%d1%96-%d0%bf%d1%80%d0%b8%d1%81%d1%82%d1%80%d0%be%d1%97\\\/\"]}]},{\"@type\":\"BreadcrumbList\",\"@id\":\"https:\\\/\\\/swsm.pl\\\/uk\\\/%d0%bf%d1%80%d0%be%d1%84%d0%b5%d1%81%d1%96%d0%b9%d0%bd%d1%96-%d0%bf%d1%80%d0%b8%d1%81%d1%82%d1%80%d0%be%d1%97\\\/#breadcrumb\",\"itemListElement\":[{\"@type\":\"ListItem\",\"position\":1,\"name\":\"Strona g\u0142\u00f3wna\",\"item\":\"https:\\\/\\\/swsm.pl\\\/uk\\\/\"},{\"@type\":\"ListItem\",\"position\":2,\"name\":\"\u041f\u0440\u043e\u0444\u0435\u0441\u0456\u0439\u043d\u0456 \u043f\u0440\u0438\u0441\u0442\u0440\u043e\u0457\"}]},{\"@type\":\"WebSite\",\"@id\":\"https:\\\/\\\/swsm.pl\\\/#website\",\"url\":\"https:\\\/\\\/swsm.pl\\\/\",\"name\":\"SWSM\",\"description\":\"\u015al\u0105ska Wy\u017csza Szko\u0142a Medyczna w Katowicach\",\"potentialAction\":[{\"@type\":\"SearchAction\",\"target\":{\"@type\":\"EntryPoint\",\"urlTemplate\":\"https:\\\/\\\/swsm.pl\\\/?s={search_term_string}\"},\"query-input\":{\"@type\":\"PropertyValueSpecification\",\"valueRequired\":true,\"valueName\":\"search_term_string\"}}],\"inLanguage\":\"uk\"}]}<\/script>\n<!-- \/ Yoast SEO plugin. -->","yoast_head_json":{"title":"\u041f\u0440\u043e\u0444\u0435\u0441\u0456\u0439\u043d\u0456 \u043f\u0440\u0438\u0441\u0442\u0440\u043e\u0457 - SWSM","robots":{"index":"index","follow":"follow","max-snippet":"max-snippet:-1","max-image-preview":"max-image-preview:large","max-video-preview":"max-video-preview:-1"},"canonical":"https:\/\/swsm.pl\/uk\/\u043f\u0440\u043e\u0444\u0435\u0441\u0456\u0439\u043d\u0456-\u043f\u0440\u0438\u0441\u0442\u0440\u043e\u0457\/","og_locale":"uk_UA","og_type":"article","og_title":"\u041f\u0440\u043e\u0444\u0435\u0441\u0456\u0439\u043d\u0456 \u043f\u0440\u0438\u0441\u0442\u0440\u043e\u0457 - SWSM","og_url":"https:\/\/swsm.pl\/uk\/\u043f\u0440\u043e\u0444\u0435\u0441\u0456\u0439\u043d\u0456-\u043f\u0440\u0438\u0441\u0442\u0440\u043e\u0457\/","og_site_name":"SWSM","article_modified_time":"2025-10-10T12:18:29+00:00","twitter_card":"summary_large_image","schema":{"@context":"https:\/\/schema.org","@graph":[{"@type":"WebPage","@id":"https:\/\/swsm.pl\/uk\/%d0%bf%d1%80%d0%be%d1%84%d0%b5%d1%81%d1%96%d0%b9%d0%bd%d1%96-%d0%bf%d1%80%d0%b8%d1%81%d1%82%d1%80%d0%be%d1%97\/","url":"https:\/\/swsm.pl\/uk\/%d0%bf%d1%80%d0%be%d1%84%d0%b5%d1%81%d1%96%d0%b9%d0%bd%d1%96-%d0%bf%d1%80%d0%b8%d1%81%d1%82%d1%80%d0%be%d1%97\/","name":"\u041f\u0440\u043e\u0444\u0435\u0441\u0456\u0439\u043d\u0456 \u043f\u0440\u0438\u0441\u0442\u0440\u043e\u0457 - SWSM","isPartOf":{"@id":"https:\/\/swsm.pl\/#website"},"datePublished":"2025-10-10T11:51:59+00:00","dateModified":"2025-10-10T12:18:29+00:00","breadcrumb":{"@id":"https:\/\/swsm.pl\/uk\/%d0%bf%d1%80%d0%be%d1%84%d0%b5%d1%81%d1%96%d0%b9%d0%bd%d1%96-%d0%bf%d1%80%d0%b8%d1%81%d1%82%d1%80%d0%be%d1%97\/#breadcrumb"},"inLanguage":"uk","potentialAction":[{"@type":"ReadAction","target":["https:\/\/swsm.pl\/uk\/%d0%bf%d1%80%d0%be%d1%84%d0%b5%d1%81%d1%96%d0%b9%d0%bd%d1%96-%d0%bf%d1%80%d0%b8%d1%81%d1%82%d1%80%d0%be%d1%97\/"]}]},{"@type":"BreadcrumbList","@id":"https:\/\/swsm.pl\/uk\/%d0%bf%d1%80%d0%be%d1%84%d0%b5%d1%81%d1%96%d0%b9%d0%bd%d1%96-%d0%bf%d1%80%d0%b8%d1%81%d1%82%d1%80%d0%be%d1%97\/#breadcrumb","itemListElement":[{"@type":"ListItem","position":1,"name":"Strona g\u0142\u00f3wna","item":"https:\/\/swsm.pl\/uk\/"},{"@type":"ListItem","position":2,"name":"\u041f\u0440\u043e\u0444\u0435\u0441\u0456\u0439\u043d\u0456 \u043f\u0440\u0438\u0441\u0442\u0440\u043e\u0457"}]},{"@type":"WebSite","@id":"https:\/\/swsm.pl\/#website","url":"https:\/\/swsm.pl\/","name":"SWSM","description":"\u015al\u0105ska Wy\u017csza Szko\u0142a Medyczna w Katowicach","potentialAction":[{"@type":"SearchAction","target":{"@type":"EntryPoint","urlTemplate":"https:\/\/swsm.pl\/?s={search_term_string}"},"query-input":{"@type":"PropertyValueSpecification","valueRequired":true,"valueName":"search_term_string"}}],"inLanguage":"uk"}]}},"_links":{"self":[{"href":"https:\/\/swsm.pl\/uk\/wp-json\/wp\/v2\/pages\/27298","targetHints":{"allow":["GET"]}}],"collection":[{"href":"https:\/\/swsm.pl\/uk\/wp-json\/wp\/v2\/pages"}],"about":[{"href":"https:\/\/swsm.pl\/uk\/wp-json\/wp\/v2\/types\/page"}],"author":[{"embeddable":true,"href":"https:\/\/swsm.pl\/uk\/wp-json\/wp\/v2\/users\/9"}],"replies":[{"embeddable":true,"href":"https:\/\/swsm.pl\/uk\/wp-json\/wp\/v2\/comments?post=27298"}],"version-history":[{"count":4,"href":"https:\/\/swsm.pl\/uk\/wp-json\/wp\/v2\/pages\/27298\/revisions"}],"predecessor-version":[{"id":27320,"href":"https:\/\/swsm.pl\/uk\/wp-json\/wp\/v2\/pages\/27298\/revisions\/27320"}],"wp:attachment":[{"href":"https:\/\/swsm.pl\/uk\/wp-json\/wp\/v2\/media?parent=27298"}],"curies":[{"name":"wp","href":"https:\/\/api.w.org\/{rel}","templated":true}]}}