{"id":27300,"date":"2025-10-10T11:54:49","date_gmt":"2025-10-10T11:54:49","guid":{"rendered":"https:\/\/swsm.pl\/?page_id=27300"},"modified":"2025-10-10T12:14:16","modified_gmt":"2025-10-10T12:14:16","slug":"%d0%bb%d0%b0%d0%b1%d0%be%d1%80%d0%b0%d1%82%d0%be%d1%80%d1%96%d1%8f-%d1%85%d0%b0%d1%80%d1%87%d1%83%d0%b2%d0%b0%d0%bd%d0%bd%d1%8f","status":"publish","type":"page","link":"https:\/\/swsm.pl\/uk\/%d0%bf%d1%80%d0%be%d1%84%d0%b5%d1%81%d1%96%d0%b9%d0%bd%d1%96-%d0%bf%d1%80%d0%b8%d1%81%d1%82%d1%80%d0%be%d1%97\/%d0%bb%d0%b0%d0%b1%d0%be%d1%80%d0%b0%d1%82%d0%be%d1%80%d1%96%d1%8f-%d1%85%d0%b0%d1%80%d1%87%d1%83%d0%b2%d0%b0%d0%bd%d0%bd%d1%8f\/","title":{"rendered":"\u041b\u0430\u0431\u043e\u0440\u0430\u0442\u043e\u0440\u0456\u044f \u0445\u0430\u0440\u0447\u0443\u0432\u0430\u043d\u043d\u044f"},"content":{"rendered":"<section class=\"textSimplePhrase  \">\n    <div class=\"container\">\n        <div class=\"row\">\n            <div class=\"col-12\">\n                <div class=\"textSimplePhrase__inner\">\n                                    <\/div>\n            <\/div>\n        <\/div>\n    <\/div>\n<\/section>\n\n<section class=\"textSimpleHeader textSimpleHeader--5   \">\n    <div class=\"container\">\n        <div class=\"row\">\n            <div class=\"col-12\">\n                <div class=\"textSimpleHeader__inner\">\n                    <h5 class=\"title title--5 color--navy-700\">\u0413\u0430\u043b\u0435\u0440\u0435\u044f \u0432\u0438\u0431\u0440\u0430\u043d\u0438\u0445 \u043f\u0440\u0438\u0441\u0442\u0440\u043e\u0457\u0432<\/h5>                <\/div>\n            <\/div>\n        <\/div>\n    <\/div>\n<\/section>\n\n<section class=\"photo-block\">\n    <div class=\"container\">\n        <div class=\"row\">\n\n            \n                                                                                                <div class=\"col-12 col-md-6\">\n                                    <div class=\"photo-block__picture\">\n\n                                                                                    <img decoding=\"async\" src=\"https:\/\/swsm.pl\/wp-content\/uploads\/2025\/10\/Mlynek-Nuova-Simonelli-MDH.jpg\" alt=\"\" \/>\n                                                                                                                                                                            <p class=\"text--3\">M\u0142ynek Nuova Simonelli MDH<\/p>\n                                                                                    \n                                    <\/div>\n                                <\/div>\n                        \t                                <div class=\"col-12 col-md-6\">\n                                    <div class=\"photo-block__picture\">\n\n                                                                                    <img decoding=\"async\" src=\"https:\/\/swsm.pl\/wp-content\/uploads\/2025\/10\/Ekspres-do-kawy-NUOVA-SIMONELLI.jpg\" alt=\"\" \/>\n                                                                                                                                                                            <p class=\"text--3\">Ekspres do kawy NUOVA SIMONELLI<\/p>\n                                                                                    \n                                    <\/div>\n                                <\/div>\n                        \t                                    <\/section>\n\n<section class=\"photo-block\">\n    <div class=\"container\">\n        <div class=\"row\">\n\n            \n                                                                                                <div class=\"col-12 col-md-6\">\n                                    <div class=\"photo-block__picture\">\n\n                                                                                    <img decoding=\"async\" src=\"https:\/\/swsm.pl\/wp-content\/uploads\/2025\/10\/Aromatyzer-Aladin2.jpg\" alt=\"\" \/>\n                                                                                                                                                                            <p class=\"text--3\">Aromatyzer Aladin<\/p>\n                                                                                    \n                                    <\/div>\n                                <\/div>\n                        \t                                <div class=\"col-12 col-md-6\">\n                                    <div class=\"photo-block__picture\">\n\n                                                                                    <img decoding=\"async\" src=\"https:\/\/swsm.pl\/wp-content\/uploads\/2025\/10\/Blender-barowy-Hamilton-Beach.jpg\" alt=\"\" \/>\n                                                                                                                                                                            <p class=\"text--3\">Blender barowy Hamilton Beach<\/p>\n                                                                                    \n                                    <\/div>\n                                <\/div>\n                        \t                                    <\/section>\n\n<section class=\"photo-block\">\n    <div class=\"container\">\n        <div class=\"row\">\n\n            \n                                                                                                <div class=\"col-12 col-md-6\">\n                                    <div class=\"photo-block__picture\">\n\n                                                                                    <img decoding=\"async\" src=\"https:\/\/swsm.pl\/wp-content\/uploads\/2025\/10\/Pakowarka-prozniowa-Listwowa-Royal-Caterin.jpg\" alt=\"\" \/>\n                                                                                                                                                                            <p class=\"text--3\">Pakowarka pr\u00f3\u017cniowa Listwowa Royal Caterin<\/p>\n                                                                                    \n                                    <\/div>\n                                <\/div>\n                        \t                                <div class=\"col-12 col-md-6\">\n                                    <div class=\"photo-block__picture\">\n\n                                                                                    <img decoding=\"async\" src=\"https:\/\/swsm.pl\/wp-content\/uploads\/2025\/10\/Urzadzenie-do-wolnego-gotowania-sous-vide-system.jpg\" alt=\"\" \/>\n                                                                                                                                                                            <p class=\"text--3\">Urz\u0105dzenie do wolnego gotowania sous &#8211; vide system<\/p>\n                                                                                    \n                                    <\/div>\n                                <\/div>\n                        \t                                    <\/section>\n\n<section class=\"photo-block\">\n    <div class=\"container\">\n        <div class=\"row\">\n\n            \n                                                                                                <div class=\"col-12 col-md-6\">\n                                    <div class=\"photo-block__picture\">\n\n                                                                                    <img decoding=\"async\" src=\"https:\/\/swsm.pl\/wp-content\/uploads\/2025\/10\/Maszynka-do-kawioru-Caviar-BOX.jpg\" alt=\"\" \/>\n                                                                                                                                                                            <p class=\"text--3\">Maszynka do kawioru Caviar BOX<\/p>\n                                                                                    \n                                    <\/div>\n                                <\/div>\n                        \t                                    <\/section>","protected":false},"excerpt":{"rendered":"","protected":false},"author":9,"featured_media":0,"parent":27298,"menu_order":0,"comment_status":"closed","ping_status":"closed","template":"","meta":{"_acf_changed":false,"footnotes":""},"class_list":["post-27300","page","type-page","status-publish","hentry"],"acf":{"alert_on":false,"alert_filter_tag_select":false,"alert_filter_by_tag":[],"modalComunicatHeader_blog":"","modalComunicatHeader_link":null},"yoast_head":"<!-- This site is optimized with the Yoast SEO plugin v27.4 - https:\/\/yoast.com\/product\/yoast-seo-wordpress\/ -->\n<title>\u041b\u0430\u0431\u043e\u0440\u0430\u0442\u043e\u0440\u0456\u044f \u0445\u0430\u0440\u0447\u0443\u0432\u0430\u043d\u043d\u044f - SWSM<\/title>\n<meta name=\"robots\" content=\"index, follow, max-snippet:-1, max-image-preview:large, max-video-preview:-1\" \/>\n<link rel=\"canonical\" href=\"https:\/\/swsm.pl\/uk\/\u043f\u0440\u043e\u0444\u0435\u0441\u0456\u0439\u043d\u0456-\u043f\u0440\u0438\u0441\u0442\u0440\u043e\u0457\/\u043b\u0430\u0431\u043e\u0440\u0430\u0442\u043e\u0440\u0456\u044f-\u0445\u0430\u0440\u0447\u0443\u0432\u0430\u043d\u043d\u044f\/\" \/>\n<meta property=\"og:locale\" content=\"uk_UA\" \/>\n<meta property=\"og:type\" content=\"article\" \/>\n<meta property=\"og:title\" content=\"\u041b\u0430\u0431\u043e\u0440\u0430\u0442\u043e\u0440\u0456\u044f \u0445\u0430\u0440\u0447\u0443\u0432\u0430\u043d\u043d\u044f - SWSM\" \/>\n<meta property=\"og:url\" content=\"https:\/\/swsm.pl\/uk\/\u043f\u0440\u043e\u0444\u0435\u0441\u0456\u0439\u043d\u0456-\u043f\u0440\u0438\u0441\u0442\u0440\u043e\u0457\/\u043b\u0430\u0431\u043e\u0440\u0430\u0442\u043e\u0440\u0456\u044f-\u0445\u0430\u0440\u0447\u0443\u0432\u0430\u043d\u043d\u044f\/\" \/>\n<meta property=\"og:site_name\" content=\"SWSM\" \/>\n<meta property=\"article:modified_time\" content=\"2025-10-10T12:14:16+00:00\" \/>\n<meta name=\"twitter:card\" content=\"summary_large_image\" \/>\n<script type=\"application\/ld+json\" class=\"yoast-schema-graph\">{\"@context\":\"https:\\\/\\\/schema.org\",\"@graph\":[{\"@type\":\"WebPage\",\"@id\":\"https:\\\/\\\/swsm.pl\\\/uk\\\/%d0%bf%d1%80%d0%be%d1%84%d0%b5%d1%81%d1%96%d0%b9%d0%bd%d1%96-%d0%bf%d1%80%d0%b8%d1%81%d1%82%d1%80%d0%be%d1%97\\\/%d0%bb%d0%b0%d0%b1%d0%be%d1%80%d0%b0%d1%82%d0%be%d1%80%d1%96%d1%8f-%d1%85%d0%b0%d1%80%d1%87%d1%83%d0%b2%d0%b0%d0%bd%d0%bd%d1%8f\\\/\",\"url\":\"https:\\\/\\\/swsm.pl\\\/uk\\\/%d0%bf%d1%80%d0%be%d1%84%d0%b5%d1%81%d1%96%d0%b9%d0%bd%d1%96-%d0%bf%d1%80%d0%b8%d1%81%d1%82%d1%80%d0%be%d1%97\\\/%d0%bb%d0%b0%d0%b1%d0%be%d1%80%d0%b0%d1%82%d0%be%d1%80%d1%96%d1%8f-%d1%85%d0%b0%d1%80%d1%87%d1%83%d0%b2%d0%b0%d0%bd%d0%bd%d1%8f\\\/\",\"name\":\"\u041b\u0430\u0431\u043e\u0440\u0430\u0442\u043e\u0440\u0456\u044f \u0445\u0430\u0440\u0447\u0443\u0432\u0430\u043d\u043d\u044f - SWSM\",\"isPartOf\":{\"@id\":\"https:\\\/\\\/swsm.pl\\\/#website\"},\"datePublished\":\"2025-10-10T11:54:49+00:00\",\"dateModified\":\"2025-10-10T12:14:16+00:00\",\"breadcrumb\":{\"@id\":\"https:\\\/\\\/swsm.pl\\\/uk\\\/%d0%bf%d1%80%d0%be%d1%84%d0%b5%d1%81%d1%96%d0%b9%d0%bd%d1%96-%d0%bf%d1%80%d0%b8%d1%81%d1%82%d1%80%d0%be%d1%97\\\/%d0%bb%d0%b0%d0%b1%d0%be%d1%80%d0%b0%d1%82%d0%be%d1%80%d1%96%d1%8f-%d1%85%d0%b0%d1%80%d1%87%d1%83%d0%b2%d0%b0%d0%bd%d0%bd%d1%8f\\\/#breadcrumb\"},\"inLanguage\":\"uk\",\"potentialAction\":[{\"@type\":\"ReadAction\",\"target\":[\"https:\\\/\\\/swsm.pl\\\/uk\\\/%d0%bf%d1%80%d0%be%d1%84%d0%b5%d1%81%d1%96%d0%b9%d0%bd%d1%96-%d0%bf%d1%80%d0%b8%d1%81%d1%82%d1%80%d0%be%d1%97\\\/%d0%bb%d0%b0%d0%b1%d0%be%d1%80%d0%b0%d1%82%d0%be%d1%80%d1%96%d1%8f-%d1%85%d0%b0%d1%80%d1%87%d1%83%d0%b2%d0%b0%d0%bd%d0%bd%d1%8f\\\/\"]}]},{\"@type\":\"BreadcrumbList\",\"@id\":\"https:\\\/\\\/swsm.pl\\\/uk\\\/%d0%bf%d1%80%d0%be%d1%84%d0%b5%d1%81%d1%96%d0%b9%d0%bd%d1%96-%d0%bf%d1%80%d0%b8%d1%81%d1%82%d1%80%d0%be%d1%97\\\/%d0%bb%d0%b0%d0%b1%d0%be%d1%80%d0%b0%d1%82%d0%be%d1%80%d1%96%d1%8f-%d1%85%d0%b0%d1%80%d1%87%d1%83%d0%b2%d0%b0%d0%bd%d0%bd%d1%8f\\\/#breadcrumb\",\"itemListElement\":[{\"@type\":\"ListItem\",\"position\":1,\"name\":\"Strona g\u0142\u00f3wna\",\"item\":\"https:\\\/\\\/swsm.pl\\\/uk\\\/\"},{\"@type\":\"ListItem\",\"position\":2,\"name\":\"\u041f\u0440\u043e\u0444\u0435\u0441\u0456\u0439\u043d\u0456 \u043f\u0440\u0438\u0441\u0442\u0440\u043e\u0457\",\"item\":\"https:\\\/\\\/swsm.pl\\\/uk\\\/%d0%bf%d1%80%d0%be%d1%84%d0%b5%d1%81%d1%96%d0%b9%d0%bd%d1%96-%d0%bf%d1%80%d0%b8%d1%81%d1%82%d1%80%d0%be%d1%97\\\/\"},{\"@type\":\"ListItem\",\"position\":3,\"name\":\"\u041b\u0430\u0431\u043e\u0440\u0430\u0442\u043e\u0440\u0456\u044f \u0445\u0430\u0440\u0447\u0443\u0432\u0430\u043d\u043d\u044f\"}]},{\"@type\":\"WebSite\",\"@id\":\"https:\\\/\\\/swsm.pl\\\/#website\",\"url\":\"https:\\\/\\\/swsm.pl\\\/\",\"name\":\"SWSM\",\"description\":\"\u015al\u0105ska Wy\u017csza Szko\u0142a Medyczna w Katowicach\",\"potentialAction\":[{\"@type\":\"SearchAction\",\"target\":{\"@type\":\"EntryPoint\",\"urlTemplate\":\"https:\\\/\\\/swsm.pl\\\/?s={search_term_string}\"},\"query-input\":{\"@type\":\"PropertyValueSpecification\",\"valueRequired\":true,\"valueName\":\"search_term_string\"}}],\"inLanguage\":\"uk\"}]}<\/script>\n<!-- \/ Yoast SEO plugin. -->","yoast_head_json":{"title":"\u041b\u0430\u0431\u043e\u0440\u0430\u0442\u043e\u0440\u0456\u044f \u0445\u0430\u0440\u0447\u0443\u0432\u0430\u043d\u043d\u044f - SWSM","robots":{"index":"index","follow":"follow","max-snippet":"max-snippet:-1","max-image-preview":"max-image-preview:large","max-video-preview":"max-video-preview:-1"},"canonical":"https:\/\/swsm.pl\/uk\/\u043f\u0440\u043e\u0444\u0435\u0441\u0456\u0439\u043d\u0456-\u043f\u0440\u0438\u0441\u0442\u0440\u043e\u0457\/\u043b\u0430\u0431\u043e\u0440\u0430\u0442\u043e\u0440\u0456\u044f-\u0445\u0430\u0440\u0447\u0443\u0432\u0430\u043d\u043d\u044f\/","og_locale":"uk_UA","og_type":"article","og_title":"\u041b\u0430\u0431\u043e\u0440\u0430\u0442\u043e\u0440\u0456\u044f \u0445\u0430\u0440\u0447\u0443\u0432\u0430\u043d\u043d\u044f - SWSM","og_url":"https:\/\/swsm.pl\/uk\/\u043f\u0440\u043e\u0444\u0435\u0441\u0456\u0439\u043d\u0456-\u043f\u0440\u0438\u0441\u0442\u0440\u043e\u0457\/\u043b\u0430\u0431\u043e\u0440\u0430\u0442\u043e\u0440\u0456\u044f-\u0445\u0430\u0440\u0447\u0443\u0432\u0430\u043d\u043d\u044f\/","og_site_name":"SWSM","article_modified_time":"2025-10-10T12:14:16+00:00","twitter_card":"summary_large_image","schema":{"@context":"https:\/\/schema.org","@graph":[{"@type":"WebPage","@id":"https:\/\/swsm.pl\/uk\/%d0%bf%d1%80%d0%be%d1%84%d0%b5%d1%81%d1%96%d0%b9%d0%bd%d1%96-%d0%bf%d1%80%d0%b8%d1%81%d1%82%d1%80%d0%be%d1%97\/%d0%bb%d0%b0%d0%b1%d0%be%d1%80%d0%b0%d1%82%d0%be%d1%80%d1%96%d1%8f-%d1%85%d0%b0%d1%80%d1%87%d1%83%d0%b2%d0%b0%d0%bd%d0%bd%d1%8f\/","url":"https:\/\/swsm.pl\/uk\/%d0%bf%d1%80%d0%be%d1%84%d0%b5%d1%81%d1%96%d0%b9%d0%bd%d1%96-%d0%bf%d1%80%d0%b8%d1%81%d1%82%d1%80%d0%be%d1%97\/%d0%bb%d0%b0%d0%b1%d0%be%d1%80%d0%b0%d1%82%d0%be%d1%80%d1%96%d1%8f-%d1%85%d0%b0%d1%80%d1%87%d1%83%d0%b2%d0%b0%d0%bd%d0%bd%d1%8f\/","name":"\u041b\u0430\u0431\u043e\u0440\u0430\u0442\u043e\u0440\u0456\u044f \u0445\u0430\u0440\u0447\u0443\u0432\u0430\u043d\u043d\u044f - SWSM","isPartOf":{"@id":"https:\/\/swsm.pl\/#website"},"datePublished":"2025-10-10T11:54:49+00:00","dateModified":"2025-10-10T12:14:16+00:00","breadcrumb":{"@id":"https:\/\/swsm.pl\/uk\/%d0%bf%d1%80%d0%be%d1%84%d0%b5%d1%81%d1%96%d0%b9%d0%bd%d1%96-%d0%bf%d1%80%d0%b8%d1%81%d1%82%d1%80%d0%be%d1%97\/%d0%bb%d0%b0%d0%b1%d0%be%d1%80%d0%b0%d1%82%d0%be%d1%80%d1%96%d1%8f-%d1%85%d0%b0%d1%80%d1%87%d1%83%d0%b2%d0%b0%d0%bd%d0%bd%d1%8f\/#breadcrumb"},"inLanguage":"uk","potentialAction":[{"@type":"ReadAction","target":["https:\/\/swsm.pl\/uk\/%d0%bf%d1%80%d0%be%d1%84%d0%b5%d1%81%d1%96%d0%b9%d0%bd%d1%96-%d0%bf%d1%80%d0%b8%d1%81%d1%82%d1%80%d0%be%d1%97\/%d0%bb%d0%b0%d0%b1%d0%be%d1%80%d0%b0%d1%82%d0%be%d1%80%d1%96%d1%8f-%d1%85%d0%b0%d1%80%d1%87%d1%83%d0%b2%d0%b0%d0%bd%d0%bd%d1%8f\/"]}]},{"@type":"BreadcrumbList","@id":"https:\/\/swsm.pl\/uk\/%d0%bf%d1%80%d0%be%d1%84%d0%b5%d1%81%d1%96%d0%b9%d0%bd%d1%96-%d0%bf%d1%80%d0%b8%d1%81%d1%82%d1%80%d0%be%d1%97\/%d0%bb%d0%b0%d0%b1%d0%be%d1%80%d0%b0%d1%82%d0%be%d1%80%d1%96%d1%8f-%d1%85%d0%b0%d1%80%d1%87%d1%83%d0%b2%d0%b0%d0%bd%d0%bd%d1%8f\/#breadcrumb","itemListElement":[{"@type":"ListItem","position":1,"name":"Strona g\u0142\u00f3wna","item":"https:\/\/swsm.pl\/uk\/"},{"@type":"ListItem","position":2,"name":"\u041f\u0440\u043e\u0444\u0435\u0441\u0456\u0439\u043d\u0456 \u043f\u0440\u0438\u0441\u0442\u0440\u043e\u0457","item":"https:\/\/swsm.pl\/uk\/%d0%bf%d1%80%d0%be%d1%84%d0%b5%d1%81%d1%96%d0%b9%d0%bd%d1%96-%d0%bf%d1%80%d0%b8%d1%81%d1%82%d1%80%d0%be%d1%97\/"},{"@type":"ListItem","position":3,"name":"\u041b\u0430\u0431\u043e\u0440\u0430\u0442\u043e\u0440\u0456\u044f \u0445\u0430\u0440\u0447\u0443\u0432\u0430\u043d\u043d\u044f"}]},{"@type":"WebSite","@id":"https:\/\/swsm.pl\/#website","url":"https:\/\/swsm.pl\/","name":"SWSM","description":"\u015al\u0105ska Wy\u017csza Szko\u0142a Medyczna w Katowicach","potentialAction":[{"@type":"SearchAction","target":{"@type":"EntryPoint","urlTemplate":"https:\/\/swsm.pl\/?s={search_term_string}"},"query-input":{"@type":"PropertyValueSpecification","valueRequired":true,"valueName":"search_term_string"}}],"inLanguage":"uk"}]}},"_links":{"self":[{"href":"https:\/\/swsm.pl\/uk\/wp-json\/wp\/v2\/pages\/27300","targetHints":{"allow":["GET"]}}],"collection":[{"href":"https:\/\/swsm.pl\/uk\/wp-json\/wp\/v2\/pages"}],"about":[{"href":"https:\/\/swsm.pl\/uk\/wp-json\/wp\/v2\/types\/page"}],"author":[{"embeddable":true,"href":"https:\/\/swsm.pl\/uk\/wp-json\/wp\/v2\/users\/9"}],"replies":[{"embeddable":true,"href":"https:\/\/swsm.pl\/uk\/wp-json\/wp\/v2\/comments?post=27300"}],"version-history":[{"count":2,"href":"https:\/\/swsm.pl\/uk\/wp-json\/wp\/v2\/pages\/27300\/revisions"}],"predecessor-version":[{"id":27315,"href":"https:\/\/swsm.pl\/uk\/wp-json\/wp\/v2\/pages\/27300\/revisions\/27315"}],"up":[{"embeddable":true,"href":"https:\/\/swsm.pl\/uk\/wp-json\/wp\/v2\/pages\/27298"}],"wp:attachment":[{"href":"https:\/\/swsm.pl\/uk\/wp-json\/wp\/v2\/media?parent=27300"}],"curies":[{"name":"wp","href":"https:\/\/api.w.org\/{rel}","templated":true}]}}