{"id":27304,"date":"2025-10-10T11:56:21","date_gmt":"2025-10-10T11:56:21","guid":{"rendered":""},"modified":"2025-10-10T12:23:12","modified_gmt":"2025-10-10T12:23:12","slug":"%d0%b4%d1%96%d1%94%d1%82%d0%b8%d1%87%d0%bd%d0%b0-%d1%82%d0%b0-%d0%be%d0%b7%d0%b4%d0%be%d1%80%d0%be%d0%b2%d1%87%d0%b0-%d0%b4%d1%96%d0%b0%d0%b3%d0%bd%d0%be%d1%81%d1%82%d0%b8%d0%ba%d0%b0","status":"publish","type":"page","link":"https:\/\/swsm.pl\/uk\/%d0%bf%d1%80%d0%be%d1%84%d0%b5%d1%81%d1%96%d0%b9%d0%bd%d1%96-%d0%bf%d1%80%d0%b8%d1%81%d1%82%d1%80%d0%be%d1%97\/%d0%b4%d1%96%d1%94%d1%82%d0%b8%d1%87%d0%bd%d0%b0-%d1%82%d0%b0-%d0%be%d0%b7%d0%b4%d0%be%d1%80%d0%be%d0%b2%d1%87%d0%b0-%d0%b4%d1%96%d0%b0%d0%b3%d0%bd%d0%be%d1%81%d1%82%d0%b8%d0%ba%d0%b0\/","title":{"rendered":"\u0414\u0456\u0454\u0442\u0438\u0447\u043d\u0430 \u0442\u0430 \u043e\u0437\u0434\u043e\u0440\u043e\u0432\u0447\u0430 \u0434\u0456\u0430\u0433\u043d\u043e\u0441\u0442\u0438\u043a\u0430"},"content":{"rendered":"<section class=\"textSimplePhrase  \">\n    <div class=\"container\">\n        <div class=\"row\">\n            <div class=\"col-12\">\n                <div class=\"textSimplePhrase__inner\">\n                                    <\/div>\n            <\/div>\n        <\/div>\n    <\/div>\n<\/section>\n\n<section class=\"textSimpleHeader textSimpleHeader--5   \">\n    <div class=\"container\">\n        <div class=\"row\">\n            <div class=\"col-12\">\n                <div class=\"textSimpleHeader__inner\">\n                    <h5 class=\"title title--5 color--navy-700\">\u0413\u0430\u043b\u0435\u0440\u0435\u044f \u0432\u0438\u0431\u0440\u0430\u043d\u0438\u0445 \u043f\u0440\u0438\u0441\u0442\u0440\u043e\u0457\u0432<\/h5>                <\/div>\n            <\/div>\n        <\/div>\n    <\/div>\n<\/section>\n\n<section class=\"photo-block\">\n    <div class=\"container\">\n        <div class=\"row\">\n\n            \n                                                                                                <div class=\"col-12 col-md-6\">\n                                    <div class=\"photo-block__picture\">\n\n                                                                                    <img decoding=\"async\" src=\"https:\/\/swsm.pl\/wp-content\/uploads\/2025\/10\/aparat_do_pomiaru_energiikopia.jpg\" alt=\"\" \/>\n                                                                                                                                                                            <p class=\"text--3\">Aparat do spoczynkowego i wysi\u0142kowego pomiaru energii Fitmate PRO<\/p>\n                                                                                    \n                                    <\/div>\n                                <\/div>\n                        \t                                <div class=\"col-12 col-md-6\">\n                                    <div class=\"photo-block__picture\">\n\n                                                                                    <img decoding=\"async\" src=\"https:\/\/swsm.pl\/wp-content\/uploads\/2025\/10\/01-Seca_515.jpg\" alt=\"\" \/>\n                                                                                                                                                                            <p class=\"text--3\">Analizator sk\u0142adu cia\u0142a SECA mBCA 515<\/p>\n                                                                                    \n                                    <\/div>\n                                <\/div>\n                        \t                                    <\/section>\n\n<section class=\"photo-block\">\n    <div class=\"container\">\n        <div class=\"row\">\n\n            \n                                                                                                <div class=\"col-12 col-md-6\">\n                                    <div class=\"photo-block__picture\">\n\n                                                                                    <img decoding=\"async\" src=\"https:\/\/swsm.pl\/wp-content\/uploads\/2025\/10\/analiator-skladu-ciala-2.jpg\" alt=\"\" \/>\n                                                                                                                                                                            <p class=\"text--3\">Analizator sk\u0142adu cia\u0142a<\/p>\n                                                                                    \n                                    <\/div>\n                                <\/div>\n                        \t                                <div class=\"col-12 col-md-6\">\n                                    <div class=\"photo-block__picture\">\n\n                                                                                    <img decoding=\"async\" src=\"https:\/\/swsm.pl\/wp-content\/uploads\/2025\/10\/Adipometr_Bodyetrix_2000.jpg\" alt=\"\" \/>\n                                                                                                                                                                            <p class=\"text--3\">Adipometr Body Metrix2000<\/p>\n                                                                                    \n                                    <\/div>\n                                <\/div>\n                        \t                                    <\/section>\n\n<section class=\"photo-block\">\n    <div class=\"container\">\n        <div class=\"row\">\n\n            \n                                                                                                <div class=\"col-12 col-md-6\">\n                                    <div class=\"photo-block__picture\">\n\n                                                                                    <img decoding=\"async\" src=\"https:\/\/swsm.pl\/wp-content\/uploads\/2025\/10\/Faldomierz-FAT-1.jpg\" alt=\"\" \/>\n                                                                                                                                                                            <p class=\"text--3\">Fa\u0142domierz<\/p>\n                                                                                    \n                                    <\/div>\n                                <\/div>\n                        \t                                <div class=\"col-12 col-md-6\">\n                                    <div class=\"photo-block__picture\">\n\n                                                                                    <img decoding=\"async\" src=\"https:\/\/swsm.pl\/wp-content\/uploads\/2025\/10\/ultradzwiekowy_wzrostomierz.jpg\" alt=\"\" \/>\n                                                                                                                                                                            <p class=\"text--3\">Ultrad\u017awi\u0119kowy wzrostomierz<\/p>\n                                                                                    \n                                    <\/div>\n                                <\/div>\n                        \t                                    <\/section>\n\n<section class=\"photo-block\">\n    <div class=\"container\">\n        <div class=\"row\">\n\n            \n                                                                                                <div class=\"col-12 col-md-6\">\n                                    <div class=\"photo-block__picture\">\n\n                                                                                    <img decoding=\"async\" src=\"https:\/\/swsm.pl\/wp-content\/uploads\/2025\/10\/Obwodomierz.jpg\" alt=\"\" \/>\n                                                                                                                                                                            <p class=\"text--3\">Obwodomierze<\/p>\n                                                                                    \n                                    <\/div>\n                                <\/div>\n                        \t                                    <\/section>","protected":false},"excerpt":{"rendered":"","protected":false},"author":9,"featured_media":0,"parent":27298,"menu_order":0,"comment_status":"closed","ping_status":"closed","template":"","meta":{"_acf_changed":false,"footnotes":""},"class_list":["post-27304","page","type-page","status-publish","hentry"],"acf":{"alert_on":false,"alert_filter_tag_select":false,"alert_filter_by_tag":[],"modalComunicatHeader_blog":"","modalComunicatHeader_link":null},"yoast_head":"<!-- This site is optimized with the Yoast SEO plugin v27.4 - https:\/\/yoast.com\/product\/yoast-seo-wordpress\/ -->\n<title>\u0414\u0456\u0454\u0442\u0438\u0447\u043d\u0430 \u0442\u0430 \u043e\u0437\u0434\u043e\u0440\u043e\u0432\u0447\u0430 \u0434\u0456\u0430\u0433\u043d\u043e\u0441\u0442\u0438\u043a\u0430 - SWSM<\/title>\n<meta name=\"robots\" content=\"index, follow, max-snippet:-1, max-image-preview:large, max-video-preview:-1\" \/>\n<link rel=\"canonical\" href=\"https:\/\/swsm.pl\/uk\/\u043f\u0440\u043e\u0444\u0435\u0441\u0456\u0439\u043d\u0456-\u043f\u0440\u0438\u0441\u0442\u0440\u043e\u0457\/\u0434\u0456\u0454\u0442\u0438\u0447\u043d\u0430-\u0442\u0430-\u043e\u0437\u0434\u043e\u0440\u043e\u0432\u0447\u0430-\u0434\u0456\u0430\u0433\u043d\u043e\u0441\u0442\u0438\u043a\u0430\/\" \/>\n<meta property=\"og:locale\" content=\"uk_UA\" \/>\n<meta property=\"og:type\" content=\"article\" \/>\n<meta property=\"og:title\" content=\"\u0414\u0456\u0454\u0442\u0438\u0447\u043d\u0430 \u0442\u0430 \u043e\u0437\u0434\u043e\u0440\u043e\u0432\u0447\u0430 \u0434\u0456\u0430\u0433\u043d\u043e\u0441\u0442\u0438\u043a\u0430 - SWSM\" \/>\n<meta property=\"og:url\" content=\"https:\/\/swsm.pl\/uk\/\u043f\u0440\u043e\u0444\u0435\u0441\u0456\u0439\u043d\u0456-\u043f\u0440\u0438\u0441\u0442\u0440\u043e\u0457\/\u0434\u0456\u0454\u0442\u0438\u0447\u043d\u0430-\u0442\u0430-\u043e\u0437\u0434\u043e\u0440\u043e\u0432\u0447\u0430-\u0434\u0456\u0430\u0433\u043d\u043e\u0441\u0442\u0438\u043a\u0430\/\" \/>\n<meta property=\"og:site_name\" content=\"SWSM\" \/>\n<meta property=\"article:modified_time\" content=\"2025-10-10T12:23:12+00:00\" \/>\n<meta name=\"twitter:card\" content=\"summary_large_image\" \/>\n<script type=\"application\/ld+json\" class=\"yoast-schema-graph\">{\"@context\":\"https:\\\/\\\/schema.org\",\"@graph\":[{\"@type\":\"WebPage\",\"@id\":\"https:\\\/\\\/swsm.pl\\\/uk\\\/%d0%bf%d1%80%d0%be%d1%84%d0%b5%d1%81%d1%96%d0%b9%d0%bd%d1%96-%d0%bf%d1%80%d0%b8%d1%81%d1%82%d1%80%d0%be%d1%97\\\/%d0%b4%d1%96%d1%94%d1%82%d0%b8%d1%87%d0%bd%d0%b0-%d1%82%d0%b0-%d0%be%d0%b7%d0%b4%d0%be%d1%80%d0%be%d0%b2%d1%87%d0%b0-%d0%b4%d1%96%d0%b0%d0%b3%d0%bd%d0%be%d1%81%d1%82%d0%b8%d0%ba%d0%b0\\\/\",\"url\":\"https:\\\/\\\/swsm.pl\\\/uk\\\/%d0%bf%d1%80%d0%be%d1%84%d0%b5%d1%81%d1%96%d0%b9%d0%bd%d1%96-%d0%bf%d1%80%d0%b8%d1%81%d1%82%d1%80%d0%be%d1%97\\\/%d0%b4%d1%96%d1%94%d1%82%d0%b8%d1%87%d0%bd%d0%b0-%d1%82%d0%b0-%d0%be%d0%b7%d0%b4%d0%be%d1%80%d0%be%d0%b2%d1%87%d0%b0-%d0%b4%d1%96%d0%b0%d0%b3%d0%bd%d0%be%d1%81%d1%82%d0%b8%d0%ba%d0%b0\\\/\",\"name\":\"\u0414\u0456\u0454\u0442\u0438\u0447\u043d\u0430 \u0442\u0430 \u043e\u0437\u0434\u043e\u0440\u043e\u0432\u0447\u0430 \u0434\u0456\u0430\u0433\u043d\u043e\u0441\u0442\u0438\u043a\u0430 - SWSM\",\"isPartOf\":{\"@id\":\"https:\\\/\\\/swsm.pl\\\/#website\"},\"datePublished\":\"2025-10-10T11:56:21+00:00\",\"dateModified\":\"2025-10-10T12:23:12+00:00\",\"breadcrumb\":{\"@id\":\"https:\\\/\\\/swsm.pl\\\/uk\\\/%d0%bf%d1%80%d0%be%d1%84%d0%b5%d1%81%d1%96%d0%b9%d0%bd%d1%96-%d0%bf%d1%80%d0%b8%d1%81%d1%82%d1%80%d0%be%d1%97\\\/%d0%b4%d1%96%d1%94%d1%82%d0%b8%d1%87%d0%bd%d0%b0-%d1%82%d0%b0-%d0%be%d0%b7%d0%b4%d0%be%d1%80%d0%be%d0%b2%d1%87%d0%b0-%d0%b4%d1%96%d0%b0%d0%b3%d0%bd%d0%be%d1%81%d1%82%d0%b8%d0%ba%d0%b0\\\/#breadcrumb\"},\"inLanguage\":\"uk\",\"potentialAction\":[{\"@type\":\"ReadAction\",\"target\":[\"https:\\\/\\\/swsm.pl\\\/uk\\\/%d0%bf%d1%80%d0%be%d1%84%d0%b5%d1%81%d1%96%d0%b9%d0%bd%d1%96-%d0%bf%d1%80%d0%b8%d1%81%d1%82%d1%80%d0%be%d1%97\\\/%d0%b4%d1%96%d1%94%d1%82%d0%b8%d1%87%d0%bd%d0%b0-%d1%82%d0%b0-%d0%be%d0%b7%d0%b4%d0%be%d1%80%d0%be%d0%b2%d1%87%d0%b0-%d0%b4%d1%96%d0%b0%d0%b3%d0%bd%d0%be%d1%81%d1%82%d0%b8%d0%ba%d0%b0\\\/\"]}]},{\"@type\":\"BreadcrumbList\",\"@id\":\"https:\\\/\\\/swsm.pl\\\/uk\\\/%d0%bf%d1%80%d0%be%d1%84%d0%b5%d1%81%d1%96%d0%b9%d0%bd%d1%96-%d0%bf%d1%80%d0%b8%d1%81%d1%82%d1%80%d0%be%d1%97\\\/%d0%b4%d1%96%d1%94%d1%82%d0%b8%d1%87%d0%bd%d0%b0-%d1%82%d0%b0-%d0%be%d0%b7%d0%b4%d0%be%d1%80%d0%be%d0%b2%d1%87%d0%b0-%d0%b4%d1%96%d0%b0%d0%b3%d0%bd%d0%be%d1%81%d1%82%d0%b8%d0%ba%d0%b0\\\/#breadcrumb\",\"itemListElement\":[{\"@type\":\"ListItem\",\"position\":1,\"name\":\"Strona g\u0142\u00f3wna\",\"item\":\"https:\\\/\\\/swsm.pl\\\/uk\\\/\"},{\"@type\":\"ListItem\",\"position\":2,\"name\":\"\u041f\u0440\u043e\u0444\u0435\u0441\u0456\u0439\u043d\u0456 \u043f\u0440\u0438\u0441\u0442\u0440\u043e\u0457\",\"item\":\"https:\\\/\\\/swsm.pl\\\/uk\\\/%d0%bf%d1%80%d0%be%d1%84%d0%b5%d1%81%d1%96%d0%b9%d0%bd%d1%96-%d0%bf%d1%80%d0%b8%d1%81%d1%82%d1%80%d0%be%d1%97\\\/\"},{\"@type\":\"ListItem\",\"position\":3,\"name\":\"\u0414\u0456\u0454\u0442\u0438\u0447\u043d\u0430 \u0442\u0430 \u043e\u0437\u0434\u043e\u0440\u043e\u0432\u0447\u0430 \u0434\u0456\u0430\u0433\u043d\u043e\u0441\u0442\u0438\u043a\u0430\"}]},{\"@type\":\"WebSite\",\"@id\":\"https:\\\/\\\/swsm.pl\\\/#website\",\"url\":\"https:\\\/\\\/swsm.pl\\\/\",\"name\":\"SWSM\",\"description\":\"\u015al\u0105ska Wy\u017csza Szko\u0142a Medyczna w Katowicach\",\"potentialAction\":[{\"@type\":\"SearchAction\",\"target\":{\"@type\":\"EntryPoint\",\"urlTemplate\":\"https:\\\/\\\/swsm.pl\\\/?s={search_term_string}\"},\"query-input\":{\"@type\":\"PropertyValueSpecification\",\"valueRequired\":true,\"valueName\":\"search_term_string\"}}],\"inLanguage\":\"uk\"}]}<\/script>\n<!-- \/ Yoast SEO plugin. -->","yoast_head_json":{"title":"\u0414\u0456\u0454\u0442\u0438\u0447\u043d\u0430 \u0442\u0430 \u043e\u0437\u0434\u043e\u0440\u043e\u0432\u0447\u0430 \u0434\u0456\u0430\u0433\u043d\u043e\u0441\u0442\u0438\u043a\u0430 - SWSM","robots":{"index":"index","follow":"follow","max-snippet":"max-snippet:-1","max-image-preview":"max-image-preview:large","max-video-preview":"max-video-preview:-1"},"canonical":"https:\/\/swsm.pl\/uk\/\u043f\u0440\u043e\u0444\u0435\u0441\u0456\u0439\u043d\u0456-\u043f\u0440\u0438\u0441\u0442\u0440\u043e\u0457\/\u0434\u0456\u0454\u0442\u0438\u0447\u043d\u0430-\u0442\u0430-\u043e\u0437\u0434\u043e\u0440\u043e\u0432\u0447\u0430-\u0434\u0456\u0430\u0433\u043d\u043e\u0441\u0442\u0438\u043a\u0430\/","og_locale":"uk_UA","og_type":"article","og_title":"\u0414\u0456\u0454\u0442\u0438\u0447\u043d\u0430 \u0442\u0430 \u043e\u0437\u0434\u043e\u0440\u043e\u0432\u0447\u0430 \u0434\u0456\u0430\u0433\u043d\u043e\u0441\u0442\u0438\u043a\u0430 - SWSM","og_url":"https:\/\/swsm.pl\/uk\/\u043f\u0440\u043e\u0444\u0435\u0441\u0456\u0439\u043d\u0456-\u043f\u0440\u0438\u0441\u0442\u0440\u043e\u0457\/\u0434\u0456\u0454\u0442\u0438\u0447\u043d\u0430-\u0442\u0430-\u043e\u0437\u0434\u043e\u0440\u043e\u0432\u0447\u0430-\u0434\u0456\u0430\u0433\u043d\u043e\u0441\u0442\u0438\u043a\u0430\/","og_site_name":"SWSM","article_modified_time":"2025-10-10T12:23:12+00:00","twitter_card":"summary_large_image","schema":{"@context":"https:\/\/schema.org","@graph":[{"@type":"WebPage","@id":"https:\/\/swsm.pl\/uk\/%d0%bf%d1%80%d0%be%d1%84%d0%b5%d1%81%d1%96%d0%b9%d0%bd%d1%96-%d0%bf%d1%80%d0%b8%d1%81%d1%82%d1%80%d0%be%d1%97\/%d0%b4%d1%96%d1%94%d1%82%d0%b8%d1%87%d0%bd%d0%b0-%d1%82%d0%b0-%d0%be%d0%b7%d0%b4%d0%be%d1%80%d0%be%d0%b2%d1%87%d0%b0-%d0%b4%d1%96%d0%b0%d0%b3%d0%bd%d0%be%d1%81%d1%82%d0%b8%d0%ba%d0%b0\/","url":"https:\/\/swsm.pl\/uk\/%d0%bf%d1%80%d0%be%d1%84%d0%b5%d1%81%d1%96%d0%b9%d0%bd%d1%96-%d0%bf%d1%80%d0%b8%d1%81%d1%82%d1%80%d0%be%d1%97\/%d0%b4%d1%96%d1%94%d1%82%d0%b8%d1%87%d0%bd%d0%b0-%d1%82%d0%b0-%d0%be%d0%b7%d0%b4%d0%be%d1%80%d0%be%d0%b2%d1%87%d0%b0-%d0%b4%d1%96%d0%b0%d0%b3%d0%bd%d0%be%d1%81%d1%82%d0%b8%d0%ba%d0%b0\/","name":"\u0414\u0456\u0454\u0442\u0438\u0447\u043d\u0430 \u0442\u0430 \u043e\u0437\u0434\u043e\u0440\u043e\u0432\u0447\u0430 \u0434\u0456\u0430\u0433\u043d\u043e\u0441\u0442\u0438\u043a\u0430 - SWSM","isPartOf":{"@id":"https:\/\/swsm.pl\/#website"},"datePublished":"2025-10-10T11:56:21+00:00","dateModified":"2025-10-10T12:23:12+00:00","breadcrumb":{"@id":"https:\/\/swsm.pl\/uk\/%d0%bf%d1%80%d0%be%d1%84%d0%b5%d1%81%d1%96%d0%b9%d0%bd%d1%96-%d0%bf%d1%80%d0%b8%d1%81%d1%82%d1%80%d0%be%d1%97\/%d0%b4%d1%96%d1%94%d1%82%d0%b8%d1%87%d0%bd%d0%b0-%d1%82%d0%b0-%d0%be%d0%b7%d0%b4%d0%be%d1%80%d0%be%d0%b2%d1%87%d0%b0-%d0%b4%d1%96%d0%b0%d0%b3%d0%bd%d0%be%d1%81%d1%82%d0%b8%d0%ba%d0%b0\/#breadcrumb"},"inLanguage":"uk","potentialAction":[{"@type":"ReadAction","target":["https:\/\/swsm.pl\/uk\/%d0%bf%d1%80%d0%be%d1%84%d0%b5%d1%81%d1%96%d0%b9%d0%bd%d1%96-%d0%bf%d1%80%d0%b8%d1%81%d1%82%d1%80%d0%be%d1%97\/%d0%b4%d1%96%d1%94%d1%82%d0%b8%d1%87%d0%bd%d0%b0-%d1%82%d0%b0-%d0%be%d0%b7%d0%b4%d0%be%d1%80%d0%be%d0%b2%d1%87%d0%b0-%d0%b4%d1%96%d0%b0%d0%b3%d0%bd%d0%be%d1%81%d1%82%d0%b8%d0%ba%d0%b0\/"]}]},{"@type":"BreadcrumbList","@id":"https:\/\/swsm.pl\/uk\/%d0%bf%d1%80%d0%be%d1%84%d0%b5%d1%81%d1%96%d0%b9%d0%bd%d1%96-%d0%bf%d1%80%d0%b8%d1%81%d1%82%d1%80%d0%be%d1%97\/%d0%b4%d1%96%d1%94%d1%82%d0%b8%d1%87%d0%bd%d0%b0-%d1%82%d0%b0-%d0%be%d0%b7%d0%b4%d0%be%d1%80%d0%be%d0%b2%d1%87%d0%b0-%d0%b4%d1%96%d0%b0%d0%b3%d0%bd%d0%be%d1%81%d1%82%d0%b8%d0%ba%d0%b0\/#breadcrumb","itemListElement":[{"@type":"ListItem","position":1,"name":"Strona g\u0142\u00f3wna","item":"https:\/\/swsm.pl\/uk\/"},{"@type":"ListItem","position":2,"name":"\u041f\u0440\u043e\u0444\u0435\u0441\u0456\u0439\u043d\u0456 \u043f\u0440\u0438\u0441\u0442\u0440\u043e\u0457","item":"https:\/\/swsm.pl\/uk\/%d0%bf%d1%80%d0%be%d1%84%d0%b5%d1%81%d1%96%d0%b9%d0%bd%d1%96-%d0%bf%d1%80%d0%b8%d1%81%d1%82%d1%80%d0%be%d1%97\/"},{"@type":"ListItem","position":3,"name":"\u0414\u0456\u0454\u0442\u0438\u0447\u043d\u0430 \u0442\u0430 \u043e\u0437\u0434\u043e\u0440\u043e\u0432\u0447\u0430 \u0434\u0456\u0430\u0433\u043d\u043e\u0441\u0442\u0438\u043a\u0430"}]},{"@type":"WebSite","@id":"https:\/\/swsm.pl\/#website","url":"https:\/\/swsm.pl\/","name":"SWSM","description":"\u015al\u0105ska Wy\u017csza Szko\u0142a Medyczna w Katowicach","potentialAction":[{"@type":"SearchAction","target":{"@type":"EntryPoint","urlTemplate":"https:\/\/swsm.pl\/?s={search_term_string}"},"query-input":{"@type":"PropertyValueSpecification","valueRequired":true,"valueName":"search_term_string"}}],"inLanguage":"uk"}]}},"_links":{"self":[{"href":"https:\/\/swsm.pl\/uk\/wp-json\/wp\/v2\/pages\/27304","targetHints":{"allow":["GET"]}}],"collection":[{"href":"https:\/\/swsm.pl\/uk\/wp-json\/wp\/v2\/pages"}],"about":[{"href":"https:\/\/swsm.pl\/uk\/wp-json\/wp\/v2\/types\/page"}],"author":[{"embeddable":true,"href":"https:\/\/swsm.pl\/uk\/wp-json\/wp\/v2\/users\/9"}],"replies":[{"embeddable":true,"href":"https:\/\/swsm.pl\/uk\/wp-json\/wp\/v2\/comments?post=27304"}],"version-history":[{"count":3,"href":"https:\/\/swsm.pl\/uk\/wp-json\/wp\/v2\/pages\/27304\/revisions"}],"predecessor-version":[{"id":27323,"href":"https:\/\/swsm.pl\/uk\/wp-json\/wp\/v2\/pages\/27304\/revisions\/27323"}],"up":[{"embeddable":true,"href":"https:\/\/swsm.pl\/uk\/wp-json\/wp\/v2\/pages\/27298"}],"wp:attachment":[{"href":"https:\/\/swsm.pl\/uk\/wp-json\/wp\/v2\/media?parent=27304"}],"curies":[{"name":"wp","href":"https:\/\/api.w.org\/{rel}","templated":true}]}}